{"id":2835,"date":"2025-02-20T16:43:10","date_gmt":"2025-02-20T08:43:10","guid":{"rendered":"https:\/\/eco-drinkware.com\/?post_type=product&#038;p=2835"},"modified":"2025-02-20T17:00:13","modified_gmt":"2025-02-20T09:00:13","slug":"gv083-copo-isolado-com-tampa-magnetica-de-24-oz-em-aco-inoxidavel-o-seu-companheiro-perfeito-para-cada-gole","status":"publish","type":"product","link":"https:\/\/eco-drinkware.com\/pt\/product\/gv083-copo-isolado-com-tampa-magnetica-de-24-oz-em-aco-inoxidavel-o-seu-companheiro-perfeito-para-cada-gole\/","title":{"rendered":"GV083 Ringo Copo isolado com tampa magn\u00e9tica de 24 oz em a\u00e7o inoxid\u00e1vel - O seu companheiro perfeito para cada gole!"},"content":{"rendered":"<h2 class=\"wp-block-heading\">Carater\u00edsticas do produto:<\/h2>\n\n\n\n<p>Mantenha-se hidratado em grande estilo com a nossa\u00a0<strong>Copo isolado com tampa magn\u00e9tica<\/strong>, concebido para manter as suas bebidas quentes ou frias at\u00e9\u00a0<strong>24 horas<\/strong>! Quer esteja a beber o seu caf\u00e9 matinal ou a saborear um refrescante ch\u00e1 gelado, este copo garante que a sua bebida se mant\u00e9m \u00e0 temperatura perfeita durante todo o dia.<\/p>\n\n\n\n<p>\u2728&nbsp;<strong>Tampa magn\u00e9tica com suporte para telem\u00f3vel:<\/strong>&nbsp;A inovadora tampa magn\u00e9tica n\u00e3o serve apenas para selar a sua bebida - serve tamb\u00e9m como&nbsp;<strong>suporte para telem\u00f3vel<\/strong>! Basta fixar o telem\u00f3vel \u00e0 tampa e desfrutar de navega\u00e7\u00e3o em modo m\u00e3os-livres, videochamadas ou entretenimento enquanto bebe um gole. Perfeito para a sua secret\u00e1ria, carro ou aventuras ao ar livre.<\/p>\n\n\n\n<p>\ud83d\udca7&nbsp;<strong>Palhinha pr\u00e1tica para beber facilmente:<\/strong>&nbsp;A palhinha inclu\u00edda faz com que seja f\u00e1cil manter-se hidratado em viagem. Acabaram-se as tampas desenroscadas e os derrames - basta beber e desfrutar!<\/p>\n\n\n\n<p>\ud83c\udf21\ufe0f&nbsp;<strong>Reten\u00e7\u00e3o de temperatura durante 24 horas:<\/strong>&nbsp;Concebido com isolamento a v\u00e1cuo de parede dupla, este copo mant\u00e9m as suas bebidas quentes quentes e as suas bebidas frias frescas durante&nbsp;<strong>24 horas<\/strong>. Diga adeus ao caf\u00e9 morno ou \u00e0 \u00e1gua gelada derretida!<\/p>\n\n\n\n<p>\ud83c\udf43&nbsp;<strong>Amigo do ambiente e dur\u00e1vel:<\/strong>&nbsp;Fabricado em a\u00e7o inoxid\u00e1vel de alta qualidade e sem BPA, este copo foi concebido para durar. Esque\u00e7a os copos de utiliza\u00e7\u00e3o \u00fanica e reduza os res\u00edduos com uma escolha reutiliz\u00e1vel e ecol\u00f3gica.<\/p>\n\n\n\n<p>\ud83c\udfa8\u00a0<strong>Design elegante e moderno:<\/strong>\u00a0Dispon\u00edvel numa variedade de cores elegantes, este copo est\u00e1 t\u00e3o na moda como \u00e9 funcional. \u00c9 o acess\u00f3rio perfeito para o trabalho, viagens ou para a sua rotina di\u00e1ria.<\/p>\n\n\n\n<p>Tamanho de 24oz \/720ml, perfeito para levar ou pendurar na mochila ou noutra coisa. 720ml \u00e9 uma boa capacidade para um dia de consumo. Uma garrafa que o acompanha bem.<\/p>\n\n\n\n<p><strong>Porque \u00e9 que vai adorar:<\/strong><\/p>\n\n\n\n<ul class=\"wp-block-list\">\n<li><strong>Vers\u00e1til e pr\u00e1tico:<\/strong>\u00a0A tampa magn\u00e9tica transforma o seu copo num\u00a0<strong>gadget multifuncional<\/strong>\u00a0- suporte para bebidas e suporte para telem\u00f3vel num s\u00f3!<\/li>\n\n\n\n<li><strong>\u00c0 prova de fugas e resistente a derrames:<\/strong>\u00a0A tampa segura garante que n\u00e3o h\u00e1 derrames, mesmo quando est\u00e1 em movimento.<\/li>\n\n\n\n<li><strong>Perfeito para qualquer ocasi\u00e3o:<\/strong>\u00a0Quer esteja no escrit\u00f3rio, no gin\u00e1sio ou a explorar, este copo \u00e9 a sua escolha para se manter hidratado e ligado.<\/li>\n<\/ul>\n\n\n\n<p>Cor: N\u00f3s podemos fazer qualquer cor para os clientes. A cor PMS \u00e9 bem-vinda. Tanto o corpo quanto a tampa podem fazer a cor PMS. A equipe da Eco Drinkware pode oferecer um modelo com design personalizado.<br>Esta garrafa de ch\u00e1 de forma reta \u00e9 boa para adultos, f\u00e1cil de levar para acampar, caminhar, correr, etc. Perfeita para beber \u00e1gua, ch\u00e1, sumo e caf\u00e9.<br>Revestimento: sem revestimento (a\u00e7o inoxid\u00e1vel escovado), pintura por pulveriza\u00e7\u00e3o, revestimento em p\u00f3, revestimento de cobre, etc.<br>Padr\u00e3o: o padr\u00e3o personalizado pode ser impresso e pode ser feito atrav\u00e9s de v\u00e1rias t\u00e9cnicas de impress\u00e3o: impress\u00e3o serigr\u00e1fica, impress\u00e3o por transfer\u00eancia de calor, impress\u00e3o por transfer\u00eancia de \u00e1gua, transfer\u00eancia por sublima\u00e7\u00e3o, etc.<br>Log\u00f3tipo: F\u00e1cil de trabalhar com o log\u00f3tipo personalizado. As op\u00e7\u00f5es de log\u00f3tipo incluem: log\u00f3tipo de decalque, impress\u00e3o em seda, transfer\u00eancia de calor, sublima\u00e7\u00e3o, etc. Bem-vindo a partilhar o seu log\u00f3tipo. A nossa equipa enviar\u00e1 um modelo de volta.<br>Caixa de embalagem: caixa branca, caixa impressa personalizada, caixa de cilindro, saco de bolha, caixa de presente, qualquer pacote de design personalizado \u00e9 bem-vindo, etc<br>Garrafa de ch\u00e1 em a\u00e7o inoxid\u00e1vel lav\u00e1vel na m\u00e1quina de lavar loi\u00e7a. Pode ser lavada na m\u00e1quina de lavar roupa.<br>Uma garrafa de ch\u00e1 isolada de parede dupla \u00e9 um recipiente concebido para manter as bebidas gaseificadas, como refrigerantes ou cola, a uma temperatura constante enquanto se est\u00e1 em viagem. A garrafa apresenta normalmente uma constru\u00e7\u00e3o de parede dupla com um espa\u00e7o selado a v\u00e1cuo entre as paredes interior e exterior, o que proporciona excelentes propriedades de isolamento.<br>O espa\u00e7o selado a v\u00e1cuo entre as paredes actua como uma barreira para evitar que o calor entre ou saia da garrafa. Isto ajuda a manter as bebidas quentes, como caf\u00e9, ch\u00e1 ou sopa, quentes durante v\u00e1rias horas, enquanto as bebidas frias, como \u00e1gua, sumo ou refrigerante, permanecem frias durante um per\u00edodo prolongado.<br>As garrafas isoladas s\u00e3o uma excelente escolha para pessoas que querem manter as suas bebidas a uma temperatura constante enquanto est\u00e3o em movimento, quer estejam a fazer caminhadas, a acampar, a viajar ou simplesmente a deslocar-se para o trabalho.<br>Especializada no fabrico e exporta\u00e7\u00e3o de todos os tipos de bebidas, tais como garrafas de \u00e1gua, copos por atacado, recipientes para alimentos, tigelas para c\u00e3es, tigelas de salada, refrigeradores de latas, garrafas de vidro, garrafas de bambu. A Eco Drinkware possui linhas de produ\u00e7\u00e3o automatizadas e altamente eficientes. Abra\u00e7amos a Ind\u00fastria4.0 e mantemo-nos competitivos na ind\u00fastria. A produ\u00e7\u00e3o automatizada torna os nossos produtos mais baratos e mais competitivos em termos de pre\u00e7o.<br>Os produtos Eco Drinkware s\u00e3o fabricados por OEM e ODM. Com os melhores engenheiros profissionais com mais de 10 anos de experi\u00eancia na ind\u00fastria de fabrica\u00e7\u00e3o de garrafas de \u00e1gua, \u00e9 f\u00e1cil transformar sua ideia em produtos reais.<br>Fazemos inspe\u00e7\u00e3o de qualidade em linha para garantir que a produ\u00e7\u00e3o corre bem e n\u00e3o h\u00e1 qualquer erro. Se houver algum erro, podemos corrigi-lo a tempo de poupar custos. A qualidade \u00e9 a nossa cultura, confiamos que a qualidade traz mais para os clientes e fabricantes. Se optar pela Eco Drinkware, obter\u00e1 mais clientes e mais mercado, bem como uma boa reputa\u00e7\u00e3o junto dos clientes. Porque a nossa equipa tem o prazer de se aperfei\u00e7oar e de melhorar os produtos para ser excelente na nossa ind\u00fastria.<br>M\u00e9todo de envio: FOB, CIF, DDU, DDP por comboio ou mar para clientes globais.<\/p>\n\n\n\n<div class=\"wp-block-uagb-image uagb-block-ebf0aa1f wp-block-uagb-image--layout-default wp-block-uagb-image--effect-static wp-block-uagb-image--align-none\"><figure class=\"wp-block-uagb-image__figure\"><img decoding=\"async\" src=\"https:\/\/eco-drinkware.com\/wp-content\/uploads\/2025\/02\/magnetic-lid-bottle-3.jpg\" alt=\"gv083 Copo isolado com tampa magn\u00e9tica de 24 oz em a\u00e7o inoxid\u00e1vel - o seu companheiro perfeito para cada gole!\" class=\"uag-image-2841\" width=\"1000\" height=\"1000\" title=\"gv083 Copo isolado com tampa magn\u00e9tica de 24 oz em a\u00e7o inoxid\u00e1vel - o seu companheiro perfeito para cada gole!\" loading=\"lazy\" role=\"img\" \/><\/figure><\/div>\n\n\n\n<figure class=\"wp-block-table\"><table class=\"has-fixed-layout\"><tbody><tr><td>N\u00famero do item<\/td><td>GV083<\/td><\/tr><tr><td>Capacidade<\/td><td>24 on\u00e7as\/720 ml<\/td><\/tr><tr><td>Isolado<\/td><td>Sim&nbsp;&nbsp;&nbsp;&nbsp;&nbsp;&nbsp;&nbsp;&nbsp;&nbsp;&nbsp;&nbsp;&nbsp;&nbsp;<\/td><\/tr><tr><td>Posi\u00e7\u00e3o do log\u00f3tipo<\/td><td>Corpo da garrafa<\/td><\/tr><tr><td>Cor<\/td><td>Vermelho, prata, verde, azul, branco, preto, ouro rosa. Cor personalizada, cor PMS<\/td><\/tr><tr><td>Material<\/td><td>Interior e exterior em a\u00e7o inoxid\u00e1vel 304, tampa de pl\u00e1stico pp nova, anel de veda\u00e7\u00e3o de silicone<\/td><\/tr><tr><td>Carater\u00edstica<\/td><td>Frasco de v\u00e1cuo de parede dupla, grande capacidade, design personalizado<\/td><\/tr><tr><td>MOQ<\/td><td>100 unidades<\/td><\/tr><tr><td>Log\u00f3tipo<\/td><td>Laser, impress\u00e3o de seda, transfer\u00eancia de calor, transfer\u00eancia de \u00e1gua, transfer\u00eancia de g\u00e1s, impress\u00e3o 3D, sublima\u00e7\u00e3o, etc.<\/td><\/tr><tr><td>Embalagem<\/td><td>caixa branca, caixa impressa personalizada, caixa cil\u00edndrica, saco de bolhas, caixa de oferta<\/td><\/tr><tr><td>Tempo de amostragem<\/td><td>3 dias para amostra de stock, 7 dias para amostra de log\u00f3tipo personalizado<\/td><\/tr><tr><td>Tempo de produ\u00e7\u00e3o<\/td><td>10-35 dias, dependendo da quantidade e dos requisitos<\/td><\/tr><tr><td>Sobre o pagamento<\/td><td>Transfer\u00eancia banc\u00e1ria, paypal, western union, garantia comercial<\/td><\/tr><tr><td>Pa\u00eds de origem<\/td><td>Fabricado na China<\/td><\/tr><tr><td>Origem do certificado<\/td><td>Sim, podemos oferecer<\/td><\/tr><tr><td>Nova garrafa de molde<\/td><td>Sim, temos uma nova equipa de desenvolvimento de moldes<\/td><\/tr><tr><td>Condi\u00e7\u00f5es<\/td><td>EXW,FOB,CIF, DDU, DDP<\/td><\/tr><\/tbody><\/table><\/figure>\n\n\n\n<p><\/p>","protected":false},"excerpt":{"rendered":"<p>Garrafa de ch\u00e1 de qualidade com pre\u00e7o competitivo, design elegante com infusor.<\/p>\n<ul>\n<li>Material de a\u00e7o inoxid\u00e1vel 18\/8 sem BPA, seguro para alimentos e amigo do ambiente. resist\u00eancia a riscos. Bom para a nossa sa\u00fade.<\/li>\n<li>Boca larga para beber facilmente. Permite colocar um tubo de gelo no interior. Tamb\u00e9m \u00e9 bom para ch\u00e1 gelado.<\/li>\n<li>Design isolado de parede dupla, mant\u00e9m o seu ch\u00e1 fresco ou quente durante muito tempo.<\/li>\n<li>A tampa com pega \u00e9 perfeita para levar. \u00c9 ideal para gin\u00e1sio, caminhadas, etc. F\u00e1cil de fixar no saco ou noutro local.<\/li>\n<li>Com infusor para fazer ch\u00e1, perfeito para vender com ch\u00e1 ou outros produtos<\/li>\n<li>\u00c0 prova de ferrugem e de derrames.<\/li>\n<li>Dispon\u00edvel em tamanhos de 500 ml e 700 ml, ideal para fazer ch\u00e1.<\/li>\n<li>Cores e desenhos personalizados s\u00e3o bem-vindos.<\/li>\n<li>Suporte a pacotes personalizados<\/li>\n<li>Sem suor: Esta garrafa de \u00e1gua em a\u00e7o inoxid\u00e1vel nunca transpira quando cheia com \u00e1gua gelada e n\u00e3o queima as m\u00e3os quando cheia com \u00e1gua quente.<\/li>\n<li>Dur\u00e1vel e resistente: esta garrafa de \u00e1gua de a\u00e7o inoxid\u00e1vel isolada \u00e9 feita de uma estrutura de a\u00e7o inoxid\u00e1vel de parede dupla, que \u00e9 forte e dur\u00e1vel.<\/li>\n<li>Est\u00e3o dispon\u00edveis v\u00e1rias cores, apoio ao trabalho com cores personalizadas<\/li>\n<li>lav\u00e1vel na m\u00e1quina de lavar lou\u00e7a, adequado para todos os suportes, suporte para carro, suporte para mochila e suporte para bicicleta.<\/li>\n<\/ul>","protected":false},"featured_media":2841,"template":"","meta":{"_acf_changed":true,"_seopress_robots_primary_cat":"none","_seopress_titles_title":"Custom stainless steel tea flask for loose tea with infuser and handle lid","_seopress_titles_desc":"Food safe and BPA free material, custom color and design is welcome. Profession tea bottle manufacturer in China. Door to door delibery worldwide.","_seopress_robots_index":"","_uag_custom_page_level_css":""},"product_brand":[],"product_cat":[32,40,19,24,20],"product_tag":[71,70,77,69,86],"class_list":{"0":"post-2835","1":"product","2":"type-product","3":"status-publish","4":"has-post-thumbnail","6":"product_cat-insulated-water-bottle","7":"product_cat-stainless-steel-tumbler","8":"product_cat-stainless-steel-water-bottle","9":"product_cat-tumblers-mugs","10":"product_cat-vacuum-flask","11":"product_tag-bpa-free-vacuum-flask","12":"product_tag-double-wall-insulated-flask","13":"product_tag-personalized-insulated-mug","14":"product_tag-stainless-steel-flask","15":"product_tag-stainless-steel-insulated-cups-with-lid-and-straw","17":"first","18":"instock","19":"shipping-taxable","20":"product-type-simple"},"acf":[],"uagb_featured_image_src":{"full":["https:\/\/eco-drinkware.com\/wp-content\/uploads\/2025\/02\/magnetic-lid-bottle-3.jpg",800,800,false],"thumbnail":["https:\/\/eco-drinkware.com\/wp-content\/uploads\/2025\/02\/magnetic-lid-bottle-3-150x150.jpg",150,150,true],"medium":["https:\/\/eco-drinkware.com\/wp-content\/uploads\/2025\/02\/magnetic-lid-bottle-3-300x300.jpg",300,300,true],"medium_large":["https:\/\/eco-drinkware.com\/wp-content\/uploads\/2025\/02\/magnetic-lid-bottle-3-768x768.jpg",768,768,true],"large":["https:\/\/eco-drinkware.com\/wp-content\/uploads\/2025\/02\/magnetic-lid-bottle-3.jpg",800,800,false],"1536x1536":["https:\/\/eco-drinkware.com\/wp-content\/uploads\/2025\/02\/magnetic-lid-bottle-3.jpg",800,800,false],"2048x2048":["https:\/\/eco-drinkware.com\/wp-content\/uploads\/2025\/02\/magnetic-lid-bottle-3.jpg",800,800,false],"trp-custom-language-flag":["https:\/\/eco-drinkware.com\/wp-content\/uploads\/2025\/02\/magnetic-lid-bottle-3.jpg",12,12,false],"woocommerce_thumbnail":["https:\/\/eco-drinkware.com\/wp-content\/uploads\/2025\/02\/magnetic-lid-bottle-3-300x300.jpg",300,300,true],"woocommerce_single":["https:\/\/eco-drinkware.com\/wp-content\/uploads\/2025\/02\/magnetic-lid-bottle-3-600x600.jpg",600,600,true],"woocommerce_gallery_thumbnail":["https:\/\/eco-drinkware.com\/wp-content\/uploads\/2025\/02\/magnetic-lid-bottle-3-100x100.jpg",100,100,true]},"uagb_author_info":{"display_name":"Amy","author_link":"https:\/\/eco-drinkware.com\/pt\/author\/"},"uagb_comment_info":0,"uagb_excerpt":"Quality tea bottle with competitive price, elegent design with infuser.Perfect for tea brand wholesale BPA Free food safe ecofriendly 18\/8 stainless steel material. scratching resistance. Good for our healthy. Wide mouth for easy drinking. Okay to put ice tube inside. Also good for ice tea. Double wall insulated design,keep syour tea cool or hot for&hellip;","_links":{"self":[{"href":"https:\/\/eco-drinkware.com\/pt\/wp-json\/wp\/v2\/product\/2835","targetHints":{"allow":["GET"]}}],"collection":[{"href":"https:\/\/eco-drinkware.com\/pt\/wp-json\/wp\/v2\/product"}],"about":[{"href":"https:\/\/eco-drinkware.com\/pt\/wp-json\/wp\/v2\/types\/product"}],"wp:featuredmedia":[{"embeddable":true,"href":"https:\/\/eco-drinkware.com\/pt\/wp-json\/wp\/v2\/media\/2841"}],"wp:attachment":[{"href":"https:\/\/eco-drinkware.com\/pt\/wp-json\/wp\/v2\/media?parent=2835"}],"wp:term":[{"taxonomy":"product_brand","embeddable":true,"href":"https:\/\/eco-drinkware.com\/pt\/wp-json\/wp\/v2\/product_brand?post=2835"},{"taxonomy":"product_cat","embeddable":true,"href":"https:\/\/eco-drinkware.com\/pt\/wp-json\/wp\/v2\/product_cat?post=2835"},{"taxonomy":"product_tag","embeddable":true,"href":"https:\/\/eco-drinkware.com\/pt\/wp-json\/wp\/v2\/product_tag?post=2835"}],"curies":[{"name":"wp","href":"https:\/\/api.w.org\/{rel}","templated":true}]}}