{"id":2899,"date":"2025-03-21T16:11:59","date_gmt":"2025-03-21T08:11:59","guid":{"rendered":"https:\/\/eco-drinkware.com\/?post_type=product&#038;p=2899"},"modified":"2025-03-21T16:45:22","modified_gmt":"2025-03-21T08:45:22","slug":"gv084-frankgreen-copo-de-aco-inoxidavel-de-34-oz-personalizado-com-design-duravel-e-isolado","status":"publish","type":"product","link":"https:\/\/eco-drinkware.com\/pt\/product\/gv084-frankgreen-copo-de-aco-inoxidavel-de-34-oz-personalizado-com-design-duravel-e-isolado\/","title":{"rendered":"GV084 frankgreen Copo de a\u00e7o inoxid\u00e1vel personalizado de 34 oz - Design personalizado, dur\u00e1vel e isolado"},"content":{"rendered":"<h2 class=\"wp-block-heading\"><strong>Copo de a\u00e7o inoxid\u00e1vel personalizado de 34 oz - Op\u00e7\u00f5es de encomenda a granel dispon\u00edveis<\/strong><\/h2>\n\n\n\n<p><strong>Artigos para bebidas personaliz\u00e1veis de alta qualidade para todas as necessidades<\/strong><br>Apresenta\u00e7\u00e3o do nosso\u00a0<strong>Copo de a\u00e7o inoxid\u00e1vel personalizado de 34 oz<\/strong>, O tumbler da marca Candy, a solu\u00e7\u00e3o perfeita para empresas, eventos ou brindes promocionais. Concebido a pensar na durabilidade e na personaliza\u00e7\u00e3o, este copo \u00e9 ideal para encomendas a granel, oferecendo uma qualidade e funcionalidade excepcionais a pre\u00e7os de f\u00e1brica competitivos.<\/p>\n\n\n\n<p><strong>Carater\u00edsticas principais:<\/strong><\/p>\n\n\n\n<p>\ud83d\udca7\u00a0<strong>Grande capacidade de 34 on\u00e7as<\/strong>\u00a0- Perfeito para manter as bebidas quentes ou frias durante todo o dia, tornando-o uma escolha pr\u00e1tica para escrit\u00f3rios, eventos ou com\u00e9rcio.<\/p>\n\n\n\n<p>\ud83c\udf21\ufe0f\u00a0<strong>Isolamento a v\u00e1cuo de parede dupla<\/strong>\u00a0- Garante que as bebidas se mant\u00eam quentes at\u00e9 12 horas ou frias at\u00e9 24 horas, proporcionando uma reten\u00e7\u00e3o de temperatura superior.<\/p>\n\n\n\n<p>\ud83c\udf43&nbsp;<strong>Amigo do ambiente e dur\u00e1vel:<\/strong>&nbsp;Fabricado em a\u00e7o inoxid\u00e1vel de alta qualidade e sem BPA, este copo foi concebido para durar. Esque\u00e7a os copos de utiliza\u00e7\u00e3o \u00fanica e reduza os res\u00edduos com uma escolha reutiliz\u00e1vel e ecol\u00f3gica.<\/p>\n\n\n\n<p>\ud83c\udfa8\u00a0<strong>Totalmente personaliz\u00e1vel<\/strong>\u00a0- Adicione o seu log\u00f3tipo, marca ou design exclusivo para criar um copo personalizado que se destaque. A nossa f\u00e1brica suporta impress\u00e3o personalizada, grava\u00e7\u00e3o ou grava\u00e7\u00e3o a laser para satisfazer as suas necessidades espec\u00edficas<\/p>\n\n\n\n<p><strong>Constru\u00e7\u00e3o em a\u00e7o inoxid\u00e1vel de alta qualidade<\/strong>\u00a0- Fabricado em a\u00e7o inoxid\u00e1vel de alta qualidade, de qualidade alimentar, resistente \u00e0 ferrugem, sem BPA e constru\u00eddo para<\/p>\n\n\n\n<p><strong>Porque \u00e9 que vai adorar:<\/strong><\/p>\n\n\n\n<h3 class=\"wp-block-heading\"><strong>Porqu\u00ea escolher o nosso copo para encomendas em massa?<\/strong><\/h3>\n\n\n\n<p>\u2728&nbsp;<strong>Op\u00e7\u00f5es de personaliza\u00e7\u00e3o<\/strong>&nbsp;- Como fornecedor de confian\u00e7a, oferecemos uma vasta gama de op\u00e7\u00f5es de personaliza\u00e7\u00e3o, incluindo a coloca\u00e7\u00e3o do log\u00f3tipo, as escolhas de cores e a embalagem.<br>\u2728&nbsp;<strong>Pre\u00e7o direto de f\u00e1brica<\/strong>&nbsp;- Desfrute de pre\u00e7os competitivos para encomendas em grandes quantidades, garantindo uma boa rela\u00e7\u00e3o custo-benef\u00edcio sem comprometer a qualidade.<br>\u2728&nbsp;<strong>Dur\u00e1vel e fi\u00e1vel<\/strong>&nbsp;- Constru\u00eddos para resistir \u00e0 utiliza\u00e7\u00e3o di\u00e1ria, os nossos copos s\u00e3o perfeitos para brindes de empresas, eventos promocionais ou vendas a retalho.<br>\u2728&nbsp;<strong>R\u00e1pida rota\u00e7\u00e3o<\/strong>&nbsp;- A nossa f\u00e1brica est\u00e1 equipada para lidar com encomendas em grande escala com produ\u00e7\u00e3o eficiente e entrega atempada.<br>\u2728&nbsp;<strong>Amigo do ambiente e reutiliz\u00e1vel<\/strong>&nbsp;- Promova a sustentabilidade com um copo reutiliz\u00e1vel que reduz os res\u00edduos e se alinha com os valores de consci\u00eancia ecol\u00f3gica.<\/p>\n\n\n\n<hr class=\"wp-block-separator has-alpha-channel-opacity\" \/>\n\n\n\n<h3 class=\"wp-block-heading\"><strong>Ideal para:<\/strong><\/h3>\n\n\n\n<ul class=\"wp-block-list\">\n<li><strong>Presentes para empresas<\/strong>\u00a0- Impressione os clientes ou recompense os funcion\u00e1rios com um copo de alta qualidade com a sua marca.<\/li>\n\n\n\n<li><strong>Eventos promocionais<\/strong>\u00a0- Aumente a visibilidade da sua marca com um brinde pr\u00e1tico e elegante.<\/li>\n\n\n\n<li><strong>Vendas a retalho<\/strong>\u00a0- Compre copos personaliz\u00e1veis que atraiam um vasto p\u00fablico.<\/li>\n\n\n\n<li><strong>Angaria\u00e7\u00e3o de fundos e brindes<\/strong>\u00a0- Ofere\u00e7a um produto funcional e memor\u00e1vel que os apoiantes v\u00e3o adorar.<\/li>\n<\/ul>\n\n\n\n<hr class=\"wp-block-separator has-alpha-channel-opacity\" \/>\n\n\n\n<p><strong>Encomendar hoje!<\/strong><br>Como fornecedor l\u00edder de artigos para bebidas personalizados, especializamo-nos em ajudar as empresas a criar produtos personalizados que deixam uma impress\u00e3o duradoura. Quer necessite de 100 ou 10.000 unidades, a nossa f\u00e1brica est\u00e1 pronta para satisfazer as suas exig\u00eancias com uma qualidade de topo e um servi\u00e7o excecional.<\/p>\n\n\n\n<p><strong>Contacte-nos agora para obter um or\u00e7amento personalizado e elevar a sua marca com o nosso copo de a\u00e7o inoxid\u00e1vel personalizado de 34 oz!<\/strong><\/p>\n\n\n\n<div class=\"wp-block-uagb-image uagb-block-ebf0aa1f wp-block-uagb-image--layout-default wp-block-uagb-image--effect-static wp-block-uagb-image--align-none\"><figure class=\"wp-block-uagb-image__figure\"><img decoding=\"async\" src=\"https:\/\/eco-drinkware.com\/wp-content\/uploads\/2025\/03\/custom-water-tumbler.jpg\" alt=\"gv084 frankgreen copo de a\u00e7o inoxid\u00e1vel de 34 oz com design personalizado, dur\u00e1vel e isolado\" class=\"uag-image-2901\" width=\"1000\" height=\"1000\" title=\"gv084 frankgreen copo de a\u00e7o inoxid\u00e1vel de 34 oz com design personalizado, dur\u00e1vel e isolado\" loading=\"lazy\" role=\"img\" \/><\/figure><\/div>\n\n\n\n<figure class=\"wp-block-table\"><table class=\"has-fixed-layout\"><tbody><tr><td>N\u00famero do artigo<\/td><td>GV084<\/td><\/tr><tr><td>Capacidade<\/td><td>34 oz\/1000 ml<\/td><\/tr><tr><td>Isolado<\/td><td>Sim&nbsp;&nbsp;&nbsp;&nbsp;&nbsp;&nbsp;&nbsp;&nbsp;&nbsp;&nbsp;&nbsp;&nbsp;&nbsp;<\/td><\/tr><tr><td>Posi\u00e7\u00e3o do log\u00f3tipo<\/td><td>Corpo da garrafa <\/td><\/tr><tr><td>Cor<\/td><td>Vermelho, prata, verde, azul, branco, preto, ouro rosa. Cor personalizada, cor PMS<\/td><\/tr><tr><td>Material<\/td><td>Interior e exterior em a\u00e7o inoxid\u00e1vel 304, tampa de pl\u00e1stico pp nova, anel de veda\u00e7\u00e3o de silicone<\/td><\/tr><tr><td>Carater\u00edstica<\/td><td>Frasco de v\u00e1cuo de parede dupla, grande capacidade, design personalizado<\/td><\/tr><tr><td>MOQ<\/td><td>100 unidades<\/td><\/tr><tr><td>Log\u00f3tipo<\/td><td>Laser, impress\u00e3o de seda, transfer\u00eancia de calor, transfer\u00eancia de \u00e1gua, transfer\u00eancia de g\u00e1s, impress\u00e3o 3D, sublima\u00e7\u00e3o, etc.<\/td><\/tr><tr><td>Embalagem<\/td><td>caixa branca, caixa impressa personalizada, caixa cil\u00edndrica, saco de bolhas, caixa de oferta<\/td><\/tr><tr><td>Tempo de amostragem<\/td><td>3 dias para amostra de stock, 7 dias para amostra de log\u00f3tipo personalizado<\/td><\/tr><tr><td>Tempo de produ\u00e7\u00e3o<\/td><td>10-35 dias, dependendo da quantidade e dos requisitos<\/td><\/tr><tr><td>Sobre o pagamento<\/td><td>Transfer\u00eancia banc\u00e1ria, paypal, western union, garantia comercial<\/td><\/tr><tr><td>Pa\u00eds de origem<\/td><td>Fabricado na China<\/td><\/tr><tr><td>Origem do certificado<\/td><td>Sim, podemos oferecer<\/td><\/tr><tr><td>Nova garrafa de molde<\/td><td>Sim, temos uma nova equipa de desenvolvimento de moldes<\/td><\/tr><tr><td>Condi\u00e7\u00f5es<\/td><td>EXW,FOB,CIF, DDU, DDP<\/td><\/tr><\/tbody><\/table><\/figure>\n\n\n\n<p><\/p>","protected":false},"excerpt":{"rendered":"<p>Copo de a\u00e7o inoxid\u00e1vel duradouro e personalizado de qualidade\u00a0<\/p>\n<ul>\n<li>\n<p>\u00a0<strong>Grande capacidade de 34 oz<\/strong>\u00a0- Perfeito para hidrata\u00e7\u00e3o durante todo o dia.<\/p>\n<\/li>\n<li>\n<p>\u00a0<strong>Design personaliz\u00e1vel<\/strong> - Adicione o seu log\u00f3tipo, texto ou trabalho art\u00edstico para uma personaliza\u00e7\u00e3o.<\/p>\n<\/li>\n<li>\n<p>\u00a0<strong>Isolamento a v\u00e1cuo de parede dupla<\/strong>\u00a0- Mant\u00e9m as bebidas quentes durante 12 horas e frias durante 24 horas.<\/p>\n<\/li>\n<li>\n<p><strong>A\u00e7o inoxid\u00e1vel dur\u00e1vel<\/strong> - Resistente \u00e0 ferrugem, sem BPA e constru\u00eddo para durar. Materiais seguros para alimentos<\/p>\n<\/li>\n<li>\n<p>\u00a0<strong>\u00c0 prova de suor e de fugas<\/strong>\u00a0- Exterior sem condensa\u00e7\u00e3o e tampa segura para uma utiliza\u00e7\u00e3o sem confus\u00e3o.<\/p>\n<\/li>\n<li>\n<p><strong>Vers\u00e1til e port\u00e1til<\/strong>\u00a0- Ideal para casa, escrit\u00f3rio, viagens ou aventuras ao ar livre.<\/p>\n<p>Melhore o seu jogo de copos com um copo que \u00e9 t\u00e3o \u00fanico como voc\u00ea!<\/p>\n<\/li>\n<\/ul>","protected":false},"featured_media":2900,"template":"","meta":{"_acf_changed":true,"_seopress_robots_primary_cat":"none","_seopress_titles_title":"Frankgreen 34oz Custom insulated Stainless Steel Tumbler","_seopress_titles_desc":"Food safe and BPA free materials, custom color and design is welcome. Profession drinkware manufacturer in China. Door to door delivery worldwide.","_seopress_robots_index":"","_uag_custom_page_level_css":""},"product_brand":[],"product_cat":[32,40,19,24,20],"product_tag":[71,70,77,69,86],"class_list":{"0":"post-2899","1":"product","2":"type-product","3":"status-publish","4":"has-post-thumbnail","6":"product_cat-insulated-water-bottle","7":"product_cat-stainless-steel-tumbler","8":"product_cat-stainless-steel-water-bottle","9":"product_cat-tumblers-mugs","10":"product_cat-vacuum-flask","11":"product_tag-bpa-free-vacuum-flask","12":"product_tag-double-wall-insulated-flask","13":"product_tag-personalized-insulated-mug","14":"product_tag-stainless-steel-flask","15":"product_tag-stainless-steel-insulated-cups-with-lid-and-straw","17":"first","18":"instock","19":"shipping-taxable","20":"product-type-simple"},"acf":[],"uagb_featured_image_src":{"full":["https:\/\/eco-drinkware.com\/wp-content\/uploads\/2025\/03\/customize-stainless-steel-tumbler.jpg",1200,1200,false],"thumbnail":["https:\/\/eco-drinkware.com\/wp-content\/uploads\/2025\/03\/customize-stainless-steel-tumbler-150x150.jpg",150,150,true],"medium":["https:\/\/eco-drinkware.com\/wp-content\/uploads\/2025\/03\/customize-stainless-steel-tumbler-300x300.jpg",300,300,true],"medium_large":["https:\/\/eco-drinkware.com\/wp-content\/uploads\/2025\/03\/customize-stainless-steel-tumbler-768x768.jpg",768,768,true],"large":["https:\/\/eco-drinkware.com\/wp-content\/uploads\/2025\/03\/customize-stainless-steel-tumbler.jpg",1200,1200,false],"1536x1536":["https:\/\/eco-drinkware.com\/wp-content\/uploads\/2025\/03\/customize-stainless-steel-tumbler.jpg",1200,1200,false],"2048x2048":["https:\/\/eco-drinkware.com\/wp-content\/uploads\/2025\/03\/customize-stainless-steel-tumbler.jpg",1200,1200,false],"trp-custom-language-flag":["https:\/\/eco-drinkware.com\/wp-content\/uploads\/2025\/03\/customize-stainless-steel-tumbler.jpg",12,12,false],"woocommerce_thumbnail":["https:\/\/eco-drinkware.com\/wp-content\/uploads\/2025\/03\/customize-stainless-steel-tumbler-300x300.jpg",300,300,true],"woocommerce_single":["https:\/\/eco-drinkware.com\/wp-content\/uploads\/2025\/03\/customize-stainless-steel-tumbler-600x600.jpg",600,600,true],"woocommerce_gallery_thumbnail":["https:\/\/eco-drinkware.com\/wp-content\/uploads\/2025\/03\/customize-stainless-steel-tumbler-100x100.jpg",100,100,true]},"uagb_author_info":{"display_name":"Amy","author_link":"https:\/\/eco-drinkware.com\/pt\/author\/"},"uagb_comment_info":0,"uagb_excerpt":"Quality custom durable stainless steel tumbler\u00a0 \u00a034oz Large Capacity\u00a0\u2013 Perfect for all-day hydration. \u00a0Customizable Design \u2013 Add your logo, text, or artwork for a customization. \u00a0Double-Wall Vacuum Insulation\u00a0\u2013 Keeps drinks hot for 12 hours and cold for 24 hours. Durable Stainless Steel \u2013 Rust-resistant, BPA-free, and built to last.Food safe materials \u00a0Sweat-Proof &amp; Leak-Proof\u00a0\u2013 Condensation-free&hellip;","_links":{"self":[{"href":"https:\/\/eco-drinkware.com\/pt\/wp-json\/wp\/v2\/product\/2899","targetHints":{"allow":["GET"]}}],"collection":[{"href":"https:\/\/eco-drinkware.com\/pt\/wp-json\/wp\/v2\/product"}],"about":[{"href":"https:\/\/eco-drinkware.com\/pt\/wp-json\/wp\/v2\/types\/product"}],"wp:featuredmedia":[{"embeddable":true,"href":"https:\/\/eco-drinkware.com\/pt\/wp-json\/wp\/v2\/media\/2900"}],"wp:attachment":[{"href":"https:\/\/eco-drinkware.com\/pt\/wp-json\/wp\/v2\/media?parent=2899"}],"wp:term":[{"taxonomy":"product_brand","embeddable":true,"href":"https:\/\/eco-drinkware.com\/pt\/wp-json\/wp\/v2\/product_brand?post=2899"},{"taxonomy":"product_cat","embeddable":true,"href":"https:\/\/eco-drinkware.com\/pt\/wp-json\/wp\/v2\/product_cat?post=2899"},{"taxonomy":"product_tag","embeddable":true,"href":"https:\/\/eco-drinkware.com\/pt\/wp-json\/wp\/v2\/product_tag?post=2899"}],"curies":[{"name":"wp","href":"https:\/\/api.w.org\/{rel}","templated":true}]}}