{"id":2963,"date":"2025-04-22T16:06:51","date_gmt":"2025-04-22T08:06:51","guid":{"rendered":"https:\/\/eco-drinkware.com\/?post_type=product&#038;p=2963"},"modified":"2025-04-24T11:37:42","modified_gmt":"2025-04-24T03:37:42","slug":"copo-de-vinho-de-aco-inoxidavel-de-14-oz-stanley-copo-de-vinho-isolado-duravel-a-prova-de-estilhacos-para-vinho-branco-tinto-perfeito-para-viagens-campismo-utilizacao-no-exterior","status":"publish","type":"product","link":"https:\/\/eco-drinkware.com\/pt\/product\/copo-de-vinho-de-aco-inoxidavel-de-14-oz-stanley-copo-de-vinho-isolado-duravel-a-prova-de-estilhacos-para-vinho-branco-tinto-perfeito-para-viagens-campismo-utilizacao-no-exterior\/","title":{"rendered":"Copo de vinho em a\u00e7o inoxid\u00e1vel de 14 oz Stanley - Copo isolado, dur\u00e1vel e inquebr\u00e1vel para vinho tinto\/branco - Perfeito para viagens, campismo e utiliza\u00e7\u00e3o no exterior"},"content":{"rendered":"<h2 class=\"wp-block-heading\"><strong>Descri\u00e7\u00e3o do produto:<\/strong><\/h2>\n\n\n\n<p><strong>Melhore a sua experi\u00eancia de consumo<\/strong>&nbsp;- Concebida para os amantes do vinho que exigem durabilidade sem sacrificar o estilo, a nossa&nbsp;<strong>Copo de vinho de a\u00e7o inoxid\u00e1vel de 14 oz<\/strong>&nbsp;combina eleg\u00e2ncia com funcionalidade robusta. Ideal para&nbsp;<strong>restaurantes, hot\u00e9is, organizadores de eventos e compradores a granel<\/strong>, Este copo de alta qualidade foi concebido para suportar a utiliza\u00e7\u00e3o di\u00e1ria e manter as bebidas \u00e0 temperatura ideal.<\/p>\n\n\n\n<p><strong>Carater\u00edsticas principais:<\/strong><\/p>\n\n\n\n<p>\u2714&nbsp;<strong>A\u00e7o inoxid\u00e1vel 18\/8 de primeira qualidade<\/strong>&nbsp;- Fabricado em&nbsp;<strong>de qualidade alimentar, resistente \u00e0 ferrugem<\/strong>&nbsp;a\u00e7o inoxid\u00e1vel para um desempenho duradouro.<\/p>\n\n\n\n<p>\u2714&nbsp;<strong>Isolamento a v\u00e1cuo de parede dupla<\/strong>&nbsp;- Conserva o vinho&nbsp;<strong>refrigerado durante horas<\/strong>&nbsp;(ou quente para o vinho quente) sem condensa\u00e7\u00e3o.<\/p>\n\n\n\n<p>\u2714&nbsp;<strong>Inquebr\u00e1vel e inquebr\u00e1vel<\/strong>&nbsp;- Ideal para&nbsp;<strong>eventos ao ar livre, campismo, passeios de barco e utiliza\u00e7\u00e3o comercial<\/strong>-n\u00e3o h\u00e1 mais vidros partidos!<\/p>\n\n\n\n<p>\u2714&nbsp;<strong>Capacidade perfeita de 14oz (414ml)<\/strong>&nbsp;- Comporta uma dose completa de vinho tinto, branco ou ros\u00e9, mantendo um design elegante e sem haste.<\/p>\n\n\n\n<p>\u2714&nbsp;<strong>N\u00e3o t\u00f3xico e sem BPA<\/strong>&nbsp;- Seguro para bebidas quentes e frias, reuni\u00e3o&nbsp;<strong>normas mundiais de seguran\u00e7a alimentar<\/strong>.<\/p>\n\n\n\n<p><\/p>\n\n\n\n<p>\u2714&nbsp;<strong>F\u00e1cil de limpar e lav\u00e1vel na m\u00e1quina de lavar lou\u00e7a<\/strong>&nbsp;- Poupa tempo para&nbsp;<strong>bares, servi\u00e7os de restaura\u00e7\u00e3o e utilizadores a granel<\/strong>.<\/p>\n\n\n\n<p><strong>Porque \u00e9 que vai adorar:<\/strong><\/p>\n\n\n\n<h3 class=\"wp-block-heading\"><strong><strong>Porqu\u00ea escolher o nosso copo de vinho em a\u00e7o inoxid\u00e1vel?<\/strong><\/strong><\/h3>\n\n\n\n<p>\u2705&nbsp;<strong>Marca personalizada e descontos para grandes quantidades<\/strong>&nbsp;- Como l\u00edder&nbsp;<strong>fabricante e fornecedor<\/strong>, oferecemos&nbsp;<strong>Servi\u00e7os OEM\/ODM<\/strong>&nbsp;para empresas que procuram&nbsp;<strong>personalizar<\/strong>&nbsp;estes copos com log\u00f3tipos ou embalagens. Ideal para&nbsp;<strong>presentes para empresas, casamentos e eventos promocionais<\/strong>.<br>\u2705&nbsp;<strong>Pre\u00e7o direto de f\u00e1brica<\/strong>&nbsp;- Evite o intermedi\u00e1rio! N\u00f3s fornecemos&nbsp;<strong>encomendas por grosso e a granel<\/strong>&nbsp;a pre\u00e7os competitivos, tornando-os ideais para&nbsp;<strong>cadeias de restaurantes, resorts e retalhistas<\/strong>.<br>\u2705&nbsp;<strong>Dur\u00e1vel e econ\u00f3mico<\/strong>&nbsp;- Ao contr\u00e1rio do vidro fr\u00e1gil, os nossos copos de vinho em a\u00e7o inoxid\u00e1vel&nbsp;<strong>reduzir os custos de substitui\u00e7\u00e3o<\/strong>, o que os torna um investimento inteligente para&nbsp;<strong>locais de grande aflu\u00eancia<\/strong>.<br>\u2728&nbsp;<strong>R\u00e1pida rota\u00e7\u00e3o<\/strong>&nbsp;- A nossa f\u00e1brica est\u00e1 equipada para lidar com encomendas em grande escala com produ\u00e7\u00e3o eficiente e entrega atempada.<br>\u2728&nbsp;<strong>Amigo do ambiente e reutiliz\u00e1vel<\/strong>&nbsp;- Promova a sustentabilidade com um copo reutiliz\u00e1vel que reduz os res\u00edduos e se alinha com os valores de consci\u00eancia ecol\u00f3gica.<\/p>\n\n\n\n<hr class=\"wp-block-separator has-alpha-channel-opacity\"\/>\n\n\n\n<h3 class=\"wp-block-heading\"><strong>Ideal para:<\/strong><\/h3>\n\n\n\n<ul class=\"wp-block-list\">\n<li><strong>Hot\u00e9is e resorts<\/strong>&nbsp;- Melhore a experi\u00eancia dos seus convidados com copos inquebr\u00e1veis<\/li>\n\n\n\n<li><strong>Bares e restaurantes<\/strong>&nbsp;- Reduzir as quebras e os custos de manuten\u00e7\u00e3o.<\/li>\n\n\n\n<li><strong>Vendas a retalho<\/strong>&nbsp;- Compre copos personaliz\u00e1veis que atraiam um vasto p\u00fablico.<\/li>\n\n\n\n<li><strong>Angaria\u00e7\u00e3o de fundos e brindes<\/strong>&nbsp;- Ofere\u00e7a um produto funcional e memor\u00e1vel que os apoiantes v\u00e3o adorar.<\/li>\n\n\n\n<li><strong>Eventos corporativos e casamentos<\/strong>&nbsp;- Impress\u00e3o personalizada para marcas ou lembran\u00e7as.<\/li>\n\n\n\n<li><strong>Entusiastas do ar livre<\/strong>&nbsp;- \u00d3timo para acampar, fazer piqueniques e viajar.<\/li>\n<\/ul>\n\n\n\n<hr class=\"wp-block-separator has-alpha-channel-opacity\"\/>\n\n\n\n<p><strong><strong>Benef\u00edcios da compra em massa:<\/strong><\/strong><br>\ud83d\udd39&nbsp;<strong>MOQ (Quantidade m\u00ednima de encomenda) Flexibilidade<\/strong>&nbsp;- Possibilidade de fabrico de pequenos ou grandes lotes.<br>\ud83d\udd39&nbsp;<strong>Envio r\u00e1pido a n\u00edvel mundial<\/strong>&nbsp;- Fi\u00e1vel&nbsp;<strong>fornecedor<\/strong>&nbsp;com armaz\u00e9ns nas principais regi\u00f5es.<br>\ud83d\udd39&nbsp;<strong>Embalagem personalizada<\/strong>&nbsp;- Caixas de marca, conjuntos de oferta ou op\u00e7\u00f5es ecol\u00f3gicas.<\/p>\n\n\n\n<p><strong>Actualize hoje mesmo para um copo de vinho mais inteligente e mais sustent\u00e1vel!<\/strong>&nbsp;Ideal para&nbsp;<strong>distribuidores, retalhistas e compradores a granel<\/strong>&nbsp;procurando&nbsp;<strong>solu\u00e7\u00f5es de alta qualidade e personaliz\u00e1veis para o fabrico de copos<\/strong>.<\/p>\n\n\n\n<p><strong>Contacte-nos para obter informa\u00e7\u00f5es sobre pre\u00e7os por grosso e oportunidades OEM!<\/strong><\/p>\n\n\n\n<div class=\"wp-block-uagb-image uagb-block-ebf0aa1f wp-block-uagb-image--layout-default wp-block-uagb-image--effect-static wp-block-uagb-image--align-none\"><figure class=\"wp-block-uagb-image__figure\"><img decoding=\"async\" srcset=\"https:\/\/eco-drinkware.com\/wp-content\/uploads\/2025\/04\/gv089-stainless-steel-wine-glass.jpg ,https:\/\/eco-drinkware.com\/wp-content\/uploads\/2025\/04\/gv089-stainless-steel-wine-glass.jpg 780w, https:\/\/eco-drinkware.com\/wp-content\/uploads\/2025\/04\/gv089-stainless-steel-wine-glass.jpg 360w\" sizes=\"auto, (max-width: 480px) 150px\" src=\"https:\/\/eco-drinkware.com\/wp-content\/uploads\/2025\/04\/gv089-stainless-steel-wine-glass.jpg\" alt=\"copo de vinho stanley 14oz em a\u00e7o inoxid\u00e1vel - copo isolado, dur\u00e1vel e inquebr\u00e1vel para vinho tinto\/branco - perfeito para viagens, campismo e utiliza\u00e7\u00e3o no exterior\" class=\"uag-image-2968\" width=\"1000\" height=\"1000\" title=\"copo de vinho stanley 14oz em a\u00e7o inoxid\u00e1vel - copo isolado, dur\u00e1vel e inquebr\u00e1vel para vinho tinto\/branco - perfeito para viagens, campismo e utiliza\u00e7\u00e3o no exterior\" loading=\"lazy\" role=\"img\"\/><\/figure><\/div>\n\n\n\n<figure class=\"wp-block-table\"><table class=\"has-fixed-layout\"><tbody><tr><td>N\u00famero do artigo<\/td><td>GV089<\/td><\/tr><tr><td>Capacidade<\/td><td>14 on\u00e7as\/414 ml<\/td><\/tr><tr><td>Isolado<\/td><td>Sim&nbsp;&nbsp;&nbsp;&nbsp;&nbsp;&nbsp;&nbsp;&nbsp;&nbsp;&nbsp;&nbsp;&nbsp;&nbsp;<\/td><\/tr><tr><td>Posi\u00e7\u00e3o do log\u00f3tipo<\/td><td>Corpo da garrafa <\/td><\/tr><tr><td>Cor<\/td><td>Vermelho, prata, verde, azul, branco, preto, ouro rosa. Cor personalizada, cor PMS<\/td><\/tr><tr><td>Material<\/td><td>Interior e exterior em a\u00e7o inoxid\u00e1vel 304, tampa de pl\u00e1stico pp nova, anel de veda\u00e7\u00e3o de silicone<\/td><\/tr><tr><td>Carater\u00edstica<\/td><td>Frasco de v\u00e1cuo de parede dupla, grande capacidade, design personalizado<\/td><\/tr><tr><td>MOQ<\/td><td>100 unidades<\/td><\/tr><tr><td>Log\u00f3tipo<\/td><td>Laser, impress\u00e3o de seda, transfer\u00eancia de calor, transfer\u00eancia de \u00e1gua, transfer\u00eancia de g\u00e1s, impress\u00e3o 3D, sublima\u00e7\u00e3o, etc.<\/td><\/tr><tr><td>Embalagem<\/td><td>caixa branca, caixa impressa personalizada, caixa cil\u00edndrica, saco de bolhas, caixa de oferta<\/td><\/tr><tr><td>Tempo de amostragem<\/td><td>3 dias para amostra de stock, 7 dias para amostra de log\u00f3tipo personalizado<\/td><\/tr><tr><td>Tempo de produ\u00e7\u00e3o<\/td><td>10-35 dias, dependendo da quantidade e dos requisitos<\/td><\/tr><tr><td>Sobre o pagamento<\/td><td>Transfer\u00eancia banc\u00e1ria, paypal, western union, garantia comercial<\/td><\/tr><tr><td>Pa\u00eds de origem<\/td><td>Fabricado na China<\/td><\/tr><tr><td>Origem do certificado<\/td><td>Sim, podemos oferecer<\/td><\/tr><tr><td>Nova garrafa de molde<\/td><td>Sim, temos uma nova equipa de desenvolvimento de moldes<\/td><\/tr><tr><td>Condi\u00e7\u00f5es<\/td><td>EXW,FOB,CIF, DDU, DDP<\/td><\/tr><\/tbody><\/table><\/figure>\n\n\n\n<p><\/p>","protected":false},"excerpt":{"rendered":"<p class=\"ds-markdown-paragraph\"><strong>Copo de vinho em a\u00e7o inoxid\u00e1vel de 14 oz Stanley - Dur\u00e1vel, isolado e com estilo<\/strong><\/p>\n<p class=\"ds-markdown-paragraph\">\u2705\u00a0<strong>A\u00e7o inoxid\u00e1vel 18\/8 de primeira qualidade<\/strong>\u00a0- \u00c0 prova de ferrugem, inquebr\u00e1vel e constru\u00eddo para durar uma vida inteira - n\u00e3o se preocupe mais com vidros partidos.<\/p>\n<p>\u2705 <strong>Capacidade:14oz , tamanho: 110*200mm\u00a0<\/strong><\/p>\n<p class=\"ds-markdown-paragraph\">\u2705\u00a0<strong>Isolamento a v\u00e1cuo de parede dupla<\/strong>\u00a0- Mant\u00e9m o vinho fresco durante\u00a0<strong>Mais de 9 horas<\/strong>\u00a0(ou quente para\u00a0<strong>Mais de 3 horas<\/strong>\u00a0com bebidas quentes).<\/p>\n<p class=\"ds-markdown-paragraph\">\u2705\u00a0<strong>Design elegante e sem haste<\/strong>\u00a0- O acabamento espelhado elegante e a forma c\u00f3nica imitam os copos de vinho tradicionais - elegantes para interiores e exteriores.<\/p>\n<p class=\"ds-markdown-paragraph\">\u2705\u00a0<strong>Resistente a derrames e port\u00e1til<\/strong>\u00a0- A base leve e robusta adapta-se \u00e0 maioria dos suportes para copos, sendo perfeita para viajar, acampar ou beber \u00e0 beira da piscina.<\/p>\n<p class=\"ds-markdown-paragraph\">\u2705\u00a0<strong>Sem BPA e resistente ao odor<\/strong>\u00a0- N\u00e3o ret\u00e9m sabores ou manchas, ao contr\u00e1rio do pl\u00e1stico ou dos metais de baixa qualidade.<\/p>\n<p class=\"ds-markdown-paragraph\">\u2705\u00a0<strong>Seguro para m\u00e1quina de lavar lou\u00e7a<\/strong>\u00a0- F\u00e1cil de limpar para uma manuten\u00e7\u00e3o sem problemas.<\/p>\n<p class=\"ds-markdown-paragraph\"><strong>Ideal para:<\/strong>\u00a0Presentes, caminhadas, festas no quintal ou utiliza\u00e7\u00e3o quotidiana.\u00a0<strong>Cores:<\/strong> Inoxid\u00e1vel, preto, ouro rosa. Azul<\/p>","protected":false},"featured_media":2969,"template":"","meta":{"_acf_changed":true,"_seopress_robots_primary_cat":"none","_seopress_titles_title":"14oz Stainless Steel Wine Glass \u2013 Premium Insulated, Shatterproof Tumbler for Wine Enthusiasts \u2013 Bulk Orders Available","_seopress_titles_desc":"14oz Stainless Steel Wine Glass \u2013 Premium Insulated, Shatterproof Tumbler for Wine Enthusiasts \u2013 Bulk Orders Available","_seopress_robots_index":"","_uag_custom_page_level_css":""},"product_brand":[],"product_cat":[32,40,19,24,20],"product_tag":[105,106,70,108,110,77,86,104,109,107],"class_list":{"0":"post-2963","1":"product","2":"type-product","3":"status-publish","4":"has-post-thumbnail","6":"product_cat-insulated-water-bottle","7":"product_cat-stainless-steel-tumbler","8":"product_cat-stainless-steel-water-bottle","9":"product_cat-tumblers-mugs","10":"product_cat-vacuum-flask","11":"product_tag-bulk-wine-tumblers","12":"product_tag-custom-branded-drinkware","13":"product_tag-double-wall-insulated-flask","14":"product_tag-factory-direct-wine-glasses","15":"product_tag-oem-stainless-steel-manufacturer","16":"product_tag-personalized-insulated-mug","17":"product_tag-stainless-steel-insulated-cups-with-lid-and-straw","18":"product_tag-stainless-steel-wine-glass","19":"product_tag-unbreakable-wine-tumbler-supplier","20":"product_tag-wholesale-stainless-steel-cups","22":"first","23":"instock","24":"shipping-taxable","25":"product-type-simple"},"acf":[],"uagb_featured_image_src":{"full":["https:\/\/eco-drinkware.com\/wp-content\/uploads\/2025\/04\/gv089-wine-glass.jpg",720,720,false],"thumbnail":["https:\/\/eco-drinkware.com\/wp-content\/uploads\/2025\/04\/gv089-wine-glass-150x150.jpg",150,150,true],"medium":["https:\/\/eco-drinkware.com\/wp-content\/uploads\/2025\/04\/gv089-wine-glass-300x300.jpg",300,300,true],"medium_large":["https:\/\/eco-drinkware.com\/wp-content\/uploads\/2025\/04\/gv089-wine-glass.jpg",720,720,false],"large":["https:\/\/eco-drinkware.com\/wp-content\/uploads\/2025\/04\/gv089-wine-glass.jpg",720,720,false],"1536x1536":["https:\/\/eco-drinkware.com\/wp-content\/uploads\/2025\/04\/gv089-wine-glass.jpg",720,720,false],"2048x2048":["https:\/\/eco-drinkware.com\/wp-content\/uploads\/2025\/04\/gv089-wine-glass.jpg",720,720,false],"trp-custom-language-flag":["https:\/\/eco-drinkware.com\/wp-content\/uploads\/2025\/04\/gv089-wine-glass.jpg",12,12,false],"woocommerce_thumbnail":["https:\/\/eco-drinkware.com\/wp-content\/uploads\/2025\/04\/gv089-wine-glass-300x300.jpg",300,300,true],"woocommerce_single":["https:\/\/eco-drinkware.com\/wp-content\/uploads\/2025\/04\/gv089-wine-glass-600x600.jpg",600,600,true],"woocommerce_gallery_thumbnail":["https:\/\/eco-drinkware.com\/wp-content\/uploads\/2025\/04\/gv089-wine-glass-100x100.jpg",100,100,true]},"uagb_author_info":{"display_name":"Amy","author_link":"https:\/\/eco-drinkware.com\/pt\/author\/"},"uagb_comment_info":0,"uagb_excerpt":"Stanley 14oz Stainless Steel Wine Glass \u2013 Durable, Insulated &amp; Stylish \u2705\u00a0Premium 18\/8 Stainless Steel\u00a0\u2013 Rust-proof, unbreakable, and built to last a lifetime\u2014no more worrying about shattered glass. \u2705 Capaicty:14oz , size: 110*200mm\u00a0 \u2705\u00a0Double-Wall Vacuum Insulation\u00a0\u2013 Keeps wine chilled for\u00a09+ hours\u00a0(or warm for\u00a03+ hours\u00a0with hot beverages). \u2705\u00a0Elegant, Stemless Design\u00a0\u2013 Sleek mirror finish and tapered shape&hellip;","_links":{"self":[{"href":"https:\/\/eco-drinkware.com\/pt\/wp-json\/wp\/v2\/product\/2963","targetHints":{"allow":["GET"]}}],"collection":[{"href":"https:\/\/eco-drinkware.com\/pt\/wp-json\/wp\/v2\/product"}],"about":[{"href":"https:\/\/eco-drinkware.com\/pt\/wp-json\/wp\/v2\/types\/product"}],"wp:featuredmedia":[{"embeddable":true,"href":"https:\/\/eco-drinkware.com\/pt\/wp-json\/wp\/v2\/media\/2969"}],"wp:attachment":[{"href":"https:\/\/eco-drinkware.com\/pt\/wp-json\/wp\/v2\/media?parent=2963"}],"wp:term":[{"taxonomy":"product_brand","embeddable":true,"href":"https:\/\/eco-drinkware.com\/pt\/wp-json\/wp\/v2\/product_brand?post=2963"},{"taxonomy":"product_cat","embeddable":true,"href":"https:\/\/eco-drinkware.com\/pt\/wp-json\/wp\/v2\/product_cat?post=2963"},{"taxonomy":"product_tag","embeddable":true,"href":"https:\/\/eco-drinkware.com\/pt\/wp-json\/wp\/v2\/product_tag?post=2963"}],"curies":[{"name":"wp","href":"https:\/\/api.w.org\/{rel}","templated":true}]}}