{"id":2964,"date":"2025-04-22T16:13:38","date_gmt":"2025-04-22T08:13:38","guid":{"rendered":"https:\/\/eco-drinkware.com\/?post_type=product&#038;p=2964"},"modified":"2025-06-13T12:18:36","modified_gmt":"2025-06-13T04:18:36","slug":"gv085-caneca-isolada-de-parede-dupla-em-aco-inoxidavel-com-pega","status":"publish","type":"product","link":"https:\/\/eco-drinkware.com\/pt\/product\/gv085-caneca-isolada-de-parede-dupla-em-aco-inoxidavel-com-pega\/","title":{"rendered":"GV085 caneca isolante de parede dupla em a\u00e7o inoxid\u00e1vel com pega"},"content":{"rendered":"<h2 class=\"wp-block-heading\"><strong>Copo de a\u00e7o inoxid\u00e1vel personalizado de 7 oz 12 oz 16 oz 17 oz - Op\u00e7\u00f5es de encomenda a granel dispon\u00edveis<\/strong><\/h2>\n\n\n\n<p><strong>Caneca de caf\u00e9 em a\u00e7o inoxid\u00e1vel personaliz\u00e1vel de qualidade superior para todas as necessidades<\/strong><br>Apresenta\u00e7\u00e3o do nosso&nbsp;<strong><strong>7oz 12oz 16oz 17oz<\/strong><\/strong> <strong>A\u00e7o inoxid\u00e1vel personalizado <\/strong>a solu\u00e7\u00e3o perfeita para empresas, eventos ou brindes promocionais. Concebido a pensar na durabilidade e na personaliza\u00e7\u00e3o, este copo \u00e9 ideal para encomendas a granel, oferecendo uma qualidade e funcionalidade excepcionais a pre\u00e7os de f\u00e1brica competitivos.<\/p>\n\n\n\n<p><strong>Carater\u00edsticas principais:<\/strong><\/p>\n\n\n\n<p>\ud83d\udca7 V\u00e1rias op\u00e7\u00f5es de tamanho - <strong>7oz 12oz 16oz 17oz<\/strong> tamanho dispon\u00edvel, tornando-o uma escolha pr\u00e1tica para escrit\u00f3rios, eventos ou retalho. Perfeito para acampar, bom para guardar sumo, \u00e1gua, cerveja, vinho e quaisquer outras bebidas.<\/p>\n\n\n\n<p>\ud83c\udf21\ufe0f&nbsp;<strong>Parede dupla <\/strong>Constru\u00e7\u00e3o com isolamento - Assegura que as bebidas se mant\u00eam quentes at\u00e9 6 horas ou frias at\u00e9 10 horas, proporcionando uma reten\u00e7\u00e3o de temperatura superior.<\/p>\n\n\n\n<p>\ud83c\udf43&nbsp;<strong>Amigo do ambiente e dur\u00e1vel:<\/strong>&nbsp;Fabricado em a\u00e7o inoxid\u00e1vel 304 de alta qualidade e sem BPA, este copo foi concebido para durar . Esque\u00e7a os copos de utiliza\u00e7\u00e3o \u00fanica e reduza os res\u00edduos com uma escolha reutiliz\u00e1vel e ecol\u00f3gica. Caneca reutiliz\u00e1vel para substituir a caneca de pl\u00e1stico descart\u00e1vel ou a caneca de papel.<\/p>\n\n\n\n<p>\ud83c\udfa8&nbsp;<strong>Totalmente personaliz\u00e1vel<\/strong>&nbsp;- Adicione a sua cor, log\u00f3tipo, marca ou design exclusivo para criar uma caneca personalizada que se destaque. A nossa f\u00e1brica suporta a impress\u00e3o personalizada, a grava\u00e7\u00e3o ou a grava\u00e7\u00e3o a laser para satisfazer as suas necessidades espec\u00edficas.<\/p>\n\n\n\n<p><strong>Constru\u00e7\u00e3o em a\u00e7o inoxid\u00e1vel de alta qualidade<\/strong>&nbsp;- Fabricada em a\u00e7o inoxid\u00e1vel de alta qualidade, de qualidade alimentar, resistente \u00e0 ferrugem, sem BPA e com uma caneca de a\u00e7o inoxid\u00e1vel duradoura. O seu design tamb\u00e9m n\u00e3o cont\u00e9m pl\u00e1stico.<\/p>\n\n\n\n<p><strong>Porque \u00e9 que vai adorar:<\/strong><\/p>\n\n\n\n<h3 class=\"wp-block-heading\"><strong>Porqu\u00ea escolher o nosso copo para encomendas em massa?<\/strong><\/h3>\n\n\n\n<p>\u2728&nbsp;<strong>Op\u00e7\u00f5es de personaliza\u00e7\u00e3o<\/strong>&nbsp;- Como um fornecedor de confian\u00e7a, oferecemos uma vasta gama de op\u00e7\u00f5es de personaliza\u00e7\u00e3o, incluindo a coloca\u00e7\u00e3o do log\u00f3tipo, escolhas de cores e embalagem. Basta enviar-nos a sua ideia e n\u00f3s transformamo-la num produto real.<br>\u2728&nbsp;<strong>Pre\u00e7o direto de f\u00e1brica<\/strong>&nbsp;- Desfrute de pre\u00e7os competitivos para encomendas em grandes quantidades, garantindo uma boa rela\u00e7\u00e3o custo-benef\u00edcio sem comprometer a qualidade.<br>\u2728&nbsp;<strong>Dur\u00e1vel e fi\u00e1vel<\/strong>&nbsp;- Constru\u00eddos para resistir \u00e0 utiliza\u00e7\u00e3o di\u00e1ria, os nossos copos s\u00e3o perfeitos para brindes de empresas, eventos promocionais ou vendas a retalho.<br>\u2728&nbsp;<strong>R\u00e1pida rota\u00e7\u00e3o<\/strong>&nbsp;- A nossa f\u00e1brica est\u00e1 equipada para lidar com encomendas em grande escala com produ\u00e7\u00e3o eficiente e entrega atempada.<br>\u2728&nbsp;<strong>Amigo do ambiente e reutiliz\u00e1vel<\/strong>&nbsp;- Promova a sustentabilidade com um copo reutiliz\u00e1vel que reduz o desperd\u00edcio e se alinha com valores eco-conscientes.                                                                                                                    Entrega em todo o mundo - Oferecemos entrega em todo o mundo no seu armaz\u00e9m. Muito conveniente para trabalhar com a Eco Drinkware, basta aguardar o seu pedido no escrit\u00f3rio.                                                              <\/p>\n\n\n\n<hr class=\"wp-block-separator has-alpha-channel-opacity\"\/>\n\n\n\n<h3 class=\"wp-block-heading\"><strong>Ideal para:<\/strong><\/h3>\n\n\n\n<ul class=\"wp-block-list\">\n<li><strong>Presentes para empresas<\/strong>&nbsp;- Impressione os clientes ou recompense os empregados com uma caneca de marca de alta qualidade.<\/li>\n\n\n\n<li><strong>Eventos promocionais<\/strong>&nbsp;- Aumente a visibilidade da sua marca com um brinde pr\u00e1tico e elegante.<\/li>\n\n\n\n<li><strong>Vendas a retalho<\/strong>&nbsp;- Abaste\u00e7a-se de copos personaliz\u00e1veis que apelam a um vasto p\u00fablico. F\u00e1cil de personalizar a laser o nome ou algo semelhante na caneca com uma m\u00e1quina a laser. <\/li>\n\n\n\n<li><strong>Angaria\u00e7\u00e3o de fundos e brindes<\/strong>&nbsp;- Ofere\u00e7a um produto funcional e memor\u00e1vel que os apoiantes v\u00e3o adorar. E a sua marca ou log\u00f3tipo na caneca ser\u00e1 uma boa publicidade.<\/li>\n<\/ul>\n\n\n\n<hr class=\"wp-block-separator has-alpha-channel-opacity\"\/>\n\n\n\n<p><strong>Encomendar hoje!<\/strong><br>Como fornecedor l\u00edder de artigos para bebidas personalizados, especializamo-nos em ajudar as empresas a criar produtos personalizados que deixam uma impress\u00e3o duradoura. Quer necessite de 100 ou 10.000 unidades, a nossa f\u00e1brica est\u00e1 pronta para satisfazer as suas exig\u00eancias com uma qualidade de topo e um servi\u00e7o excecional.<\/p>\n\n\n\n<p><strong>Contacte-nos agora para obter um or\u00e7amento personalizado e elevar a sua marca com o nosso copo de a\u00e7o inoxid\u00e1vel personalizado de 34 oz!<\/strong><\/p>\n\n\n\n<div class=\"wp-block-uagb-image uagb-block-ebf0aa1f wp-block-uagb-image--layout-default wp-block-uagb-image--effect-static wp-block-uagb-image--align-none\"><figure class=\"wp-block-uagb-image__figure\"><img decoding=\"async\" srcset=\"https:\/\/eco-drinkware.com\/wp-content\/uploads\/2025\/04\/gv085-4.jpg ,https:\/\/eco-drinkware.com\/wp-content\/uploads\/2025\/04\/gv085-4.jpg 780w, https:\/\/eco-drinkware.com\/wp-content\/uploads\/2025\/04\/gv085-4.jpg 360w\" sizes=\"auto, (max-width: 480px) 150px\" src=\"https:\/\/eco-drinkware.com\/wp-content\/uploads\/2025\/04\/gv085-4.jpg\" alt=\"gv085 caneca isolada de parede dupla com pega\" class=\"uag-image-3057\" width=\"1000\" height=\"1000\" title=\"gv085 caneca isolada de parede dupla com pega\" loading=\"lazy\" role=\"img\"\/><\/figure><\/div>\n\n\n\n<figure class=\"wp-block-table\"><table class=\"has-fixed-layout\"><tbody><tr><td>N\u00famero do artigo<\/td><td>GV085<\/td><\/tr><tr><td>Capacidade<\/td><td><strong>7oz\/200ml 12oz\/350ml 16oz\/450ml 17oz<\/strong>\/500ml<\/td><\/tr><tr><td>Isolado<\/td><td>Sim&nbsp;&nbsp;&nbsp;&nbsp;&nbsp;&nbsp;&nbsp;&nbsp;&nbsp;&nbsp;&nbsp;&nbsp;&nbsp;<\/td><\/tr><tr><td>Posi\u00e7\u00e3o do log\u00f3tipo<\/td><td>corpo da caneca<\/td><\/tr><tr><td>Cor<\/td><td>Vermelho, prata, verde, azul, branco, preto, ouro rosa. Cor personalizada, cor PMS<\/td><\/tr><tr><td>Material<\/td><td>Interior e exterior em a\u00e7o inoxid\u00e1vel 304, tampa de pl\u00e1stico pp nova, anel de veda\u00e7\u00e3o de silicone<\/td><\/tr><tr><td>Carater\u00edstica<\/td><td>A\u00e7o inoxid\u00e1vel dur\u00e1vel, grande capacidade, design personalizado, constru\u00e7\u00e3o isolada, com pega<\/td><\/tr><tr><td>MOQ<\/td><td>100 unidades<\/td><\/tr><tr><td>Log\u00f3tipo<\/td><td>Laser, impress\u00e3o de seda, transfer\u00eancia de calor, transfer\u00eancia de \u00e1gua, transfer\u00eancia de g\u00e1s, impress\u00e3o 3D, sublima\u00e7\u00e3o, etc.<\/td><\/tr><tr><td>Embalagem<\/td><td>caixa branca, caixa impressa personalizada, caixa cil\u00edndrica, saco de bolhas, caixa de oferta, caixa de exposi\u00e7\u00e3o, etc.<\/td><\/tr><tr><td>Tempo de amostragem<\/td><td>3 dias para amostra de stock, 7 dias para amostra de log\u00f3tipo personalizado<\/td><\/tr><tr><td>Tempo de produ\u00e7\u00e3o<\/td><td>10-35 dias, dependendo da quantidade e dos requisitos<\/td><\/tr><tr><td>Sobre o pagamento<\/td><td>Transfer\u00eancia banc\u00e1ria, paypal, western union, garantia comercial<\/td><\/tr><tr><td>Pa\u00eds de origem<\/td><td>Fabricado na China<\/td><\/tr><tr><td>Origem do certificado<\/td><td>Sim, podemos oferecer <\/td><\/tr><tr><td>Nova garrafa de molde<\/td><td>Sim, temos uma nova equipa de desenvolvimento de moldes<\/td><\/tr><tr><td>Condi\u00e7\u00f5es<\/td><td>EXW,FOB,CIF, DDU, DDP<\/td><\/tr><\/tbody><\/table><\/figure>\n\n\n\n<p><\/p>","protected":false},"excerpt":{"rendered":"<p>Caneca de a\u00e7o inoxid\u00e1vel duradoura e personalizada de qualidade<\/p>\n<ul>\n<li>\n<p><strong>V\u00e1rias op\u00e7\u00f5es de tamanho<\/strong> - Tamanho de 7oz 12oz 16oz 17oz dispon\u00edvel. Ambos s\u00e3o adequados para crian\u00e7as e adultos.\u00a0<\/p>\n<\/li>\n<li>\n<p>\u00a0<strong>Design personaliz\u00e1vel<\/strong> - Adicione o seu log\u00f3tipo, texto ou trabalho art\u00edstico para uma personaliza\u00e7\u00e3o.<\/p>\n<\/li>\n<li>\n<p>\u00a0<strong>Isolamento de parede dupla<\/strong> - Mant\u00e9m as bebidas quentes durante 6 horas e frias durante 10 horas.<\/p>\n<\/li>\n<li>\n<p><strong>A\u00e7o inoxid\u00e1vel dur\u00e1vel<\/strong> - Resistente \u00e0 ferrugem, sem BPA e constru\u00eddo para durar. Materiais de a\u00e7o inoxid\u00e1vel seguros para alimentos<\/p>\n<\/li>\n<li>\n<p><strong>Design sem pl\u00e1stico<\/strong> -- N\u00e3o h\u00e1 nenhum palito nesta caneca<\/p>\n<\/li>\n<li>\n<p><strong>Vers\u00e1til e port\u00e1til<\/strong>\u00a0- Ideal para casa, escrit\u00f3rio, viagens ou aventuras ao ar livre.<\/p>\n<p>Melhore o seu jogo de copos com uma caneca adequada \u00e0 sua marca ou \u00e0 sua empresa!<\/p>\n<\/li>\n<\/ul>","protected":false},"featured_media":3059,"template":"","meta":{"_acf_changed":true,"_seopress_robots_primary_cat":"none","_seopress_titles_title":"Plastic free custom stainless steel mug for camping travel or promotion","_seopress_titles_desc":"Plastic free design,Food safe and BPA free materials, custom color and design is welcome. Profession drinkware manufacturer in China. Door to door delivery worldwide.","_seopress_robots_index":"","_uag_custom_page_level_css":""},"product_brand":[],"product_cat":[32,41,40,19,39,24,20],"product_tag":[116,111,114,77,113,86,112,115],"class_list":{"0":"post-2964","1":"product","2":"type-product","3":"status-publish","4":"has-post-thumbnail","6":"product_cat-insulated-water-bottle","7":"product_cat-stainless-steel-mug","8":"product_cat-stainless-steel-tumbler","9":"product_cat-stainless-steel-water-bottle","10":"product_cat-sublimation-mug","11":"product_cat-tumblers-mugs","12":"product_cat-vacuum-flask","13":"product_tag-camping-mug","14":"product_tag-custom-mug","15":"product_tag-hiking-mug","16":"product_tag-personalized-insulated-mug","17":"product_tag-personalizpersonalised-to-go-mug","18":"product_tag-stainless-steel-insulated-cups-with-lid-and-straw","19":"product_tag-sublimation-mug","20":"product_tag-to-go-mug","22":"first","23":"instock","24":"shipping-taxable","25":"product-type-simple"},"acf":[],"uagb_featured_image_src":{"full":["https:\/\/eco-drinkware.com\/wp-content\/uploads\/2025\/06\/gv085-2.jpg",800,800,false],"thumbnail":["https:\/\/eco-drinkware.com\/wp-content\/uploads\/2025\/06\/gv085-2-150x150.jpg",150,150,true],"medium":["https:\/\/eco-drinkware.com\/wp-content\/uploads\/2025\/06\/gv085-2-300x300.jpg",300,300,true],"medium_large":["https:\/\/eco-drinkware.com\/wp-content\/uploads\/2025\/06\/gv085-2-768x768.jpg",768,768,true],"large":["https:\/\/eco-drinkware.com\/wp-content\/uploads\/2025\/06\/gv085-2.jpg",800,800,false],"1536x1536":["https:\/\/eco-drinkware.com\/wp-content\/uploads\/2025\/06\/gv085-2.jpg",800,800,false],"2048x2048":["https:\/\/eco-drinkware.com\/wp-content\/uploads\/2025\/06\/gv085-2.jpg",800,800,false],"trp-custom-language-flag":["https:\/\/eco-drinkware.com\/wp-content\/uploads\/2025\/06\/gv085-2.jpg",12,12,false],"woocommerce_thumbnail":["https:\/\/eco-drinkware.com\/wp-content\/uploads\/2025\/06\/gv085-2-300x300.jpg",300,300,true],"woocommerce_single":["https:\/\/eco-drinkware.com\/wp-content\/uploads\/2025\/06\/gv085-2-600x600.jpg",600,600,true],"woocommerce_gallery_thumbnail":["https:\/\/eco-drinkware.com\/wp-content\/uploads\/2025\/06\/gv085-2-100x100.jpg",100,100,true]},"uagb_author_info":{"display_name":"Amy","author_link":"https:\/\/eco-drinkware.com\/pt\/author\/"},"uagb_comment_info":0,"uagb_excerpt":"Quality custom durable stainless steel\u00a0 mug Various size options \u2013 7oz 12oz 16oz 17oz size available. Both okay for kids and adults.\u00a0 \u00a0Customizable Design \u2013 Add your logo, text, or artwork for a customization. \u00a0Double-Wall\u00a0 Insulation \u2013 Keeps drinks hot for 6 hours and cold for 10 hours. Durable Stainless Steel \u2013 Rust-resistant, BPA-free, and&hellip;","_links":{"self":[{"href":"https:\/\/eco-drinkware.com\/pt\/wp-json\/wp\/v2\/product\/2964","targetHints":{"allow":["GET"]}}],"collection":[{"href":"https:\/\/eco-drinkware.com\/pt\/wp-json\/wp\/v2\/product"}],"about":[{"href":"https:\/\/eco-drinkware.com\/pt\/wp-json\/wp\/v2\/types\/product"}],"wp:featuredmedia":[{"embeddable":true,"href":"https:\/\/eco-drinkware.com\/pt\/wp-json\/wp\/v2\/media\/3059"}],"wp:attachment":[{"href":"https:\/\/eco-drinkware.com\/pt\/wp-json\/wp\/v2\/media?parent=2964"}],"wp:term":[{"taxonomy":"product_brand","embeddable":true,"href":"https:\/\/eco-drinkware.com\/pt\/wp-json\/wp\/v2\/product_brand?post=2964"},{"taxonomy":"product_cat","embeddable":true,"href":"https:\/\/eco-drinkware.com\/pt\/wp-json\/wp\/v2\/product_cat?post=2964"},{"taxonomy":"product_tag","embeddable":true,"href":"https:\/\/eco-drinkware.com\/pt\/wp-json\/wp\/v2\/product_tag?post=2964"}],"curies":[{"name":"wp","href":"https:\/\/api.w.org\/{rel}","templated":true}]}}