{"id":3087,"date":"2025-08-01T17:42:38","date_gmt":"2025-08-01T09:42:38","guid":{"rendered":"https:\/\/eco-drinkware.com\/?post_type=product&#038;p=3087"},"modified":"2025-11-10T11:42:46","modified_gmt":"2025-11-10T03:42:46","slug":"garrafa-de-agua-de-vidro-com-tampa-de-bambu-e-manga-de-silicone-550-ml-sem-bpa-e-segura-para-alimentos","status":"publish","type":"product","link":"https:\/\/eco-drinkware.com\/pt\/product\/garrafa-de-agua-de-vidro-com-tampa-de-bambu-e-manga-de-silicone-550-ml-sem-bpa-e-segura-para-alimentos\/","title":{"rendered":"Garrafa de \u00e1gua de vidro de 550 ml com tampa de bambu e manga de silicone, sem BPA e segura para alimentos"},"content":{"rendered":"<h2 class=\"wp-block-heading\">Garrafa de vidro perfeita para projectos de promo\u00e7\u00e3o e venda por grosso<\/h2>\n\n\n\n<p>Material: vidro com alto teor de borosilicato. Tampa: pp, silicone, bambu natural. <br>100% Sem BPA e com seguran\u00e7a para a sa\u00fade. Todos os materiais n\u00e3o s\u00e3o t\u00f3xicos. A tend\u00eancia \u00e9 utilizar garrafas de \u00e1gua duradouras em vez de garrafas de pl\u00e1stico descart\u00e1veis, para que o mundo seja mais limpo e bonito.<br>A tampa \u00e9 \u00e0 prova de vazamento, com elemento de bambu natural, mais natural e ecol\u00f3gico. A sua garrafa para levar.<br>\u25cf Existe <a href=\"https:\/\/legenday.com.cn\/silicone-cup-sleeves\/\">manga de silicone<\/a> para proteger bem o vidro. A garrafa de vidro n\u00e3o se parte facilmente.<br>\u25cf Design simples e forma cl\u00e1ssica, perfeito para a vida moderna simples, muito bom para promo\u00e7\u00f5es de marca ou atacado.<\/p>\n\n\n\n<p>Com tampa de bambu natural, estilo de vida muito original. H\u00e1 um pirce de a\u00e7o dentro da tampa, sem qualquer contacto de pl\u00e1stico com a \u00e1gua. Menos pl\u00e1stico, um mundo melhor.<br>Cor: N\u00f3s podemos fazer qualquer cor para os clientes. A cor PMS \u00e9 bem-vinda. F\u00e1cil de fazer manga de cor personalizada com design personalizado ou impress\u00e3o de logotipo. A equipa da Eco Drinkware pode oferecer um modelo com design personalizado.<br>Esta garrafa de ch\u00e1 de forma reta \u00e9 boa para adultos, f\u00e1cil de levar para acampar, caminhar, correr, etc. Perfeita para beber \u00e1gua, ch\u00e1, sumo e caf\u00e9.<br>Revestimento: sem revestimento (cor de vidro transparente), pintura por pulveriza\u00e7\u00e3o ou revestimento de cobre, etc. Se o cliente quiser adicionar acabamento de sublima\u00e7\u00e3o dispon\u00edvel para sublima\u00e7\u00e3o, tamb\u00e9m est\u00e1 tudo bem. Esta garrafa de vidro pode ser uma garrafa de vidro de sublima\u00e7\u00e3o.<br>Padr\u00e3o: o padr\u00e3o personalizado pode ser impresso e pode ser feito atrav\u00e9s de v\u00e1rias t\u00e9cnicas de impress\u00e3o: impress\u00e3o serigr\u00e1fica, impress\u00e3o por transfer\u00eancia de calor, impress\u00e3o por transfer\u00eancia de \u00e1gua, transfer\u00eancia por sublima\u00e7\u00e3o, etc.<br>Log\u00f3tipo: F\u00e1cil de trabalhar com o log\u00f3tipo personalizado. As op\u00e7\u00f5es de log\u00f3tipo incluem: log\u00f3tipo de decalque, impress\u00e3o em seda, transfer\u00eancia de calor, sublima\u00e7\u00e3o, etc. Bem-vindo a partilhar o seu log\u00f3tipo. A nossa equipa enviar\u00e1 um modelo de volta.<br>Caixa de embalagem: caixa branca, caixa impressa personalizada, caixa de cilindro, saco de bolha, caixa de presente, qualquer pacote de design personalizado \u00e9 bem-vindo, etc<br>Garrafa de ch\u00e1 de vidro lav\u00e1vel na m\u00e1quina de lavar loi\u00e7a. Pode ser lavada na m\u00e1quina de lavar roupa.<br>Esta garrafa infusora de vidro borossilicato \u00e9 uma excelente escolha para pessoas que querem manter as suas bebidas a uma temperatura consistente enquanto est\u00e3o em movimento, quer estejam a fazer caminhadas, a acampar, a viajar ou simplesmente a deslocar-se para o trabalho.<br>Especializada no fabrico e exporta\u00e7\u00e3o de todo o tipo de artigos para beber, tais como garrafas de \u00e1gua, garrafas de vidro, copos de vidro, copos de vidro por atacado, recipientes para alimentos, tigelas para c\u00e3es, tigelas para saladas, refrigeradores de latas, garrafas de vidro, garrafas de bambu. A Eco Drinkware possui linhas de produ\u00e7\u00e3o automatizadas e altamente eficientes. Abra\u00e7amos a Ind\u00fastria4.0 e mantemo-nos competitivos na ind\u00fastria. A produ\u00e7\u00e3o automatizada torna os nossos produtos mais baratos e mais competitivos em termos de pre\u00e7o.<br>Os produtos Eco Drinkware s\u00e3o fabricados por OEM e ODM. Com os melhores engenheiros profissionais com mais de 10 anos de experi\u00eancia na ind\u00fastria de fabrica\u00e7\u00e3o de garrafas de \u00e1gua, \u00e9 f\u00e1cil transformar sua ideia em produtos reais.<br>Fazemos inspe\u00e7\u00e3o de qualidade em linha para garantir que a produ\u00e7\u00e3o corre bem e n\u00e3o h\u00e1 qualquer erro. Se houver algum erro, podemos corrigi-lo a tempo de poupar custos. A qualidade \u00e9 a nossa cultura, confiamos que a qualidade traz mais para os clientes e fabricantes. Se optar pela Eco Drinkware, obter\u00e1 mais clientes e mais mercado, bem como uma boa reputa\u00e7\u00e3o junto dos clientes. Porque a nossa equipa tem o prazer de se aperfei\u00e7oar e de melhorar os produtos para ser excelente na nossa ind\u00fastria.<br>M\u00e9todo de envio: FOB, CIF, DDU, DDP por comboio ou mar para clientes globais.<\/p>\n\n\n\n<figure class=\"wp-block-image size-full\"><img loading=\"lazy\" decoding=\"async\" width=\"800\" height=\"800\" src=\"https:\/\/eco-drinkware.com\/wp-content\/uploads\/2025\/08\/ga5064a-4.jpg\" alt=\"Garrafa de \u00e1gua de vidro com tampa de bambu e manga de silicone, 550 ml, sem bpa e segura para alimentos\" class=\"wp-image-3091\" srcset=\"https:\/\/eco-drinkware.com\/wp-content\/uploads\/2025\/08\/ga5064a-4.jpg 800w, https:\/\/eco-drinkware.com\/wp-content\/uploads\/2025\/08\/ga5064a-4-300x300.jpg 300w, https:\/\/eco-drinkware.com\/wp-content\/uploads\/2025\/08\/ga5064a-4-150x150.jpg 150w, https:\/\/eco-drinkware.com\/wp-content\/uploads\/2025\/08\/ga5064a-4-768x768.jpg 768w, https:\/\/eco-drinkware.com\/wp-content\/uploads\/2025\/08\/ga5064a-4-600x600.jpg 600w, https:\/\/eco-drinkware.com\/wp-content\/uploads\/2025\/08\/ga5064a-4-100x100.jpg 100w\" sizes=\"auto, (max-width: 800px) 100vw, 800px\" \/><figcaption class=\"wp-element-caption\">Garrafa de vidro personalizada<\/figcaption><\/figure>\n\n\n\n<p>Descri\u00e7\u00e3o do produto<\/p>\n\n\n\n<figure class=\"wp-block-table\"><table class=\"has-fixed-layout\"><tbody><tr><td>Capacidade<\/td><td>550ml\/18OZ<\/td><\/tr><tr><td>MOQ<\/td><td>100 unidades para impress\u00e3o do log\u00f3tipo personalizado<\/td><\/tr><tr><td>Di\u00e2metro<\/td><td>Di\u00e2metro: 70 mm (2,76 polegadas)&nbsp;&nbsp;&nbsp;&nbsp;&nbsp;&nbsp;&nbsp;&nbsp;&nbsp;&nbsp;&nbsp;&nbsp;&nbsp;&nbsp;&nbsp;&nbsp;&nbsp;&nbsp;&nbsp;&nbsp;&nbsp;<\/td><\/tr><tr><td>Altura<\/td><td>240 mm (9,45 polegadas)<\/td><\/tr><tr><td>Cor<\/td><td>Transparente, cor personalizada, pintura por sublima\u00e7\u00e3o <\/td><\/tr><tr><td>Log\u00f3tipo<\/td><td>log\u00f3tipo decalcado, impress\u00e3o em seda, transfer\u00eancia t\u00e9rmica, sublima\u00e7\u00e3o, etc.<\/td><\/tr><tr><td>Embalagem<\/td><td>caixa branca, caixa impressa personalizada, caixa cil\u00edndrica, saco de bolhas, caixa de oferta<\/td><\/tr><tr><td>Tempo de amostragem<\/td><td>3 dias para amostra de stock, 7 dias para amostra de log\u00f3tipo personalizado<\/td><\/tr><tr><td>Tempo de produ\u00e7\u00e3o<\/td><td>10-35 dias, dependendo da quantidade e dos requisitos<\/td><\/tr><tr><td>Sobre o pagamento<\/td><td>Transfer\u00eancia banc\u00e1ria, paypal, western union<\/td><\/tr><tr><td>Pa\u00eds de origem<\/td><td>Fabricado na China<\/td><\/tr><\/tbody><\/table><\/figure>\n\n\n\n<p><\/p>","protected":false},"excerpt":{"rendered":"<p><!-- wp:heading --><\/p>\n<p><!-- \/wp:heading --><\/p>\n<p><!-- wp:paragraph --><\/p>\n<p>Garrafa de vidro personalizada de qualidade com pre\u00e7o competitivo, design elegante e perfeita para projectos de promo\u00e7\u00e3o e venda por grosso de marcas.<br \/><strong>\u25cf Material<\/strong>: corpo em vidro borossilicato de alto brilho e transparente, silicone, tampa: pl\u00e1stico pp novo, bambu natural<br \/><strong>Com tampa de bambu natural, estilo de vida natural<\/strong>. Esta manga tem um toque suave e pode proteger bem a garrafa de ch\u00e1 de vidro<br \/><strong>\u25cf Cor<\/strong>Garrafa de vidro: normalmente em cor clara. A Eco Drinkware pode fazer garrafas coloridas atrav\u00e9s de pintura por pulveriza\u00e7\u00e3o, galvanoplastia UV.<br \/><strong>Fun\u00e7\u00e3o especial:<\/strong>No interior da tampa existe uma pe\u00e7a em a\u00e7o inoxid\u00e1vel, sem qualquer contacto com a \u00e1gua em pl\u00e1stico. Menos pl\u00e1stico, melhor vida \u00fatil.<br \/><strong>\u25cf Padr\u00e3o: <\/strong>O padr\u00e3o personalizado pode ser impresso e pode ser feito atrav\u00e9s de v\u00e1rias t\u00e9cnicas de impress\u00e3o: serigrafia, impress\u00e3o por transfer\u00eancia t\u00e9rmica, impress\u00e3o por transfer\u00eancia de \u00e1gua, transfer\u00eancia por sublima\u00e7\u00e3o, etc.<br \/><strong>Log\u00f3tipo: <\/strong>F\u00e1cil de trabalhar com o log\u00f3tipo personalizado. As op\u00e7\u00f5es de log\u00f3tipo incluem: log\u00f3tipo de decalque, impress\u00e3o em seda, transfer\u00eancia de calor, sublima\u00e7\u00e3o, etc. \u00c9 bom para a constru\u00e7\u00e3o de marcas, publicidade e impress\u00e3o de presentes.<br \/>Pode ser lavado na m\u00e1quina de lavar loi\u00e7a e no micro-ondas.<br \/><strong>\u25cf Caixa de embalagem: <\/strong>caixa branca, caixa impressa personalizada, caixa cil\u00edndrica, saco de bolhas, caixa de presente, qualquer pacote de design personalizado \u00e9 bem-vindo, etc.\u00a0<\/p>\n<p><!-- \/wp:paragraph --><\/p>","protected":false},"featured_media":3088,"template":"","meta":{"_acf_changed":false,"_seopress_robots_primary_cat":"none","_seopress_titles_title":"BPA free food safe 550ml bamboo lid glass water bottle with silicone sleeve","_seopress_titles_desc":"Quality custom water drinking bottle for brand wholesale or promotion. With nature bamboo lid and silicone sleeve as protective. BPA free,food safe. Whatsapp:0086 13567428830","_seopress_robots_index":"","_uag_custom_page_level_css":""},"product_brand":[],"product_cat":[22,35],"product_tag":[119,59,121,100,120,101,117,118,58],"class_list":{"0":"post-3087","1":"product","2":"type-product","3":"status-publish","4":"has-post-thumbnail","6":"product_cat-glass-water-bottle","7":"product_cat-single-wall-gass-bottle","8":"product_tag-bamboo-lid-glass-bottle","9":"product_tag-bpa-free","10":"product_tag-bpa-free-bottle","11":"product_tag-custom-glass-bottle","12":"product_tag-glass-bottle-with-bamboo-lid","13":"product_tag-glass-bottle-with-silicone-sleeve","14":"product_tag-glass-driking-bottle","15":"product_tag-glass-flask","16":"product_tag-glass-water-bottle","18":"first","19":"instock","20":"shipping-taxable","21":"product-type-simple"},"acf":[],"uagb_featured_image_src":{"full":["https:\/\/eco-drinkware.com\/wp-content\/uploads\/2025\/08\/ga5064a-1.jpg",800,800,false],"thumbnail":["https:\/\/eco-drinkware.com\/wp-content\/uploads\/2025\/08\/ga5064a-1-150x150.jpg",150,150,true],"medium":["https:\/\/eco-drinkware.com\/wp-content\/uploads\/2025\/08\/ga5064a-1-300x300.jpg",300,300,true],"medium_large":["https:\/\/eco-drinkware.com\/wp-content\/uploads\/2025\/08\/ga5064a-1-768x768.jpg",768,768,true],"large":["https:\/\/eco-drinkware.com\/wp-content\/uploads\/2025\/08\/ga5064a-1.jpg",800,800,false],"1536x1536":["https:\/\/eco-drinkware.com\/wp-content\/uploads\/2025\/08\/ga5064a-1.jpg",800,800,false],"2048x2048":["https:\/\/eco-drinkware.com\/wp-content\/uploads\/2025\/08\/ga5064a-1.jpg",800,800,false],"trp-custom-language-flag":["https:\/\/eco-drinkware.com\/wp-content\/uploads\/2025\/08\/ga5064a-1.jpg",12,12,false],"woocommerce_thumbnail":["https:\/\/eco-drinkware.com\/wp-content\/uploads\/2025\/08\/ga5064a-1-300x300.jpg",300,300,true],"woocommerce_single":["https:\/\/eco-drinkware.com\/wp-content\/uploads\/2025\/08\/ga5064a-1-600x600.jpg",600,600,true],"woocommerce_gallery_thumbnail":["https:\/\/eco-drinkware.com\/wp-content\/uploads\/2025\/08\/ga5064a-1-100x100.jpg",100,100,true]},"uagb_author_info":{"display_name":"Amy","author_link":"https:\/\/eco-drinkware.com\/pt\/author\/"},"uagb_comment_info":0,"uagb_excerpt":"Quality custom glass drnking bottle with competitive price, elegent design.Perfect for brand wholesale and promotion project.\u25cf Material: high bright high clear borosilicate glass body ,silicone, lid :new pp plastic ,nature bamboo\u25cf With nature bamboo lid,nature life style. This sleeve touched softt and can protect the glass tea bottle well\u25cf Color: glass bottle normally in clear&hellip;","_links":{"self":[{"href":"https:\/\/eco-drinkware.com\/pt\/wp-json\/wp\/v2\/product\/3087","targetHints":{"allow":["GET"]}}],"collection":[{"href":"https:\/\/eco-drinkware.com\/pt\/wp-json\/wp\/v2\/product"}],"about":[{"href":"https:\/\/eco-drinkware.com\/pt\/wp-json\/wp\/v2\/types\/product"}],"wp:featuredmedia":[{"embeddable":true,"href":"https:\/\/eco-drinkware.com\/pt\/wp-json\/wp\/v2\/media\/3088"}],"wp:attachment":[{"href":"https:\/\/eco-drinkware.com\/pt\/wp-json\/wp\/v2\/media?parent=3087"}],"wp:term":[{"taxonomy":"product_brand","embeddable":true,"href":"https:\/\/eco-drinkware.com\/pt\/wp-json\/wp\/v2\/product_brand?post=3087"},{"taxonomy":"product_cat","embeddable":true,"href":"https:\/\/eco-drinkware.com\/pt\/wp-json\/wp\/v2\/product_cat?post=3087"},{"taxonomy":"product_tag","embeddable":true,"href":"https:\/\/eco-drinkware.com\/pt\/wp-json\/wp\/v2\/product_tag?post=3087"}],"curies":[{"name":"wp","href":"https:\/\/api.w.org\/{rel}","templated":true}]}}