{"id":3118,"date":"2025-08-20T11:46:09","date_gmt":"2025-08-20T03:46:09","guid":{"rendered":"https:\/\/eco-drinkware.com\/?post_type=product&#038;p=3118"},"modified":"2025-08-20T14:11:11","modified_gmt":"2025-08-20T06:11:11","slug":"gv024b-frasco-termico-em-aco-inoxidavel-de-1000-ml-com-compartimento-na-base-para-medicamentos-em-po-ou-chaves","status":"publish","type":"product","link":"https:\/\/eco-drinkware.com\/pt\/product\/gv024b-frasco-termico-em-aco-inoxidavel-de-1000-ml-com-compartimento-na-base-para-medicamentos-em-po-ou-chaves\/","title":{"rendered":"GV024B Bal\u00e3o t\u00e9rmico em a\u00e7o inoxid\u00e1vel de 1000 ml com compartimento na base para medicamentos em p\u00f3 ou chaves"},"content":{"rendered":"<h2 class=\"wp-block-heading\"><strong>Frasco de a\u00e7o inoxid\u00e1vel personalizado de 32 oz com compartimento por atacado<\/strong><\/h2>\n\n\n\n<p><strong>Artigos para bebidas personaliz\u00e1veis de alta qualidade para todas as necessidades<\/strong><br>Apresenta\u00e7\u00e3o do nosso\u00a0<strong>Copo de a\u00e7o inoxid\u00e1vel personalizado de 32 oz<\/strong> com oculto <strong>Compartimento ou dinheiro Gadget de viagem e de campismo para esconder dinheiro Chaves<\/strong>O frasco para bebidas \u00e9 a solu\u00e7\u00e3o perfeita para empresas de marca, eventos ou brindes promocionais. Concebido a pensar na durabilidade e na personaliza\u00e7\u00e3o, este frasco \u00e9 ideal para encomendas a granel, oferecendo uma qualidade e funcionalidade excepcionais a pre\u00e7os de f\u00e1brica competitivos.<\/p>\n\n\n\n<p><strong>Carater\u00edsticas principais:<\/strong><\/p>\n\n\n\n<p>\ud83d\udca7\u00a0<strong>Grande capacidade de 32 on\u00e7as<\/strong>\u00a0- Perfeito para manter as bebidas quentes ou frias durante todo o dia, tornando-o uma escolha pr\u00e1tica para escrit\u00f3rios, eventos ou lojas. Perfeito para ch\u00e1 gelado, caf\u00e9, sumo ou qualquer l\u00edquido.<\/p>\n\n\n\n<p>\ud83c\udf21\ufe0f\u00a0<strong>Isolamento a v\u00e1cuo de parede dupla<\/strong>\u00a0- Garante que as bebidas se mant\u00eam quentes at\u00e9 12 horas ou frias at\u00e9 24 horas, proporcionando uma reten\u00e7\u00e3o de temperatura superior. <\/p>\n\n\n\n<p>\ud83c\udf43\u00a0<strong>Amigo do ambiente e dur\u00e1vel:<\/strong>\u00a0Fabricado em a\u00e7o inoxid\u00e1vel de alta qualidade e sem BPA, este copo foi concebido para durar. Todos os materiais s\u00e3o seguros para alimentos. Esque\u00e7a os copos de utiliza\u00e7\u00e3o \u00fanica e reduza os res\u00edduos com uma escolha reutiliz\u00e1vel e ecol\u00f3gica.<\/p>\n\n\n\n<p>\ud83c\udfa8\u00a0<strong>Totalmente personaliz\u00e1vel<\/strong>\u00a0- Adicione o seu log\u00f3tipo, marca ou design exclusivo para criar um frasco personalizado que se destaque. A nossa f\u00e1brica suporta impress\u00e3o personalizada, grava\u00e7\u00e3o ou grava\u00e7\u00e3o a laser para satisfazer as suas necessidades espec\u00edficas<\/p>\n\n\n\n<p><strong>Constru\u00e7\u00e3o em a\u00e7o inoxid\u00e1vel de alta qualidade<\/strong>\u00a0- Fabricado em a\u00e7o inoxid\u00e1vel de alta qualidade, de qualidade alimentar, resistente \u00e0 ferrugem, sem BPA e concebido para ser utilizado durante muito tempo. Material e design muito duradouros. <\/p>\n\n\n\n<p><strong>\u00a0Com compartimento na base<\/strong>- A garrafa de \u00e1gua tornou-se um elemento b\u00e1sico na vida quotidiana de milh\u00f5es de pessoas, mas com os seus bolsos e m\u00e3os j\u00e1 cheios, pode tornar-se mais um item a ter em conta no seu transporte di\u00e1rio. Com o compartimento de armazenamento integrado e o design de parede dupla da Bindle Bottle, a sua bebida manter-se-\u00e1 fria durante horas e as suas m\u00e3os ficar\u00e3o livres.<\/p>\n\n\n\n<p><strong>Porque \u00e9 que vai adorar:<\/strong><\/p>\n\n\n\n<h3 class=\"wp-block-heading\"><strong>Porqu\u00ea escolher o nosso frasco de a\u00e7o inoxid\u00e1vel para encomendas a granel?<\/strong><\/h3>\n\n\n\n<p>\u2728\u00a0<strong>Op\u00e7\u00f5es de personaliza\u00e7\u00e3o<\/strong>\u00a0- Como fornecedor de confian\u00e7a, oferecemos uma vasta gama de op\u00e7\u00f5es de personaliza\u00e7\u00e3o, incluindo a coloca\u00e7\u00e3o de log\u00f3tipos, escolhas de cores e embalagens personalizadas.<br>\u2728\u00a0<strong>Pre\u00e7o direto de f\u00e1brica<\/strong>\u00a0- Desfrute de pre\u00e7os competitivos para encomendas em grandes quantidades, garantindo uma boa rela\u00e7\u00e3o custo-benef\u00edcio sem comprometer a qualidade.<br>\u2728\u00a0<strong>Dur\u00e1vel e fi\u00e1vel<\/strong>\u00a0- Constru\u00eddos para resistir \u00e0 utiliza\u00e7\u00e3o di\u00e1ria, os nossos copos s\u00e3o perfeitos para brindes de empresas, eventos promocionais ou vendas a retalho. A Eco Drinkware oferece um bom servi\u00e7o p\u00f3s-venda para o nosso frasco com isolamento t\u00e9rmico.<br>\u2728\u00a0<strong>R\u00e1pida rota\u00e7\u00e3o<\/strong>\u00a0- A nossa f\u00e1brica est\u00e1 equipada para lidar com encomendas em grande escala com produ\u00e7\u00e3o eficiente e entrega atempada. Especialmente porque usamos rob\u00f4s na produ\u00e7\u00e3o, o que tornou a produ\u00e7\u00e3o muito mais r\u00e1pida agora.<br>\u2728\u00a0<strong>Amigo do ambiente e reutiliz\u00e1vel<\/strong>\u00a0- Promova a sustentabilidade com um copo reutiliz\u00e1vel que reduz os res\u00edduos e se alinha com os valores eco-conscientes. Cada vez mais clientes escolhem o frasco isolado de a\u00e7o inoxid\u00e1vel para substituir a garrafa de pl\u00e1stico \u2728<strong>Entrega global<\/strong>\u00a0- Oferecemos entrega global a todos os clientes. Oferecemos at\u00e9 mesmo remessas DDP para muitos pa\u00edses. Isso ajuda os clientes a economizar dinheiro.                                                                                                \u2728<strong>Fornecedor fi\u00e1vel<\/strong>\u00a0- A Eco Drinkware trabalha neste sector h\u00e1 10 anos. Com equipa de tecnologia experiente e vendedor para trabalhar bem todos os novos projectos. \u00c9 aconselh\u00e1vel trabalhar com um fornecedor profissional para poupar dinheiro e tempo. A confian\u00e7a ter\u00e1 uma experi\u00eancia de compra agrad\u00e1vel. <\/p>\n\n\n\n<hr class=\"wp-block-separator has-alpha-channel-opacity\"\/>\n\n\n\n<h3 class=\"wp-block-heading\"><strong>Ideal para:<\/strong><\/h3>\n\n\n\n<ul class=\"wp-block-list\">\n<li><strong>Presentes para empresas<\/strong>\u00a0- Impressione os seus clientes ou recompense os seus empregados com um frasco de a\u00e7o inoxid\u00e1vel de alta qualidade e com a sua marca.<\/li>\n\n\n\n<li><strong>Eventos promocionais<\/strong>&nbsp;- Aumente a visibilidade da sua marca com um brinde pr\u00e1tico e elegante.<\/li>\n\n\n\n<li><strong>Vendas a retalho<\/strong>\u00a0- Abaste\u00e7a-se de garrafas de \u00e1gua personaliz\u00e1veis, \u00fanicas e especiais, que apelam a um vasto p\u00fablico.<\/li>\n\n\n\n<li><strong>Angaria\u00e7\u00e3o de fundos e brindes<\/strong>&nbsp;- Ofere\u00e7a um produto funcional e memor\u00e1vel que os apoiantes v\u00e3o adorar.<\/li>\n<\/ul>\n\n\n\n<hr class=\"wp-block-separator has-alpha-channel-opacity\"\/>\n\n\n\n<p><strong>Encomendar hoje!<\/strong><br>Como fornecedor l\u00edder de artigos para bebidas personalizados, especializamo-nos em ajudar as empresas a criar produtos personalizados que deixam uma impress\u00e3o duradoura. Quer necessite de 1000 ou 10.000 unidades, a nossa f\u00e1brica est\u00e1 pronta para satisfazer as suas exig\u00eancias com uma qualidade de topo e um servi\u00e7o excecional.<\/p>\n\n\n\n<p><strong>Contacte-nos agora para obter um or\u00e7amento personalizado e elevar a sua marca com o nosso frasco de a\u00e7o inoxid\u00e1vel personalizado de 32 oz!<\/strong><\/p>\n\n\n\n<div class=\"wp-block-uagb-image uagb-block-ebf0aa1f wp-block-uagb-image--layout-default wp-block-uagb-image--effect-static wp-block-uagb-image--align-none\"><figure class=\"wp-block-uagb-image__figure\"><img decoding=\"async\" srcset=\"https:\/\/eco-drinkware.com\/wp-content\/uploads\/2025\/08\/custom-brand-water-bottle.webp ,https:\/\/eco-drinkware.com\/wp-content\/uploads\/2025\/08\/custom-brand-water-bottle.webp 780w, https:\/\/eco-drinkware.com\/wp-content\/uploads\/2025\/08\/custom-brand-water-bottle.webp 360w\" sizes=\"auto, (max-width: 480px) 150px\" src=\"https:\/\/eco-drinkware.com\/wp-content\/uploads\/2025\/08\/custom-brand-water-bottle.webp\" alt=\"Garrafa de \u00e1gua em a\u00e7o inoxid\u00e1vel com um log\u00f3tipo de marca personalizado e uma pega preta\" class=\"uag-image-3116\" width=\"1000\" height=\"1000\" title=\"frasco t\u00e9rmico com compartimento\" loading=\"lazy\" role=\"img\"\/><\/figure><\/div>\n\n\n\n<figure class=\"wp-block-table\"><table class=\"has-fixed-layout\"><tbody><tr><td>N\u00famero do artigo<\/td><td>GV024B<\/td><\/tr><tr><td>Capacidade<\/td><td>32 oz\/1000 ml<\/td><\/tr><tr><td>Isolado<\/td><td>Sim&nbsp;&nbsp;&nbsp;&nbsp;&nbsp;&nbsp;&nbsp;&nbsp;&nbsp;&nbsp;&nbsp;&nbsp;&nbsp;<\/td><\/tr><tr><td>Posi\u00e7\u00e3o do log\u00f3tipo<\/td><td>Corpo da garrafa <\/td><\/tr><tr><td>Cor<\/td><td>Vermelho, prata, verde, azul, branco, preto, ouro rosa. Cor personalizada, cor Pantone<\/td><\/tr><tr><td>Material<\/td><td>Interior em a\u00e7o inoxid\u00e1vel 304 e exterior em a\u00e7o inoxid\u00e1vel 201, tampa de pl\u00e1stico pp nova, anel de veda\u00e7\u00e3o de silicone<\/td><\/tr><tr><td>Carater\u00edstica<\/td><td>Frasco de v\u00e1cuo de parede dupla, grande capacidade, design personalizado<\/td><\/tr><tr><td>MOQ<\/td><td>1000 unidades<\/td><\/tr><tr><td>Log\u00f3tipo<\/td><td>Laser, impress\u00e3o de seda, transfer\u00eancia de calor, transfer\u00eancia de \u00e1gua, transfer\u00eancia de g\u00e1s, impress\u00e3o 3D, sublima\u00e7\u00e3o, etc.<\/td><\/tr><tr><td>Embalagem<\/td><td>caixa branca, caixa impressa personalizada, caixa cil\u00edndrica, saco de bolhas, caixa de oferta<\/td><\/tr><tr><td>Tempo de amostragem<\/td><td>3 dias para amostra de stock, 7 dias para amostra de log\u00f3tipo personalizado<\/td><\/tr><tr><td>Tempo de produ\u00e7\u00e3o<\/td><td>25-35 dias, dependendo da quantidade e dos requisitos<\/td><\/tr><tr><td>Sobre o pagamento<\/td><td>Transfer\u00eancia banc\u00e1ria, paypal, western union, garantia comercial<\/td><\/tr><tr><td>Pa\u00eds de origem<\/td><td>Fabricado na China<\/td><\/tr><tr><td>Origem do certificado<\/td><td>Sim, podemos oferecer<\/td><\/tr><tr><td>Nova garrafa de molde<\/td><td>Sim, temos uma nova equipa de desenvolvimento de moldes<\/td><\/tr><tr><td>Condi\u00e7\u00f5es<\/td><td>EXW,FOB,CIF, DDU, DDP<\/td><\/tr><\/tbody><\/table><\/figure>\n\n\n\n<p><\/p>","protected":false},"excerpt":{"rendered":"<p>Frasco de a\u00e7o inoxid\u00e1vel dur\u00e1vel de qualidade personalizado com compartimento secreto<\/p>\n<ul>\n<li>\n<p>\u00a0<strong>Grande capacidade de 32 oz<\/strong>\u00a0- Perfeito para hidrata\u00e7\u00e3o durante todo o dia.<\/p>\n<\/li>\n<li>\n<p>\u00a0<strong>Design personaliz\u00e1vel<\/strong> - Adicione o seu log\u00f3tipo, texto ou trabalho art\u00edstico para uma personaliza\u00e7\u00e3o.<\/p>\n<\/li>\n<li>\n<p>\u00a0<strong>Isolamento a v\u00e1cuo de parede dupla<\/strong>\u00a0- Mant\u00e9m as bebidas quentes durante 12 horas e frias durante 24 horas.<\/p>\n<\/li>\n<li>\n<p><strong>A\u00e7o inoxid\u00e1vel dur\u00e1vel<\/strong> - Resistente \u00e0 ferrugem, sem BPA e constru\u00eddo para durar. Materiais seguros para alimentos.<\/p>\n<\/li>\n<li>\n<p>\u00a0<strong>\u00c0 prova de suor e de fugas<\/strong>\u00a0- Exterior sem condensa\u00e7\u00e3o e tampa segura para uma utiliza\u00e7\u00e3o sem confus\u00e3o.<\/p>\n<\/li>\n<li>\n<p><strong>Vers\u00e1til e port\u00e1til<\/strong> - Ideal para casa, escrit\u00f3rio, viagens ou aventuras ao ar livre.<\/p>\n<\/li>\n<li>\n<p><strong>Com compartimento oculto<\/strong> - Espa\u00e7o extra na parte inferior para segurar algo e libertar as m\u00e3os.<\/p>\n<p>Contacte-nos para personalizar o frasco de a\u00e7o inoxid\u00e1vel \u00fanico para ganhar mais mercado.\u00a0<\/p>\n<\/li>\n<\/ul>","protected":false},"featured_media":3116,"template":"","meta":{"_acf_changed":false,"_seopress_robots_primary_cat":"none","_seopress_titles_title":"GV024B 1000ml stainless steel thermal flask with compartment\u00a0in base for powder medicine or keys","_seopress_titles_desc":"Unique flask with compartment .Food safe and BPA free materials, custom color and design is welcome. Profession drinkware manufacturer in China. Door to door delivery worldwide.  Whatsapp:0086 13567428830","_seopress_robots_index":"","_uag_custom_page_level_css":""},"product_brand":[],"product_cat":[32,31,40,19,24,20],"product_tag":[124,71,70,77,69,86,122,123],"class_list":{"0":"post-3118","1":"product","2":"type-product","3":"status-publish","4":"has-post-thumbnail","6":"product_cat-insulated-water-bottle","7":"product_cat-sports-water-bottle","8":"product_cat-stainless-steel-tumbler","9":"product_cat-stainless-steel-water-bottle","10":"product_cat-tumblers-mugs","11":"product_cat-vacuum-flask","12":"product_tag-32oz-insulated-flask","13":"product_tag-bpa-free-vacuum-flask","14":"product_tag-double-wall-insulated-flask","15":"product_tag-personalized-insulated-mug","16":"product_tag-stainless-steel-flask","17":"product_tag-stainless-steel-insulated-cups-with-lid-and-straw","18":"product_tag-thermal-flask-with-compartment","19":"product_tag-thermos-with-compartment","21":"first","22":"instock","23":"shipping-taxable","24":"product-type-simple"},"acf":[],"uagb_featured_image_src":{"full":["https:\/\/eco-drinkware.com\/wp-content\/uploads\/2025\/08\/custom-brand-water-bottle.webp",1000,1000,false],"thumbnail":["https:\/\/eco-drinkware.com\/wp-content\/uploads\/2025\/08\/custom-brand-water-bottle-150x150.webp",150,150,true],"medium":["https:\/\/eco-drinkware.com\/wp-content\/uploads\/2025\/08\/custom-brand-water-bottle-300x300.webp",300,300,true],"medium_large":["https:\/\/eco-drinkware.com\/wp-content\/uploads\/2025\/08\/custom-brand-water-bottle-768x768.webp",768,768,true],"large":["https:\/\/eco-drinkware.com\/wp-content\/uploads\/2025\/08\/custom-brand-water-bottle.webp",1000,1000,false],"1536x1536":["https:\/\/eco-drinkware.com\/wp-content\/uploads\/2025\/08\/custom-brand-water-bottle.webp",1000,1000,false],"2048x2048":["https:\/\/eco-drinkware.com\/wp-content\/uploads\/2025\/08\/custom-brand-water-bottle.webp",1000,1000,false],"trp-custom-language-flag":["https:\/\/eco-drinkware.com\/wp-content\/uploads\/2025\/08\/custom-brand-water-bottle.webp",12,12,false],"woocommerce_thumbnail":["https:\/\/eco-drinkware.com\/wp-content\/uploads\/2025\/08\/custom-brand-water-bottle-300x300.webp",300,300,true],"woocommerce_single":["https:\/\/eco-drinkware.com\/wp-content\/uploads\/2025\/08\/custom-brand-water-bottle-600x600.webp",600,600,true],"woocommerce_gallery_thumbnail":["https:\/\/eco-drinkware.com\/wp-content\/uploads\/2025\/08\/custom-brand-water-bottle-100x100.webp",100,100,true]},"uagb_author_info":{"display_name":"Amy","author_link":"https:\/\/eco-drinkware.com\/pt\/author\/"},"uagb_comment_info":0,"uagb_excerpt":"Quality custom durable stainless steel flask with secret compartment \u00a032oz Large Capacity\u00a0\u2013 Perfect for all-day hydration. \u00a0Customizable Design \u2013 Add your logo, text, or artwork for a customization. \u00a0Double-Wall Vacuum Insulation\u00a0\u2013 Keeps drinks hot for 12 hours and cold for 24 hours. Durable Stainless Steel \u2013 Rust-resistant, BPA-free, and built to last.Food safe materials. \u00a0Sweat-Proof&hellip;","_links":{"self":[{"href":"https:\/\/eco-drinkware.com\/pt\/wp-json\/wp\/v2\/product\/3118","targetHints":{"allow":["GET"]}}],"collection":[{"href":"https:\/\/eco-drinkware.com\/pt\/wp-json\/wp\/v2\/product"}],"about":[{"href":"https:\/\/eco-drinkware.com\/pt\/wp-json\/wp\/v2\/types\/product"}],"wp:featuredmedia":[{"embeddable":true,"href":"https:\/\/eco-drinkware.com\/pt\/wp-json\/wp\/v2\/media\/3116"}],"wp:attachment":[{"href":"https:\/\/eco-drinkware.com\/pt\/wp-json\/wp\/v2\/media?parent=3118"}],"wp:term":[{"taxonomy":"product_brand","embeddable":true,"href":"https:\/\/eco-drinkware.com\/pt\/wp-json\/wp\/v2\/product_brand?post=3118"},{"taxonomy":"product_cat","embeddable":true,"href":"https:\/\/eco-drinkware.com\/pt\/wp-json\/wp\/v2\/product_cat?post=3118"},{"taxonomy":"product_tag","embeddable":true,"href":"https:\/\/eco-drinkware.com\/pt\/wp-json\/wp\/v2\/product_tag?post=3118"}],"curies":[{"name":"wp","href":"https:\/\/api.w.org\/{rel}","templated":true}]}}