{"id":3175,"date":"2025-08-29T15:32:05","date_gmt":"2025-08-29T07:32:05","guid":{"rendered":"https:\/\/eco-drinkware.com\/?post_type=product&#038;p=3175"},"modified":"2025-08-29T16:13:05","modified_gmt":"2025-08-29T08:13:05","slug":"garrafa-de-agua-de-12-oz-20oz-com-bocal-macio-a-prova-de-derramamento-em-branco-garrafas-termicas-de-aco-inoxidavel-para-bebidas-quentes-garrafa-de-agua-isolada-a-vacuo-de-parede-dupla-a-granel-para-a","status":"publish","type":"product","link":"https:\/\/eco-drinkware.com\/pt\/product\/garrafa-de-agua-de-12-oz-20oz-com-bocal-macio-a-prova-de-derramamento-em-branco-garrafas-termicas-de-aco-inoxidavel-para-bebidas-quentes-garrafa-de-agua-isolada-a-vacuo-de-parede-dupla-a-granel-para-a\/","title":{"rendered":"12 oz 20oz Sublimation Sippy flask with soft nozzle Spill Proof Blank Tumblers Garrafas t\u00e9rmicas de a\u00e7o inoxid\u00e1vel para bebidas quentes Bulk Double Wall Vacuum Insulated Water Bottle for School"},"content":{"rendered":"<h2 class=\"wp-block-heading\">Bal\u00e3o de sublima\u00e7\u00e3o isolado em a\u00e7o inoxid\u00e1vel a granel com tampa deslizante<\/h2>\n\n\n\n<p>Os nossos frascos de sublima\u00e7\u00e3o s\u00e3o concebidos para empresas que procuram solu\u00e7\u00f5es de bebidas fi\u00e1veis e personaliz\u00e1veis. Dispon\u00edveis em <strong>Tamanhos de 12 on\u00e7as e 20 on\u00e7as<\/strong>cada frasco possui uma <strong>corpo isolado em a\u00e7o inoxid\u00e1vel<\/strong> para manter as bebidas quentes ou frias durante horas. Com op\u00e7\u00f5es que incluem um <strong>tampa flip e palhinha<\/strong>Estes frascos combinam funcionalidade e comodidade. O <strong>revestimento pronto para sublima\u00e7\u00e3o<\/strong> garante impress\u00f5es vibrantes e duradouras, o que as torna a escolha perfeita para marcas empresariais, brindes promocionais ou projectos de personaliza\u00e7\u00e3o em massa.<\/p>\n\n\n\n<p><strong>Carater\u00edsticas principais:<\/strong><\/p>\n\n\n\n<p><strong>1<\/strong> <strong>V\u00e1rios tamanhos dispon\u00edveis<\/strong><br>- Oferecido em <strong>12 on\u00e7as e 20 on\u00e7as<\/strong> op\u00e7\u00f5es, satisfazendo as diferentes exig\u00eancias do mercado, desde os frascos para crian\u00e7as at\u00e9 \u00e0 utiliza\u00e7\u00e3o di\u00e1ria normal.<\/p>\n\n\n\n<p><strong>2<\/strong> <strong>A\u00e7o inoxid\u00e1vel de alta qualidade e isolamento<\/strong><br>- Fabricado com <strong>a\u00e7o inoxid\u00e1vel de alta qualidade<\/strong>, que inclui <strong>isolamento de parede dupla<\/strong> para manter as bebidas quentes at\u00e9 8 horas e frias at\u00e9 12 horas.<\/p>\n\n\n\n<p><strong>3<\/strong> <strong>Op\u00e7\u00f5es de tampas funcionais<\/strong><br>- Inclui um <strong>tampa flip<\/strong> e <strong>palha<\/strong>O bocal \u00e9 de silicone macio, perfeito para crian\u00e7as. O bocal \u00e9 feito de material de silicone macio, perfeito para crian\u00e7as.<\/p>\n\n\n\n<p><strong>4<\/strong> <strong>Superf\u00edcie preparada para sublima\u00e7\u00e3o<\/strong><br>- Revestido com um revestimento profissional <strong>camada de sublima\u00e7\u00e3o<\/strong>garantindo uma impress\u00e3o a cores vibrante, resistente a riscos e de longa dura\u00e7\u00e3o - ideal para <strong>log\u00f3tipo, marca ou desenho personalizado<\/strong>. F\u00e1cil de fazer design personalizado ou imprimir foto no frasco por forno ou m\u00e1quina de sublima\u00e7\u00e3o.<\/p>\n\n\n\n<p><strong>5<\/strong> <strong>Perfeito para empresas de personaliza\u00e7\u00e3o<\/strong><br>- Concebido para <strong>personaliza\u00e7\u00e3o em massa<\/strong>O produto \u00e9 adequado para brindes promocionais, marcas empresariais, eventos escolares, equipas desportivas, brindes de casamento e programas de revenda.<\/p>\n\n\n\n<p><strong>6<\/strong> <strong>Fornecimento por grosso e a granel<\/strong><br>- Dispon\u00edvel em grandes quantidades com <strong>pre\u00e7os competitivos<\/strong>A empresa \u00e9 uma das maiores empresas de venda de artigos para bebidas, apoiando distribuidores, empresas de brindes e vendedores de com\u00e9rcio eletr\u00f3nico que procuram expandir a sua linha de produtos de artigos para bebidas personalizados.<\/p>\n\n\n\n<p><strong>\u00a07 Personaliza\u00e7\u00e3o amig\u00e1vel para B2B<\/strong> - Encomenda m\u00ednima <strong>Mais de 50 unidades<\/strong> para iniciar a sua atividade. Se pretender obter pequenas quantidades de garrafas ou copos para os seus clientes ou empregados. \u00c9 a melhor escolha.<\/p>\n\n\n\n<p><strong>Porque \u00e9 que vai adorar:<\/strong><\/p>\n\n\n\n<h3 class=\"wp-block-heading\"><strong>Por que escolher nosso copo de sublima\u00e7\u00e3o de a\u00e7o inoxid\u00e1vel em branco para pedidos em massa?<\/strong><\/h3>\n\n\n\n<p>\u2728\u00a0<strong>Op\u00e7\u00f5es de personaliza\u00e7\u00e3o<\/strong>\u00a0- Como fornecedor de confian\u00e7a, oferecemos uma vasta gama de op\u00e7\u00f5es de personaliza\u00e7\u00e3o, incluindo a coloca\u00e7\u00e3o de log\u00f3tipos, escolhas de cores e embalagens personalizadas.<br>\u2728\u00a0<strong>Pre\u00e7o direto de f\u00e1brica<\/strong>\u00a0- Desfrute de pre\u00e7os competitivos para encomendas em grandes quantidades, garantindo uma boa rela\u00e7\u00e3o custo-benef\u00edcio sem comprometer a qualidade.<br>\u2728\u00a0<strong>Dur\u00e1vel e fi\u00e1vel<\/strong>\u00a0- Constru\u00eddos para resistir \u00e0 utiliza\u00e7\u00e3o di\u00e1ria, os nossos copos s\u00e3o perfeitos para brindes de empresas, eventos promocionais ou vendas a retalho. A Eco Drinkware oferece um bom servi\u00e7o p\u00f3s-venda para a nossa garrafa de sublima\u00e7\u00e3o.<br>\u2728\u00a0<strong>R\u00e1pida rota\u00e7\u00e3o<\/strong>\u00a0- A nossa f\u00e1brica est\u00e1 equipada para lidar com encomendas em grande escala com produ\u00e7\u00e3o eficiente e entrega atempada. Especialmente porque utilizamos robots na produ\u00e7\u00e3o, o que tornou a produ\u00e7\u00e3o muito mais r\u00e1pida. H\u00e1 200 trabalhadores e 10 linhas de produ\u00e7\u00e3o a trabalhar para os nossos clientes todos os dias.<br>\u2728\u00a0<strong>Amigo do ambiente e reutiliz\u00e1vel<\/strong>\u00a0- Promovemos a sustentabilidade com um copo reutiliz\u00e1vel que reduz o desperd\u00edcio e est\u00e1 de acordo com os valores da consci\u00eancia ecol\u00f3gica. Mais e mais clientes escolhem o frasco isolado de a\u00e7o inoxid\u00e1vel para substituir a garrafa de pl\u00e1stico. \u2728<strong>Entrega global<\/strong>\u00a0- Oferecemos entrega global a todos os clientes. Oferecemos at\u00e9 mesmo remessas DDP para muitos pa\u00edses. Isso ajuda os clientes a economizar dinheiro. \u2728<strong>Fornecedor fi\u00e1vel<\/strong>\u00a0- A Eco Drinkware trabalha neste sector h\u00e1 10 anos. Com equipa de tecnologia experiente e vendedor para trabalhar bem todos os novos projectos. \u00c9 aconselh\u00e1vel trabalhar com um fornecedor profissional para poupar dinheiro e tempo. Confie que ter\u00e1 uma experi\u00eancia de compra satisfat\u00f3ria.<\/p>\n\n\n\n<hr class=\"wp-block-separator has-alpha-channel-opacity\"\/>\n\n\n\n<h3 class=\"wp-block-heading\">O copo de sublima\u00e7\u00e3o \u00e9 <strong>Ideal para:<\/strong><\/h3>\n\n\n\n<ul class=\"wp-block-list\">\n<li><strong>Presentes para empresas<\/strong>&nbsp;- Impressione os clientes ou recompense os funcion\u00e1rios com uma garrafa de sublima\u00e7\u00e3o de marca de alta qualidade.<\/li>\n\n\n\n<li><strong>Eventos promocionais<\/strong>&nbsp;- Aumente a visibilidade da sua marca com um brinde pr\u00e1tico e elegante.<\/li>\n\n\n\n<li><strong>Vendas a retalho<\/strong>&nbsp;- Abaste\u00e7a-se de copos em branco de sublima\u00e7\u00e3o personaliz\u00e1veis, \u00fanicos e especiais, que apelam a um vasto p\u00fablico. E ofere\u00e7a um servi\u00e7o personalizado aos clientes.<\/li>\n\n\n\n<li><strong>Angaria\u00e7\u00e3o de fundos e brindes<\/strong>&nbsp;- Ofere\u00e7a um produto funcional e memor\u00e1vel que os apoiantes v\u00e3o adorar.<\/li>\n\n\n\n<li><strong>Est\u00fadio personalizado<\/strong>-Oferecer um servi\u00e7o muito personalizado ao cliente final.<\/li>\n\n\n\n<li><strong>Imorter<\/strong>- As capacidades profissionais de importa\u00e7\u00e3o e a capacidade de armazenamento dos importadores podem ajudar a reduzir o custo do copo de sublima\u00e7\u00e3o em branco, permitindo-lhes servir os grossistas locais de pequena escala<\/li>\n<\/ul>\n\n\n\n<hr class=\"wp-block-separator has-alpha-channel-opacity\"\/>\n\n\n\n<p><strong>Encomendar hoje!<\/strong><br>Como fornecedor l\u00edder de frascos de sublima\u00e7\u00e3o, especializamo-nos em ajudar as empresas a criar produtos personalizados que deixam uma impress\u00e3o duradoura. Quer necessite de 100 ou 10.000 unidades, a nossa f\u00e1brica est\u00e1 pronta para satisfazer as suas exig\u00eancias com uma qualidade de topo e um servi\u00e7o excecional.<\/p>\n\n\n\n<p><strong>Contacte-nos agora para obter um or\u00e7amento personalizado e elevar a sua marca com o nosso frasco de sublima\u00e7\u00e3o isolado em a\u00e7o inoxid\u00e1vel de 12 oz 20 oz!<\/strong><\/p>\n\n\n\n<div class=\"wp-block-uagb-image uagb-block-86cd3ece wp-block-uagb-image--layout-default wp-block-uagb-image--effect-static wp-block-uagb-image--align-none\"><figure class=\"wp-block-uagb-image__figure\"><img decoding=\"async\" srcset=\"https:\/\/eco-drinkware.com\/wp-content\/uploads\/2025\/08\/after-sublimation.webp ,https:\/\/eco-drinkware.com\/wp-content\/uploads\/2025\/08\/after-sublimation.webp 780w, https:\/\/eco-drinkware.com\/wp-content\/uploads\/2025\/08\/after-sublimation.webp 360w\" sizes=\"auto, (max-width: 480px) 150px\" src=\"https:\/\/eco-drinkware.com\/wp-content\/uploads\/2025\/08\/after-sublimation.webp\" alt=\"Duas fotografias de frascos de sublima\u00e7\u00e3o mostradas antes e depois do processo de sublima\u00e7\u00e3o. A primeira foto mostra frascos brancos simples, enquanto a segunda mostra os mesmos frascos com desenhos impressos com uma rapariga a segurar uma bandeira americana e um explorador subaqu\u00e1tico com um tubar\u00e3o.\" class=\"uag-image-3178\" width=\"800\" height=\"800\" title=\"frasco de sublima\u00e7\u00e3o Ap\u00f3s a sublima\u00e7\u00e3o\" loading=\"lazy\" role=\"img\"\/><\/figure><\/div>\n\n\n\n<figure class=\"wp-block-table\"><table class=\"has-fixed-layout\"><tbody><tr><td>N\u00famero do artigo<\/td><td>GV021<\/td><\/tr><tr><td>Capacidade<\/td><td>12 on\u00e7as\/350 ml, 20 on\u00e7as\/600 ml<\/td><\/tr><tr><td>Isolado<\/td><td>Sim&nbsp;&nbsp;&nbsp;&nbsp;&nbsp;&nbsp;&nbsp;&nbsp;&nbsp;&nbsp;&nbsp;&nbsp;&nbsp;<\/td><\/tr><tr><td>Revestimento especial<\/td><td>revestimento por sublima\u00e7\u00e3o<\/td><\/tr><tr><td>Cor<\/td><td>Vermelho, prata, verde, azul, branco, preto, ouro rosa. Cor personalizada, cor Pantone<\/td><\/tr><tr><td>Material<\/td><td>Interior em a\u00e7o inoxid\u00e1vel 304 e exterior em a\u00e7o inoxid\u00e1vel 201, tampa de pl\u00e1stico pp nova, anel de veda\u00e7\u00e3o de silicone<\/td><\/tr><tr><td>Carater\u00edstica<\/td><td>Frasco de v\u00e1cuo de parede dupla, grande capacidade, design personalizado<\/td><\/tr><tr><td>MOQ<\/td><td>50 unidades<\/td><\/tr><tr><td>Log\u00f3tipo<\/td><td>Laser, impress\u00e3o de seda, transfer\u00eancia de calor, transfer\u00eancia de \u00e1gua, transfer\u00eancia de g\u00e1s, impress\u00e3o 3D, sublima\u00e7\u00e3o, etc.<\/td><\/tr><tr><td>Embalagem<\/td><td>caixa branca, caixa impressa personalizada, caixa cil\u00edndrica, saco de bolhas, caixa de oferta<\/td><\/tr><tr><td>Tempo de amostragem<\/td><td>3 dias para amostra de stock, 7 dias para amostra de log\u00f3tipo personalizado<\/td><\/tr><tr><td>Tempo de produ\u00e7\u00e3o<\/td><td>10-35 dias, dependendo da quantidade e dos requisitos<\/td><\/tr><tr><td>Sobre o pagamento<\/td><td>Transfer\u00eancia banc\u00e1ria, paypal, western union, garantia comercial<\/td><\/tr><tr><td>Pa\u00eds de origem<\/td><td>Fabricado na China<\/td><\/tr><tr><td>Origem do certificado<\/td><td>Sim, podemos oferecer<\/td><\/tr><tr><td>Nova garrafa de molde<\/td><td>Sim, temos uma nova equipa de desenvolvimento de moldes<\/td><\/tr><tr><td>Condi\u00e7\u00f5es<\/td><td>EXW,FOB,CIF, DDU, DDP<\/td><\/tr><\/tbody><\/table><\/figure>","protected":false},"excerpt":{"rendered":"<h3><strong>Blanks para copos de sublima\u00e7\u00e3o personalizados Premium por atacado<\/strong><\/h3>\n<ul>\n<li>\n<p>\u00a0<strong>V\u00e1rios tamanhos dispon\u00edveis<\/strong>-350ml, 500ml, 750ml e 1000ml.  Perfeito para hidrata\u00e7\u00e3o durante todo o dia.<\/p>\n<\/li>\n<li>\n<p>\u00a0<strong>Design personaliz\u00e1vel<\/strong> - Adicione o seu log\u00f3tipo, texto ou trabalho art\u00edstico para personaliza\u00e7\u00e3o. Revestimento especial de sublima\u00e7\u00e3o para personaliza\u00e7\u00e3o por sublima\u00e7\u00e3o.<\/p>\n<\/li>\n<li>\n<p>\u00a0<strong>Isolamento a v\u00e1cuo de parede dupla<\/strong>\u00a0- Mant\u00e9m as bebidas quentes durante 12 horas e frias durante 24 horas.<\/p>\n<\/li>\n<li>\n<p><strong>A\u00e7o inoxid\u00e1vel dur\u00e1vel<\/strong> - Resistente \u00e0 ferrugem, sem BPA e constru\u00eddo para durar. Materiais seguros para alimentos.<\/p>\n<\/li>\n<li>\n<p>\u00a0<strong>\u00c0 prova de suor e de fugas<\/strong>\u00a0- Exterior sem condensa\u00e7\u00e3o e tampa segura para uma utiliza\u00e7\u00e3o sem confus\u00e3o.<\/p>\n<\/li>\n<li><strong>Tampa deslizante \u00e0 prova de fugas<\/strong>- Com tampa deslizante \u00e0 prova de inclina\u00e7\u00e3o combinada. F\u00e1cil de introduzir a palhinha.<\/li>\n<li>\n<p><strong>Vers\u00e1til e port\u00e1til<\/strong> - Ideal para casa, escrit\u00f3rio, viagens ou aventuras ao ar livre.<\/p>\n<\/li>\n<li>\n<p>\u00a0<strong>R\u00e1pida rota\u00e7\u00e3o<\/strong> - 7-10 dias de produ\u00e7\u00e3o envio global.<\/p>\n<\/li>\n<li><strong>Envio global<\/strong> - CIF, DAT, DDP envio para todos os pa\u00edses<\/li>\n<li><strong>MOQ 50 unidades<\/strong> - Quantidades flex\u00edveis para empresas em fase de arranque e grandes empresas.<\/li>\n<\/ul>","protected":false},"featured_media":3178,"template":"","meta":{"_acf_changed":true,"_seopress_robots_primary_cat":"none","_seopress_titles_title":"Personalised BPA free12 oz 20oz Sublimation flask wholesale","_seopress_titles_desc":"Recycled stainless steel material.Food safe and BPA free materials, custom color and design is welcome.Door to door delivery worldwide.  Whatsapp:0086 13567428830","_seopress_robots_index":"","_uag_custom_page_level_css":""},"product_brand":[],"product_cat":[38,37,23,20],"product_tag":[132,77,130,140,126,128,125,131],"class_list":{"0":"post-3175","1":"product","2":"type-product","3":"status-publish","4":"has-post-thumbnail","6":"product_cat-sublimation-tumbler","7":"product_cat-sublimation-water-bottle","8":"product_cat-sublimation-water-bottle-tumbler","9":"product_cat-vacuum-flask","10":"product_tag-blank-sublimation-water-bottles","11":"product_tag-personalized-insulated-mug","12":"product_tag-sublimation-bottles","13":"product_tag-sublimation-flask","14":"product_tag-sublimation-water-bottle","15":"product_tag-sublimation-water-bottle-blanks","16":"product_tag-sublimation-water-bottles","17":"product_tag-water-bottles-for-sublimation","19":"first","20":"instock","21":"shipping-taxable","22":"product-type-simple"},"acf":[],"uagb_featured_image_src":{"full":["https:\/\/eco-drinkware.com\/wp-content\/uploads\/2025\/08\/after-sublimation.webp",800,800,false],"thumbnail":["https:\/\/eco-drinkware.com\/wp-content\/uploads\/2025\/08\/after-sublimation-150x150.webp",150,150,true],"medium":["https:\/\/eco-drinkware.com\/wp-content\/uploads\/2025\/08\/after-sublimation-300x300.webp",300,300,true],"medium_large":["https:\/\/eco-drinkware.com\/wp-content\/uploads\/2025\/08\/after-sublimation-768x768.webp",768,768,true],"large":["https:\/\/eco-drinkware.com\/wp-content\/uploads\/2025\/08\/after-sublimation.webp",800,800,false],"1536x1536":["https:\/\/eco-drinkware.com\/wp-content\/uploads\/2025\/08\/after-sublimation.webp",800,800,false],"2048x2048":["https:\/\/eco-drinkware.com\/wp-content\/uploads\/2025\/08\/after-sublimation.webp",800,800,false],"trp-custom-language-flag":["https:\/\/eco-drinkware.com\/wp-content\/uploads\/2025\/08\/after-sublimation.webp",12,12,false],"woocommerce_thumbnail":["https:\/\/eco-drinkware.com\/wp-content\/uploads\/2025\/08\/after-sublimation-300x300.webp",300,300,true],"woocommerce_single":["https:\/\/eco-drinkware.com\/wp-content\/uploads\/2025\/08\/after-sublimation-600x600.webp",600,600,true],"woocommerce_gallery_thumbnail":["https:\/\/eco-drinkware.com\/wp-content\/uploads\/2025\/08\/after-sublimation-100x100.webp",100,100,true]},"uagb_author_info":{"display_name":"Amy","author_link":"https:\/\/eco-drinkware.com\/pt\/author\/"},"uagb_comment_info":0,"uagb_excerpt":"Premium Custom Sublimation tumbler blanks wholesale \u00a0Many size available\u2013350ml, 500ml,750ml and 1000ml.\u00a0 Perfect for all-day hydration. \u00a0Customizable Design \u2013 Add your logo, text, or artwork for customization. Special sublimation coating for sublimation customization. \u00a0Double-Wall Vacuum Insulation\u00a0\u2013 Keeps drinks hot for 12 hours and cold for 24 hours. Durable Stainless Steel \u2013 Rust-resistant, BPA-free, and built&hellip;","_links":{"self":[{"href":"https:\/\/eco-drinkware.com\/pt\/wp-json\/wp\/v2\/product\/3175","targetHints":{"allow":["GET"]}}],"collection":[{"href":"https:\/\/eco-drinkware.com\/pt\/wp-json\/wp\/v2\/product"}],"about":[{"href":"https:\/\/eco-drinkware.com\/pt\/wp-json\/wp\/v2\/types\/product"}],"wp:featuredmedia":[{"embeddable":true,"href":"https:\/\/eco-drinkware.com\/pt\/wp-json\/wp\/v2\/media\/3178"}],"wp:attachment":[{"href":"https:\/\/eco-drinkware.com\/pt\/wp-json\/wp\/v2\/media?parent=3175"}],"wp:term":[{"taxonomy":"product_brand","embeddable":true,"href":"https:\/\/eco-drinkware.com\/pt\/wp-json\/wp\/v2\/product_brand?post=3175"},{"taxonomy":"product_cat","embeddable":true,"href":"https:\/\/eco-drinkware.com\/pt\/wp-json\/wp\/v2\/product_cat?post=3175"},{"taxonomy":"product_tag","embeddable":true,"href":"https:\/\/eco-drinkware.com\/pt\/wp-json\/wp\/v2\/product_tag?post=3175"}],"curies":[{"name":"wp","href":"https:\/\/api.w.org\/{rel}","templated":true}]}}