{"id":3215,"date":"2025-09-15T16:09:32","date_gmt":"2025-09-15T08:09:32","guid":{"rendered":"https:\/\/eco-drinkware.com\/?post_type=product&#038;p=3215"},"modified":"2025-09-15T16:53:57","modified_gmt":"2025-09-15T08:53:57","slug":"canecas-de-sublimacao-de-aco-inoxidavel-de-12-oz-16-oz-seguras-para-alimentos-com-base-de-cortica-amovivel","status":"publish","type":"product","link":"https:\/\/eco-drinkware.com\/pt\/product\/canecas-de-sublimacao-de-aco-inoxidavel-de-12-oz-16-oz-seguras-para-alimentos-com-base-de-cortica-amovivel\/","title":{"rendered":"Canecas de sublima\u00e7\u00e3o de a\u00e7o inoxid\u00e1vel de 12 oz 16 oz seguras para alimentos com base de corti\u00e7a amov\u00edvel"},"content":{"rendered":"<h2 class=\"wp-block-heading\">Caneca de sublima\u00e7\u00e3o isolada em a\u00e7o inoxid\u00e1vel a granel com fundo de corti\u00e7a amov\u00edvel<\/h2>\n\n\n\n<p>Apresentamos a caneca de sublima\u00e7\u00e3o de 12 oz e 16 oz com um fundo de corti\u00e7a amov\u00edvel, um divisor de \u00e1guas para o seu neg\u00f3cio de bebidas. Concebida para encomendas por grosso e a granel, esta caneca de a\u00e7o inoxid\u00e1vel \u00e9 fabricada em a\u00e7o inoxid\u00e1vel dur\u00e1vel e possui um revestimento de sublima\u00e7\u00e3o de primeira qualidade, garantindo impress\u00f5es vibrantes e duradouras.<\/p>\n\n\n\n<p>O fundo de corti\u00e7a amov\u00edvel acrescenta uma camada de versatilidade e conveni\u00eancia, apelando a uma vasta gama de clientes. A sua capacidade generosa e o excelente isolamento mant\u00eam as bebidas \u00e0 temperatura perfeita durante horas. Este \u00e9 um produto B2B essencial, perfeito para empresas de personaliza\u00e7\u00e3o que procuram oferecer artigos para bebidas de alta qualidade, rent\u00e1veis e personaliz\u00e1veis, tornando-os a escolha perfeita para a marca da empresa.<\/p>\n\n\n\n<p><strong>Carater\u00edsticas principais:<\/strong><\/p>\n\n\n\n<p><strong>1 Capacidade de 12oz e 16oz<\/strong> - Os nossos tamanhos de copos de 12 e 16 on\u00e7as foram perfeitamente concebidos para satisfazer as suas necessidades di\u00e1rias de hidrata\u00e7\u00e3o. Compacta mas pr\u00e1tica, a op\u00e7\u00e3o de 12 oz \u00e9 ideal para um caf\u00e9 ou ch\u00e1 r\u00e1pido em viagem, enquanto o tamanho de 16 oz proporciona uma capacidade extra para quem gosta de doses maiores de caf\u00e9, bebidas geladas ou \u00e1gua ao longo do dia. Ambos os tamanhos s\u00e3o port\u00e1teis, elegantes e vers\u00e1teis, o que os torna uma excelente escolha para uma utiliza\u00e7\u00e3o quotidiana em casa, no escrit\u00f3rio ou durante as desloca\u00e7\u00f5es. Para as empresas, este design de capacidade torna-os uma escolha popular para brindes empresariais e campanhas promocionais. Os grossistas e distribuidores consider\u00e1-lo-\u00e3o especialmente atrativo para satisfazer as diversas necessidades dos clientes no mercado de artigos para bebidas.<\/p>\n\n\n\n<p><strong>2<\/strong> <strong>Revestimento de sublima\u00e7\u00e3o de alta qualidade<\/strong> - O copo \u00e9 revestido com uma camada de sublima\u00e7\u00e3o de alta qualidade que permite impress\u00f5es n\u00edtidas, vibrantes e duradouras. Quer esteja a imprimir log\u00f3tipos de empresas, trabalhos art\u00edsticos promocionais ou designs personalizados, a superf\u00edcie garante excelentes resultados de transfer\u00eancia de cores. Esta carater\u00edstica faz do copo uma escolha rent\u00e1vel para projectos de marca personalizada, empresas de marca pr\u00f3pria e personaliza\u00e7\u00e3o em massa. \u00c9 o produto perfeito para compradores B2B que procuram expandir a sua linha de produtos de sublima\u00e7\u00e3o com resultados fi\u00e1veis.<\/p>\n\n\n\n<p><strong>3<\/strong> <strong>Fundo de corti\u00e7a amov\u00edvel<\/strong> - Com uma base de corti\u00e7a amov\u00edvel, esta caneca destaca-se tanto pelo estilo como pela funcionalidade. A corti\u00e7a acrescenta um toque natural e ecol\u00f3gico, enquanto o seu design amov\u00edvel traz uma sensa\u00e7\u00e3o de divers\u00e3o e versatilidade, tornando a caneca n\u00e3o s\u00f3 pr\u00e1tica, mas tamb\u00e9m \u00fanica para uso di\u00e1rio. Assim, nenhum pl\u00e1stico ser\u00e1 danificado no forno de alta temperatura ou na m\u00e1quina de sublima\u00e7\u00e3o.<\/p>\n\n\n\n<p><strong>4<\/strong> <strong>A\u00e7o inoxid\u00e1vel com isolamento de parede dupla<\/strong> - Constru\u00eddo com a\u00e7o inoxid\u00e1vel de primeira qualidade e isolamento a v\u00e1cuo de parede dupla, este copo garante que as bebidas se mant\u00eam quentes at\u00e9 12 horas ou frias at\u00e9 24 horas. A sua constru\u00e7\u00e3o duradoura proporciona um desempenho de longa dura\u00e7\u00e3o, tornando-o uma excelente escolha para empresas que d\u00e3o prioridade \u00e0 qualidade nas suas linhas de produtos. O design isolado torna-o adequado para utiliza\u00e7\u00e3o durante todo o ano, oferecendo um valor acrescentado para empresas promocionais e distribuidores. Uma solu\u00e7\u00e3o pr\u00e1tica e fi\u00e1vel, que melhora as suas ofertas de bebidas com um desempenho de confian\u00e7a.<\/p>\n\n\n\n<p><strong>5<\/strong> <strong>Perfeito para empresas de personaliza\u00e7\u00e3o<\/strong><br>- Concebido para <strong>personaliza\u00e7\u00e3o em massa<\/strong>O produto \u00e9 adequado para brindes promocionais, marcas empresariais, eventos escolares, equipas desportivas, brindes de casamento e programas de revenda.<\/p>\n\n\n\n<p>6 <strong>Solu\u00e7\u00e3o B2B-Friendly<\/strong> - Concebido a pensar nos grossistas, distribuidores e compradores empresariais, este copo combina durabilidade, funcionalidade e efic\u00e1cia em termos de custos. A sua grande \u00e1rea de impress\u00e3o e a superf\u00edcie de sublima\u00e7\u00e3o de qualidade superior tornam-no perfeito para a personaliza\u00e7\u00e3o em massa, a cria\u00e7\u00e3o de marcas privadas e eventos promocionais. O produto \u00e9 embalado e estruturado para suportar encomendas em grande escala de forma eficiente, garantindo que as empresas podem satisfazer a procura do mercado com facilidade. Como op\u00e7\u00e3o vers\u00e1til e personaliz\u00e1vel de artigos para bebidas, oferece um excelente retorno do investimento para clientes B2B.<\/p>\n\n\n\n<p><strong>Porque \u00e9 que vai adorar:<\/strong><\/p>\n\n\n\n<h3 class=\"wp-block-heading\"><strong>Por que escolher nossa caneca de sublima\u00e7\u00e3o de 12 oz 16 oz em branco com base remov\u00edvel para pedidos em massa?<\/strong><\/h3>\n\n\n\n<p>\u2728&nbsp;<strong>Op\u00e7\u00f5es de personaliza\u00e7\u00e3o<\/strong>&nbsp;- Como fornecedor de confian\u00e7a, oferecemos uma vasta gama de op\u00e7\u00f5es de personaliza\u00e7\u00e3o, incluindo a coloca\u00e7\u00e3o de log\u00f3tipos, escolhas de cores e embalagens personalizadas.<br>\u2728&nbsp;<strong>Pre\u00e7o direto de f\u00e1brica<\/strong>&nbsp;- Desfrute de pre\u00e7os competitivos para encomendas em grandes quantidades, garantindo uma boa rela\u00e7\u00e3o custo-benef\u00edcio sem comprometer a qualidade.<br>\u2728&nbsp;<strong>Dur\u00e1vel e fi\u00e1vel<\/strong>&nbsp;- Constru\u00eddos para resistir \u00e0 utiliza\u00e7\u00e3o di\u00e1ria, os nossos copos s\u00e3o perfeitos para brindes de empresas, eventos promocionais ou vendas a retalho. A Eco Drinkware oferece um bom servi\u00e7o p\u00f3s-venda para a nossa garrafa de sublima\u00e7\u00e3o.<br>\u2728&nbsp;<strong>R\u00e1pida rota\u00e7\u00e3o<\/strong>&nbsp;- A nossa f\u00e1brica est\u00e1 equipada para lidar com encomendas em grande escala com produ\u00e7\u00e3o eficiente e entrega atempada. Especialmente porque utilizamos robots na produ\u00e7\u00e3o, o que tornou a produ\u00e7\u00e3o muito mais r\u00e1pida. H\u00e1 200 trabalhadores e 10 linhas de produ\u00e7\u00e3o a trabalhar para os nossos clientes todos os dias.<br>\u2728&nbsp;<strong>Amigo do ambiente e reutiliz\u00e1vel<\/strong>&nbsp;- Promovemos a sustentabilidade com um copo reutiliz\u00e1vel que reduz o desperd\u00edcio e est\u00e1 de acordo com os valores da consci\u00eancia ecol\u00f3gica. Mais e mais clientes escolhem o frasco isolado de a\u00e7o inoxid\u00e1vel para substituir a garrafa de pl\u00e1stico. \u2728<strong>Entrega global<\/strong>&nbsp;- Oferecemos entrega global a todos os clientes. Oferecemos at\u00e9 mesmo remessas DDP para muitos pa\u00edses. Isso ajuda os clientes a economizar dinheiro. \u2728<strong>Fornecedor fi\u00e1vel<\/strong>&nbsp;- A Eco Drinkware trabalha neste sector h\u00e1 10 anos. Com equipa de tecnologia experiente e vendedor para trabalhar bem todos os novos projectos. \u00c9 aconselh\u00e1vel trabalhar com um fornecedor profissional para poupar dinheiro e tempo. Confie que ter\u00e1 uma experi\u00eancia de compra satisfat\u00f3ria.<\/p>\n\n\n\n<hr class=\"wp-block-separator has-alpha-channel-opacity\"\/>\n\n\n\n<h3 class=\"wp-block-heading\">Canecas de sublima\u00e7\u00e3o <strong>Ideal para:<\/strong><\/h3>\n\n\n\n<ul class=\"wp-block-list\">\n<li><strong>Presentes para empresas<\/strong>&nbsp;- Impressione os clientes ou recompense os funcion\u00e1rios com uma garrafa de sublima\u00e7\u00e3o de marca de alta qualidade. <\/li>\n\n\n\n<li><strong>Eventos promocionais<\/strong>&nbsp;- Aumente a visibilidade da sua marca com um brinde pr\u00e1tico e elegante.<\/li>\n\n\n\n<li><strong>Vendas a retalho<\/strong>&nbsp;- Abaste\u00e7a-se de copos em branco de sublima\u00e7\u00e3o personaliz\u00e1veis, \u00fanicos e especiais, que apelam a um vasto p\u00fablico. E ofere\u00e7a um servi\u00e7o personalizado aos clientes.<\/li>\n\n\n\n<li><strong>Angaria\u00e7\u00e3o de fundos e brindes<\/strong>&nbsp;- Ofere\u00e7a um produto funcional e memor\u00e1vel que os apoiantes v\u00e3o adorar. Por exemplo, numa festa de anivers\u00e1rio, casamento ou qualquer outro dia importante.<\/li>\n\n\n\n<li><strong>Est\u00fadio personalizado<\/strong>-Oferecer um servi\u00e7o muito personalizado ao cliente final.<\/li>\n\n\n\n<li><strong>Imorter<\/strong>- As capacidades profissionais de importa\u00e7\u00e3o e a capacidade de armazenamento dos importadores podem ajudar a reduzir o custo da caneca de sublima\u00e7\u00e3o de a\u00e7o inoxid\u00e1vel em branco, permitindo-lhes servir os grossistas locais de pequena escala<\/li>\n<\/ul>\n\n\n\n<hr class=\"wp-block-separator has-alpha-channel-opacity\"\/>\n\n\n\n<p><strong>Encomendar hoje!<\/strong><br>Como fornecedor l\u00edder de canecas de sublima\u00e7\u00e3o, especializamo-nos em ajudar as empresas a criar produtos personalizados que deixam uma impress\u00e3o duradoura. Quer necessite de 100 ou 10.000 unidades, a nossa f\u00e1brica est\u00e1 pronta para satisfazer as suas exig\u00eancias com uma qualidade de topo e um servi\u00e7o excecional.<\/p>\n\n\n\n<p><strong>Contacte-nos agora para obter um or\u00e7amento personalizado com canecas de sublima\u00e7\u00e3o de a\u00e7o inoxid\u00e1vel de 12oz 16oz a granel com base de corti\u00e7a amov\u00edvel.<\/strong><\/p>\n\n\n\n<figure class=\"wp-block-image size-full\"><img loading=\"lazy\" decoding=\"async\" width=\"800\" height=\"800\" src=\"https:\/\/eco-drinkware.com\/wp-content\/uploads\/2025\/09\/sublimation-mug-with-cork-base.jpg\" alt=\"caneca de sublima\u00e7\u00e3o com base de corti\u00e7a\" class=\"wp-image-3216\" srcset=\"https:\/\/eco-drinkware.com\/wp-content\/uploads\/2025\/09\/sublimation-mug-with-cork-base.jpg 800w, https:\/\/eco-drinkware.com\/wp-content\/uploads\/2025\/09\/sublimation-mug-with-cork-base-300x300.jpg 300w, https:\/\/eco-drinkware.com\/wp-content\/uploads\/2025\/09\/sublimation-mug-with-cork-base-150x150.jpg 150w, https:\/\/eco-drinkware.com\/wp-content\/uploads\/2025\/09\/sublimation-mug-with-cork-base-768x768.jpg 768w, https:\/\/eco-drinkware.com\/wp-content\/uploads\/2025\/09\/sublimation-mug-with-cork-base-600x600.jpg 600w, https:\/\/eco-drinkware.com\/wp-content\/uploads\/2025\/09\/sublimation-mug-with-cork-base-100x100.jpg 100w\" sizes=\"auto, (max-width: 800px) 100vw, 800px\" \/><\/figure>\n\n\n\n<figure class=\"wp-block-table\"><table class=\"has-fixed-layout\"><tbody><tr><td>N\u00famero do artigo<\/td><td>GV046<\/td><\/tr><tr><td>Capacidade<\/td><td>12 on\u00e7as\/360 ml, 16 on\u00e7as\/480 ml <\/td><\/tr><tr><td>Isolado<\/td><td>Sim&nbsp;&nbsp;&nbsp;&nbsp;&nbsp;&nbsp;&nbsp;&nbsp;&nbsp;&nbsp;&nbsp;&nbsp;&nbsp;<\/td><\/tr><tr><td>Revestimento especial<\/td><td>revestimento por sublima\u00e7\u00e3o, revestimento em p\u00f3, pintura por pulveriza\u00e7\u00e3o, prata escovada, espelho <\/td><\/tr><tr><td>Cor<\/td><td>Vermelho, prata, verde, azul, branco, preto, ouro rosa. Cor personalizada, cor Pantone<\/td><\/tr><tr><td>Material<\/td><td>Interior em a\u00e7o inoxid\u00e1vel 304 e exterior em a\u00e7o inoxid\u00e1vel 201, tampa de pl\u00e1stico pp nova, anel de veda\u00e7\u00e3o de silicone<\/td><\/tr><tr><td>Carater\u00edstica<\/td><td>Frasco de v\u00e1cuo de parede dupla, grande capacidade, design personalizado<\/td><\/tr><tr><td>MOQ<\/td><td>1000 unidades<\/td><\/tr><tr><td>Log\u00f3tipo<\/td><td>Laser, impress\u00e3o de seda, transfer\u00eancia de calor, transfer\u00eancia de \u00e1gua, transfer\u00eancia de g\u00e1s, impress\u00e3o 3D, sublima\u00e7\u00e3o, etc.<\/td><\/tr><tr><td>Embalagem<\/td><td>caixa branca, caixa impressa personalizada, caixa cil\u00edndrica, caixa de exposi\u00e7\u00e3o, saco de bolhas, caixa de oferta<\/td><\/tr><tr><td>Tempo de amostragem<\/td><td>3 dias para amostra de stock, 7 dias para amostra de log\u00f3tipo personalizado<\/td><\/tr><tr><td>Tempo de produ\u00e7\u00e3o<\/td><td>30 dias, consoante a quantidade e as necessidades<\/td><\/tr><tr><td>Sobre o pagamento<\/td><td>Transfer\u00eancia banc\u00e1ria, paypal, western union, garantia comercial<\/td><\/tr><tr><td>Pa\u00eds de origem<\/td><td>Fabricado na China<\/td><\/tr><tr><td>Origem do certificado<\/td><td>Sim, podemos oferecer<\/td><\/tr><tr><td>Nova garrafa de molde<\/td><td>Sim, temos uma nova equipa de desenvolvimento de moldes<\/td><\/tr><tr><td>Condi\u00e7\u00f5es<\/td><td>EXW,FOB,CIF, DDU, DDP<\/td><\/tr><\/tbody><\/table><\/figure>\n\n\n\n<p><\/p>","protected":false},"excerpt":{"rendered":"<h3><strong>Caneca de sublima\u00e7\u00e3o Premium 12oz 16oz com base de corti\u00e7a amov\u00edvel por atacado<\/strong><\/h3>\n<ul>\n<li>\n<p><strong> Op\u00e7\u00f5es de tamanho de 12 on\u00e7as e 16 on\u00e7as<\/strong>-Os nossos copos de 12 e 16 on\u00e7as s\u00e3o perfeitos para a hidrata\u00e7\u00e3o di\u00e1ria, oferecendo tamanhos pr\u00e1ticos para \u00e1gua, caf\u00e9 ou bebidas geladas. Compactos, elegantes e vers\u00e1teis, satisfazem as necessidades quotidianas em casa, no escrit\u00f3rio ou em viagem<\/p>\n<\/li>\n<li>\n<p><strong data-start=\"334\" data-end=\"365\">Revestimento de sublima\u00e7\u00e3o de alta qualidade<\/strong> - A superf\u00edcie lisa garante uma transfer\u00eancia de cor vibrante e duradoura, perfeita para a impress\u00e3o de log\u00f3tipos, promo\u00e7\u00e3o de marcas e projectos de marca pr\u00f3pria.<\/p>\n<\/li>\n<li><strong data-start=\"505\" data-end=\"532\">Base de corti\u00e7a amov\u00edvel Design<\/strong> - A base de corti\u00e7a pode ser removida. Muito conveniente para o processo de sublima\u00e7\u00e3o.<\/li>\n<li>\n<p>\u00a0<strong>Isolamento a v\u00e1cuo de parede dupla<\/strong>\u00a0- Mant\u00e9m as bebidas quentes durante 12 horas e frias durante 24 horas.<\/p>\n<\/li>\n<li>\n<p><strong>A\u00e7o inoxid\u00e1vel dur\u00e1vel<\/strong> - Resistente \u00e0 ferrugem, sem BPA e constru\u00eddo para durar. Materiais seguros para alimentos.<\/p>\n<\/li>\n<li>\n<p>\u00a0<strong>\u00c0 prova de suor e de fugas<\/strong>\u00a0- Exterior sem condensa\u00e7\u00e3o e tampa segura para uma utiliza\u00e7\u00e3o sem confus\u00e3o.<\/p>\n<\/li>\n<li><strong>Tampa deslizante \u00e0 prova de fugas<\/strong>- Com tampa deslizante \u00e0 prova de fugas. Palhinha f\u00e1cil de inserir.<\/li>\n<li>\n<p><strong>Vers\u00e1til e port\u00e1til<\/strong> - Ideal para casa, escrit\u00f3rio, viagens, caminhadas ou aventuras ao ar livre.<\/p>\n<\/li>\n<li>\n<p>\u00a0<strong>Elemento de corti\u00e7a natural<\/strong>- O design da corti\u00e7a \u00e9 natural, amigo do ambiente e enquadra-se perfeitamente no estilo de vida sustent\u00e1vel atual.<\/p>\n<\/li>\n<li><strong>Envio global<\/strong> - CIF, DAT, DDP envio para todos os pa\u00edses<\/li>\n<\/ul>","protected":false},"featured_media":3217,"template":"","meta":{"_acf_changed":true,"_seopress_robots_primary_cat":"none","_seopress_titles_title":"12oz 16oz Stainless Steel Sublimation Mug With Removable base","_seopress_titles_desc":"Recycled stainless steel material.Food safe and BPA free materials,custom color and design is welcome.Door to door delivery worldwide. Whatsapp:0086 13567428830","_seopress_robots_index":"","_uag_custom_page_level_css":""},"product_brand":[],"product_cat":[39,23,20],"product_tag":[141,77,130,140,142,126,128,125],"class_list":{"0":"post-3215","1":"product","2":"type-product","3":"status-publish","4":"has-post-thumbnail","6":"product_cat-sublimation-mug","7":"product_cat-sublimation-water-bottle-tumbler","8":"product_cat-vacuum-flask","9":"product_tag-40oz-sublimation-tumbler-with-removeable-handle-wholesale","10":"product_tag-personalized-insulated-mug","11":"product_tag-sublimation-bottles","12":"product_tag-sublimation-flask","13":"product_tag-sublimation-tumbker","14":"product_tag-sublimation-water-bottle","15":"product_tag-sublimation-water-bottle-blanks","16":"product_tag-sublimation-water-bottles","18":"first","19":"instock","20":"shipping-taxable","21":"product-type-simple"},"acf":[],"uagb_featured_image_src":{"full":["https:\/\/eco-drinkware.com\/wp-content\/uploads\/2025\/09\/sublimation-mug-with-reovable-cork-base.jpg",800,800,false],"thumbnail":["https:\/\/eco-drinkware.com\/wp-content\/uploads\/2025\/09\/sublimation-mug-with-reovable-cork-base-150x150.jpg",150,150,true],"medium":["https:\/\/eco-drinkware.com\/wp-content\/uploads\/2025\/09\/sublimation-mug-with-reovable-cork-base-300x300.jpg",300,300,true],"medium_large":["https:\/\/eco-drinkware.com\/wp-content\/uploads\/2025\/09\/sublimation-mug-with-reovable-cork-base-768x768.jpg",768,768,true],"large":["https:\/\/eco-drinkware.com\/wp-content\/uploads\/2025\/09\/sublimation-mug-with-reovable-cork-base.jpg",800,800,false],"1536x1536":["https:\/\/eco-drinkware.com\/wp-content\/uploads\/2025\/09\/sublimation-mug-with-reovable-cork-base.jpg",800,800,false],"2048x2048":["https:\/\/eco-drinkware.com\/wp-content\/uploads\/2025\/09\/sublimation-mug-with-reovable-cork-base.jpg",800,800,false],"trp-custom-language-flag":["https:\/\/eco-drinkware.com\/wp-content\/uploads\/2025\/09\/sublimation-mug-with-reovable-cork-base.jpg",12,12,false],"woocommerce_thumbnail":["https:\/\/eco-drinkware.com\/wp-content\/uploads\/2025\/09\/sublimation-mug-with-reovable-cork-base-300x300.jpg",300,300,true],"woocommerce_single":["https:\/\/eco-drinkware.com\/wp-content\/uploads\/2025\/09\/sublimation-mug-with-reovable-cork-base-600x600.jpg",600,600,true],"woocommerce_gallery_thumbnail":["https:\/\/eco-drinkware.com\/wp-content\/uploads\/2025\/09\/sublimation-mug-with-reovable-cork-base-100x100.jpg",100,100,true]},"uagb_author_info":{"display_name":"Amy","author_link":"https:\/\/eco-drinkware.com\/pt\/author\/"},"uagb_comment_info":0,"uagb_excerpt":"Premium 12oz 16oz Sublimation mugr With Removable Cork Base wholesale 12oz 16oz size options\u2013Our 12oz and 16oz drinkware are perfect for daily hydration, offering convenient sizes for water, coffee, or iced drinks. Compact, stylish, and versatile, they meet everyday needs at home, in the office, or on the go Premium Sublimation Coating \u2013 Smooth surface&hellip;","_links":{"self":[{"href":"https:\/\/eco-drinkware.com\/pt\/wp-json\/wp\/v2\/product\/3215","targetHints":{"allow":["GET"]}}],"collection":[{"href":"https:\/\/eco-drinkware.com\/pt\/wp-json\/wp\/v2\/product"}],"about":[{"href":"https:\/\/eco-drinkware.com\/pt\/wp-json\/wp\/v2\/types\/product"}],"wp:featuredmedia":[{"embeddable":true,"href":"https:\/\/eco-drinkware.com\/pt\/wp-json\/wp\/v2\/media\/3217"}],"wp:attachment":[{"href":"https:\/\/eco-drinkware.com\/pt\/wp-json\/wp\/v2\/media?parent=3215"}],"wp:term":[{"taxonomy":"product_brand","embeddable":true,"href":"https:\/\/eco-drinkware.com\/pt\/wp-json\/wp\/v2\/product_brand?post=3215"},{"taxonomy":"product_cat","embeddable":true,"href":"https:\/\/eco-drinkware.com\/pt\/wp-json\/wp\/v2\/product_cat?post=3215"},{"taxonomy":"product_tag","embeddable":true,"href":"https:\/\/eco-drinkware.com\/pt\/wp-json\/wp\/v2\/product_tag?post=3215"}],"curies":[{"name":"wp","href":"https:\/\/api.w.org\/{rel}","templated":true}]}}