{"id":3416,"date":"2026-02-09T15:13:32","date_gmt":"2026-02-09T07:13:32","guid":{"rendered":"https:\/\/eco-drinkware.com\/?post_type=product&#038;p=3416"},"modified":"2026-02-09T15:45:03","modified_gmt":"2026-02-09T07:45:03","slug":"gv0245-custom-18oz-22oz-32oz-stainless-steel-tea-infuser-tumbler-304-food-grade-insulated-bottle-for-wholesale-private-label","status":"publish","type":"product","link":"https:\/\/eco-drinkware.com\/pt\/product\/gv0245-custom-18oz-22oz-32oz-stainless-steel-tea-infuser-tumbler-304-food-grade-insulated-bottle-for-wholesale-private-label\/","title":{"rendered":"GV0245 Custom 18oz \/ 22oz \/ 32oz Stainless Steel Tea Infuser Tumbler \u2013 304 Food-Grade Insulated Bottle for Wholesale &amp; Private Label"},"content":{"rendered":"<h2 class=\"wp-block-heading\">Carater\u00edsticas do produto:<\/h2>\n\n\n\n<p>\u25cf <strong>Premium 304 Stainless Steel Material<\/strong> \u2013 Made from food-grade 304 stainless steel, this tea infuser tumbler is rust-resistant, durable, BPA-free, and safe for long-term daily use, meeting international quality standards for global markets.<br>\u25cf T<strong>Multiple Sizes for Different Markets<\/strong> \u2013 Available in <strong>18oz, 22oz, and 32oz<\/strong>, suitable for tea, fruit-infused water, and coffee, making it a versatile option for retail, promotional, and corporate gift channels.<br>\u25cf This stainless steel tea bottle is double wall insulated with copper coated , reusable water bottle . <strong>Double Wall Insulated Design<\/strong> \u2013 The vacuum-insulated stainless steel body keeps beverages hot or cold for hours while preventing heat transfer, ensuring a comfortable grip and enhanced user experience.<br>\u25cf <strong>Removable Tea Infuser<\/strong> \u2013 Designed with a stainless steel infuser, perfect for loose leaf tea, fruit tea, and coffee brewing, ideal for modern lifestyle drinkware collections.<br>\u25cf <strong>Wholesale &amp; Custom Branding Support<\/strong> \u2013 Available for <strong>bulk orders and wholesale supply<\/strong>, with full customization options including <strong>colors, logo printing or laser engraving, and private label packaging<\/strong>, ideal for brand owners, distributors, and corporate gift projects.<\/p>\n\n\n\n<p>Cor: N\u00f3s podemos fazer qualquer cor para os clientes. A cor PMS \u00e9 bem-vinda. Tanto o corpo quanto a tampa podem fazer a cor PMS. A equipe da Eco Drinkware pode oferecer um modelo com design personalizado.<br>\u25cf This straight shape tea bottle is good for adult .Easy to take it out for camping ,walk ,running and so on.Perfect for water,tea ,juice and coffee drinking<br>Revestimento: sem revestimento (a\u00e7o inoxid\u00e1vel escovado), pintura por pulveriza\u00e7\u00e3o, revestimento em p\u00f3, revestimento de cobre, etc.<br>Padr\u00e3o: o padr\u00e3o personalizado pode ser impresso e pode ser feito atrav\u00e9s de v\u00e1rias t\u00e9cnicas de impress\u00e3o: impress\u00e3o serigr\u00e1fica, impress\u00e3o por transfer\u00eancia de calor, impress\u00e3o por transfer\u00eancia de \u00e1gua, transfer\u00eancia por sublima\u00e7\u00e3o, etc.<br>Log\u00f3tipo: F\u00e1cil de trabalhar com o log\u00f3tipo personalizado. As op\u00e7\u00f5es de log\u00f3tipo incluem: log\u00f3tipo de decalque, impress\u00e3o em seda, transfer\u00eancia de calor, sublima\u00e7\u00e3o, etc. Bem-vindo a partilhar o seu log\u00f3tipo. A nossa equipa enviar\u00e1 um modelo de volta.<br>Caixa de embalagem: caixa branca, caixa impressa personalizada, caixa de cilindro, saco de bolha, caixa de presente, qualquer pacote de design personalizado \u00e9 bem-vindo, etc<br>Garrafa de ch\u00e1 em a\u00e7o inoxid\u00e1vel lav\u00e1vel na m\u00e1quina de lavar loi\u00e7a. Pode ser lavada na m\u00e1quina de lavar roupa.<br>Uma garrafa de ch\u00e1 isolada de parede dupla \u00e9 um recipiente concebido para manter as bebidas gaseificadas, como refrigerantes ou cola, a uma temperatura constante enquanto se est\u00e1 em viagem. A garrafa apresenta normalmente uma constru\u00e7\u00e3o de parede dupla com um espa\u00e7o selado a v\u00e1cuo entre as paredes interior e exterior, o que proporciona excelentes propriedades de isolamento.<br>O espa\u00e7o selado a v\u00e1cuo entre as paredes actua como uma barreira para evitar que o calor entre ou saia da garrafa. Isto ajuda a manter as bebidas quentes, como caf\u00e9, ch\u00e1 ou sopa, quentes durante v\u00e1rias horas, enquanto as bebidas frias, como \u00e1gua, sumo ou refrigerante, permanecem frias durante um per\u00edodo prolongado.<br>As garrafas isoladas s\u00e3o uma excelente escolha para pessoas que querem manter as suas bebidas a uma temperatura constante enquanto est\u00e3o em movimento, quer estejam a fazer caminhadas, a acampar, a viajar ou simplesmente a deslocar-se para o trabalho.<br>Especializada no fabrico e exporta\u00e7\u00e3o de todos os tipos de bebidas, tais como garrafas de \u00e1gua, copos por atacado, recipientes para alimentos, tigelas para c\u00e3es, tigelas de salada, refrigeradores de latas, garrafas de vidro, garrafas de bambu. A Eco Drinkware possui linhas de produ\u00e7\u00e3o automatizadas e altamente eficientes. Abra\u00e7amos a Ind\u00fastria4.0 e mantemo-nos competitivos na ind\u00fastria. A produ\u00e7\u00e3o automatizada torna os nossos produtos mais baratos e mais competitivos em termos de pre\u00e7o.<br>Os produtos Eco Drinkware s\u00e3o fabricados por OEM e ODM. Com os melhores engenheiros profissionais com mais de 10 anos de experi\u00eancia na ind\u00fastria de fabrica\u00e7\u00e3o de garrafas de \u00e1gua, \u00e9 f\u00e1cil transformar sua ideia em produtos reais.<br>Fazemos inspe\u00e7\u00e3o de qualidade em linha para garantir que a produ\u00e7\u00e3o corre bem e n\u00e3o h\u00e1 qualquer erro. Se houver algum erro, podemos corrigi-lo a tempo de poupar custos. A qualidade \u00e9 a nossa cultura, confiamos que a qualidade traz mais para os clientes e fabricantes. Se optar pela Eco Drinkware, obter\u00e1 mais clientes e mais mercado, bem como uma boa reputa\u00e7\u00e3o junto dos clientes. Porque a nossa equipa tem o prazer de se aperfei\u00e7oar e de melhorar os produtos para ser excelente na nossa ind\u00fastria.<br>M\u00e9todo de envio: FOB, CIF, DDU, DDP por comboio ou mar para clientes globais.<\/p>\n\n\n\n<p><strong>Q1: Is this tea infuser tumbler FDA and LFGB certified?<\/strong><br>Yes, the tumbler is manufactured using food-grade materials and complies with <strong>FDA and LFGB standards<\/strong>, suitable for the US, EU, and other international markets.<\/p>\n\n\n\n<p><strong>Q2: Can I customize the logo and color?<\/strong><br>Yes. We support <strong>custom colors, laser engraving or printed logos<\/strong>, as well as <strong>private label packaging<\/strong> for wholesale and bulk orders.<\/p>\n\n\n\n<p><strong>Q3: What beverages is this tumbler suitable for?<\/strong><br>It is designed for <strong>loose leaf tea, fruit tea, coffee, and infused water<\/strong>, suitable for both hot and cold drinks.<\/p>\n\n\n\n<p><strong>Q4: Does the tumbler fit in car cup holders?<\/strong><br>Yes. The slim body design fits <strong>most standard car cup holders<\/strong>, making it convenient for daily commuting and travel.<\/p>\n\n\n\n<p><strong>Q5: What is the minimum order quantity (MOQ)?<\/strong><br>MOQ depends on customization requirements. Please contact us for <strong>wholesale pricing and bulk order details<\/strong>.<\/p>\n\n\n\n<div class=\"wp-block-uagb-image uagb-block-ebf0aa1f wp-block-uagb-image--layout-default wp-block-uagb-image--effect-static wp-block-uagb-image--align-none\"><figure class=\"wp-block-uagb-image__figure\"><img decoding=\"async\" srcset=\"https:\/\/eco-drinkware.com\/wp-content\/uploads\/2026\/02\/black-insulated-thermos-tea-infuser.webp ,https:\/\/eco-drinkware.com\/wp-content\/uploads\/2026\/02\/black-insulated-thermos-tea-infuser.webp 780w, https:\/\/eco-drinkware.com\/wp-content\/uploads\/2026\/02\/black-insulated-thermos-tea-infuser.webp 360w\" sizes=\"auto, (max-width: 480px) 150px\" src=\"https:\/\/eco-drinkware.com\/wp-content\/uploads\/2026\/02\/black-insulated-thermos-tea-infuser.webp\" alt=\"Two black insulated thermos bottles with silver tea infusers on a kitchen counter.\" class=\"uag-image-3415\" width=\"1000\" height=\"1000\" title=\"Black Insulated Thermos with Tea Infuser\" loading=\"lazy\" role=\"img\"\/><\/figure><\/div>\n\n\n\n<figure class=\"wp-block-table\"><table class=\"has-fixed-layout\"><tbody><tr><td>N\u00famero do item<\/td><td>GV0245<\/td><\/tr><tr><td>Capacidade<\/td><td>18OZ \/500ml  22oz\/660ml  32oz\/1000ml<\/td><\/tr><tr><td>Isolado<\/td><td>Sim&nbsp;&nbsp;&nbsp;&nbsp;&nbsp;&nbsp;&nbsp;&nbsp;&nbsp;&nbsp;&nbsp;&nbsp;&nbsp;<\/td><\/tr><tr><td>Posi\u00e7\u00e3o do log\u00f3tipo<\/td><td>Corpo da garrafa<\/td><\/tr><tr><td>Cor<\/td><td>Vermelho, prata, verde, azul, branco, preto, ouro rosa. Cor personalizada, cor PMS<\/td><\/tr><tr><td>Material<\/td><td>304 stainless steel also called 18\/8 stainless steel inner and outer ,new pp plastic lid ,silicone seal ring<\/td><\/tr><tr><td>Carater\u00edstica<\/td><td>Frasco de v\u00e1cuo de parede dupla, grande capacidade, design personalizado<\/td><\/tr><tr><td>MOQ<\/td><td>200 unidades<\/td><\/tr><tr><td>Log\u00f3tipo<\/td><td>Laser, impress\u00e3o de seda, transfer\u00eancia de calor, transfer\u00eancia de \u00e1gua, transfer\u00eancia de g\u00e1s, impress\u00e3o 3D, sublima\u00e7\u00e3o, etc.<\/td><\/tr><tr><td>Embalagem<\/td><td>caixa branca, caixa impressa personalizada, caixa cil\u00edndrica, saco de bolhas, caixa de oferta<\/td><\/tr><tr><td>Tempo de amostragem<\/td><td>3 dias para amostra de stock, 7 dias para amostra de log\u00f3tipo personalizado<\/td><\/tr><tr><td>Tempo de produ\u00e7\u00e3o<\/td><td>10-35 dias, dependendo da quantidade e dos requisitos<\/td><\/tr><tr><td>Sobre o pagamento<\/td><td>Transfer\u00eancia banc\u00e1ria, paypal, western union, garantia comercial<\/td><\/tr><tr><td>Pa\u00eds de origem<\/td><td>Fabricado na China<\/td><\/tr><tr><td>Origem do certificado<\/td><td>Sim, podemos oferecer<\/td><\/tr><tr><td>Nova garrafa de molde<\/td><td>Sim, temos uma nova equipa de desenvolvimento de moldes<\/td><\/tr><tr><td>Condi\u00e7\u00f5es<\/td><td>EXW,FOB,CIF, DDU, DDP<\/td><\/tr><\/tbody><\/table><\/figure>","protected":false},"excerpt":{"rendered":"<ul>\n<li data-start=\"1466\" data-end=\"1563\">\n<p data-start=\"1468\" data-end=\"1563\"><strong data-start=\"1468\" data-end=\"1502\">Food-Grade 304 Stainless Steel<\/strong> \u2013 BPA-free, rust-resistant, and designed for long-term use<\/p>\n<\/li>\n<li data-start=\"1564\" data-end=\"1644\">\n<p data-start=\"1566\" data-end=\"1644\"><strong data-start=\"1566\" data-end=\"1590\">FDA &amp; LFGB Certified<\/strong> \u2013 Compliant with US and EU food contact regulations<\/p>\n<\/li>\n<li data-start=\"1645\" data-end=\"1733\">\n<p data-start=\"1647\" data-end=\"1733\"><strong data-start=\"1647\" data-end=\"1675\">V\u00e1rios tamanhos dispon\u00edveis<\/strong> \u2013 18oz, 22oz, and 32oz to meet different market demands<\/p>\n<\/li>\n<li data-start=\"1734\" data-end=\"1808\">\n<p data-start=\"1736\" data-end=\"1808\"><strong data-start=\"1736\" data-end=\"1769\">Double Wall Vacuum Insulation<\/strong> \u2013 Keeps drinks hot or cold for hours<\/p>\n<\/li>\n<li data-start=\"1809\" data-end=\"1888\">\n<p data-start=\"1811\" data-end=\"1888\"><strong data-start=\"1811\" data-end=\"1836\">Removable Tea Infuser<\/strong> \u2013 Ideal for loose leaf tea, fruit tea, and coffee<\/p>\n<\/li>\n<li data-start=\"1889\" data-end=\"1965\">\n<p data-start=\"1891\" data-end=\"1965\"><strong data-start=\"1891\" data-end=\"1918\">Car Cup Holder Friendly<\/strong> \u2013 Slim design fits most standard car holders<\/p>\n<\/li>\n<li data-start=\"1966\" data-end=\"2052\">\n<p data-start=\"1968\" data-end=\"2052\"><strong data-start=\"1968\" data-end=\"1997\">Custom Branding Supported<\/strong> \u2013 Logo, color, and packaging customization available<\/p>\n<\/li>\n<\/ul>","protected":false},"featured_media":3417,"template":"","meta":{"_acf_changed":true,"_seopress_robots_primary_cat":"none","_seopress_titles_title":"Custom stainless steel tea flask for loose tea with infuser and handle lid","_seopress_titles_desc":"FDA & LFGB certified 18oz \/ 22oz \/ 32oz stainless steel tea infuser tumbler with 304 food-grade material. Custom logo, color & packaging available for wholesale and private label orders.","_seopress_robots_index":"","_uag_custom_page_level_css":""},"product_brand":[],"product_cat":[32,40,19,54,24,20],"product_tag":[70,77,69,84,82,151],"class_list":{"0":"post-3416","1":"product","2":"type-product","3":"status-publish","4":"has-post-thumbnail","6":"product_cat-insulated-water-bottle","7":"product_cat-stainless-steel-tumbler","8":"product_cat-stainless-steel-water-bottle","9":"product_cat-tea-bottle-coffee-tumblers","10":"product_cat-tumblers-mugs","11":"product_cat-vacuum-flask","12":"product_tag-double-wall-insulated-flask","13":"product_tag-personalized-insulated-mug","14":"product_tag-stainless-steel-flask","15":"product_tag-tea-flask","16":"product_tag-tea-infuser-bottle","17":"product_tag-tea-tumbler","19":"first","20":"instock","21":"shipping-taxable","22":"product-type-simple"},"acf":[],"uagb_featured_image_src":{"full":["https:\/\/eco-drinkware.com\/wp-content\/uploads\/2026\/02\/eco-teal-vacuum-flask-infuser.webp",1000,1000,false],"thumbnail":["https:\/\/eco-drinkware.com\/wp-content\/uploads\/2026\/02\/eco-teal-vacuum-flask-infuser-150x150.webp",150,150,true],"medium":["https:\/\/eco-drinkware.com\/wp-content\/uploads\/2026\/02\/eco-teal-vacuum-flask-infuser-300x300.webp",300,300,true],"medium_large":["https:\/\/eco-drinkware.com\/wp-content\/uploads\/2026\/02\/eco-teal-vacuum-flask-infuser-768x768.webp",768,768,true],"large":["https:\/\/eco-drinkware.com\/wp-content\/uploads\/2026\/02\/eco-teal-vacuum-flask-infuser.webp",1000,1000,false],"1536x1536":["https:\/\/eco-drinkware.com\/wp-content\/uploads\/2026\/02\/eco-teal-vacuum-flask-infuser.webp",1000,1000,false],"2048x2048":["https:\/\/eco-drinkware.com\/wp-content\/uploads\/2026\/02\/eco-teal-vacuum-flask-infuser.webp",1000,1000,false],"trp-custom-language-flag":["https:\/\/eco-drinkware.com\/wp-content\/uploads\/2026\/02\/eco-teal-vacuum-flask-infuser-12x12.webp",12,12,true],"woocommerce_thumbnail":["https:\/\/eco-drinkware.com\/wp-content\/uploads\/2026\/02\/eco-teal-vacuum-flask-infuser-300x300.webp",300,300,true],"woocommerce_single":["https:\/\/eco-drinkware.com\/wp-content\/uploads\/2026\/02\/eco-teal-vacuum-flask-infuser-600x600.webp",600,600,true],"woocommerce_gallery_thumbnail":["https:\/\/eco-drinkware.com\/wp-content\/uploads\/2026\/02\/eco-teal-vacuum-flask-infuser-100x100.webp",100,100,true]},"uagb_author_info":{"display_name":"Amy","author_link":"https:\/\/eco-drinkware.com\/pt\/author\/"},"uagb_comment_info":0,"uagb_excerpt":"Food-Grade 304 Stainless Steel \u2013 BPA-free, rust-resistant, and designed for long-term use FDA &amp; LFGB Certified \u2013 Compliant with US and EU food contact regulations Multiple Sizes Available \u2013 18oz, 22oz, and 32oz to meet different market demands Double Wall Vacuum Insulation \u2013 Keeps drinks hot or cold for hours Removable Tea Infuser \u2013 Ideal&hellip;","_links":{"self":[{"href":"https:\/\/eco-drinkware.com\/pt\/wp-json\/wp\/v2\/product\/3416","targetHints":{"allow":["GET"]}}],"collection":[{"href":"https:\/\/eco-drinkware.com\/pt\/wp-json\/wp\/v2\/product"}],"about":[{"href":"https:\/\/eco-drinkware.com\/pt\/wp-json\/wp\/v2\/types\/product"}],"wp:featuredmedia":[{"embeddable":true,"href":"https:\/\/eco-drinkware.com\/pt\/wp-json\/wp\/v2\/media\/3417"}],"wp:attachment":[{"href":"https:\/\/eco-drinkware.com\/pt\/wp-json\/wp\/v2\/media?parent=3416"}],"wp:term":[{"taxonomy":"product_brand","embeddable":true,"href":"https:\/\/eco-drinkware.com\/pt\/wp-json\/wp\/v2\/product_brand?post=3416"},{"taxonomy":"product_cat","embeddable":true,"href":"https:\/\/eco-drinkware.com\/pt\/wp-json\/wp\/v2\/product_cat?post=3416"},{"taxonomy":"product_tag","embeddable":true,"href":"https:\/\/eco-drinkware.com\/pt\/wp-json\/wp\/v2\/product_tag?post=3416"}],"curies":[{"name":"wp","href":"https:\/\/api.w.org\/{rel}","templated":true}]}}