{"id":342,"date":"2022-11-03T08:08:59","date_gmt":"2022-11-03T00:08:59","guid":{"rendered":"https:\/\/eco-drinkware.com\/?post_type=product&#038;p=342"},"modified":"2022-12-02T17:24:31","modified_gmt":"2022-12-02T09:24:31","slug":"107-ga6085-frascos-infusores-de-cha-de-650-ml-garrafas-de-agua-com-revestimento-de-vidro-para-vacuo-107","status":"publish","type":"product","link":"https:\/\/eco-drinkware.com\/pt\/product\/107-ga6085-frascos-infusores-de-cha-de-650-ml-garrafas-de-agua-com-revestimento-de-vidro-para-vacuo-107\/","title":{"rendered":"GA6085 650ml Frascos Infusores de Ch\u00e1 Garrafas de \u00e1gua com revestimento de vidro a v\u00e1cuo"},"content":{"rendered":"<p>Esta garrafa de vidro borossilicato \u00e9 de parede simples, o log\u00f3tipo personalizado no vidro \u00e9 bem-vindo. O vidro \u00e9 s\u00f3lido, o material mais ecol\u00f3gico para beber.<\/p>\n\n\n\n<p>Tampas de 4 cores para a garrafa de vidro, a tampa \u00e9 com pega, f\u00e1cil de retirar. Com o interior da tampa em a\u00e7o inoxid\u00e1vel 304, o material de contacto com a \u00e1gua \u00e9 de qualidade alimentar.&nbsp;<\/p>\n\n\n\n<p>Atualmente, cada vez mais pessoas gostam de garrafas de vidro borossilicato de parede simples para beber, porque s\u00e3o leves, baratas e simples.\u00a0<\/p>\n\n\n\n<figure class=\"wp-block-image size-large is-resized\"><img loading=\"lazy\" decoding=\"async\" src=\"https:\/\/eco-drinkware.com\/wp-content\/uploads\/107_0-1024x1024.webp\" alt=\"\" class=\"wp-image-405\" width=\"540\" height=\"540\" srcset=\"https:\/\/eco-drinkware.com\/wp-content\/uploads\/107_0-1024x1024.webp 1024w, https:\/\/eco-drinkware.com\/wp-content\/uploads\/107_0-300x300.webp 300w, https:\/\/eco-drinkware.com\/wp-content\/uploads\/107_0-150x150.webp 150w, https:\/\/eco-drinkware.com\/wp-content\/uploads\/107_0-768x768.webp 768w, https:\/\/eco-drinkware.com\/wp-content\/uploads\/107_0-600x600.webp 600w, https:\/\/eco-drinkware.com\/wp-content\/uploads\/107_0-100x100.webp 100w, https:\/\/eco-drinkware.com\/wp-content\/uploads\/107_0.webp 1200w\" sizes=\"auto, (max-width: 540px) 100vw, 540px\" \/><\/figure>\n\n\n\n<figure class=\"wp-block-image size-full is-resized\"><img loading=\"lazy\" decoding=\"async\" src=\"https:\/\/eco-drinkware.com\/wp-content\/uploads\/2020-11-13-16-35-360.webp\" alt=\"\" class=\"wp-image-404\" width=\"540\" height=\"606\" srcset=\"https:\/\/eco-drinkware.com\/wp-content\/uploads\/2020-11-13-16-35-360.webp 720w, https:\/\/eco-drinkware.com\/wp-content\/uploads\/2020-11-13-16-35-360-267x300.webp 267w, https:\/\/eco-drinkware.com\/wp-content\/uploads\/2020-11-13-16-35-360-134x150.webp 134w, https:\/\/eco-drinkware.com\/wp-content\/uploads\/2020-11-13-16-35-360-600x673.webp 600w\" sizes=\"auto, (max-width: 540px) 100vw, 540px\" \/><\/figure>\n\n\n\n<figure class=\"wp-block-table\"><table><tbody><tr><td>Nome<\/td><td>Garrafas de vidro borossilicato com tampas de 4 cores--GA6085<\/td><\/tr><tr><td>Capacidade<\/td><td>650ml<\/td><\/tr><tr><td>Log\u00f3tipo<\/td><td>Log\u00f3tipo decalcado personalizado no vidro<\/td><\/tr><tr><td>Cor da tampa<\/td><td>Ouro, Ouro rosa, Prata, Preto<\/td><\/tr><tr><td>Material<\/td><td>Vidro com alto teor de borosilicato, a\u00e7o inoxid\u00e1vel 304, ABS, novo pp<\/td><\/tr><tr><td>Embalagem<\/td><td>Caixa branca, caixa de cor personalizada, cilindro redondo, caixa de ovos<\/td><\/tr><\/tbody><\/table><\/figure>","protected":false},"excerpt":{"rendered":"<p>Esta garrafa de vidro borossilicato \u00e9 de parede simples, o log\u00f3tipo personalizado no vidro \u00e9 bem-vindo. O vidro \u00e9 s\u00f3lido, o material mais ecol\u00f3gico para beber.<\/p>","protected":false},"featured_media":405,"template":"","meta":{"_acf_changed":false,"_seopress_robots_primary_cat":"","_seopress_titles_title":"","_seopress_titles_desc":"","_seopress_robots_index":"","_uag_custom_page_level_css":""},"product_brand":[],"product_cat":[36,42,25,22,54],"product_tag":[],"class_list":{"0":"post-342","1":"product","2":"type-product","3":"status-publish","4":"has-post-thumbnail","6":"product_cat-double-wall-gass-bottle","7":"product_cat-glass-tumbler","8":"product_cat-glass-tumbler-mugs","9":"product_cat-glass-water-bottle","10":"product_cat-tea-bottle-coffee-tumblers","12":"first","13":"instock","14":"shipping-taxable","15":"product-type-simple"},"acf":[],"uagb_featured_image_src":{"full":["https:\/\/eco-drinkware.com\/wp-content\/uploads\/107_0.webp",1200,1200,false],"thumbnail":["https:\/\/eco-drinkware.com\/wp-content\/uploads\/107_0-150x150.webp",150,150,true],"medium":["https:\/\/eco-drinkware.com\/wp-content\/uploads\/107_0-300x300.webp",300,300,true],"medium_large":["https:\/\/eco-drinkware.com\/wp-content\/uploads\/107_0-768x768.webp",768,768,true],"large":["https:\/\/eco-drinkware.com\/wp-content\/uploads\/107_0-1024x1024.webp",1024,1024,true],"1536x1536":["https:\/\/eco-drinkware.com\/wp-content\/uploads\/107_0.webp",1200,1200,false],"2048x2048":["https:\/\/eco-drinkware.com\/wp-content\/uploads\/107_0.webp",1200,1200,false],"trp-custom-language-flag":["https:\/\/eco-drinkware.com\/wp-content\/uploads\/107_0.webp",12,12,false],"woocommerce_thumbnail":["https:\/\/eco-drinkware.com\/wp-content\/uploads\/107_0-300x300.webp",300,300,true],"woocommerce_single":["https:\/\/eco-drinkware.com\/wp-content\/uploads\/107_0-600x600.webp",600,600,true],"woocommerce_gallery_thumbnail":["https:\/\/eco-drinkware.com\/wp-content\/uploads\/107_0-100x100.webp",100,100,true]},"uagb_author_info":{"display_name":"Amy","author_link":"https:\/\/eco-drinkware.com\/pt\/author\/"},"uagb_comment_info":0,"uagb_excerpt":"This borosilicate glass drinking bottle is single walled glass, custom logo on the glass is welcome. The glass is solid, most eco friendly material for drinking.","_links":{"self":[{"href":"https:\/\/eco-drinkware.com\/pt\/wp-json\/wp\/v2\/product\/342","targetHints":{"allow":["GET"]}}],"collection":[{"href":"https:\/\/eco-drinkware.com\/pt\/wp-json\/wp\/v2\/product"}],"about":[{"href":"https:\/\/eco-drinkware.com\/pt\/wp-json\/wp\/v2\/types\/product"}],"wp:featuredmedia":[{"embeddable":true,"href":"https:\/\/eco-drinkware.com\/pt\/wp-json\/wp\/v2\/media\/405"}],"wp:attachment":[{"href":"https:\/\/eco-drinkware.com\/pt\/wp-json\/wp\/v2\/media?parent=342"}],"wp:term":[{"taxonomy":"product_brand","embeddable":true,"href":"https:\/\/eco-drinkware.com\/pt\/wp-json\/wp\/v2\/product_brand?post=342"},{"taxonomy":"product_cat","embeddable":true,"href":"https:\/\/eco-drinkware.com\/pt\/wp-json\/wp\/v2\/product_cat?post=342"},{"taxonomy":"product_tag","embeddable":true,"href":"https:\/\/eco-drinkware.com\/pt\/wp-json\/wp\/v2\/product_tag?post=342"}],"curies":[{"name":"wp","href":"https:\/\/api.w.org\/{rel}","templated":true}]}}