{"id":344,"date":"2022-11-03T08:17:48","date_gmt":"2022-11-03T08:17:48","guid":{"rendered":"https:\/\/eco-drinkware.com\/?post_type=product&#038;p=344"},"modified":"2022-11-03T13:45:29","modified_gmt":"2022-11-03T13:45:29","slug":"105-em-stock-lancheira-de-aco-inoxidavel-ecologica-recipiente-para-sopa-com-tampa-de-bambu-105","status":"publish","type":"product","link":"https:\/\/eco-drinkware.com\/pt\/product\/105-em-stock-lancheira-de-aco-inoxidavel-ecologica-recipiente-para-sopa-com-tampa-de-bambu-105\/","title":{"rendered":"Em stock Caixa de almo\u00e7o bento em a\u00e7o inoxid\u00e1vel ecol\u00f3gico Recipiente para sopa com tampa de bambu"},"content":{"rendered":"<p>800ml 1200ml<\/p>\n\n\n\n<p><strong>Em stock Caixa de almo\u00e7o bento em a\u00e7o inoxid\u00e1vel ecol\u00f3gico Recipiente para sopa com tampa de bambu<\/strong><\/p>\n\n\n\n<p><strong>Tampa em bambu natural:<\/strong>a tampa do frasco t\u00e9rmico com isolamento t\u00e9rmico de bambu \u00e9 feita de bambu natural, f\u00e1cil de fazer o log\u00f3tipo personalizado a laser. Muito espessa e amiga do ambiente.<br><br><strong>Sem pl\u00e1stico:<\/strong>A\u00e7o inoxid\u00e1vel 304, que \u00e9 um material padr\u00e3o para alimentos, sem qualquer pl\u00e1stico neste recipiente para alimentos de lancheira com tampa de bambu<br><br><strong>2 tamanhos:<\/strong>800ml, 1200ml. O frasco de comida de bambu de 800ml \u00e9 adequado para crian\u00e7as, a lancheira bento de bambu de 1200ml \u00e9 uma boa escolha para adultos.<br><br>Tamb\u00e9m temos lancheira de a\u00e7o inoxid\u00e1vel 304, todas as pe\u00e7as s\u00e3o de a\u00e7o inoxid\u00e1vel, sem pl\u00e1stico.<br><br>Esta lancheira bento tem um design sem pl\u00e1stico. Existe apenas bambu natural e material de a\u00e7o inoxid\u00e1vel 304. O que significa que n\u00e3o h\u00e1 nenhum pl\u00e1stico. \u00c9 a nova tend\u00eancia para se aproximar da natureza sobre o estilo de vida original.  Se voc\u00ea quiser reduzir o pl\u00e1stico na vida di\u00e1ria, bem-vindo para se juntar a n\u00f3s e vender este recipiente de alimentos para seus clientes.<br><br>tamanho da lancheira com tampa de bambu para sua refer\u00eancia<\/p>\n\n\n\n<figure class=\"wp-block-image size-full\"><img loading=\"lazy\" decoding=\"async\" width=\"750\" height=\"968\" src=\"https:\/\/eco-drinkware.com\/wp-content\/uploads\/2021-05-21-16-00-279.webp\" alt=\"\" class=\"wp-image-412\" srcset=\"https:\/\/eco-drinkware.com\/wp-content\/uploads\/2021-05-21-16-00-279.webp 750w, https:\/\/eco-drinkware.com\/wp-content\/uploads\/2021-05-21-16-00-279-232x300.webp 232w, https:\/\/eco-drinkware.com\/wp-content\/uploads\/2021-05-21-16-00-279-116x150.webp 116w, https:\/\/eco-drinkware.com\/wp-content\/uploads\/2021-05-21-16-00-279-600x774.webp 600w\" sizes=\"auto, (max-width: 750px) 100vw, 750px\" \/><\/figure>\n\n\n\n<p>Mais fotos detalhadas da lancheira bento com tampa de bambu para sua refer\u00eancia.  F\u00e1cil de colocar o nome da sua marca a laser na lancheira e na tampa de bambu.<br>\u00c9 tamb\u00e9m uma boa prenda para os seus clientes, empregados e amigos.<\/p>\n\n\n\n<figure class=\"wp-block-image size-large\"><img loading=\"lazy\" decoding=\"async\" width=\"600\" height=\"1024\" src=\"https:\/\/eco-drinkware.com\/wp-content\/uploads\/2021-05-21-16-01-590-600x1024.webp\" alt=\"\" class=\"wp-image-413\" srcset=\"https:\/\/eco-drinkware.com\/wp-content\/uploads\/2021-05-21-16-01-590-600x1025.webp 600w, https:\/\/eco-drinkware.com\/wp-content\/uploads\/2021-05-21-16-01-590-176x300.webp 176w, https:\/\/eco-drinkware.com\/wp-content\/uploads\/2021-05-21-16-01-590-88x150.webp 88w, https:\/\/eco-drinkware.com\/wp-content\/uploads\/2021-05-21-16-01-590.webp 750w\" sizes=\"auto, (max-width: 600px) 100vw, 600px\" \/><\/figure>\n\n\n\n<figure class=\"wp-block-image size-large\"><img loading=\"lazy\" decoding=\"async\" width=\"670\" height=\"1024\" src=\"https:\/\/eco-drinkware.com\/wp-content\/uploads\/2021-05-21-16-02-568-670x1024.webp\" alt=\"\" class=\"wp-image-416\" srcset=\"https:\/\/eco-drinkware.com\/wp-content\/uploads\/2021-05-21-16-02-568-670x1024.webp 670w, https:\/\/eco-drinkware.com\/wp-content\/uploads\/2021-05-21-16-02-568-196x300.webp 196w, https:\/\/eco-drinkware.com\/wp-content\/uploads\/2021-05-21-16-02-568-98x150.webp 98w, https:\/\/eco-drinkware.com\/wp-content\/uploads\/2021-05-21-16-02-568-600x918.webp 600w, https:\/\/eco-drinkware.com\/wp-content\/uploads\/2021-05-21-16-02-568.webp 750w\" sizes=\"auto, (max-width: 670px) 100vw, 670px\" \/><\/figure>\n\n\n\n<figure class=\"wp-block-table\"><table><tbody><tr><td>Nome<\/td><td>O melhor frasco t\u00e9rmico isolado de bambu para alimentos<\/td><\/tr><tr><td>Material<\/td><td>Bambu natural, a\u00e7o inoxid\u00e1vel 304<\/td><\/tr><tr><td>Tamanho<\/td><td>800ml, 1200ml<\/td><\/tr><tr><td>Log\u00f3tipo<\/td><td>Personalizado<\/td><\/tr><tr><td>Embalagem<\/td><td>Caixa castanha natural, caixa de cor personalizada<\/td><\/tr><tr><td>Carater\u00edstica<\/td><td>Sem pl\u00e1stico<\/td><\/tr><\/tbody><\/table><\/figure>","protected":false},"excerpt":{"rendered":"<p>A tampa do frasco t\u00e9rmico com isolamento t\u00e9rmico de bambu \u00e9 feita de bambu natural, f\u00e1cil de fazer o log\u00f3tipo personalizado a laser. Muito espessa e amiga do ambiente. Sem design de pl\u00e1stico.<\/p>","protected":false},"featured_media":411,"template":"","meta":{"_acf_changed":false,"_seopress_robots_primary_cat":"","_seopress_titles_title":"","_seopress_titles_desc":"","_seopress_robots_index":"","_uag_custom_page_level_css":""},"product_brand":[],"product_cat":[15],"product_tag":[],"class_list":{"0":"post-344","1":"product","2":"type-product","3":"status-publish","4":"has-post-thumbnail","6":"product_cat-drinkware-accessories","8":"first","9":"instock","10":"shipping-taxable","11":"product-type-simple"},"acf":[],"uagb_featured_image_src":{"full":["https:\/\/eco-drinkware.com\/wp-content\/uploads\/105_3.webp",1000,1000,false],"thumbnail":["https:\/\/eco-drinkware.com\/wp-content\/uploads\/105_3-150x150.webp",150,150,true],"medium":["https:\/\/eco-drinkware.com\/wp-content\/uploads\/105_3-300x300.webp",300,300,true],"medium_large":["https:\/\/eco-drinkware.com\/wp-content\/uploads\/105_3-768x768.webp",768,768,true],"large":["https:\/\/eco-drinkware.com\/wp-content\/uploads\/105_3.webp",1000,1000,false],"1536x1536":["https:\/\/eco-drinkware.com\/wp-content\/uploads\/105_3.webp",1000,1000,false],"2048x2048":["https:\/\/eco-drinkware.com\/wp-content\/uploads\/105_3.webp",1000,1000,false],"trp-custom-language-flag":["https:\/\/eco-drinkware.com\/wp-content\/uploads\/105_3.webp",12,12,false],"woocommerce_thumbnail":["https:\/\/eco-drinkware.com\/wp-content\/uploads\/105_3-300x300.webp",300,300,true],"woocommerce_single":["https:\/\/eco-drinkware.com\/wp-content\/uploads\/105_3-600x600.webp",600,600,true],"woocommerce_gallery_thumbnail":["https:\/\/eco-drinkware.com\/wp-content\/uploads\/105_3-100x100.webp",100,100,true]},"uagb_author_info":{"display_name":"Amy","author_link":"https:\/\/eco-drinkware.com\/pt\/author\/"},"uagb_comment_info":0,"uagb_excerpt":"The lid of bamboo insulated thermos food flask is made of nature bamboo, easy to do custom laser logo on. Very thick and eco friendly. No plastic design.","_links":{"self":[{"href":"https:\/\/eco-drinkware.com\/pt\/wp-json\/wp\/v2\/product\/344","targetHints":{"allow":["GET"]}}],"collection":[{"href":"https:\/\/eco-drinkware.com\/pt\/wp-json\/wp\/v2\/product"}],"about":[{"href":"https:\/\/eco-drinkware.com\/pt\/wp-json\/wp\/v2\/types\/product"}],"wp:featuredmedia":[{"embeddable":true,"href":"https:\/\/eco-drinkware.com\/pt\/wp-json\/wp\/v2\/media\/411"}],"wp:attachment":[{"href":"https:\/\/eco-drinkware.com\/pt\/wp-json\/wp\/v2\/media?parent=344"}],"wp:term":[{"taxonomy":"product_brand","embeddable":true,"href":"https:\/\/eco-drinkware.com\/pt\/wp-json\/wp\/v2\/product_brand?post=344"},{"taxonomy":"product_cat","embeddable":true,"href":"https:\/\/eco-drinkware.com\/pt\/wp-json\/wp\/v2\/product_cat?post=344"},{"taxonomy":"product_tag","embeddable":true,"href":"https:\/\/eco-drinkware.com\/pt\/wp-json\/wp\/v2\/product_tag?post=344"}],"curies":[{"name":"wp","href":"https:\/\/api.w.org\/{rel}","templated":true}]}}