{"id":346,"date":"2022-11-03T08:21:33","date_gmt":"2022-11-03T00:21:33","guid":{"rendered":"https:\/\/eco-drinkware.com\/?post_type=product&#038;p=346"},"modified":"2025-09-26T18:10:55","modified_gmt":"2025-09-26T10:10:55","slug":"14-personzlied-logotipo-personalizado-sem-minimo-cha-fruta-infusor-garrafa-de-agua-vidro-borosilicato-14","status":"publish","type":"product","link":"https:\/\/eco-drinkware.com\/pt\/product\/14-personzlied-logotipo-personalizado-sem-minimo-cha-fruta-infusor-garrafa-de-agua-vidro-borosilicato-14\/","title":{"rendered":"Garrafa de \u00e1gua com infusor de vidro certificada pela FDA e LFGB - Garrafa de infusor de ch\u00e1 e fruta com tampa de bambu amiga do ambiente"},"content":{"rendered":"<h2 class=\"wp-block-heading\">Garrafa de \u00e1gua de vidro com infusor certificada pela FDA e LFGB com tampa de bambu, ideal para encomendas a granel, ofertas de empresas e marcas promocionais<\/h2>\n\n\n\n<p>Esta garrafa de vidro de parede dupla \u00e9 muito popular e est\u00e1 na moda. Existe uma pe\u00e7a de a\u00e7o inoxid\u00e1vel no interior da tampa de bambu. Assim, a \u00e1gua n\u00e3o entra em contacto com o pl\u00e1stico. Sensa\u00e7\u00e3o de luxo e estilo de vida natural. Perfeito para marca de ch\u00e1, loja de ch\u00e1, cafeteria e tamb\u00e9m um presente muito bom para qualquer evento de promo\u00e7\u00e3o, como casamento, festival.<\/p>\n\n\n\n<ul class=\"wp-block-list\">\n<li><strong>Personaliza\u00e7\u00e3o total para a marca<\/strong> - Esta garrafa de \u00e1gua de vidro com infusor certificada pela FDA e LFGB foi concebida para apoiar as suas necessidades comerciais. O <strong>corpo em vidro, tampa em bambu e embalagem exterior<\/strong> podem ser todos personalizados com o seu log\u00f3tipo ou mensagem de marca. Quer esteja a procurar <strong>encomendas por grosso, encomendas a granel, projectos de marca pr\u00f3pria ou presentes para empresas<\/strong>, Esta garrafa oferece a flexibilidade necess\u00e1ria para mostrar a sua marca de uma forma de qualidade superior.<\/li>\n\n\n\n<li><strong>Constru\u00e7\u00e3o em vidro de alta qualidade<\/strong> - Fabricado em <strong>vidro borossilicato duradouro<\/strong>, A garrafa \u00e9 resistente ao calor e \u00e0 quebra, oferecendo seguran\u00e7a e uma utiliza\u00e7\u00e3o duradoura. Ao contr\u00e1rio das garrafas de pl\u00e1stico, o material de vidro \u00e9 <strong>amigo do ambiente, sem BPA e mais saud\u00e1vel para a hidrata\u00e7\u00e3o di\u00e1ria<\/strong>, que se alinha com a procura crescente de artigos para beber sustent\u00e1veis nos mercados internacionais.<\/li>\n\n\n\n<li><strong>Tampa de bambu natural<\/strong> - A tampa de bambu ecol\u00f3gica d\u00e1 um toque de eleg\u00e2ncia, assegurando simultaneamente uma veda\u00e7\u00e3o estanque e estanque. N\u00e3o s\u00f3 melhora o aspeto visual, como tamb\u00e9m reflecte <strong>pr\u00e1ticas empresariais sustent\u00e1veis<\/strong>, o que constitui um importante argumento de venda para os compradores e distribuidores preocupados com o ambiente.<\/li>\n\n\n\n<li><strong>Infusor resistente ao calor e vers\u00e1til<\/strong> - O corpo de vidro isolado protege as suas m\u00e3os do calor, tornando-o seguro e confort\u00e1vel de manusear. Com o seu infusor amov\u00edvel, a garrafa \u00e9 perfeita para preparar <strong>ch\u00e1 de folhas soltas, ch\u00e1 de frutas e at\u00e9 caf\u00e9 acabado de fazer<\/strong>, oferecendo aos seus clientes um produto vers\u00e1til e funcional.<\/li>\n\n\n\n<li><strong>Ideal para mercados B2B<\/strong> - Esta garrafa de \u00e1gua com infusor de vidro \u00e9 adequada para <strong>importadores, retalhistas, distribuidores e empresas de produtos promocionais<\/strong>. Cumpre as normas de certifica\u00e7\u00e3o internacionais (FDA e LFGB), garantindo a conformidade da qualidade e a fiabilidade para os mercados globais. Com op\u00e7\u00f5es para <strong>personaliza\u00e7\u00e3o do log\u00f3tipo e embalagem \u00e0 medida<\/strong>, \u00c9 uma excelente escolha para as empresas que pretendem melhorar a sua linha de produtos com um artigo de qualidade superior e amigo do ambiente.<\/li>\n<\/ul>\n\n\n\n<p><strong>Porque \u00e9 que vai adorar:<\/strong><\/p>\n\n\n\n<h3 class=\"wp-block-heading\"><strong>Porqu\u00ea escolher a nossa garrafa de \u00e1gua de vidro com filtro para encomendas a granel?<\/strong><\/h3>\n\n\n\n<p>\u2728\u00a0<strong>Op\u00e7\u00f5es de personaliza\u00e7\u00e3o<\/strong>\u00a0- Como fornecedor de confian\u00e7a, oferecemos uma vasta gama de op\u00e7\u00f5es de personaliza\u00e7\u00e3o, incluindo a coloca\u00e7\u00e3o de log\u00f3tipos, escolhas de cores e embalagens personalizadas.<br>\u2728\u00a0<strong>Pre\u00e7o direto de f\u00e1brica<\/strong>\u00a0- Desfrute de pre\u00e7os competitivos para encomendas em grandes quantidades, garantindo uma boa rela\u00e7\u00e3o custo-benef\u00edcio sem comprometer a qualidade.<br>\u2728\u00a0<strong>Dur\u00e1vel e fi\u00e1vel<\/strong>\u00a0- Constru\u00eddos para resistir \u00e0 utiliza\u00e7\u00e3o di\u00e1ria, os nossos copos s\u00e3o perfeitos para brindes de empresas, eventos promocionais ou vendas a retalho. A Eco Drinkware oferece um bom servi\u00e7o p\u00f3s-venda para a nossa garrafa de sublima\u00e7\u00e3o.<br>\u2728\u00a0<strong>R\u00e1pida rota\u00e7\u00e3o<\/strong>\u00a0- A nossa f\u00e1brica est\u00e1 equipada para lidar com encomendas em grande escala com produ\u00e7\u00e3o eficiente e entrega atempada. Especialmente porque utilizamos robots na produ\u00e7\u00e3o, o que tornou a produ\u00e7\u00e3o muito mais r\u00e1pida. H\u00e1 200 trabalhadores e 10 linhas de produ\u00e7\u00e3o trabalham para os nossos clientes todos os dias.                                       \u2728<strong>Apoio a encomendas de pequenas dimens\u00f5es<\/strong>\u00a0- Com garrafa de vidro para beber em estoque em nosso armaz\u00e9m, apoiamos pedidos de pequenos lotes, como 100 pe\u00e7as. Isso torna o tempo de produ\u00e7\u00e3o mais curto e come\u00e7a o neg\u00f3cio muito f\u00e1cil.<br>\u2728\u00a0<strong>Amigo do ambiente e reutiliz\u00e1vel<\/strong>\u00a0- Promovemos a sustentabilidade com um copo reutiliz\u00e1vel que reduz o desperd\u00edcio e est\u00e1 de acordo com os valores da consci\u00eancia ecol\u00f3gica. Mais e mais clientes escolhem o frasco isolado de a\u00e7o inoxid\u00e1vel para substituir a garrafa de pl\u00e1stico.                                                            \u2728<strong>Entrega global<\/strong>\u00a0- Oferecemos entrega global a todos os clientes. Oferecemos at\u00e9 mesmo remessas DDP para muitos pa\u00edses. Isso ajuda os clientes a economizar dinheiro.                                                                                \u2728<strong>Fornecedor fi\u00e1vel<\/strong>\u00a0- A Eco Drinkware trabalha neste sector h\u00e1 10 anos. Com equipa de tecnologia experiente e vendedor para trabalhar bem todos os novos projectos. \u00c9 aconselh\u00e1vel trabalhar com um fornecedor profissional para poupar dinheiro e tempo. Confie que ter\u00e1 uma experi\u00eancia de compra satisfat\u00f3ria.<\/p>\n\n\n\n<figure class=\"wp-block-table\"><table><tbody><tr><td>Nome<\/td><td>Caneca de vidro borossilicato de parede dupla de 450 ml garrafa de \u00e1gua<\/td><\/tr><tr><td>Material<\/td><td>vidro com alto teor de borosilicato, bambu natural, a\u00e7o inoxid\u00e1vel 18\/8 304, novo pp, anel de silicone<\/td><\/tr><tr><td>Capacidade<\/td><td>450ml<\/td><\/tr><tr><td>Tamanho<\/td><td>7*23cm<\/td><\/tr><tr><td>Embalagem<\/td><td>Caixa branca simples, caixa de cor personalizada, cilindro redondo<\/td><\/tr><tr><td>Log\u00f3tipo<\/td><td>Personalizado<\/td><\/tr><tr><td>Tempo de amostragem<\/td><td>5-7 dias<\/td><\/tr><\/tbody><\/table><\/figure>\n\n\n\n<figure class=\"wp-block-image size-full is-resized\"><img loading=\"lazy\" decoding=\"async\" width=\"1000\" height=\"1000\" src=\"https:\/\/eco-drinkware.com\/wp-content\/uploads\/14_0.webp\" alt=\"\" class=\"wp-image-419\" style=\"width:500px;height:500px\" srcset=\"https:\/\/eco-drinkware.com\/wp-content\/uploads\/14_0.webp 1000w, https:\/\/eco-drinkware.com\/wp-content\/uploads\/14_0-300x300.webp 300w, https:\/\/eco-drinkware.com\/wp-content\/uploads\/14_0-150x150.webp 150w, https:\/\/eco-drinkware.com\/wp-content\/uploads\/14_0-768x768.webp 768w, https:\/\/eco-drinkware.com\/wp-content\/uploads\/14_0-600x600.webp 600w, https:\/\/eco-drinkware.com\/wp-content\/uploads\/14_0-100x100.webp 100w\" sizes=\"auto, (max-width: 1000px) 100vw, 1000px\" \/><\/figure>\n\n\n\n<figure class=\"wp-block-image size-full is-resized\"><img loading=\"lazy\" decoding=\"async\" width=\"750\" height=\"800\" src=\"https:\/\/eco-drinkware.com\/wp-content\/uploads\/2020-10-23-17-25-520.webp\" alt=\"\" class=\"wp-image-418\" style=\"width:563px;height:600px\" srcset=\"https:\/\/eco-drinkware.com\/wp-content\/uploads\/2020-10-23-17-25-520.webp 750w, https:\/\/eco-drinkware.com\/wp-content\/uploads\/2020-10-23-17-25-520-281x300.webp 281w, https:\/\/eco-drinkware.com\/wp-content\/uploads\/2020-10-23-17-25-520-141x150.webp 141w, https:\/\/eco-drinkware.com\/wp-content\/uploads\/2020-10-23-17-25-520-600x640.webp 600w\" sizes=\"auto, (max-width: 750px) 100vw, 750px\" \/><\/figure>\n\n\n\n<figure class=\"wp-block-image size-large is-resized\"><img loading=\"lazy\" decoding=\"async\" width=\"1024\" height=\"1024\" src=\"https:\/\/eco-drinkware.com\/wp-content\/uploads\/14_1-1024x1024.webp\" alt=\"\" class=\"wp-image-420\" style=\"width:500px;height:500px\" srcset=\"https:\/\/eco-drinkware.com\/wp-content\/uploads\/14_1-1024x1024.webp 1024w, https:\/\/eco-drinkware.com\/wp-content\/uploads\/14_1-300x300.webp 300w, https:\/\/eco-drinkware.com\/wp-content\/uploads\/14_1-150x150.webp 150w, https:\/\/eco-drinkware.com\/wp-content\/uploads\/14_1-768x768.webp 768w, https:\/\/eco-drinkware.com\/wp-content\/uploads\/14_1-600x600.webp 600w, https:\/\/eco-drinkware.com\/wp-content\/uploads\/14_1-100x100.webp 100w, https:\/\/eco-drinkware.com\/wp-content\/uploads\/14_1.webp 1500w\" sizes=\"auto, (max-width: 1024px) 100vw, 1024px\" \/><\/figure>\n\n\n\n<p>Imagem da embalagem personalizada para refer\u00eancia<\/p>\n\n\n\n<figure class=\"wp-block-image size-full is-resized\"><img loading=\"lazy\" decoding=\"async\" width=\"802\" height=\"595\" src=\"https:\/\/eco-drinkware.com\/wp-content\/uploads\/2025\/09\/color-box.jpg\" alt=\"caixa de cor para garrafa de \u00e1gua de vidro\" class=\"wp-image-3264\" style=\"width:507px;height:auto\" srcset=\"https:\/\/eco-drinkware.com\/wp-content\/uploads\/2025\/09\/color-box.jpg 802w, https:\/\/eco-drinkware.com\/wp-content\/uploads\/2025\/09\/color-box-300x223.jpg 300w, https:\/\/eco-drinkware.com\/wp-content\/uploads\/2025\/09\/color-box-150x111.jpg 150w, https:\/\/eco-drinkware.com\/wp-content\/uploads\/2025\/09\/color-box-768x570.jpg 768w, https:\/\/eco-drinkware.com\/wp-content\/uploads\/2025\/09\/color-box-16x12.jpg 16w, https:\/\/eco-drinkware.com\/wp-content\/uploads\/2025\/09\/color-box-600x445.jpg 600w\" sizes=\"auto, (max-width: 802px) 100vw, 802px\" \/><figcaption class=\"wp-element-caption\">Caixa de cor personalizada<\/figcaption><\/figure>\n\n\n\n<figure class=\"wp-block-image size-full is-resized\"><img loading=\"lazy\" decoding=\"async\" width=\"634\" height=\"575\" src=\"https:\/\/eco-drinkware.com\/wp-content\/uploads\/2025\/09\/cylinder-package.jpg\" alt=\"pacote de cilindros\" class=\"wp-image-3265\" style=\"width:327px;height:auto\" srcset=\"https:\/\/eco-drinkware.com\/wp-content\/uploads\/2025\/09\/cylinder-package.jpg 634w, https:\/\/eco-drinkware.com\/wp-content\/uploads\/2025\/09\/cylinder-package-300x272.jpg 300w, https:\/\/eco-drinkware.com\/wp-content\/uploads\/2025\/09\/cylinder-package-150x136.jpg 150w, https:\/\/eco-drinkware.com\/wp-content\/uploads\/2025\/09\/cylinder-package-13x12.jpg 13w, https:\/\/eco-drinkware.com\/wp-content\/uploads\/2025\/09\/cylinder-package-600x544.jpg 600w\" sizes=\"auto, (max-width: 634px) 100vw, 634px\" \/><figcaption class=\"wp-element-caption\">Conjunto de cilindros arredondados personalizados<\/figcaption><\/figure>\n\n\n\n<p>Para encomendas de transporte mar\u00edtimo a granel, usamos o pacote de paletes abaixo para garantir que n\u00e3o haja quebra em tr\u00e2nsito.<\/p>\n\n\n\n<figure class=\"wp-block-image size-full is-resized\"><img loading=\"lazy\" decoding=\"async\" width=\"544\" height=\"960\" src=\"https:\/\/eco-drinkware.com\/wp-content\/uploads\/2025\/09\/pallet-package.jpg\" alt=\"embalagem em palete\" class=\"wp-image-3266\" style=\"width:283px;height:auto\" srcset=\"https:\/\/eco-drinkware.com\/wp-content\/uploads\/2025\/09\/pallet-package.jpg 544w, https:\/\/eco-drinkware.com\/wp-content\/uploads\/2025\/09\/pallet-package-170x300.jpg 170w, https:\/\/eco-drinkware.com\/wp-content\/uploads\/2025\/09\/pallet-package-85x150.jpg 85w, https:\/\/eco-drinkware.com\/wp-content\/uploads\/2025\/09\/pallet-package-7x12.jpg 7w\" sizes=\"auto, (max-width: 544px) 100vw, 544px\" \/><\/figure>","protected":false},"excerpt":{"rendered":"<h3 data-start=\"109\" data-end=\"134\">Garrafa de \u00e1gua de vidro com filtro personalizada certificada pela FDA e LFGB<\/h3>\n<ul data-start=\"136\" data-end=\"979\">\n<li data-start=\"136\" data-end=\"338\">\n<p data-start=\"138\" data-end=\"338\"><strong data-start=\"138\" data-end=\"171\">Op\u00e7\u00f5es de marca personaliz\u00e1veis<\/strong> - O corpo de vidro, a tampa de bambu e a embalagem podem ser personalizados com o seu log\u00f3tipo, tornando-o ideal para <strong data-start=\"276\" data-end=\"335\">venda por grosso, brindes para empresas e artigos promocionais<\/strong>.<\/p>\n<\/li>\n<li data-start=\"339\" data-end=\"518\">\n<p data-start=\"341\" data-end=\"518\"><strong data-start=\"341\" data-end=\"371\">Constru\u00e7\u00e3o em vidro dur\u00e1vel<\/strong> - Fabricada em vidro borossilicato de primeira qualidade, esta garrafa \u00e9 amiga do ambiente, n\u00e3o cont\u00e9m BPA e \u00e9 mais saud\u00e1vel para a hidrata\u00e7\u00e3o di\u00e1ria do que as alternativas de pl\u00e1stico.<\/p>\n<\/li>\n<li data-start=\"519\" data-end=\"662\">\n<p data-start=\"521\" data-end=\"662\"><strong data-start=\"521\" data-end=\"548\">Tampa de bambu ecol\u00f3gica<\/strong> - Com uma tampa de bambu natural que confere um aspeto elegante ao mesmo tempo que suporta <strong data-start=\"625\" data-end=\"659\">solu\u00e7\u00f5es empresariais sustent\u00e1veis<\/strong>.<\/p>\n<\/li>\n<li data-start=\"663\" data-end=\"810\">\n<p data-start=\"665\" data-end=\"810\"><strong data-start=\"665\" data-end=\"690\">Design resistente ao calor<\/strong> - O corpo de vidro isolado evita queimaduras, tornando-o seguro para ch\u00e1 quente, infus\u00f5es de fruta e caf\u00e9 acabado de fazer.<\/p>\n<\/li>\n<li data-start=\"663\" data-end=\"810\"><strong data-start=\"813\" data-end=\"839\">Pequeno MOQ<\/strong>\u00a0-Pequena encomenda suportada, pode ser feita a partir de 50-100 unidades.<\/li>\n<li data-start=\"663\" data-end=\"810\"><strong data-start=\"813\" data-end=\"839\">Expedi\u00e7\u00e3o para todo o mundo<\/strong> -Apoiamos o envio para todo o mundo. Especialmente o envio DDP para muitos pa\u00edses principais.<\/li>\n<li data-start=\"811\" data-end=\"979\">\n<p data-start=\"813\" data-end=\"979\"><strong data-start=\"813\" data-end=\"839\">Perfeito para compradores B2B<\/strong> - Adequado para <strong data-start=\"855\" data-end=\"919\">encomendas a granel, distribuidores retalhistas e projectos de marca pr\u00f3pria<\/strong>, A sua marca \u00e9 uma marca de qualidade, que oferece funcionalidade e uma forte visibilidade da marca.<\/p>\n<\/li>\n<\/ul>","protected":false},"featured_media":419,"template":"","meta":{"_acf_changed":false,"_seopress_robots_primary_cat":"none","_seopress_titles_title":"FDA & LFGB Certified Glass Infuser Water Bottle with bamboo lid","_seopress_titles_desc":"Support custom logo and package,food safe material, fast delivery time, competitive price. Small strart order is welcome. Whatsapp:0086 13567428830","_seopress_robots_index":"","_uag_custom_page_level_css":""},"product_brand":[],"product_cat":[36,42,25,22,54],"product_tag":[148,149,146,150,147],"class_list":{"0":"post-346","1":"product","2":"type-product","3":"status-publish","4":"has-post-thumbnail","6":"product_cat-double-wall-gass-bottle","7":"product_cat-glass-tumbler","8":"product_cat-glass-tumbler-mugs","9":"product_cat-glass-water-bottle","10":"product_cat-tea-bottle-coffee-tumblers","11":"product_tag-bulk-glass-water-bottles","12":"product_tag-glass-infuser-water-bottle","13":"product_tag-glass-water-bottle-with-filter","14":"product_tag-personalised-glass-bottle","15":"product_tag-water-glass-bottle","17":"first","18":"instock","19":"shipping-taxable","20":"product-type-simple"},"acf":[],"uagb_featured_image_src":{"full":["https:\/\/eco-drinkware.com\/wp-content\/uploads\/14_0.webp",1000,1000,false],"thumbnail":["https:\/\/eco-drinkware.com\/wp-content\/uploads\/14_0-150x150.webp",150,150,true],"medium":["https:\/\/eco-drinkware.com\/wp-content\/uploads\/14_0-300x300.webp",300,300,true],"medium_large":["https:\/\/eco-drinkware.com\/wp-content\/uploads\/14_0-768x768.webp",768,768,true],"large":["https:\/\/eco-drinkware.com\/wp-content\/uploads\/14_0.webp",1000,1000,false],"1536x1536":["https:\/\/eco-drinkware.com\/wp-content\/uploads\/14_0.webp",1000,1000,false],"2048x2048":["https:\/\/eco-drinkware.com\/wp-content\/uploads\/14_0.webp",1000,1000,false],"trp-custom-language-flag":["https:\/\/eco-drinkware.com\/wp-content\/uploads\/14_0.webp",12,12,false],"woocommerce_thumbnail":["https:\/\/eco-drinkware.com\/wp-content\/uploads\/14_0-300x300.webp",300,300,true],"woocommerce_single":["https:\/\/eco-drinkware.com\/wp-content\/uploads\/14_0-600x600.webp",600,600,true],"woocommerce_gallery_thumbnail":["https:\/\/eco-drinkware.com\/wp-content\/uploads\/14_0-100x100.webp",100,100,true]},"uagb_author_info":{"display_name":"Amy","author_link":"https:\/\/eco-drinkware.com\/pt\/author\/"},"uagb_comment_info":0,"uagb_excerpt":"Customized FDA &amp; LFGB Certified Glass glass water bottle with filter Customizable Branding Options \u2013 The glass body, bamboo lid, and packaging can all be personalized with your logo, making it ideal for wholesale, corporate gifts, and promotional merchandise. Durable Glass Construction \u2013 Made of premium borosilicate glass, this bottle is eco-friendly, BPA-free, and healthier&hellip;","_links":{"self":[{"href":"https:\/\/eco-drinkware.com\/pt\/wp-json\/wp\/v2\/product\/346","targetHints":{"allow":["GET"]}}],"collection":[{"href":"https:\/\/eco-drinkware.com\/pt\/wp-json\/wp\/v2\/product"}],"about":[{"href":"https:\/\/eco-drinkware.com\/pt\/wp-json\/wp\/v2\/types\/product"}],"wp:featuredmedia":[{"embeddable":true,"href":"https:\/\/eco-drinkware.com\/pt\/wp-json\/wp\/v2\/media\/419"}],"wp:attachment":[{"href":"https:\/\/eco-drinkware.com\/pt\/wp-json\/wp\/v2\/media?parent=346"}],"wp:term":[{"taxonomy":"product_brand","embeddable":true,"href":"https:\/\/eco-drinkware.com\/pt\/wp-json\/wp\/v2\/product_brand?post=346"},{"taxonomy":"product_cat","embeddable":true,"href":"https:\/\/eco-drinkware.com\/pt\/wp-json\/wp\/v2\/product_cat?post=346"},{"taxonomy":"product_tag","embeddable":true,"href":"https:\/\/eco-drinkware.com\/pt\/wp-json\/wp\/v2\/product_tag?post=346"}],"curies":[{"name":"wp","href":"https:\/\/api.w.org\/{rel}","templated":true}]}}