{"id":348,"date":"2022-11-03T08:55:36","date_gmt":"2022-11-03T08:55:36","guid":{"rendered":"https:\/\/eco-drinkware.com\/?post_type=product&#038;p=348"},"modified":"2022-11-03T14:01:56","modified_gmt":"2022-11-03T14:01:56","slug":"104-venda-quente-lancheira-ecologica-recipientes-para-alimentos-em-aco-inoxidavel-104","status":"publish","type":"product","link":"https:\/\/eco-drinkware.com\/pt\/product\/104-venda-quente-lancheira-ecologica-recipientes-para-alimentos-em-aco-inoxidavel-104\/","title":{"rendered":"Venda quente de lancheira ecol\u00f3gica Recipientes para alimentos em a\u00e7o inoxid\u00e1vel"},"content":{"rendered":"<p>Se precisar de uma lancheira, temos uma lancheira t\u00e9rmica de a\u00e7o inoxid\u00e1vel, uma lancheira t\u00e9rmica com tampa de bambu<\/p>\n\n\n\n<p>Este frasco t\u00e9rmico de a\u00e7o inoxid\u00e1vel para lancheiras tem&nbsp;<strong>3 tamanhos: 800ml, 1200ml, 1400ml<\/strong><br>A lancheira t\u00e9rmica de 800 ml \u00e9 adequada para crian\u00e7as, 1200 ml e 1400 ml s\u00e3o adequados para adultos.<\/p>\n\n\n\n<p>A melhor lancheira t\u00e9rmica para alimentos quentes, mant\u00e9m os alimentos quentes e \u00e9 \u00e0 prova de \u00e1gua.<\/p>\n\n\n\n<p>O a\u00e7o inoxid\u00e1vel da lancheira t\u00e9rmica \u00e9 a\u00e7o inoxid\u00e1vel 304.<\/p>\n\n\n\n<p><strong>Com fivela de a\u00e7o inoxid\u00e1vel<\/strong>ao lado de 2 lados da lancheira t\u00e9rmica.<\/p>\n\n\n\n<p><strong>Com divis\u00f3ria em a\u00e7o<\/strong><\/p>\n\n\n\n<p><strong>Sem pl\u00e1stico<\/strong><\/p>\n\n\n\n<figure class=\"wp-block-image size-full\"><img loading=\"lazy\" decoding=\"async\" width=\"550\" height=\"550\" src=\"https:\/\/eco-drinkware.com\/wp-content\/uploads\/104_1.webp\" alt=\"\" class=\"wp-image-424\" srcset=\"https:\/\/eco-drinkware.com\/wp-content\/uploads\/104_1.webp 550w, https:\/\/eco-drinkware.com\/wp-content\/uploads\/104_1-300x300.webp 300w, https:\/\/eco-drinkware.com\/wp-content\/uploads\/104_1-150x150.webp 150w, https:\/\/eco-drinkware.com\/wp-content\/uploads\/104_1-100x100.webp 100w\" sizes=\"auto, (max-width: 550px) 100vw, 550px\" \/><\/figure>\n\n\n\n<figure class=\"wp-block-image size-full\"><img loading=\"lazy\" decoding=\"async\" width=\"550\" height=\"550\" src=\"https:\/\/eco-drinkware.com\/wp-content\/uploads\/104_2.webp\" alt=\"\" class=\"wp-image-425\" srcset=\"https:\/\/eco-drinkware.com\/wp-content\/uploads\/104_2.webp 550w, https:\/\/eco-drinkware.com\/wp-content\/uploads\/104_2-300x300.webp 300w, https:\/\/eco-drinkware.com\/wp-content\/uploads\/104_2-150x150.webp 150w, https:\/\/eco-drinkware.com\/wp-content\/uploads\/104_2-100x100.webp 100w\" sizes=\"auto, (max-width: 550px) 100vw, 550px\" \/><\/figure>\n\n\n\n<figure class=\"wp-block-image size-full\"><img loading=\"lazy\" decoding=\"async\" width=\"550\" height=\"550\" src=\"https:\/\/eco-drinkware.com\/wp-content\/uploads\/104_3.webp\" alt=\"\" class=\"wp-image-426\" srcset=\"https:\/\/eco-drinkware.com\/wp-content\/uploads\/104_3.webp 550w, https:\/\/eco-drinkware.com\/wp-content\/uploads\/104_3-300x300.webp 300w, https:\/\/eco-drinkware.com\/wp-content\/uploads\/104_3-150x150.webp 150w, https:\/\/eco-drinkware.com\/wp-content\/uploads\/104_3-100x100.webp 100w\" sizes=\"auto, (max-width: 550px) 100vw, 550px\" \/><\/figure>\n\n\n\n<figure class=\"wp-block-image size-full\"><img loading=\"lazy\" decoding=\"async\" width=\"550\" height=\"550\" src=\"https:\/\/eco-drinkware.com\/wp-content\/uploads\/104_0.webp\" alt=\"\" class=\"wp-image-423\" srcset=\"https:\/\/eco-drinkware.com\/wp-content\/uploads\/104_0.webp 550w, https:\/\/eco-drinkware.com\/wp-content\/uploads\/104_0-300x300.webp 300w, https:\/\/eco-drinkware.com\/wp-content\/uploads\/104_0-150x150.webp 150w, https:\/\/eco-drinkware.com\/wp-content\/uploads\/104_0-100x100.webp 100w\" sizes=\"auto, (max-width: 550px) 100vw, 550px\" \/><\/figure>","protected":false},"excerpt":{"rendered":"<p>Esta lancheira t\u00e9rmica de a\u00e7o inoxid\u00e1vel tem 3 tamanhos: 800ml, 1200ml, 1400ml. A lancheira t\u00e9rmica de 800ml \u00e9 adequada para crian\u00e7as, 1200ml e 1400ml s\u00e3o adequados para adultos. A melhor lancheira t\u00e9rmica para comida quente, mant\u00e9m a comida quente e \u00e9 \u00e0 prova de \u00e1gua.<\/p>","protected":false},"featured_media":423,"template":"","meta":{"_acf_changed":false,"_seopress_robots_primary_cat":"","_seopress_titles_title":"","_seopress_titles_desc":"","_seopress_robots_index":"","_uag_custom_page_level_css":""},"product_brand":[],"product_cat":[15],"product_tag":[],"class_list":{"0":"post-348","1":"product","2":"type-product","3":"status-publish","4":"has-post-thumbnail","6":"product_cat-drinkware-accessories","8":"first","9":"instock","10":"shipping-taxable","11":"product-type-simple"},"acf":[],"uagb_featured_image_src":{"full":["https:\/\/eco-drinkware.com\/wp-content\/uploads\/104_0.webp",550,550,false],"thumbnail":["https:\/\/eco-drinkware.com\/wp-content\/uploads\/104_0-150x150.webp",150,150,true],"medium":["https:\/\/eco-drinkware.com\/wp-content\/uploads\/104_0-300x300.webp",300,300,true],"medium_large":["https:\/\/eco-drinkware.com\/wp-content\/uploads\/104_0.webp",550,550,false],"large":["https:\/\/eco-drinkware.com\/wp-content\/uploads\/104_0.webp",550,550,false],"1536x1536":["https:\/\/eco-drinkware.com\/wp-content\/uploads\/104_0.webp",550,550,false],"2048x2048":["https:\/\/eco-drinkware.com\/wp-content\/uploads\/104_0.webp",550,550,false],"trp-custom-language-flag":["https:\/\/eco-drinkware.com\/wp-content\/uploads\/104_0.webp",12,12,false],"woocommerce_thumbnail":["https:\/\/eco-drinkware.com\/wp-content\/uploads\/104_0-300x300.webp",300,300,true],"woocommerce_single":["https:\/\/eco-drinkware.com\/wp-content\/uploads\/104_0.webp",550,550,false],"woocommerce_gallery_thumbnail":["https:\/\/eco-drinkware.com\/wp-content\/uploads\/104_0-100x100.webp",100,100,true]},"uagb_author_info":{"display_name":"Amy","author_link":"https:\/\/eco-drinkware.com\/pt\/author\/"},"uagb_comment_info":0,"uagb_excerpt":"This stainless steel thermos lunch box food flask has 3 size: 800ml, 1200ml, 1400ml. 800ml thermos lunch box is suitable for kids, 1200ml and 1400ml are suitable for adults. Best thermos lunch box for hot food, keep food hot, and water proof.","_links":{"self":[{"href":"https:\/\/eco-drinkware.com\/pt\/wp-json\/wp\/v2\/product\/348","targetHints":{"allow":["GET"]}}],"collection":[{"href":"https:\/\/eco-drinkware.com\/pt\/wp-json\/wp\/v2\/product"}],"about":[{"href":"https:\/\/eco-drinkware.com\/pt\/wp-json\/wp\/v2\/types\/product"}],"wp:featuredmedia":[{"embeddable":true,"href":"https:\/\/eco-drinkware.com\/pt\/wp-json\/wp\/v2\/media\/423"}],"wp:attachment":[{"href":"https:\/\/eco-drinkware.com\/pt\/wp-json\/wp\/v2\/media?parent=348"}],"wp:term":[{"taxonomy":"product_brand","embeddable":true,"href":"https:\/\/eco-drinkware.com\/pt\/wp-json\/wp\/v2\/product_brand?post=348"},{"taxonomy":"product_cat","embeddable":true,"href":"https:\/\/eco-drinkware.com\/pt\/wp-json\/wp\/v2\/product_cat?post=348"},{"taxonomy":"product_tag","embeddable":true,"href":"https:\/\/eco-drinkware.com\/pt\/wp-json\/wp\/v2\/product_tag?post=348"}],"curies":[{"name":"wp","href":"https:\/\/api.w.org\/{rel}","templated":true}]}}