{"id":350,"date":"2022-11-03T08:56:59","date_gmt":"2022-11-03T00:56:59","guid":{"rendered":"https:\/\/eco-drinkware.com\/?post_type=product&#038;p=350"},"modified":"2022-12-02T17:20:14","modified_gmt":"2022-12-02T09:20:14","slug":"63-em-stock-frasco-de-vacuo-em-aco-inoxidavel-natural-chavena-de-cafe-em-bambu-63","status":"publish","type":"product","link":"https:\/\/eco-drinkware.com\/pt\/product\/63-em-stock-frasco-de-vacuo-em-aco-inoxidavel-natural-chavena-de-cafe-em-bambu-63\/","title":{"rendered":"Em stock Frasco de v\u00e1cuo em a\u00e7o inoxid\u00e1vel natural ch\u00e1vena de caf\u00e9 em bambu"},"content":{"rendered":"<p><strong>Feito de bambu natural:<\/strong>A mat\u00e9ria-prima \u00e9 o bambu natural, podendo ver-se a pele de bambu \u00e0 volta. Material muito amigo do ambiente. O frasco t\u00e9rmico com isolamento de \u00e1gua de bambu deve estar num local seco.<br><strong>Nenhum pl\u00e1stico toca na \u00e1gua:<\/strong>O interior da tampa \u00e9 em a\u00e7o inoxid\u00e1vel 304, o infusor do cesto tamb\u00e9m \u00e9 em a\u00e7o inoxid\u00e1vel 304, material de qualidade alimentar.\u00a0<br><strong>Bal\u00e3o de v\u00e1cuo:<\/strong>Este frasco t\u00e9rmico isolado de \u00e1gua de bambu ecol\u00f3gico pode manter a \u00e1gua quente por 10-12 horas, manter a \u00e1gua fria por mais de 12 horas. Bom frasco isolado para armazenar ch\u00e1 quente, caf\u00e9 frio, caf\u00e9 quente e assim por diante.<br><strong>Garrafa t\u00e9rmica de bambu mais pequena:<\/strong>N\u00f3s tamb\u00e9m temos 380ml, 500ml, 550ml, 600ml de \u00e1gua de bambu isolado Thermos Flask, criar molde para fazer outros tamanhos tamb\u00e9m \u00e9 ok!<\/p>\n\n\n\n<figure class=\"wp-block-image size-full is-resized\"><img loading=\"lazy\" decoding=\"async\" src=\"https:\/\/eco-drinkware.com\/wp-content\/uploads\/63_1.webp\" alt=\"\" class=\"wp-image-432\" width=\"563\" height=\"563\" srcset=\"https:\/\/eco-drinkware.com\/wp-content\/uploads\/63_1.webp 750w, https:\/\/eco-drinkware.com\/wp-content\/uploads\/63_1-300x300.webp 300w, https:\/\/eco-drinkware.com\/wp-content\/uploads\/63_1-150x150.webp 150w, https:\/\/eco-drinkware.com\/wp-content\/uploads\/63_1-600x600.webp 600w, https:\/\/eco-drinkware.com\/wp-content\/uploads\/63_1-100x100.webp 100w\" sizes=\"auto, (max-width: 563px) 100vw, 563px\" \/><\/figure>\n\n\n\n<figure class=\"wp-block-image size-full\"><img loading=\"lazy\" decoding=\"async\" width=\"700\" height=\"500\" src=\"https:\/\/eco-drinkware.com\/wp-content\/uploads\/2020-11-19-15-50-210.webp\" alt=\"\" class=\"wp-image-430\" srcset=\"https:\/\/eco-drinkware.com\/wp-content\/uploads\/2020-11-19-15-50-210.webp 700w, https:\/\/eco-drinkware.com\/wp-content\/uploads\/2020-11-19-15-50-210-300x214.webp 300w, https:\/\/eco-drinkware.com\/wp-content\/uploads\/2020-11-19-15-50-210-150x107.webp 150w, https:\/\/eco-drinkware.com\/wp-content\/uploads\/2020-11-19-15-50-210-600x429.webp 600w\" sizes=\"auto, (max-width: 700px) 100vw, 700px\" \/><\/figure>","protected":false},"excerpt":{"rendered":"<p>Este frasco t\u00e9rmico isolado de \u00e1gua de bambu ecol\u00f3gico pode manter a \u00e1gua quente por 10-12 horas, manter a \u00e1gua fria por mais de 12 horas. Bom frasco isolado para armazenar ch\u00e1 quente, caf\u00e9 frio, caf\u00e9 quente e assim por diante<\/p>","protected":false},"featured_media":431,"template":"","meta":{"_acf_changed":false,"_seopress_robots_primary_cat":"","_seopress_titles_title":"","_seopress_titles_desc":"","_seopress_robots_index":"","_uag_custom_page_level_css":""},"product_brand":[],"product_cat":[33,34,21,32,54,20],"product_tag":[],"class_list":{"0":"post-350","1":"product","2":"type-product","3":"status-publish","4":"has-post-thumbnail","6":"product_cat-bamboo-flask","7":"product_cat-bamboo-tumbler","8":"product_cat-bamboo-water-bottle","9":"product_cat-insulated-water-bottle","10":"product_cat-tea-bottle-coffee-tumblers","11":"product_cat-vacuum-flask","13":"first","14":"instock","15":"shipping-taxable","16":"product-type-simple"},"acf":[],"uagb_featured_image_src":{"full":["https:\/\/eco-drinkware.com\/wp-content\/uploads\/63_0.webp",750,750,false],"thumbnail":["https:\/\/eco-drinkware.com\/wp-content\/uploads\/63_0-150x150.webp",150,150,true],"medium":["https:\/\/eco-drinkware.com\/wp-content\/uploads\/63_0-300x300.webp",300,300,true],"medium_large":["https:\/\/eco-drinkware.com\/wp-content\/uploads\/63_0.webp",750,750,false],"large":["https:\/\/eco-drinkware.com\/wp-content\/uploads\/63_0.webp",750,750,false],"1536x1536":["https:\/\/eco-drinkware.com\/wp-content\/uploads\/63_0.webp",750,750,false],"2048x2048":["https:\/\/eco-drinkware.com\/wp-content\/uploads\/63_0.webp",750,750,false],"trp-custom-language-flag":["https:\/\/eco-drinkware.com\/wp-content\/uploads\/63_0.webp",12,12,false],"woocommerce_thumbnail":["https:\/\/eco-drinkware.com\/wp-content\/uploads\/63_0-300x300.webp",300,300,true],"woocommerce_single":["https:\/\/eco-drinkware.com\/wp-content\/uploads\/63_0-600x600.webp",600,600,true],"woocommerce_gallery_thumbnail":["https:\/\/eco-drinkware.com\/wp-content\/uploads\/63_0-100x100.webp",100,100,true]},"uagb_author_info":{"display_name":"Amy","author_link":"https:\/\/eco-drinkware.com\/pt\/author\/"},"uagb_comment_info":0,"uagb_excerpt":"This eco friendly bamboo water insulated thermos flask can keep water hot for 10-12 hours, keep water cold for over 12 hours. Good insulated flask to store hot tea, cold coffee, hot coffee and so on","_links":{"self":[{"href":"https:\/\/eco-drinkware.com\/pt\/wp-json\/wp\/v2\/product\/350","targetHints":{"allow":["GET"]}}],"collection":[{"href":"https:\/\/eco-drinkware.com\/pt\/wp-json\/wp\/v2\/product"}],"about":[{"href":"https:\/\/eco-drinkware.com\/pt\/wp-json\/wp\/v2\/types\/product"}],"wp:featuredmedia":[{"embeddable":true,"href":"https:\/\/eco-drinkware.com\/pt\/wp-json\/wp\/v2\/media\/431"}],"wp:attachment":[{"href":"https:\/\/eco-drinkware.com\/pt\/wp-json\/wp\/v2\/media?parent=350"}],"wp:term":[{"taxonomy":"product_brand","embeddable":true,"href":"https:\/\/eco-drinkware.com\/pt\/wp-json\/wp\/v2\/product_brand?post=350"},{"taxonomy":"product_cat","embeddable":true,"href":"https:\/\/eco-drinkware.com\/pt\/wp-json\/wp\/v2\/product_cat?post=350"},{"taxonomy":"product_tag","embeddable":true,"href":"https:\/\/eco-drinkware.com\/pt\/wp-json\/wp\/v2\/product_tag?post=350"}],"curies":[{"name":"wp","href":"https:\/\/api.w.org\/{rel}","templated":true}]}}