{"id":354,"date":"2022-11-03T08:58:50","date_gmt":"2022-11-03T08:58:50","guid":{"rendered":"https:\/\/eco-drinkware.com\/?post_type=product&#038;p=354"},"modified":"2022-11-03T14:15:27","modified_gmt":"2022-11-03T14:15:27","slug":"134-infusor-de-cha-em-vidro-com-rolha-de-cortica-134","status":"publish","type":"product","link":"https:\/\/eco-drinkware.com\/pt\/product\/134-infusor-de-cha-em-vidro-com-rolha-de-cortica-134\/","title":{"rendered":"Design ecol\u00f3gico mais recente Forma de tubo de vidro de borosilicato Infusor de ch\u00e1 CoadorRolha de corti\u00e7a"},"content":{"rendered":"<p><strong>Vidro com alto teor de borosilicato:<\/strong>este infusor de vidro \u00e9 feito de vidro com alto teor de borosilicato, um material de vidro especial, com baixa taxa de expans\u00e3o. Tanto a \u00e1gua fria como a quente s\u00e3o boas, seguras, duradouras e amigas do ambiente.<br><br><strong>Boa filtrabilidade:<\/strong>cada infusor de ch\u00e1 tem 8 orif\u00edcios para a fuga de \u00e1gua. A abertura do infusor de vidro pode filtrar todos os tipos de folhas de ch\u00e1 e impedir a fuga de res\u00edduos de ch\u00e1, part\u00edculas ou detritos.<br><strong>Rolha de corti\u00e7a:<\/strong>a rolha \u00e9 utilizada para selar o ch\u00e1 no interior do infusor de ch\u00e1, que pode infundir totalmente as folhas de ch\u00e1. Ret\u00e9m o aroma do ch\u00e1 ao m\u00e1ximo e torna-o mais saboroso.<br><br><strong>Limpeza f\u00e1cil:<\/strong>O infusor de ch\u00e1 \u00e9 f\u00e1cil de limpar e as folhas n\u00e3o escapam nem ficam presas nos orif\u00edcios. Basta encher a base com \u00e1gua, vir\u00e1-la ao contr\u00e1rio, deitar as folhas fora e continuar a lavar.<br><br>F\u00e1cil de imprimir o log\u00f3tipo personalizado no vidro e o log\u00f3tipo a laser na corti\u00e7a.<br>O pacote de caixa impresso personalizado tamb\u00e9m \u00e9 vi\u00e1vel para este coador de infusor de vidro com tampa de corti\u00e7a, basta partilhar connosco a sua ideia. .<br>O produto real ser\u00e1 devolvido ao utilizador. .<br><br>Por favor, tenha em aten\u00e7\u00e3o que a Eco Drinkware tem um servi\u00e7o DDP para muitos pa\u00edses. Isto significa que a entrega \u00e9 feita \u00e0 sua porta com impostos inclu\u00eddos. Desta forma, poupar\u00e1 muito dinheiro.<br>Contacte-nos para poupar dinheiro.<\/p>\n\n\n\n<figure class=\"wp-block-image size-full is-resized\"><img loading=\"lazy\" decoding=\"async\" src=\"https:\/\/eco-drinkware.com\/wp-content\/uploads\/134_0.webp\" alt=\"\" class=\"wp-image-443\" width=\"563\" height=\"563\" srcset=\"https:\/\/eco-drinkware.com\/wp-content\/uploads\/134_0.webp 750w, https:\/\/eco-drinkware.com\/wp-content\/uploads\/134_0-300x300.webp 300w, https:\/\/eco-drinkware.com\/wp-content\/uploads\/134_0-150x150.webp 150w, https:\/\/eco-drinkware.com\/wp-content\/uploads\/134_0-600x600.webp 600w, https:\/\/eco-drinkware.com\/wp-content\/uploads\/134_0-100x100.webp 100w\" sizes=\"auto, (max-width: 563px) 100vw, 563px\" \/><\/figure>\n\n\n\n<p>Infusor de vidro com tampa de corti\u00e7a tamanho: di\u00e2metro 2,5 cm, altura 15 cm<\/p>\n\n\n\n<figure class=\"wp-block-image size-full is-resized\"><img loading=\"lazy\" decoding=\"async\" src=\"https:\/\/eco-drinkware.com\/wp-content\/uploads\/2021-12-24-16-44-138.webp\" alt=\"\" class=\"wp-image-441\" width=\"563\" height=\"563\" srcset=\"https:\/\/eco-drinkware.com\/wp-content\/uploads\/2021-12-24-16-44-138.webp 750w, https:\/\/eco-drinkware.com\/wp-content\/uploads\/2021-12-24-16-44-138-300x300.webp 300w, https:\/\/eco-drinkware.com\/wp-content\/uploads\/2021-12-24-16-44-138-150x150.webp 150w, https:\/\/eco-drinkware.com\/wp-content\/uploads\/2021-12-24-16-44-138-600x600.webp 600w, https:\/\/eco-drinkware.com\/wp-content\/uploads\/2021-12-24-16-44-138-100x100.webp 100w\" sizes=\"auto, (max-width: 563px) 100vw, 563px\" \/><\/figure>\n\n\n\n<p>Ideal para fazer ch\u00e1 no dia a dia. .<\/p>\n\n\n\n<figure class=\"wp-block-image size-full is-resized\"><img loading=\"lazy\" decoding=\"async\" src=\"https:\/\/eco-drinkware.com\/wp-content\/uploads\/2021-12-24-16-44-558.webp\" alt=\"\" class=\"wp-image-442\" width=\"563\" height=\"440\" srcset=\"https:\/\/eco-drinkware.com\/wp-content\/uploads\/2021-12-24-16-44-558.webp 750w, https:\/\/eco-drinkware.com\/wp-content\/uploads\/2021-12-24-16-44-558-300x234.webp 300w, https:\/\/eco-drinkware.com\/wp-content\/uploads\/2021-12-24-16-44-558-150x117.webp 150w, https:\/\/eco-drinkware.com\/wp-content\/uploads\/2021-12-24-16-44-558-600x469.webp 600w\" sizes=\"auto, (max-width: 563px) 100vw, 563px\" \/><\/figure>\n\n\n\n<p>Logotipo personalizado f\u00e1cil de fazer em vidro, corti\u00e7a e embalagem de caixa. Bem-vindo a partilhar o seu design.<\/p>","protected":false},"excerpt":{"rendered":"<p>Este infusor de ch\u00e1 \u00e9 feito de vidro com alto teor de borosilicato, 8 orif\u00edcios para vazamento, f\u00e1cil de limpar. F\u00e1cil de fazer o log\u00f3tipo personalizado no vidro, corti\u00e7a e embalagem. Perfeito para beber ch\u00e1.<\/p>","protected":false},"featured_media":443,"template":"","meta":{"_acf_changed":false,"_seopress_robots_primary_cat":"","_seopress_titles_title":"","_seopress_titles_desc":"","_seopress_robots_index":"","_uag_custom_page_level_css":""},"product_brand":[],"product_cat":[15],"product_tag":[],"class_list":{"0":"post-354","1":"product","2":"type-product","3":"status-publish","4":"has-post-thumbnail","6":"product_cat-drinkware-accessories","8":"first","9":"instock","10":"shipping-taxable","11":"product-type-simple"},"acf":[],"uagb_featured_image_src":{"full":["https:\/\/eco-drinkware.com\/wp-content\/uploads\/134_0.webp",750,750,false],"thumbnail":["https:\/\/eco-drinkware.com\/wp-content\/uploads\/134_0-150x150.webp",150,150,true],"medium":["https:\/\/eco-drinkware.com\/wp-content\/uploads\/134_0-300x300.webp",300,300,true],"medium_large":["https:\/\/eco-drinkware.com\/wp-content\/uploads\/134_0.webp",750,750,false],"large":["https:\/\/eco-drinkware.com\/wp-content\/uploads\/134_0.webp",750,750,false],"1536x1536":["https:\/\/eco-drinkware.com\/wp-content\/uploads\/134_0.webp",750,750,false],"2048x2048":["https:\/\/eco-drinkware.com\/wp-content\/uploads\/134_0.webp",750,750,false],"trp-custom-language-flag":["https:\/\/eco-drinkware.com\/wp-content\/uploads\/134_0.webp",12,12,false],"woocommerce_thumbnail":["https:\/\/eco-drinkware.com\/wp-content\/uploads\/134_0-300x300.webp",300,300,true],"woocommerce_single":["https:\/\/eco-drinkware.com\/wp-content\/uploads\/134_0-600x600.webp",600,600,true],"woocommerce_gallery_thumbnail":["https:\/\/eco-drinkware.com\/wp-content\/uploads\/134_0-100x100.webp",100,100,true]},"uagb_author_info":{"display_name":"Amy","author_link":"https:\/\/eco-drinkware.com\/pt\/author\/"},"uagb_comment_info":0,"uagb_excerpt":"This tea infuser with stock made of high borosilicate glass, 8 holes to leak, easy to clean. Easy to do custom logo on glass , cork and package . Perfect for tea drinking.","_links":{"self":[{"href":"https:\/\/eco-drinkware.com\/pt\/wp-json\/wp\/v2\/product\/354","targetHints":{"allow":["GET"]}}],"collection":[{"href":"https:\/\/eco-drinkware.com\/pt\/wp-json\/wp\/v2\/product"}],"about":[{"href":"https:\/\/eco-drinkware.com\/pt\/wp-json\/wp\/v2\/types\/product"}],"wp:featuredmedia":[{"embeddable":true,"href":"https:\/\/eco-drinkware.com\/pt\/wp-json\/wp\/v2\/media\/443"}],"wp:attachment":[{"href":"https:\/\/eco-drinkware.com\/pt\/wp-json\/wp\/v2\/media?parent=354"}],"wp:term":[{"taxonomy":"product_brand","embeddable":true,"href":"https:\/\/eco-drinkware.com\/pt\/wp-json\/wp\/v2\/product_brand?post=354"},{"taxonomy":"product_cat","embeddable":true,"href":"https:\/\/eco-drinkware.com\/pt\/wp-json\/wp\/v2\/product_cat?post=354"},{"taxonomy":"product_tag","embeddable":true,"href":"https:\/\/eco-drinkware.com\/pt\/wp-json\/wp\/v2\/product_tag?post=354"}],"curies":[{"name":"wp","href":"https:\/\/api.w.org\/{rel}","templated":true}]}}