{"id":356,"date":"2022-11-03T08:59:29","date_gmt":"2022-11-03T08:59:29","guid":{"rendered":"https:\/\/eco-drinkware.com\/?post_type=product&#038;p=356"},"modified":"2022-11-03T14:19:46","modified_gmt":"2022-11-03T14:19:46","slug":"133-copo-de-22-oz-com-tampa-e-palhinha-133","status":"publish","type":"product","link":"https:\/\/eco-drinkware.com\/pt\/product\/133-copo-de-22-oz-com-tampa-e-palhinha-133\/","title":{"rendered":"Copo de 22 oz com tampo e canudo"},"content":{"rendered":"<p><strong>Copo com 2 tamanhos de tachas:<\/strong>Copo com tachas Starbucks dispon\u00edvel em 22 on\u00e7as e 24 on\u00e7as.\u00a0<\/p>\n\n\n\n<p><strong>Cores populares:<\/strong>O copo iridescente da Starbucks, as cores mate e vibrantes do copo com tachas da Starbucks s\u00e3o muito populares.<\/p>\n\n\n\n<p><strong>Prote\u00e7\u00e3o contra fugas:<\/strong>A tampa e a palhinha de ajuste apertado com um anel de silicone conferem a este copo cravejado de estrelas uma prote\u00e7\u00e3o extra contra fugas<\/p>\n\n\n\n<p><strong>Log\u00f3tipo personalizado:<\/strong>O log\u00f3tipo \u00e9 bem-vindo na parte da frente do copo com tachas da Starbucks.<\/p>\n\n\n\n<p><strong>Belo visual:<\/strong>Com tachas em toda a volta para um aspeto agrad\u00e1vel, o Starbucks Studded Tumbler \u00e9 vendido por atacado.<\/p>\n\n\n\n<p><strong>Para oferta:<\/strong>O copo com tachas da Starbucks \u00e9 um presente perfeito para ser utilizado para caf\u00e9 gelado e outras bebidas.<\/p>\n\n\n\n<figure class=\"wp-block-image size-full is-resized\"><img loading=\"lazy\" decoding=\"async\" src=\"https:\/\/eco-drinkware.com\/wp-content\/uploads\/2021-12-17-16-56-559.webp\" alt=\"\" class=\"wp-image-450\" width=\"600\" height=\"600\" srcset=\"https:\/\/eco-drinkware.com\/wp-content\/uploads\/2021-12-17-16-56-559.webp 800w, https:\/\/eco-drinkware.com\/wp-content\/uploads\/2021-12-17-16-56-559-300x300.webp 300w, https:\/\/eco-drinkware.com\/wp-content\/uploads\/2021-12-17-16-56-559-150x150.webp 150w, https:\/\/eco-drinkware.com\/wp-content\/uploads\/2021-12-17-16-56-559-768x768.webp 768w, https:\/\/eco-drinkware.com\/wp-content\/uploads\/2021-12-17-16-56-559-600x600.webp 600w, https:\/\/eco-drinkware.com\/wp-content\/uploads\/2021-12-17-16-56-559-100x100.webp 100w\" sizes=\"auto, (max-width: 600px) 100vw, 600px\" \/><\/figure>\n\n\n\n<figure class=\"wp-block-image size-full\"><img loading=\"lazy\" decoding=\"async\" width=\"550\" height=\"550\" src=\"https:\/\/eco-drinkware.com\/wp-content\/uploads\/2021-12-17-16-57-272.webp\" alt=\"\" class=\"wp-image-451\" srcset=\"https:\/\/eco-drinkware.com\/wp-content\/uploads\/2021-12-17-16-57-272.webp 550w, https:\/\/eco-drinkware.com\/wp-content\/uploads\/2021-12-17-16-57-272-300x300.webp 300w, https:\/\/eco-drinkware.com\/wp-content\/uploads\/2021-12-17-16-57-272-150x150.webp 150w, https:\/\/eco-drinkware.com\/wp-content\/uploads\/2021-12-17-16-57-272-100x100.webp 100w\" sizes=\"auto, (max-width: 550px) 100vw, 550px\" \/><\/figure>","protected":false},"excerpt":{"rendered":"<p>O log\u00f3tipo \u00e9 bem-vindo na parte da frente do copo com tachas. As cores iridescentes, mate e vibrantes para o copo com tachas s\u00e3o muito populares.<\/p>","protected":false},"featured_media":452,"template":"","meta":{"_acf_changed":false,"_seopress_robots_primary_cat":"","_seopress_titles_title":"","_seopress_titles_desc":"","_seopress_robots_index":"","_uag_custom_page_level_css":""},"product_brand":[],"product_cat":[15],"product_tag":[],"class_list":{"0":"post-356","1":"product","2":"type-product","3":"status-publish","4":"has-post-thumbnail","6":"product_cat-drinkware-accessories","8":"first","9":"instock","10":"shipping-taxable","11":"product-type-simple"},"acf":[],"uagb_featured_image_src":{"full":["https:\/\/eco-drinkware.com\/wp-content\/uploads\/133_0.webp",550,550,false],"thumbnail":["https:\/\/eco-drinkware.com\/wp-content\/uploads\/133_0-150x150.webp",150,150,true],"medium":["https:\/\/eco-drinkware.com\/wp-content\/uploads\/133_0-300x300.webp",300,300,true],"medium_large":["https:\/\/eco-drinkware.com\/wp-content\/uploads\/133_0.webp",550,550,false],"large":["https:\/\/eco-drinkware.com\/wp-content\/uploads\/133_0.webp",550,550,false],"1536x1536":["https:\/\/eco-drinkware.com\/wp-content\/uploads\/133_0.webp",550,550,false],"2048x2048":["https:\/\/eco-drinkware.com\/wp-content\/uploads\/133_0.webp",550,550,false],"trp-custom-language-flag":["https:\/\/eco-drinkware.com\/wp-content\/uploads\/133_0.webp",12,12,false],"woocommerce_thumbnail":["https:\/\/eco-drinkware.com\/wp-content\/uploads\/133_0-300x300.webp",300,300,true],"woocommerce_single":["https:\/\/eco-drinkware.com\/wp-content\/uploads\/133_0.webp",550,550,false],"woocommerce_gallery_thumbnail":["https:\/\/eco-drinkware.com\/wp-content\/uploads\/133_0-100x100.webp",100,100,true]},"uagb_author_info":{"display_name":"Amy","author_link":"https:\/\/eco-drinkware.com\/pt\/author\/"},"uagb_comment_info":0,"uagb_excerpt":"Logo is welcome on front part of the studded tumbler. Iridescent, matt and vibrant colors for studded tumbler are really popular.","_links":{"self":[{"href":"https:\/\/eco-drinkware.com\/pt\/wp-json\/wp\/v2\/product\/356","targetHints":{"allow":["GET"]}}],"collection":[{"href":"https:\/\/eco-drinkware.com\/pt\/wp-json\/wp\/v2\/product"}],"about":[{"href":"https:\/\/eco-drinkware.com\/pt\/wp-json\/wp\/v2\/types\/product"}],"wp:featuredmedia":[{"embeddable":true,"href":"https:\/\/eco-drinkware.com\/pt\/wp-json\/wp\/v2\/media\/452"}],"wp:attachment":[{"href":"https:\/\/eco-drinkware.com\/pt\/wp-json\/wp\/v2\/media?parent=356"}],"wp:term":[{"taxonomy":"product_brand","embeddable":true,"href":"https:\/\/eco-drinkware.com\/pt\/wp-json\/wp\/v2\/product_brand?post=356"},{"taxonomy":"product_cat","embeddable":true,"href":"https:\/\/eco-drinkware.com\/pt\/wp-json\/wp\/v2\/product_cat?post=356"},{"taxonomy":"product_tag","embeddable":true,"href":"https:\/\/eco-drinkware.com\/pt\/wp-json\/wp\/v2\/product_tag?post=356"}],"curies":[{"name":"wp","href":"https:\/\/api.w.org\/{rel}","templated":true}]}}