{"id":358,"date":"2022-11-03T09:00:46","date_gmt":"2022-11-03T09:00:46","guid":{"rendered":"https:\/\/eco-drinkware.com\/?post_type=product&#038;p=358"},"modified":"2022-11-25T08:39:58","modified_gmt":"2022-11-25T08:39:58","slug":"132-copos-de-plastico-reutilizaveis-cravejados-por-atacado-com-palhinha-132","status":"publish","type":"product","link":"https:\/\/eco-drinkware.com\/pt\/product\/132-copos-de-plastico-reutilizaveis-cravejados-por-atacado-com-palhinha-132\/","title":{"rendered":"Copos de pl\u00e1stico reutiliz\u00e1veis cravejados por atacado com palhinha"},"content":{"rendered":"<p><strong>Personalizado:<\/strong>Estes copos de pl\u00e1stico reutiliz\u00e1veis com tiras e tampas s\u00e3o personalizados. As cores iridescentes, mate e vibrantes dos copos com tachas da Starbucks s\u00e3o muito populares.<\/p>\n\n\n\n<p><strong>2 Capacidade:<\/strong>Copos de pl\u00e1stico iridescente reutiliz\u00e1veis com tachas da Starbucks dispon\u00edveis em 22 on\u00e7as e 24 on\u00e7as.<\/p>\n\n\n\n<p><strong>Belo visual:<\/strong>O copo cravejado da Starbucks \u00e9 um presente perfeito para ser utilizado para caf\u00e9 gelado e outras bebidas.<\/p>\n\n\n\n<p><strong>Prote\u00e7\u00e3o contra fugas:<\/strong>A tampa e a palhinha de ajuste apertado com um anel de silicone conferem a este copo Starbucks cravejado uma prote\u00e7\u00e3o extra contra fugas.<\/p>\n\n\n\n<figure class=\"wp-block-image size-full\"><img loading=\"lazy\" decoding=\"async\" width=\"550\" height=\"550\" src=\"https:\/\/eco-drinkware.com\/wp-content\/uploads\/2021-12-31-16-19-451.webp\" alt=\"\" class=\"wp-image-455\" srcset=\"https:\/\/eco-drinkware.com\/wp-content\/uploads\/2021-12-31-16-19-451.webp 550w, https:\/\/eco-drinkware.com\/wp-content\/uploads\/2021-12-31-16-19-451-300x300.webp 300w, https:\/\/eco-drinkware.com\/wp-content\/uploads\/2021-12-31-16-19-451-150x150.webp 150w, https:\/\/eco-drinkware.com\/wp-content\/uploads\/2021-12-31-16-19-451-100x100.webp 100w\" sizes=\"auto, (max-width: 550px) 100vw, 550px\" \/><\/figure>\n\n\n\n<figure class=\"wp-block-image size-full\"><img loading=\"lazy\" decoding=\"async\" width=\"550\" height=\"550\" src=\"https:\/\/eco-drinkware.com\/wp-content\/uploads\/132_1.webp\" alt=\"\" class=\"wp-image-457\" srcset=\"https:\/\/eco-drinkware.com\/wp-content\/uploads\/132_1.webp 550w, https:\/\/eco-drinkware.com\/wp-content\/uploads\/132_1-300x300.webp 300w, https:\/\/eco-drinkware.com\/wp-content\/uploads\/132_1-150x150.webp 150w, https:\/\/eco-drinkware.com\/wp-content\/uploads\/132_1-100x100.webp 100w\" sizes=\"auto, (max-width: 550px) 100vw, 550px\" \/><\/figure>","protected":false},"excerpt":{"rendered":"<p>Copos de pl\u00e1stico reutiliz\u00e1veis com tampa e palhinha personalizados. Com tachas a toda a volta para um aspeto agrad\u00e1vel.<\/p>","protected":false},"featured_media":456,"template":"","meta":{"_acf_changed":false,"_seopress_robots_primary_cat":"","_seopress_titles_title":"","_seopress_titles_desc":"","_seopress_robots_index":"","_uag_custom_page_level_css":""},"product_brand":[],"product_cat":[27],"product_tag":[],"class_list":{"0":"post-358","1":"product","2":"type-product","3":"status-publish","4":"has-post-thumbnail","6":"product_cat-plastic-bottle-tumbler","8":"first","9":"instock","10":"shipping-taxable","11":"product-type-simple"},"acf":[],"uagb_featured_image_src":{"full":["https:\/\/eco-drinkware.com\/wp-content\/uploads\/132_0.webp",550,550,false],"thumbnail":["https:\/\/eco-drinkware.com\/wp-content\/uploads\/132_0-150x150.webp",150,150,true],"medium":["https:\/\/eco-drinkware.com\/wp-content\/uploads\/132_0-300x300.webp",300,300,true],"medium_large":["https:\/\/eco-drinkware.com\/wp-content\/uploads\/132_0.webp",550,550,false],"large":["https:\/\/eco-drinkware.com\/wp-content\/uploads\/132_0.webp",550,550,false],"1536x1536":["https:\/\/eco-drinkware.com\/wp-content\/uploads\/132_0.webp",550,550,false],"2048x2048":["https:\/\/eco-drinkware.com\/wp-content\/uploads\/132_0.webp",550,550,false],"trp-custom-language-flag":["https:\/\/eco-drinkware.com\/wp-content\/uploads\/132_0.webp",12,12,false],"woocommerce_thumbnail":["https:\/\/eco-drinkware.com\/wp-content\/uploads\/132_0-300x300.webp",300,300,true],"woocommerce_single":["https:\/\/eco-drinkware.com\/wp-content\/uploads\/132_0.webp",550,550,false],"woocommerce_gallery_thumbnail":["https:\/\/eco-drinkware.com\/wp-content\/uploads\/132_0-100x100.webp",100,100,true]},"uagb_author_info":{"display_name":"Amy","author_link":"https:\/\/eco-drinkware.com\/pt\/author\/"},"uagb_comment_info":0,"uagb_excerpt":"This reusable plastic studded cups with lids and straws personalized. Studded all around for a nice look.","_links":{"self":[{"href":"https:\/\/eco-drinkware.com\/pt\/wp-json\/wp\/v2\/product\/358","targetHints":{"allow":["GET"]}}],"collection":[{"href":"https:\/\/eco-drinkware.com\/pt\/wp-json\/wp\/v2\/product"}],"about":[{"href":"https:\/\/eco-drinkware.com\/pt\/wp-json\/wp\/v2\/types\/product"}],"wp:featuredmedia":[{"embeddable":true,"href":"https:\/\/eco-drinkware.com\/pt\/wp-json\/wp\/v2\/media\/456"}],"wp:attachment":[{"href":"https:\/\/eco-drinkware.com\/pt\/wp-json\/wp\/v2\/media?parent=358"}],"wp:term":[{"taxonomy":"product_brand","embeddable":true,"href":"https:\/\/eco-drinkware.com\/pt\/wp-json\/wp\/v2\/product_brand?post=358"},{"taxonomy":"product_cat","embeddable":true,"href":"https:\/\/eco-drinkware.com\/pt\/wp-json\/wp\/v2\/product_cat?post=358"},{"taxonomy":"product_tag","embeddable":true,"href":"https:\/\/eco-drinkware.com\/pt\/wp-json\/wp\/v2\/product_tag?post=358"}],"curies":[{"name":"wp","href":"https:\/\/api.w.org\/{rel}","templated":true}]}}