{"id":360,"date":"2022-11-03T09:06:02","date_gmt":"2022-11-03T09:06:02","guid":{"rendered":"https:\/\/eco-drinkware.com\/?post_type=product&#038;p=360"},"modified":"2022-11-03T14:45:46","modified_gmt":"2022-11-03T14:45:46","slug":"128-frascos-termicos-de-aco-inoxidavel-de-parede-dupla-de-cor-stock-128","status":"publish","type":"product","link":"https:\/\/eco-drinkware.com\/pt\/product\/128-frascos-termicos-de-aco-inoxidavel-de-parede-dupla-de-cor-stock-128\/","title":{"rendered":"Klean kanteen Stock Color revestido a p\u00f3 Garrafa t\u00e9rmica de a\u00e7o inoxid\u00e1vel de parede dupla com tampa de bambu"},"content":{"rendered":"<p><strong>Cor do stock:<\/strong>Existem 10 cores de stock para este frasco t\u00e9rmico de parede dupla em a\u00e7o inoxid\u00e1vel, bem-vindo ao log\u00f3tipo personalizado.<\/p>\n\n\n\n<p><strong>Tamanhos dispon\u00edveis:<\/strong>350ml, 500ml, 600ml, 750ml<\/p>\n\n\n\n<p><strong>Garrafa de \u00e1gua desportiva isolada:<\/strong>Este frasco t\u00e9rmico com isolamento de parede dupla e boca grande da klean canteen mant\u00e9m o l\u00edquido quente durante 12 horas e frio durante 14 horas, adequado para desporto, nata\u00e7\u00e3o, campismo, escalada e outras actividades.<\/p>\n\n\n\n<p><strong>V\u00e1rias tampas:<\/strong>Este frasco t\u00e9rmico de a\u00e7o inoxid\u00e1vel pode ter uma tampa de a\u00e7o de bambu, uma tampa de bico, uma tampa flip......<\/p>\n\n\n\n<p>Op\u00e7\u00e3o de log\u00f3tipo: laser, impress\u00e3o de seda, transfer\u00eancia de calor, impress\u00e3o 3D, transfer\u00eancia de \u00e1gua, transfer\u00eancia de g\u00e1s<br>Op\u00e7\u00e3o de embalagem: caixa branca, caixa impressa personalizada, cilindro arredondado, caixa de oferta<br>Bem-vindo \u00e0 cor pantone personalizada e \u00e0 embalagem personalizada\u00a0<\/p>\n\n\n\n<p>Cor de stock para o frasco t\u00e9rmico klean canteen com tampa de bambu<\/p>\n\n\n\n<figure class=\"wp-block-image size-full is-resized\"><img loading=\"lazy\" decoding=\"async\" src=\"https:\/\/eco-drinkware.com\/wp-content\/uploads\/131_2.webp\" alt=\"\" class=\"wp-image-462\" width=\"629\" height=\"629\" srcset=\"https:\/\/eco-drinkware.com\/wp-content\/uploads\/131_2.webp 839w, https:\/\/eco-drinkware.com\/wp-content\/uploads\/131_2-300x300.webp 300w, https:\/\/eco-drinkware.com\/wp-content\/uploads\/131_2-150x150.webp 150w, https:\/\/eco-drinkware.com\/wp-content\/uploads\/131_2-768x768.webp 768w, https:\/\/eco-drinkware.com\/wp-content\/uploads\/131_2-600x600.webp 600w, https:\/\/eco-drinkware.com\/wp-content\/uploads\/131_2-100x100.webp 100w\" sizes=\"auto, (max-width: 629px) 100vw, 629px\" \/><\/figure>\n\n\n\n<p>Tamanho diferente para o frasco t\u00e9rmico klean canteen com tampa de bambu<\/p>\n\n\n\n<figure class=\"wp-block-image size-full\"><img loading=\"lazy\" decoding=\"async\" width=\"1000\" height=\"1000\" src=\"https:\/\/eco-drinkware.com\/wp-content\/uploads\/2022-04-27-15-23-064.webp\" alt=\"\" class=\"wp-image-478\" srcset=\"https:\/\/eco-drinkware.com\/wp-content\/uploads\/2022-04-27-15-23-064.webp 1000w, https:\/\/eco-drinkware.com\/wp-content\/uploads\/2022-04-27-15-23-064-300x300.webp 300w, https:\/\/eco-drinkware.com\/wp-content\/uploads\/2022-04-27-15-23-064-150x150.webp 150w, https:\/\/eco-drinkware.com\/wp-content\/uploads\/2022-04-27-15-23-064-768x768.webp 768w, https:\/\/eco-drinkware.com\/wp-content\/uploads\/2022-04-27-15-23-064-600x600.webp 600w, https:\/\/eco-drinkware.com\/wp-content\/uploads\/2022-04-27-15-23-064-100x100.webp 100w\" sizes=\"auto, (max-width: 1000px) 100vw, 1000px\" \/><\/figure>\n\n\n\n<p>Fotos de tamanhos e tampas diferentes para sua refer\u00eancia<\/p>\n\n\n\n<figure class=\"wp-block-image size-full\"><img loading=\"lazy\" decoding=\"async\" width=\"1000\" height=\"1000\" src=\"https:\/\/eco-drinkware.com\/wp-content\/uploads\/2021-12-10-16-24-052.webp\" alt=\"\" class=\"wp-image-460\" srcset=\"https:\/\/eco-drinkware.com\/wp-content\/uploads\/2021-12-10-16-24-052.webp 1000w, https:\/\/eco-drinkware.com\/wp-content\/uploads\/2021-12-10-16-24-052-300x300.webp 300w, https:\/\/eco-drinkware.com\/wp-content\/uploads\/2021-12-10-16-24-052-150x150.webp 150w, https:\/\/eco-drinkware.com\/wp-content\/uploads\/2021-12-10-16-24-052-768x768.webp 768w, https:\/\/eco-drinkware.com\/wp-content\/uploads\/2021-12-10-16-24-052-600x600.webp 600w, https:\/\/eco-drinkware.com\/wp-content\/uploads\/2021-12-10-16-24-052-100x100.webp 100w\" sizes=\"auto, (max-width: 1000px) 100vw, 1000px\" \/><\/figure>\n\n\n\n<p>Esta garrafa foi concebida para criar a melhor garrafa de \u00e1gua, caneca de caf\u00e9 gelado, garrafa desportiva e copo isolado. A tampa de a\u00e7o e a tampa de bambu t\u00eam um design totalmente isento de pl\u00e1stico. \u00c9 popular e est\u00e1 na moda agora. Confie que tamb\u00e9m quer reduzir o pl\u00e1stico na nossa vida quotidiana.<\/p>\n\n\n\n<p>Onde e como utilizamos a garrafa?\u00a0<\/p>\n\n\n\n<figure class=\"wp-block-image size-full\"><img loading=\"lazy\" decoding=\"async\" width=\"750\" height=\"780\" src=\"https:\/\/eco-drinkware.com\/wp-content\/uploads\/2022-04-27-15-28-394.webp\" alt=\"\" class=\"wp-image-477\" srcset=\"https:\/\/eco-drinkware.com\/wp-content\/uploads\/2022-04-27-15-28-394.webp 750w, https:\/\/eco-drinkware.com\/wp-content\/uploads\/2022-04-27-15-28-394-288x300.webp 288w, https:\/\/eco-drinkware.com\/wp-content\/uploads\/2022-04-27-15-28-394-144x150.webp 144w, https:\/\/eco-drinkware.com\/wp-content\/uploads\/2022-04-27-15-28-394-600x624.webp 600w\" sizes=\"auto, (max-width: 750px) 100vw, 750px\" \/><\/figure>\n\n\n\n<p>A nossa garrafa de \u00e1gua em a\u00e7o inoxid\u00e1vel com tampa de bambu sem pl\u00e1stico \u00e9 a melhor op\u00e7\u00e3o. Bem-vindo a contactar-nos para mais informa\u00e7\u00f5es sobre a garrafa.<\/p>","protected":false},"excerpt":{"rendered":"<p>Tamanhos dispon\u00edveis: 350ml, 500ml, 600ml, 750ml. 10 cores de stock com bom aspeto, log\u00f3tipo personalizado f\u00e1cil de fazer. O log\u00f3tipo e a cor personalizados s\u00e3o bem-vindos.<\/p>","protected":false},"featured_media":462,"template":"","meta":{"_acf_changed":false,"_seopress_robots_primary_cat":"none","_seopress_titles_title":"","_seopress_titles_desc":"","_seopress_robots_index":"","_uag_custom_page_level_css":""},"product_brand":[],"product_cat":[15],"product_tag":[],"class_list":{"0":"post-360","1":"product","2":"type-product","3":"status-publish","4":"has-post-thumbnail","6":"product_cat-drinkware-accessories","8":"first","9":"instock","10":"shipping-taxable","11":"product-type-simple"},"acf":[],"uagb_featured_image_src":{"full":["https:\/\/eco-drinkware.com\/wp-content\/uploads\/131_2.webp",839,839,false],"thumbnail":["https:\/\/eco-drinkware.com\/wp-content\/uploads\/131_2-150x150.webp",150,150,true],"medium":["https:\/\/eco-drinkware.com\/wp-content\/uploads\/131_2-300x300.webp",300,300,true],"medium_large":["https:\/\/eco-drinkware.com\/wp-content\/uploads\/131_2-768x768.webp",768,768,true],"large":["https:\/\/eco-drinkware.com\/wp-content\/uploads\/131_2.webp",839,839,false],"1536x1536":["https:\/\/eco-drinkware.com\/wp-content\/uploads\/131_2.webp",839,839,false],"2048x2048":["https:\/\/eco-drinkware.com\/wp-content\/uploads\/131_2.webp",839,839,false],"trp-custom-language-flag":["https:\/\/eco-drinkware.com\/wp-content\/uploads\/131_2.webp",12,12,false],"woocommerce_thumbnail":["https:\/\/eco-drinkware.com\/wp-content\/uploads\/131_2-300x300.webp",300,300,true],"woocommerce_single":["https:\/\/eco-drinkware.com\/wp-content\/uploads\/131_2-600x600.webp",600,600,true],"woocommerce_gallery_thumbnail":["https:\/\/eco-drinkware.com\/wp-content\/uploads\/131_2-100x100.webp",100,100,true]},"uagb_author_info":{"display_name":"Amy","author_link":"https:\/\/eco-drinkware.com\/pt\/author\/"},"uagb_comment_info":0,"uagb_excerpt":"Available Sizes: 350ml, 500ml, 600ml, 750ml. 10 nice look stock colors, easy to do custom logo. Custom logo and color welcome.","_links":{"self":[{"href":"https:\/\/eco-drinkware.com\/pt\/wp-json\/wp\/v2\/product\/360","targetHints":{"allow":["GET"]}}],"collection":[{"href":"https:\/\/eco-drinkware.com\/pt\/wp-json\/wp\/v2\/product"}],"about":[{"href":"https:\/\/eco-drinkware.com\/pt\/wp-json\/wp\/v2\/types\/product"}],"wp:featuredmedia":[{"embeddable":true,"href":"https:\/\/eco-drinkware.com\/pt\/wp-json\/wp\/v2\/media\/462"}],"wp:attachment":[{"href":"https:\/\/eco-drinkware.com\/pt\/wp-json\/wp\/v2\/media?parent=360"}],"wp:term":[{"taxonomy":"product_brand","embeddable":true,"href":"https:\/\/eco-drinkware.com\/pt\/wp-json\/wp\/v2\/product_brand?post=360"},{"taxonomy":"product_cat","embeddable":true,"href":"https:\/\/eco-drinkware.com\/pt\/wp-json\/wp\/v2\/product_cat?post=360"},{"taxonomy":"product_tag","embeddable":true,"href":"https:\/\/eco-drinkware.com\/pt\/wp-json\/wp\/v2\/product_tag?post=360"}],"curies":[{"name":"wp","href":"https:\/\/api.w.org\/{rel}","templated":true}]}}