{"id":364,"date":"2022-11-03T09:08:37","date_gmt":"2022-11-03T09:08:37","guid":{"rendered":"https:\/\/eco-drinkware.com\/?post_type=product&#038;p=364"},"modified":"2022-11-03T14:36:12","modified_gmt":"2022-11-03T14:36:12","slug":"00130-aquecedor-de-caneca-de-cafe-cha-com-ficha-usb-em-ceramica-130","status":"publish","type":"product","link":"https:\/\/eco-drinkware.com\/pt\/product\/00130-aquecedor-de-caneca-de-cafe-cha-com-ficha-usb-em-ceramica-130\/","title":{"rendered":"Conjunto de canecas de cer\u00e2mica para caf\u00e9 e ch\u00e1 com ficha USB e aquecedor"},"content":{"rendered":"<p>O aquecedor de canecas de caf\u00e9 tem um m\u00f3dulo de chipset com controlo de temperatura incorporado, mant\u00e9m o l\u00edquido a uma temperatura constante e mant\u00e9m esta temperatura durante todo o dia.<\/p>\n\n\n\n<p>O aquecedor de canecas de caf\u00e9 com sensor de gravidade incorporado e fun\u00e7\u00e3o de fecho autom\u00e1tico, coloca a caneca de caf\u00e9 na \u00e1rea de aquecimento, depois a placa de aquecimento da caneca de caf\u00e9 funciona, retira a caneca de caf\u00e9 e a placa de aquecimento desliga-se automaticamente.<\/p>\n\n\n\n<p>A caneca de caf\u00e9 \u00e9 feita de cer\u00e2mica e pode ser utilizada para aquecer diferentes l\u00edquidos, como ch\u00e1, caf\u00e9 e leite.<\/p>\n\n\n\n<p>Este \u00e9 um presente caloroso para namorados, m\u00e3es, pais e todos os seus entes queridos para mostrar que se preocupa com o Dia de A\u00e7\u00e3o de Gra\u00e7as e outras ocasi\u00f5es especiais.<\/p>\n\n\n\n<p>Cores dispon\u00edveis: branco, verde, vermelho e cor-de-rosa. .<br>Cor e embalagem personalizadas s\u00e3o bem-vindas.<\/p>\n\n\n\n<figure class=\"wp-block-image size-large\"><img loading=\"lazy\" decoding=\"async\" width=\"709\" height=\"1024\" src=\"https:\/\/eco-drinkware.com\/wp-content\/uploads\/2021-12-02-15-49-499-709x1024.webp\" alt=\"\" class=\"wp-image-470\" srcset=\"https:\/\/eco-drinkware.com\/wp-content\/uploads\/2021-12-02-15-49-499-709x1024.webp 709w, https:\/\/eco-drinkware.com\/wp-content\/uploads\/2021-12-02-15-49-499-208x300.webp 208w, https:\/\/eco-drinkware.com\/wp-content\/uploads\/2021-12-02-15-49-499-104x150.webp 104w, https:\/\/eco-drinkware.com\/wp-content\/uploads\/2021-12-02-15-49-499-600x866.webp 600w, https:\/\/eco-drinkware.com\/wp-content\/uploads\/2021-12-02-15-49-499.webp 750w\" sizes=\"auto, (max-width: 709px) 100vw, 709px\" \/><\/figure>\n\n\n\n<figure class=\"wp-block-image size-large\"><img loading=\"lazy\" decoding=\"async\" width=\"660\" height=\"1024\" src=\"https:\/\/eco-drinkware.com\/wp-content\/uploads\/2021-12-02-15-54-135-660x1024.webp\" alt=\"\" class=\"wp-image-465\" srcset=\"https:\/\/eco-drinkware.com\/wp-content\/uploads\/2021-12-02-15-54-135-660x1024.webp 660w, https:\/\/eco-drinkware.com\/wp-content\/uploads\/2021-12-02-15-54-135-193x300.webp 193w, https:\/\/eco-drinkware.com\/wp-content\/uploads\/2021-12-02-15-54-135-97x150.webp 97w, https:\/\/eco-drinkware.com\/wp-content\/uploads\/2021-12-02-15-54-135-600x930.webp 600w, https:\/\/eco-drinkware.com\/wp-content\/uploads\/2021-12-02-15-54-135.webp 750w\" sizes=\"auto, (max-width: 660px) 100vw, 660px\" \/><\/figure>","protected":false},"excerpt":{"rendered":"<p>V\u00e1rias cores \u00e0 sua escolha. A caneca de caf\u00e9 \u00e9 feita de cer\u00e2mica e inclui uma colher e um aquecedor. Mant\u00e9m a \u00e1gua sempre a 55 graus Celsius, ideal para beber. Embalagem em caixa de oferta.<\/p>","protected":false},"featured_media":466,"template":"","meta":{"_acf_changed":false,"_seopress_robots_primary_cat":"","_seopress_titles_title":"","_seopress_titles_desc":"","_seopress_robots_index":"","_uag_custom_page_level_css":""},"product_brand":[],"product_cat":[15],"product_tag":[],"class_list":{"0":"post-364","1":"product","2":"type-product","3":"status-publish","4":"has-post-thumbnail","6":"product_cat-drinkware-accessories","8":"first","9":"instock","10":"shipping-taxable","11":"product-type-simple"},"acf":[],"uagb_featured_image_src":{"full":["https:\/\/eco-drinkware.com\/wp-content\/uploads\/130_0.webp",550,550,false],"thumbnail":["https:\/\/eco-drinkware.com\/wp-content\/uploads\/130_0-150x150.webp",150,150,true],"medium":["https:\/\/eco-drinkware.com\/wp-content\/uploads\/130_0-300x300.webp",300,300,true],"medium_large":["https:\/\/eco-drinkware.com\/wp-content\/uploads\/130_0.webp",550,550,false],"large":["https:\/\/eco-drinkware.com\/wp-content\/uploads\/130_0.webp",550,550,false],"1536x1536":["https:\/\/eco-drinkware.com\/wp-content\/uploads\/130_0.webp",550,550,false],"2048x2048":["https:\/\/eco-drinkware.com\/wp-content\/uploads\/130_0.webp",550,550,false],"trp-custom-language-flag":["https:\/\/eco-drinkware.com\/wp-content\/uploads\/130_0.webp",12,12,false],"woocommerce_thumbnail":["https:\/\/eco-drinkware.com\/wp-content\/uploads\/130_0-300x300.webp",300,300,true],"woocommerce_single":["https:\/\/eco-drinkware.com\/wp-content\/uploads\/130_0.webp",550,550,false],"woocommerce_gallery_thumbnail":["https:\/\/eco-drinkware.com\/wp-content\/uploads\/130_0-100x100.webp",100,100,true]},"uagb_author_info":{"display_name":"Amy","author_link":"https:\/\/eco-drinkware.com\/pt\/author\/"},"uagb_comment_info":0,"uagb_excerpt":"Several colors for your choice. Coffee mug is made of ceramic and with spoon and warmer . Always keeps water 55 degree C, perfect for drinking . Gift box packing.","_links":{"self":[{"href":"https:\/\/eco-drinkware.com\/pt\/wp-json\/wp\/v2\/product\/364","targetHints":{"allow":["GET"]}}],"collection":[{"href":"https:\/\/eco-drinkware.com\/pt\/wp-json\/wp\/v2\/product"}],"about":[{"href":"https:\/\/eco-drinkware.com\/pt\/wp-json\/wp\/v2\/types\/product"}],"wp:featuredmedia":[{"embeddable":true,"href":"https:\/\/eco-drinkware.com\/pt\/wp-json\/wp\/v2\/media\/466"}],"wp:attachment":[{"href":"https:\/\/eco-drinkware.com\/pt\/wp-json\/wp\/v2\/media?parent=364"}],"wp:term":[{"taxonomy":"product_brand","embeddable":true,"href":"https:\/\/eco-drinkware.com\/pt\/wp-json\/wp\/v2\/product_brand?post=364"},{"taxonomy":"product_cat","embeddable":true,"href":"https:\/\/eco-drinkware.com\/pt\/wp-json\/wp\/v2\/product_cat?post=364"},{"taxonomy":"product_tag","embeddable":true,"href":"https:\/\/eco-drinkware.com\/pt\/wp-json\/wp\/v2\/product_tag?post=364"}],"curies":[{"name":"wp","href":"https:\/\/api.w.org\/{rel}","templated":true}]}}