{"id":368,"date":"2022-11-03T09:16:17","date_gmt":"2022-11-03T09:16:17","guid":{"rendered":"https:\/\/eco-drinkware.com\/?post_type=product&#038;p=368"},"modified":"2022-11-04T03:21:29","modified_gmt":"2022-11-04T03:21:29","slug":"127-caneca-de-cafe-de-aco-inoxidavel-por-atacado-da-china-com-pega-127","status":"publish","type":"product","link":"https:\/\/eco-drinkware.com\/pt\/product\/127-caneca-de-cafe-de-aco-inoxidavel-por-atacado-da-china-com-pega-127\/","title":{"rendered":"Caneca de caf\u00e9 de a\u00e7o inoxid\u00e1vel por atacado com al\u00e7a na China"},"content":{"rendered":"<p><strong>Capacidade:<\/strong>200ml.<\/p>\n\n\n\n<p><strong>Caneca de caf\u00e9 em a\u00e7o inoxid\u00e1vel de parede dupla:<\/strong>Parede dupla isolada, mantendo o l\u00edquido quente, a temperatura da parede exterior de a\u00e7o inoxid\u00e1vel n\u00e3o se altera. A parede interior \u00e9 de a\u00e7o inoxid\u00e1vel 304, material de qualidade alimentar.<\/p>\n\n\n\n<p><strong>Com pega de a\u00e7o:<\/strong>A caneca de caf\u00e9 em a\u00e7o inoxid\u00e1vel com pega em a\u00e7o de aspeto agrad\u00e1vel, f\u00e1cil de segurar na m\u00e3o.<\/p>\n\n\n\n<p><strong>Os log\u00f3tipos e cores personalizados s\u00e3o bem-vindos:<\/strong>Esta caneca de caf\u00e9 em a\u00e7o inoxid\u00e1vel \u00e9 f\u00e1cil de personalizar o log\u00f3tipo e a cor. Damos as boas-vindas a OEM e ODM.<\/p>\n\n\n\n<figure class=\"wp-block-image size-full\"><img loading=\"lazy\" decoding=\"async\" width=\"1000\" height=\"1000\" src=\"https:\/\/eco-drinkware.com\/wp-content\/uploads\/2022\/11\/127_0.webp\" alt=\"\" class=\"wp-image-713\" srcset=\"https:\/\/eco-drinkware.com\/wp-content\/uploads\/2022\/11\/127_0.webp 1000w, https:\/\/eco-drinkware.com\/wp-content\/uploads\/2022\/11\/127_0-300x300.webp 300w, https:\/\/eco-drinkware.com\/wp-content\/uploads\/2022\/11\/127_0-150x150.webp 150w, https:\/\/eco-drinkware.com\/wp-content\/uploads\/2022\/11\/127_0-768x768.webp 768w, https:\/\/eco-drinkware.com\/wp-content\/uploads\/2022\/11\/127_0-600x600.webp 600w, https:\/\/eco-drinkware.com\/wp-content\/uploads\/2022\/11\/127_0-100x100.webp 100w\" sizes=\"auto, (max-width: 1000px) 100vw, 1000px\" \/><\/figure>\n\n\n\n<figure class=\"wp-block-image size-full\"><img loading=\"lazy\" decoding=\"async\" width=\"1000\" height=\"1000\" src=\"https:\/\/eco-drinkware.com\/wp-content\/uploads\/2022\/11\/127_2.webp\" alt=\"\" class=\"wp-image-715\" srcset=\"https:\/\/eco-drinkware.com\/wp-content\/uploads\/2022\/11\/127_2.webp 1000w, https:\/\/eco-drinkware.com\/wp-content\/uploads\/2022\/11\/127_2-300x300.webp 300w, https:\/\/eco-drinkware.com\/wp-content\/uploads\/2022\/11\/127_2-150x150.webp 150w, https:\/\/eco-drinkware.com\/wp-content\/uploads\/2022\/11\/127_2-768x768.webp 768w, https:\/\/eco-drinkware.com\/wp-content\/uploads\/2022\/11\/127_2-600x600.webp 600w, https:\/\/eco-drinkware.com\/wp-content\/uploads\/2022\/11\/127_2-100x100.webp 100w\" sizes=\"auto, (max-width: 1000px) 100vw, 1000px\" \/><\/figure>\n\n\n\n<figure class=\"wp-block-image size-full\"><img loading=\"lazy\" decoding=\"async\" width=\"1000\" height=\"1000\" src=\"https:\/\/eco-drinkware.com\/wp-content\/uploads\/2022\/11\/127_3.webp\" alt=\"\" class=\"wp-image-716\" srcset=\"https:\/\/eco-drinkware.com\/wp-content\/uploads\/2022\/11\/127_3.webp 1000w, https:\/\/eco-drinkware.com\/wp-content\/uploads\/2022\/11\/127_3-300x300.webp 300w, https:\/\/eco-drinkware.com\/wp-content\/uploads\/2022\/11\/127_3-150x150.webp 150w, https:\/\/eco-drinkware.com\/wp-content\/uploads\/2022\/11\/127_3-768x768.webp 768w, https:\/\/eco-drinkware.com\/wp-content\/uploads\/2022\/11\/127_3-600x600.webp 600w, https:\/\/eco-drinkware.com\/wp-content\/uploads\/2022\/11\/127_3-100x100.webp 100w\" sizes=\"auto, (max-width: 1000px) 100vw, 1000px\" \/><\/figure>","protected":false},"excerpt":{"rendered":"<p>A capacidade \u00e9 de 200 ml, com isolamento de parede dupla. Com pega de a\u00e7o de aspeto agrad\u00e1vel, f\u00e1cil de segurar na m\u00e3o. F\u00e1cil de personalizar o log\u00f3tipo e a cor.<\/p>","protected":false},"featured_media":713,"template":"","meta":{"_acf_changed":false,"_seopress_robots_primary_cat":"","_seopress_titles_title":"","_seopress_titles_desc":"","_seopress_robots_index":"","_uag_custom_page_level_css":""},"product_brand":[],"product_cat":[15],"product_tag":[],"class_list":{"0":"post-368","1":"product","2":"type-product","3":"status-publish","4":"has-post-thumbnail","6":"product_cat-drinkware-accessories","8":"first","9":"instock","10":"shipping-taxable","11":"product-type-simple"},"acf":[],"uagb_featured_image_src":{"full":["https:\/\/eco-drinkware.com\/wp-content\/uploads\/2022\/11\/127_0.webp",1000,1000,false],"thumbnail":["https:\/\/eco-drinkware.com\/wp-content\/uploads\/2022\/11\/127_0-150x150.webp",150,150,true],"medium":["https:\/\/eco-drinkware.com\/wp-content\/uploads\/2022\/11\/127_0-300x300.webp",300,300,true],"medium_large":["https:\/\/eco-drinkware.com\/wp-content\/uploads\/2022\/11\/127_0-768x768.webp",768,768,true],"large":["https:\/\/eco-drinkware.com\/wp-content\/uploads\/2022\/11\/127_0.webp",1000,1000,false],"1536x1536":["https:\/\/eco-drinkware.com\/wp-content\/uploads\/2022\/11\/127_0.webp",1000,1000,false],"2048x2048":["https:\/\/eco-drinkware.com\/wp-content\/uploads\/2022\/11\/127_0.webp",1000,1000,false],"trp-custom-language-flag":["https:\/\/eco-drinkware.com\/wp-content\/uploads\/2022\/11\/127_0.webp",12,12,false],"woocommerce_thumbnail":["https:\/\/eco-drinkware.com\/wp-content\/uploads\/2022\/11\/127_0-300x300.webp",300,300,true],"woocommerce_single":["https:\/\/eco-drinkware.com\/wp-content\/uploads\/2022\/11\/127_0-600x600.webp",600,600,true],"woocommerce_gallery_thumbnail":["https:\/\/eco-drinkware.com\/wp-content\/uploads\/2022\/11\/127_0-100x100.webp",100,100,true]},"uagb_author_info":{"display_name":"Amy","author_link":"https:\/\/eco-drinkware.com\/pt\/author\/"},"uagb_comment_info":0,"uagb_excerpt":"Capacity is 200ml, double wall insulated. With nice look steel handle, easy to hold in hand. Easy to do custom logo and color.","_links":{"self":[{"href":"https:\/\/eco-drinkware.com\/pt\/wp-json\/wp\/v2\/product\/368","targetHints":{"allow":["GET"]}}],"collection":[{"href":"https:\/\/eco-drinkware.com\/pt\/wp-json\/wp\/v2\/product"}],"about":[{"href":"https:\/\/eco-drinkware.com\/pt\/wp-json\/wp\/v2\/types\/product"}],"wp:featuredmedia":[{"embeddable":true,"href":"https:\/\/eco-drinkware.com\/pt\/wp-json\/wp\/v2\/media\/713"}],"wp:attachment":[{"href":"https:\/\/eco-drinkware.com\/pt\/wp-json\/wp\/v2\/media?parent=368"}],"wp:term":[{"taxonomy":"product_brand","embeddable":true,"href":"https:\/\/eco-drinkware.com\/pt\/wp-json\/wp\/v2\/product_brand?post=368"},{"taxonomy":"product_cat","embeddable":true,"href":"https:\/\/eco-drinkware.com\/pt\/wp-json\/wp\/v2\/product_cat?post=368"},{"taxonomy":"product_tag","embeddable":true,"href":"https:\/\/eco-drinkware.com\/pt\/wp-json\/wp\/v2\/product_tag?post=368"}],"curies":[{"name":"wp","href":"https:\/\/api.w.org\/{rel}","templated":true}]}}