{"id":371,"date":"2022-11-03T09:17:36","date_gmt":"2022-11-03T01:17:36","guid":{"rendered":"https:\/\/eco-drinkware.com\/?post_type=product&#038;p=371"},"modified":"2022-12-02T17:32:55","modified_gmt":"2022-12-02T09:32:55","slug":"125-garrafa-termica-para-cafe-em-bambu-de-550-ml-em-aco-inoxidavel-com-pega-125","status":"publish","type":"product","link":"https:\/\/eco-drinkware.com\/pt\/product\/125-garrafa-termica-para-cafe-em-bambu-de-550-ml-em-aco-inoxidavel-com-pega-125\/","title":{"rendered":"GB8062 500ml Garrafa de \u00e1gua de bambu isolada em a\u00e7o inoxid\u00e1vel bambooThermos Flask com tampa com pega"},"content":{"rendered":"<p><strong>Garrafa t\u00e9rmica isolada:<\/strong>Esta garrafa t\u00e9rmica de bambu em a\u00e7o inoxid\u00e1vel tem paredes triplas e \u00e9 isolada a v\u00e1cuo, mantendo o l\u00edquido quente e frio durante 12-24 horas.<br><br><strong>Material de qualidade alimentar amigo do ambiente:<\/strong>A parede interna desta garrafa t\u00e9rmica para caf\u00e9 \u00e9 de a\u00e7o inoxid\u00e1vel 18\/8, a parede externa \u00e9 de bambu natural, silicone e a\u00e7o inoxid\u00e1vel 18\/8 na tampa. O melhor \u00e9 lavar \u00e0 m\u00e3o. Secar o corpo da garrafa ap\u00f3s a lavagem.<br><br><strong>5 cores de stock:<\/strong>O frasco t\u00e9rmico com isolamento t\u00e9rmico tem 5 cores de stock, o log\u00f3tipo e a cor personalizados s\u00e3o bem-vindos.<br><br><strong>Com infusor e tampa com pega:<\/strong>A garrafa t\u00e9rmica de a\u00e7o inoxid\u00e1vel inclui um infusor de cesto amov\u00edvel, o anel de silicone na tampa torna a garrafa t\u00e9rmica de bambu \u00e0 prova de \u00e1gua, de boa qualidade. Com a tampa com pega, \u00e9 f\u00e1cil levar o frasco t\u00e9rmico para o gin\u00e1sio, para o campismo e para outras actividades.<br><br>Cores normais para refer\u00eancia<\/p>\n\n\n\n<figure class=\"wp-block-image size-full\"><img loading=\"lazy\" decoding=\"async\" width=\"550\" height=\"550\" src=\"https:\/\/eco-drinkware.com\/wp-content\/uploads\/2022\/11\/125_0.webp\" alt=\"\" class=\"wp-image-731\" srcset=\"https:\/\/eco-drinkware.com\/wp-content\/uploads\/2022\/11\/125_0.webp 550w, https:\/\/eco-drinkware.com\/wp-content\/uploads\/2022\/11\/125_0-300x300.webp 300w, https:\/\/eco-drinkware.com\/wp-content\/uploads\/2022\/11\/125_0-150x150.webp 150w, https:\/\/eco-drinkware.com\/wp-content\/uploads\/2022\/11\/125_0-100x100.webp 100w\" sizes=\"auto, (max-width: 550px) 100vw, 550px\" \/><\/figure>\n\n\n\n<p>Fotos de pormenor da garrafa de \u00e1gua de bambu\u00a0<\/p>\n\n\n\n<figure class=\"wp-block-image size-full\"><img loading=\"lazy\" decoding=\"async\" width=\"550\" height=\"550\" src=\"https:\/\/eco-drinkware.com\/wp-content\/uploads\/2022\/11\/2021-09-03-15-34-364.webp\" alt=\"\" class=\"wp-image-729\" srcset=\"https:\/\/eco-drinkware.com\/wp-content\/uploads\/2022\/11\/2021-09-03-15-34-364.webp 550w, https:\/\/eco-drinkware.com\/wp-content\/uploads\/2022\/11\/2021-09-03-15-34-364-300x300.webp 300w, https:\/\/eco-drinkware.com\/wp-content\/uploads\/2022\/11\/2021-09-03-15-34-364-150x150.webp 150w, https:\/\/eco-drinkware.com\/wp-content\/uploads\/2022\/11\/2021-09-03-15-34-364-100x100.webp 100w\" sizes=\"auto, (max-width: 550px) 100vw, 550px\" \/><\/figure>\n\n\n\n<figure class=\"wp-block-image size-full\"><img loading=\"lazy\" decoding=\"async\" width=\"550\" height=\"550\" src=\"https:\/\/eco-drinkware.com\/wp-content\/uploads\/2022\/11\/125_3.webp\" alt=\"\" class=\"wp-image-728\" srcset=\"https:\/\/eco-drinkware.com\/wp-content\/uploads\/2022\/11\/125_3.webp 550w, https:\/\/eco-drinkware.com\/wp-content\/uploads\/2022\/11\/125_3-300x300.webp 300w, https:\/\/eco-drinkware.com\/wp-content\/uploads\/2022\/11\/125_3-150x150.webp 150w, https:\/\/eco-drinkware.com\/wp-content\/uploads\/2022\/11\/125_3-100x100.webp 100w\" sizes=\"auto, (max-width: 550px) 100vw, 550px\" \/><\/figure>\n\n\n\n<p>Op\u00e7\u00e3o de embalagem: caixa branca, caixa impressa personalizada, cilindro arredondado, caixa de oferta<br>Condi\u00e7\u00f5es :EXW, FOB, CIF, DDU e DDP<\/p>\n\n\n\n<p>Eco Drinkware \u00e9 fabricante de garrafa de \u00e1gua de bambu garrafa t\u00e9rmica de bambu na China continental. Com 20 anos de experi\u00eancia de produ\u00e7\u00e3o.\u00a0<br>E trabalhou com clientes de marcas famosas em todo o mundo.<\/p>\n\n\n\n<figure class=\"wp-block-image size-full\"><img loading=\"lazy\" decoding=\"async\" width=\"1000\" height=\"1000\" src=\"https:\/\/eco-drinkware.com\/wp-content\/uploads\/2022\/11\/2022-04-27-18-28-030.webp\" alt=\"\" class=\"wp-image-730\" srcset=\"https:\/\/eco-drinkware.com\/wp-content\/uploads\/2022\/11\/2022-04-27-18-28-030.webp 1000w, https:\/\/eco-drinkware.com\/wp-content\/uploads\/2022\/11\/2022-04-27-18-28-030-300x300.webp 300w, https:\/\/eco-drinkware.com\/wp-content\/uploads\/2022\/11\/2022-04-27-18-28-030-150x150.webp 150w, https:\/\/eco-drinkware.com\/wp-content\/uploads\/2022\/11\/2022-04-27-18-28-030-768x768.webp 768w, https:\/\/eco-drinkware.com\/wp-content\/uploads\/2022\/11\/2022-04-27-18-28-030-600x600.webp 600w, https:\/\/eco-drinkware.com\/wp-content\/uploads\/2022\/11\/2022-04-27-18-28-030-100x100.webp 100w\" sizes=\"auto, (max-width: 1000px) 100vw, 1000px\" \/><\/figure>\n\n\n\n<figure class=\"wp-block-image size-full\"><img loading=\"lazy\" decoding=\"async\" width=\"1000\" height=\"1000\" src=\"https:\/\/eco-drinkware.com\/wp-content\/uploads\/2022\/11\/125_2.webp\" alt=\"\" class=\"wp-image-733\" srcset=\"https:\/\/eco-drinkware.com\/wp-content\/uploads\/2022\/11\/125_2.webp 1000w, https:\/\/eco-drinkware.com\/wp-content\/uploads\/2022\/11\/125_2-300x300.webp 300w, https:\/\/eco-drinkware.com\/wp-content\/uploads\/2022\/11\/125_2-150x150.webp 150w, https:\/\/eco-drinkware.com\/wp-content\/uploads\/2022\/11\/125_2-768x768.webp 768w, https:\/\/eco-drinkware.com\/wp-content\/uploads\/2022\/11\/125_2-600x600.webp 600w, https:\/\/eco-drinkware.com\/wp-content\/uploads\/2022\/11\/125_2-100x100.webp 100w\" sizes=\"auto, (max-width: 1000px) 100vw, 1000px\" \/><\/figure>\n\n\n\n<p>Por favor, note que a Eco Drinkware oferece envio DDP \u00e0 sua porta, o que significa entrega \u00e0 sua porta e impostos inclu\u00eddos.  V\u00e1 com Eco drinkware, a f\u00e1brica de garrafas de \u00e1gua profissional, voc\u00ea ter\u00e1 mais novos deisgns e id\u00e9ias.\u00a0<\/p>\n\n\n\n<figure class=\"wp-block-image size-full\"><img loading=\"lazy\" decoding=\"async\" width=\"1000\" height=\"1000\" src=\"https:\/\/eco-drinkware.com\/wp-content\/uploads\/2022\/11\/125_1.webp\" alt=\"\" class=\"wp-image-732\" srcset=\"https:\/\/eco-drinkware.com\/wp-content\/uploads\/2022\/11\/125_1.webp 1000w, https:\/\/eco-drinkware.com\/wp-content\/uploads\/2022\/11\/125_1-300x300.webp 300w, https:\/\/eco-drinkware.com\/wp-content\/uploads\/2022\/11\/125_1-150x150.webp 150w, https:\/\/eco-drinkware.com\/wp-content\/uploads\/2022\/11\/125_1-768x768.webp 768w, https:\/\/eco-drinkware.com\/wp-content\/uploads\/2022\/11\/125_1-600x600.webp 600w, https:\/\/eco-drinkware.com\/wp-content\/uploads\/2022\/11\/125_1-100x100.webp 100w\" sizes=\"auto, (max-width: 1000px) 100vw, 1000px\" \/><\/figure>","protected":false},"excerpt":{"rendered":"<p>Garrafa de \u00e1gua de bambu com isolamento de parede tripla, mant\u00e9m a \u00e1gua quente por 12 horas e fria por 24 horas. A cor e o log\u00f3tipo personalizados s\u00e3o bem-vindos, somos profissionais no trabalho ODM e OEM. Basta enviar-nos os seus requisitos, enviar-lhe-emos o design de volta. OEM sua garrafa de bambu com a gente<\/p>","protected":false},"featured_media":731,"template":"","meta":{"_acf_changed":false,"_seopress_robots_primary_cat":"","_seopress_titles_title":"","_seopress_titles_desc":"","_seopress_robots_index":"","_uag_custom_page_level_css":""},"product_brand":[],"product_cat":[33,34,21,32,19,54,20],"product_tag":[],"class_list":{"0":"post-371","1":"product","2":"type-product","3":"status-publish","4":"has-post-thumbnail","6":"product_cat-bamboo-flask","7":"product_cat-bamboo-tumbler","8":"product_cat-bamboo-water-bottle","9":"product_cat-insulated-water-bottle","10":"product_cat-stainless-steel-water-bottle","11":"product_cat-tea-bottle-coffee-tumblers","12":"product_cat-vacuum-flask","14":"first","15":"instock","16":"shipping-taxable","17":"product-type-simple"},"acf":[],"uagb_featured_image_src":{"full":["https:\/\/eco-drinkware.com\/wp-content\/uploads\/2022\/11\/125_0.webp",550,550,false],"thumbnail":["https:\/\/eco-drinkware.com\/wp-content\/uploads\/2022\/11\/125_0-150x150.webp",150,150,true],"medium":["https:\/\/eco-drinkware.com\/wp-content\/uploads\/2022\/11\/125_0-300x300.webp",300,300,true],"medium_large":["https:\/\/eco-drinkware.com\/wp-content\/uploads\/2022\/11\/125_0.webp",550,550,false],"large":["https:\/\/eco-drinkware.com\/wp-content\/uploads\/2022\/11\/125_0.webp",550,550,false],"1536x1536":["https:\/\/eco-drinkware.com\/wp-content\/uploads\/2022\/11\/125_0.webp",550,550,false],"2048x2048":["https:\/\/eco-drinkware.com\/wp-content\/uploads\/2022\/11\/125_0.webp",550,550,false],"trp-custom-language-flag":["https:\/\/eco-drinkware.com\/wp-content\/uploads\/2022\/11\/125_0.webp",12,12,false],"woocommerce_thumbnail":["https:\/\/eco-drinkware.com\/wp-content\/uploads\/2022\/11\/125_0-300x300.webp",300,300,true],"woocommerce_single":["https:\/\/eco-drinkware.com\/wp-content\/uploads\/2022\/11\/125_0.webp",550,550,false],"woocommerce_gallery_thumbnail":["https:\/\/eco-drinkware.com\/wp-content\/uploads\/2022\/11\/125_0-100x100.webp",100,100,true]},"uagb_author_info":{"display_name":"Amy","author_link":"https:\/\/eco-drinkware.com\/pt\/author\/"},"uagb_comment_info":0,"uagb_excerpt":"Triple wall insulated bamboo water bottle ,keeps water hot for 12 hours and cold for 24 hours . Custom color and logo welcome , we are profession on ODM and OEM work. Just send us your requirements ,will send you design back . OEM your bamboo bottle with us","_links":{"self":[{"href":"https:\/\/eco-drinkware.com\/pt\/wp-json\/wp\/v2\/product\/371","targetHints":{"allow":["GET"]}}],"collection":[{"href":"https:\/\/eco-drinkware.com\/pt\/wp-json\/wp\/v2\/product"}],"about":[{"href":"https:\/\/eco-drinkware.com\/pt\/wp-json\/wp\/v2\/types\/product"}],"wp:featuredmedia":[{"embeddable":true,"href":"https:\/\/eco-drinkware.com\/pt\/wp-json\/wp\/v2\/media\/731"}],"wp:attachment":[{"href":"https:\/\/eco-drinkware.com\/pt\/wp-json\/wp\/v2\/media?parent=371"}],"wp:term":[{"taxonomy":"product_brand","embeddable":true,"href":"https:\/\/eco-drinkware.com\/pt\/wp-json\/wp\/v2\/product_brand?post=371"},{"taxonomy":"product_cat","embeddable":true,"href":"https:\/\/eco-drinkware.com\/pt\/wp-json\/wp\/v2\/product_cat?post=371"},{"taxonomy":"product_tag","embeddable":true,"href":"https:\/\/eco-drinkware.com\/pt\/wp-json\/wp\/v2\/product_tag?post=371"}],"curies":[{"name":"wp","href":"https:\/\/api.w.org\/{rel}","templated":true}]}}