{"id":379,"date":"2022-11-03T09:21:46","date_gmt":"2022-11-03T01:21:46","guid":{"rendered":"https:\/\/eco-drinkware.com\/?post_type=product&#038;p=379"},"modified":"2022-12-02T17:28:18","modified_gmt":"2022-12-02T09:28:18","slug":"121-copo-de-cafe-em-bambu-isolado-de-550-ml-com-palhinha-121","status":"publish","type":"product","link":"https:\/\/eco-drinkware.com\/pt\/product\/121-copo-de-cafe-em-bambu-isolado-de-550-ml-com-palhinha-121\/","title":{"rendered":"Copo de caf\u00e9 em bambu isolado de 550 ml com palhinha"},"content":{"rendered":"<p>O copo de caf\u00e9 em bambu tem 550 ml, com interior em a\u00e7o inoxid\u00e1vel 18\/8 e exterior em bambu natural. A tampa e o fundo s\u00e3o de silicone amov\u00edvel, que \u00e9 anti-derrapante.<\/p>\n\n\n\n<p>Este copo de caf\u00e9 de bambu \u00e9 isolado com parede dupla, mant\u00e9m a \u00e1gua quente e fria durante muito tempo, perfeito para beber facilmente com uma m\u00e3o.<br><br>O log\u00f3tipo personalizado pode ser feito tanto na parte de a\u00e7o como na parte de bambu. Embalagem personalizada para este copo de caf\u00e9 de a\u00e7o inoxid\u00e1vel tamb\u00e9m \u00e9 bem-vinda!<\/p>\n\n\n\n<p>Cinco cores em stock para este copo de caf\u00e9 em bambu.\u00a0<\/p>\n\n\n\n<figure class=\"wp-block-image size-full\"><img loading=\"lazy\" decoding=\"async\" width=\"1000\" height=\"1000\" src=\"https:\/\/eco-drinkware.com\/wp-content\/uploads\/2022\/11\/2021-07-23-16-05-276.webp\" alt=\"\" class=\"wp-image-758\" srcset=\"https:\/\/eco-drinkware.com\/wp-content\/uploads\/2022\/11\/2021-07-23-16-05-276.webp 1000w, https:\/\/eco-drinkware.com\/wp-content\/uploads\/2022\/11\/2021-07-23-16-05-276-300x300.webp 300w, https:\/\/eco-drinkware.com\/wp-content\/uploads\/2022\/11\/2021-07-23-16-05-276-150x150.webp 150w, https:\/\/eco-drinkware.com\/wp-content\/uploads\/2022\/11\/2021-07-23-16-05-276-768x768.webp 768w, https:\/\/eco-drinkware.com\/wp-content\/uploads\/2022\/11\/2021-07-23-16-05-276-600x600.webp 600w, https:\/\/eco-drinkware.com\/wp-content\/uploads\/2022\/11\/2021-07-23-16-05-276-100x100.webp 100w\" sizes=\"auto, (max-width: 1000px) 100vw, 1000px\" \/><\/figure>\n\n\n\n<figure class=\"wp-block-image size-full\"><img loading=\"lazy\" decoding=\"async\" width=\"1000\" height=\"1000\" src=\"https:\/\/eco-drinkware.com\/wp-content\/uploads\/2022\/11\/2021-07-23-16-04-146.webp\" alt=\"\" class=\"wp-image-764\" srcset=\"https:\/\/eco-drinkware.com\/wp-content\/uploads\/2022\/11\/2021-07-23-16-04-146.webp 1000w, https:\/\/eco-drinkware.com\/wp-content\/uploads\/2022\/11\/2021-07-23-16-04-146-300x300.webp 300w, https:\/\/eco-drinkware.com\/wp-content\/uploads\/2022\/11\/2021-07-23-16-04-146-150x150.webp 150w, https:\/\/eco-drinkware.com\/wp-content\/uploads\/2022\/11\/2021-07-23-16-04-146-768x768.webp 768w, https:\/\/eco-drinkware.com\/wp-content\/uploads\/2022\/11\/2021-07-23-16-04-146-600x600.webp 600w, https:\/\/eco-drinkware.com\/wp-content\/uploads\/2022\/11\/2021-07-23-16-04-146-100x100.webp 100w\" sizes=\"auto, (max-width: 1000px) 100vw, 1000px\" \/><\/figure>","protected":false},"excerpt":{"rendered":"<p>Em stock, 5 cores para escolher. O log\u00f3tipo personalizado \u00e9 bem-vindo! Copo de caf\u00e9 de bambu em a\u00e7o inoxid\u00e1vel sem BPA, muito ecol\u00f3gico.<\/p>","protected":false},"featured_media":759,"template":"","meta":{"_acf_changed":false,"_seopress_robots_primary_cat":"","_seopress_titles_title":"","_seopress_titles_desc":"","_seopress_robots_index":"","_uag_custom_page_level_css":""},"product_brand":[],"product_cat":[33,34,21,32,41,40,19,24,20],"product_tag":[],"class_list":{"0":"post-379","1":"product","2":"type-product","3":"status-publish","4":"has-post-thumbnail","6":"product_cat-bamboo-flask","7":"product_cat-bamboo-tumbler","8":"product_cat-bamboo-water-bottle","9":"product_cat-insulated-water-bottle","10":"product_cat-stainless-steel-mug","11":"product_cat-stainless-steel-tumbler","12":"product_cat-stainless-steel-water-bottle","13":"product_cat-tumblers-mugs","14":"product_cat-vacuum-flask","16":"first","17":"instock","18":"shipping-taxable","19":"product-type-simple"},"acf":[],"uagb_featured_image_src":{"full":["https:\/\/eco-drinkware.com\/wp-content\/uploads\/2022\/11\/121_0.webp",1000,1000,false],"thumbnail":["https:\/\/eco-drinkware.com\/wp-content\/uploads\/2022\/11\/121_0-150x150.webp",150,150,true],"medium":["https:\/\/eco-drinkware.com\/wp-content\/uploads\/2022\/11\/121_0-300x300.webp",300,300,true],"medium_large":["https:\/\/eco-drinkware.com\/wp-content\/uploads\/2022\/11\/121_0-768x768.webp",768,768,true],"large":["https:\/\/eco-drinkware.com\/wp-content\/uploads\/2022\/11\/121_0.webp",1000,1000,false],"1536x1536":["https:\/\/eco-drinkware.com\/wp-content\/uploads\/2022\/11\/121_0.webp",1000,1000,false],"2048x2048":["https:\/\/eco-drinkware.com\/wp-content\/uploads\/2022\/11\/121_0.webp",1000,1000,false],"trp-custom-language-flag":["https:\/\/eco-drinkware.com\/wp-content\/uploads\/2022\/11\/121_0.webp",12,12,false],"woocommerce_thumbnail":["https:\/\/eco-drinkware.com\/wp-content\/uploads\/2022\/11\/121_0-300x300.webp",300,300,true],"woocommerce_single":["https:\/\/eco-drinkware.com\/wp-content\/uploads\/2022\/11\/121_0-600x600.webp",600,600,true],"woocommerce_gallery_thumbnail":["https:\/\/eco-drinkware.com\/wp-content\/uploads\/2022\/11\/121_0-100x100.webp",100,100,true]},"uagb_author_info":{"display_name":"Amy","author_link":"https:\/\/eco-drinkware.com\/pt\/author\/"},"uagb_comment_info":0,"uagb_excerpt":"In stock, 5 stock colors for you choose. Custom logo is welcome! BPA free, very eco friendly stainless steel bamboo coffee tumbler.","_links":{"self":[{"href":"https:\/\/eco-drinkware.com\/pt\/wp-json\/wp\/v2\/product\/379","targetHints":{"allow":["GET"]}}],"collection":[{"href":"https:\/\/eco-drinkware.com\/pt\/wp-json\/wp\/v2\/product"}],"about":[{"href":"https:\/\/eco-drinkware.com\/pt\/wp-json\/wp\/v2\/types\/product"}],"wp:featuredmedia":[{"embeddable":true,"href":"https:\/\/eco-drinkware.com\/pt\/wp-json\/wp\/v2\/media\/759"}],"wp:attachment":[{"href":"https:\/\/eco-drinkware.com\/pt\/wp-json\/wp\/v2\/media?parent=379"}],"wp:term":[{"taxonomy":"product_brand","embeddable":true,"href":"https:\/\/eco-drinkware.com\/pt\/wp-json\/wp\/v2\/product_brand?post=379"},{"taxonomy":"product_cat","embeddable":true,"href":"https:\/\/eco-drinkware.com\/pt\/wp-json\/wp\/v2\/product_cat?post=379"},{"taxonomy":"product_tag","embeddable":true,"href":"https:\/\/eco-drinkware.com\/pt\/wp-json\/wp\/v2\/product_tag?post=379"}],"curies":[{"name":"wp","href":"https:\/\/api.w.org\/{rel}","templated":true}]}}