{"id":487,"date":"2022-11-03T14:50:48","date_gmt":"2022-11-03T14:50:48","guid":{"rendered":"https:\/\/eco-drinkware.com\/?post_type=product&#038;p=487"},"modified":"2022-11-04T03:49:24","modified_gmt":"2022-11-04T03:49:24","slug":"117-caneca-termica-de-campismo-para-cafe-e-cha-em-aco-inoxidavel-com-tampa-117","status":"publish","type":"product","link":"https:\/\/eco-drinkware.com\/pt\/product\/117-caneca-termica-de-campismo-para-cafe-e-cha-em-aco-inoxidavel-com-tampa-117\/","title":{"rendered":"Caneca t\u00e9rmica para caf\u00e9 de campismo em a\u00e7o inoxid\u00e1vel com tampa"},"content":{"rendered":"<p><strong>Caneca de caf\u00e9 com isolamento a v\u00e1cuo:\u00a0<\/strong>A caneca de caf\u00e9 tem parede dupla em a\u00e7o inoxid\u00e1vel. O design isolado mant\u00e9m a bebida quente ou fria durante muito tempo na caneca de caf\u00e9 em a\u00e7o inoxid\u00e1vel. Desfrute de bebidas quentes ou frias e proteja as suas m\u00e3os.<br><br><strong>Caneca de caf\u00e9 com tampa deslizante sem BPA:<\/strong>A tampa deslizante \u00e9 feita de pl\u00e1stico sem BPA e com uma junta de borracha. Abre-se e fecha-se facilmente, mantendo a seguran\u00e7a das bebidas na caneca de caf\u00e9. A tampa deslizante \u00e9 muito ecol\u00f3gica e tem uma boa veda\u00e7\u00e3o. Tem um orif\u00edcio para beber na parte superior, onde se pode colocar uma palhinha.<br><br><strong>Caneca de caf\u00e9 em a\u00e7o inoxid\u00e1vel:\u00a0<\/strong>A caneca de caf\u00e9 \u00e9 feita de a\u00e7o inoxid\u00e1vel 304 de qualidade alimentar, o acabamento com revestimento em p\u00f3 \u00e9 resistente e dura muito tempo. F\u00e1cil de limpar.<br><br><strong>Caneca de caf\u00e9 de 12oz 14oz:<\/strong>a caneca de caf\u00e9 em a\u00e7o inoxid\u00e1vel tem uma pega, f\u00e1cil de transportar para acampar ou viajar.<\/p>\n\n\n\n<figure class=\"wp-block-image size-full\"><img loading=\"lazy\" decoding=\"async\" width=\"1000\" height=\"1000\" src=\"https:\/\/eco-drinkware.com\/wp-content\/uploads\/2022\/11\/117_0.webp\" alt=\"\" class=\"wp-image-783\" srcset=\"https:\/\/eco-drinkware.com\/wp-content\/uploads\/2022\/11\/117_0.webp 1000w, https:\/\/eco-drinkware.com\/wp-content\/uploads\/2022\/11\/117_0-300x300.webp 300w, https:\/\/eco-drinkware.com\/wp-content\/uploads\/2022\/11\/117_0-150x150.webp 150w, https:\/\/eco-drinkware.com\/wp-content\/uploads\/2022\/11\/117_0-768x768.webp 768w, https:\/\/eco-drinkware.com\/wp-content\/uploads\/2022\/11\/117_0-600x600.webp 600w, https:\/\/eco-drinkware.com\/wp-content\/uploads\/2022\/11\/117_0-100x100.webp 100w\" sizes=\"auto, (max-width: 1000px) 100vw, 1000px\" \/><\/figure>\n\n\n\n<figure class=\"wp-block-image size-full\"><img loading=\"lazy\" decoding=\"async\" width=\"1000\" height=\"1000\" src=\"https:\/\/eco-drinkware.com\/wp-content\/uploads\/2022\/11\/2021-05-28-16-42-541.webp\" alt=\"\" class=\"wp-image-781\" srcset=\"https:\/\/eco-drinkware.com\/wp-content\/uploads\/2022\/11\/2021-05-28-16-42-541.webp 1000w, https:\/\/eco-drinkware.com\/wp-content\/uploads\/2022\/11\/2021-05-28-16-42-541-300x300.webp 300w, https:\/\/eco-drinkware.com\/wp-content\/uploads\/2022\/11\/2021-05-28-16-42-541-150x150.webp 150w, https:\/\/eco-drinkware.com\/wp-content\/uploads\/2022\/11\/2021-05-28-16-42-541-768x768.webp 768w, https:\/\/eco-drinkware.com\/wp-content\/uploads\/2022\/11\/2021-05-28-16-42-541-600x600.webp 600w, https:\/\/eco-drinkware.com\/wp-content\/uploads\/2022\/11\/2021-05-28-16-42-541-100x100.webp 100w\" sizes=\"auto, (max-width: 1000px) 100vw, 1000px\" \/><\/figure>\n\n\n\n<figure class=\"wp-block-image size-full\"><img loading=\"lazy\" decoding=\"async\" width=\"1000\" height=\"1000\" src=\"https:\/\/eco-drinkware.com\/wp-content\/uploads\/2022\/11\/2021-05-28-16-43-178.webp\" alt=\"\" class=\"wp-image-782\" srcset=\"https:\/\/eco-drinkware.com\/wp-content\/uploads\/2022\/11\/2021-05-28-16-43-178.webp 1000w, https:\/\/eco-drinkware.com\/wp-content\/uploads\/2022\/11\/2021-05-28-16-43-178-300x300.webp 300w, https:\/\/eco-drinkware.com\/wp-content\/uploads\/2022\/11\/2021-05-28-16-43-178-150x150.webp 150w, https:\/\/eco-drinkware.com\/wp-content\/uploads\/2022\/11\/2021-05-28-16-43-178-768x768.webp 768w, https:\/\/eco-drinkware.com\/wp-content\/uploads\/2022\/11\/2021-05-28-16-43-178-600x600.webp 600w, https:\/\/eco-drinkware.com\/wp-content\/uploads\/2022\/11\/2021-05-28-16-43-178-100x100.webp 100w\" sizes=\"auto, (max-width: 1000px) 100vw, 1000px\" \/><\/figure>","protected":false},"excerpt":{"rendered":"<p>Capacidade: 12oz, 14oz. Isolado a v\u00e1cuo. Parede dupla em a\u00e7o inoxid\u00e1vel. Material de qualidade alimentar. Com tampa deslizante e pega.<\/p>","protected":false},"featured_media":783,"template":"","meta":{"_acf_changed":false,"_seopress_robots_primary_cat":"","_seopress_titles_title":"","_seopress_titles_desc":"","_seopress_robots_index":"","_uag_custom_page_level_css":""},"product_brand":[],"product_cat":[15],"product_tag":[],"class_list":{"0":"post-487","1":"product","2":"type-product","3":"status-publish","4":"has-post-thumbnail","6":"product_cat-drinkware-accessories","8":"first","9":"instock","10":"shipping-taxable","11":"product-type-simple"},"acf":[],"uagb_featured_image_src":{"full":["https:\/\/eco-drinkware.com\/wp-content\/uploads\/2022\/11\/117_0.webp",1000,1000,false],"thumbnail":["https:\/\/eco-drinkware.com\/wp-content\/uploads\/2022\/11\/117_0-150x150.webp",150,150,true],"medium":["https:\/\/eco-drinkware.com\/wp-content\/uploads\/2022\/11\/117_0-300x300.webp",300,300,true],"medium_large":["https:\/\/eco-drinkware.com\/wp-content\/uploads\/2022\/11\/117_0-768x768.webp",768,768,true],"large":["https:\/\/eco-drinkware.com\/wp-content\/uploads\/2022\/11\/117_0.webp",1000,1000,false],"1536x1536":["https:\/\/eco-drinkware.com\/wp-content\/uploads\/2022\/11\/117_0.webp",1000,1000,false],"2048x2048":["https:\/\/eco-drinkware.com\/wp-content\/uploads\/2022\/11\/117_0.webp",1000,1000,false],"trp-custom-language-flag":["https:\/\/eco-drinkware.com\/wp-content\/uploads\/2022\/11\/117_0.webp",12,12,false],"woocommerce_thumbnail":["https:\/\/eco-drinkware.com\/wp-content\/uploads\/2022\/11\/117_0-300x300.webp",300,300,true],"woocommerce_single":["https:\/\/eco-drinkware.com\/wp-content\/uploads\/2022\/11\/117_0-600x600.webp",600,600,true],"woocommerce_gallery_thumbnail":["https:\/\/eco-drinkware.com\/wp-content\/uploads\/2022\/11\/117_0-100x100.webp",100,100,true]},"uagb_author_info":{"display_name":"Amy","author_link":"https:\/\/eco-drinkware.com\/pt\/author\/"},"uagb_comment_info":0,"uagb_excerpt":"Capacity: 12oz, 14oz. Vacuum Insulated. Double wall stainless steel. Food grade material. With sliding lid and handle.","_links":{"self":[{"href":"https:\/\/eco-drinkware.com\/pt\/wp-json\/wp\/v2\/product\/487","targetHints":{"allow":["GET"]}}],"collection":[{"href":"https:\/\/eco-drinkware.com\/pt\/wp-json\/wp\/v2\/product"}],"about":[{"href":"https:\/\/eco-drinkware.com\/pt\/wp-json\/wp\/v2\/types\/product"}],"wp:featuredmedia":[{"embeddable":true,"href":"https:\/\/eco-drinkware.com\/pt\/wp-json\/wp\/v2\/media\/783"}],"wp:attachment":[{"href":"https:\/\/eco-drinkware.com\/pt\/wp-json\/wp\/v2\/media?parent=487"}],"wp:term":[{"taxonomy":"product_brand","embeddable":true,"href":"https:\/\/eco-drinkware.com\/pt\/wp-json\/wp\/v2\/product_brand?post=487"},{"taxonomy":"product_cat","embeddable":true,"href":"https:\/\/eco-drinkware.com\/pt\/wp-json\/wp\/v2\/product_cat?post=487"},{"taxonomy":"product_tag","embeddable":true,"href":"https:\/\/eco-drinkware.com\/pt\/wp-json\/wp\/v2\/product_tag?post=487"}],"curies":[{"name":"wp","href":"https:\/\/api.w.org\/{rel}","templated":true}]}}