{"id":491,"date":"2022-11-03T14:51:36","date_gmt":"2022-11-03T14:51:36","guid":{"rendered":"https:\/\/eco-drinkware.com\/?post_type=product&#038;p=491"},"modified":"2022-11-04T03:55:24","modified_gmt":"2022-11-04T03:55:24","slug":"moinho-de-cafe-manual-de-rebarba-115-kitchenaid-115","status":"publish","type":"product","link":"https:\/\/eco-drinkware.com\/pt\/product\/moinho-de-cafe-manual-de-rebarba-115-kitchenaid-115\/","title":{"rendered":"Moinho de caf\u00e9 manual de rebarba Kitchenaid"},"content":{"rendered":"<p>O moinho de caf\u00e9 manual com mecanismo de moagem ajust\u00e1vel de 8 regula\u00e7\u00f5es de grossura externa.<br>Moinho de caf\u00e9 com rebarba de cer\u00e2mica dur\u00e1vel e de precis\u00e3o.<br>Tamanho: 150x85x215mm\/3cup, 600g<br>Material: Corpo em a\u00e7o inoxid\u00e1vel 304, pega em alum\u00ednio, bot\u00e3o em madeira de faia, n\u00facleo do moinho de caf\u00e9 em cer\u00e2mica, garrafa de vidro<\/p>\n\n\n\n<figure class=\"wp-block-image size-full\"><img loading=\"lazy\" decoding=\"async\" width=\"750\" height=\"750\" src=\"https:\/\/eco-drinkware.com\/wp-content\/uploads\/2022\/11\/2021-04-19-17-11-485.webp\" alt=\"\" class=\"wp-image-804\" srcset=\"https:\/\/eco-drinkware.com\/wp-content\/uploads\/2022\/11\/2021-04-19-17-11-485.webp 750w, https:\/\/eco-drinkware.com\/wp-content\/uploads\/2022\/11\/2021-04-19-17-11-485-300x300.webp 300w, https:\/\/eco-drinkware.com\/wp-content\/uploads\/2022\/11\/2021-04-19-17-11-485-150x150.webp 150w, https:\/\/eco-drinkware.com\/wp-content\/uploads\/2022\/11\/2021-04-19-17-11-485-600x600.webp 600w, https:\/\/eco-drinkware.com\/wp-content\/uploads\/2022\/11\/2021-04-19-17-11-485-100x100.webp 100w\" sizes=\"auto, (max-width: 750px) 100vw, 750px\" \/><\/figure>\n\n\n\n<figure class=\"wp-block-image size-full\"><img loading=\"lazy\" decoding=\"async\" width=\"750\" height=\"750\" src=\"https:\/\/eco-drinkware.com\/wp-content\/uploads\/2022\/11\/2021-04-19-17-12-168.webp\" alt=\"\" class=\"wp-image-797\" srcset=\"https:\/\/eco-drinkware.com\/wp-content\/uploads\/2022\/11\/2021-04-19-17-12-168.webp 750w, https:\/\/eco-drinkware.com\/wp-content\/uploads\/2022\/11\/2021-04-19-17-12-168-300x300.webp 300w, https:\/\/eco-drinkware.com\/wp-content\/uploads\/2022\/11\/2021-04-19-17-12-168-150x150.webp 150w, https:\/\/eco-drinkware.com\/wp-content\/uploads\/2022\/11\/2021-04-19-17-12-168-600x600.webp 600w, https:\/\/eco-drinkware.com\/wp-content\/uploads\/2022\/11\/2021-04-19-17-12-168-100x100.webp 100w\" sizes=\"auto, (max-width: 750px) 100vw, 750px\" \/><\/figure>\n\n\n\n<figure class=\"wp-block-image size-full\"><img loading=\"lazy\" decoding=\"async\" width=\"750\" height=\"750\" src=\"https:\/\/eco-drinkware.com\/wp-content\/uploads\/2022\/11\/2021-04-19-17-12-577.webp\" alt=\"\" class=\"wp-image-798\" srcset=\"https:\/\/eco-drinkware.com\/wp-content\/uploads\/2022\/11\/2021-04-19-17-12-577.webp 750w, https:\/\/eco-drinkware.com\/wp-content\/uploads\/2022\/11\/2021-04-19-17-12-577-300x300.webp 300w, https:\/\/eco-drinkware.com\/wp-content\/uploads\/2022\/11\/2021-04-19-17-12-577-150x150.webp 150w, https:\/\/eco-drinkware.com\/wp-content\/uploads\/2022\/11\/2021-04-19-17-12-577-600x600.webp 600w, https:\/\/eco-drinkware.com\/wp-content\/uploads\/2022\/11\/2021-04-19-17-12-577-100x100.webp 100w\" sizes=\"auto, (max-width: 750px) 100vw, 750px\" \/><\/figure>\n\n\n\n<figure class=\"wp-block-image size-full\"><img loading=\"lazy\" decoding=\"async\" width=\"750\" height=\"756\" src=\"https:\/\/eco-drinkware.com\/wp-content\/uploads\/2022\/11\/2021-04-19-17-13-353.webp\" alt=\"\" class=\"wp-image-799\" srcset=\"https:\/\/eco-drinkware.com\/wp-content\/uploads\/2022\/11\/2021-04-19-17-13-353.webp 750w, https:\/\/eco-drinkware.com\/wp-content\/uploads\/2022\/11\/2021-04-19-17-13-353-298x300.webp 298w, https:\/\/eco-drinkware.com\/wp-content\/uploads\/2022\/11\/2021-04-19-17-13-353-150x150.webp 150w, https:\/\/eco-drinkware.com\/wp-content\/uploads\/2022\/11\/2021-04-19-17-13-353-600x605.webp 600w, https:\/\/eco-drinkware.com\/wp-content\/uploads\/2022\/11\/2021-04-19-17-13-353-100x100.webp 100w\" sizes=\"auto, (max-width: 750px) 100vw, 750px\" \/><\/figure>","protected":false},"excerpt":{"rendered":"<p>Corpo em a\u00e7o inoxid\u00e1vel 304, pega em alum\u00ednio, bot\u00e3o em madeira de faia, n\u00facleo do moinho de caf\u00e9 em cer\u00e2mica, garrafa de vidro. O moinho de caf\u00e9 manual com mecanismo de moagem ajust\u00e1vel de 8 regula\u00e7\u00f5es de grossura externa.<\/p>","protected":false},"featured_media":800,"template":"","meta":{"_acf_changed":false,"_seopress_robots_primary_cat":"","_seopress_titles_title":"","_seopress_titles_desc":"","_seopress_robots_index":"","_uag_custom_page_level_css":""},"product_brand":[],"product_cat":[15],"product_tag":[],"class_list":{"0":"post-491","1":"product","2":"type-product","3":"status-publish","4":"has-post-thumbnail","6":"product_cat-drinkware-accessories","8":"first","9":"instock","10":"shipping-taxable","11":"product-type-simple"},"acf":[],"uagb_featured_image_src":{"full":["https:\/\/eco-drinkware.com\/wp-content\/uploads\/2022\/11\/115_0.webp",750,750,false],"thumbnail":["https:\/\/eco-drinkware.com\/wp-content\/uploads\/2022\/11\/115_0-150x150.webp",150,150,true],"medium":["https:\/\/eco-drinkware.com\/wp-content\/uploads\/2022\/11\/115_0-300x300.webp",300,300,true],"medium_large":["https:\/\/eco-drinkware.com\/wp-content\/uploads\/2022\/11\/115_0.webp",750,750,false],"large":["https:\/\/eco-drinkware.com\/wp-content\/uploads\/2022\/11\/115_0.webp",750,750,false],"1536x1536":["https:\/\/eco-drinkware.com\/wp-content\/uploads\/2022\/11\/115_0.webp",750,750,false],"2048x2048":["https:\/\/eco-drinkware.com\/wp-content\/uploads\/2022\/11\/115_0.webp",750,750,false],"trp-custom-language-flag":["https:\/\/eco-drinkware.com\/wp-content\/uploads\/2022\/11\/115_0.webp",12,12,false],"woocommerce_thumbnail":["https:\/\/eco-drinkware.com\/wp-content\/uploads\/2022\/11\/115_0-300x300.webp",300,300,true],"woocommerce_single":["https:\/\/eco-drinkware.com\/wp-content\/uploads\/2022\/11\/115_0-600x600.webp",600,600,true],"woocommerce_gallery_thumbnail":["https:\/\/eco-drinkware.com\/wp-content\/uploads\/2022\/11\/115_0-100x100.webp",100,100,true]},"uagb_author_info":{"display_name":"Amy","author_link":"https:\/\/eco-drinkware.com\/pt\/author\/"},"uagb_comment_info":0,"uagb_excerpt":"304 stainless steel body, aluminum handle, beech wood knob, ceramic coffee grinder core, glass bottle. The manual coffee grinder with 8-setting External Coarseness Adustable Grinding Mechansim.","_links":{"self":[{"href":"https:\/\/eco-drinkware.com\/pt\/wp-json\/wp\/v2\/product\/491","targetHints":{"allow":["GET"]}}],"collection":[{"href":"https:\/\/eco-drinkware.com\/pt\/wp-json\/wp\/v2\/product"}],"about":[{"href":"https:\/\/eco-drinkware.com\/pt\/wp-json\/wp\/v2\/types\/product"}],"wp:featuredmedia":[{"embeddable":true,"href":"https:\/\/eco-drinkware.com\/pt\/wp-json\/wp\/v2\/media\/800"}],"wp:attachment":[{"href":"https:\/\/eco-drinkware.com\/pt\/wp-json\/wp\/v2\/media?parent=491"}],"wp:term":[{"taxonomy":"product_brand","embeddable":true,"href":"https:\/\/eco-drinkware.com\/pt\/wp-json\/wp\/v2\/product_brand?post=491"},{"taxonomy":"product_cat","embeddable":true,"href":"https:\/\/eco-drinkware.com\/pt\/wp-json\/wp\/v2\/product_cat?post=491"},{"taxonomy":"product_tag","embeddable":true,"href":"https:\/\/eco-drinkware.com\/pt\/wp-json\/wp\/v2\/product_tag?post=491"}],"curies":[{"name":"wp","href":"https:\/\/api.w.org\/{rel}","templated":true}]}}