{"id":502,"date":"2022-11-03T15:47:41","date_gmt":"2022-11-03T15:47:41","guid":{"rendered":"https:\/\/eco-drinkware.com\/?post_type=product&#038;p=502"},"modified":"2022-11-04T08:35:02","modified_gmt":"2022-11-04T08:35:02","slug":"garrafa-de-agua-de-500-ml-em-aco-inoxidavel-com-isolamento-de-vacuo-110","status":"publish","type":"product","link":"https:\/\/eco-drinkware.com\/pt\/product\/garrafa-de-agua-de-500-ml-em-aco-inoxidavel-com-isolamento-de-vacuo-110\/","title":{"rendered":"Garrafa de \u00e1gua de 500 ml em a\u00e7o inoxid\u00e1vel isolada em v\u00e1cuo"},"content":{"rendered":"<h3 class=\"wp-block-heading\">Garrafa de \u00e1gua em a\u00e7o inoxid\u00e1vel Carater\u00edsticas<br><\/h3>\n\n\n\n<p>1) Capacidade: 500ml<br>2) Material: A\u00e7o inoxid\u00e1vel 304 para a parede interior, a\u00e7o inoxid\u00e1vel 201 para a parede exterior, com novo pp e anel de silicone na tampa.<br>3) Isolamento a v\u00e1cuo: a garrafa de \u00e1gua em a\u00e7o inoxid\u00e1vel pode manter a \u00e1gua quente durante mais de 12 horas e fria durante 24 horas. Com boca pequena, pode manter a temperatura durante muito tempo.<br>4) Pintura a cores: A pintura de cor pantone personalizada \u00e9 bem-vinda. O acabamento de borracha para esta garrafa de \u00e1gua de a\u00e7o inoxid\u00e1vel \u00e9 o mais popular, o acabamento \u00e9 suave e macio.<br><\/p>\n\n\n\n<h3 class=\"wp-block-heading\">Fotos de garrafas de \u00e1gua em a\u00e7o inoxid\u00e1vel<\/h3>\n\n\n\n<figure class=\"wp-block-image size-full\"><img loading=\"lazy\" decoding=\"async\" width=\"919\" height=\"909\" src=\"https:\/\/eco-drinkware.com\/wp-content\/uploads\/2022\/11\/110_0.webp\" alt=\"\" class=\"wp-image-827\" srcset=\"https:\/\/eco-drinkware.com\/wp-content\/uploads\/2022\/11\/110_0.webp 919w, https:\/\/eco-drinkware.com\/wp-content\/uploads\/2022\/11\/110_0-300x297.webp 300w, https:\/\/eco-drinkware.com\/wp-content\/uploads\/2022\/11\/110_0-150x148.webp 150w, https:\/\/eco-drinkware.com\/wp-content\/uploads\/2022\/11\/110_0-768x760.webp 768w, https:\/\/eco-drinkware.com\/wp-content\/uploads\/2022\/11\/110_0-600x593.webp 600w, https:\/\/eco-drinkware.com\/wp-content\/uploads\/2022\/11\/110_0-100x100.webp 100w\" sizes=\"auto, (max-width: 919px) 100vw, 919px\" \/><\/figure>\n\n\n\n<figure class=\"wp-block-image size-full\"><img loading=\"lazy\" decoding=\"async\" width=\"1000\" height=\"1000\" src=\"https:\/\/eco-drinkware.com\/wp-content\/uploads\/2022\/11\/2021-08-10-15-00-020.webp\" alt=\"\" class=\"wp-image-826\" srcset=\"https:\/\/eco-drinkware.com\/wp-content\/uploads\/2022\/11\/2021-08-10-15-00-020.webp 1000w, https:\/\/eco-drinkware.com\/wp-content\/uploads\/2022\/11\/2021-08-10-15-00-020-300x300.webp 300w, https:\/\/eco-drinkware.com\/wp-content\/uploads\/2022\/11\/2021-08-10-15-00-020-150x150.webp 150w, https:\/\/eco-drinkware.com\/wp-content\/uploads\/2022\/11\/2021-08-10-15-00-020-768x768.webp 768w, https:\/\/eco-drinkware.com\/wp-content\/uploads\/2022\/11\/2021-08-10-15-00-020-600x600.webp 600w, https:\/\/eco-drinkware.com\/wp-content\/uploads\/2022\/11\/2021-08-10-15-00-020-100x100.webp 100w\" sizes=\"auto, (max-width: 1000px) 100vw, 1000px\" \/><\/figure>\n\n\n\n<h3 class=\"wp-block-heading\">Especifica\u00e7\u00f5es da garrafa de \u00e1gua em a\u00e7o inoxid\u00e1vel<\/h3>\n\n\n\n<p>MOQ: 500pcs<br>Log\u00f3tipo: log\u00f3tipo personalizado a laser, log\u00f3tipo de impress\u00e3o em seda<br>Cor: cor pantone personalizada<br>Acabamento: O acabamento em borracha para esta garrafa de \u00e1gua em a\u00e7o inoxid\u00e1vel \u00e9 o mais popular, o acabamento \u00e9 suave e macio.<br>Tempo da amostra: 5-7 dias para amostra de garrafa de \u00e1gua de a\u00e7o inoxid\u00e1vel simples<br>Prazo de pagamento: dep\u00f3sito de 30% para iniciar a produ\u00e7\u00e3o, saldo a ser pago antes da expedi\u00e7\u00e3o<br>M\u00e9todo de pagamento: T\/T, Paypal, Western Union<\/p>","protected":false},"excerpt":{"rendered":"<p>1) Capacidade: 500ml<\/p>\n<p>2) Material: A\u00e7o inoxid\u00e1vel 304 para a parede interior, a\u00e7o inoxid\u00e1vel 201 para a parede exterior<\/p>\n<p>3) Isolamento a v\u00e1cuo: a garrafa de \u00e1gua em a\u00e7o inoxid\u00e1vel pode manter a \u00e1gua quente durante mais de 12 horas e fria durante 24 horas.<\/p>","protected":false},"featured_media":827,"template":"","meta":{"_acf_changed":false,"_seopress_robots_primary_cat":"","_seopress_titles_title":"","_seopress_titles_desc":"","_seopress_robots_index":"","_uag_custom_page_level_css":""},"product_brand":[],"product_cat":[15],"product_tag":[],"class_list":{"0":"post-502","1":"product","2":"type-product","3":"status-publish","4":"has-post-thumbnail","6":"product_cat-drinkware-accessories","8":"first","9":"instock","10":"shipping-taxable","11":"product-type-simple"},"acf":[],"uagb_featured_image_src":{"full":["https:\/\/eco-drinkware.com\/wp-content\/uploads\/2022\/11\/110_0.webp",919,909,false],"thumbnail":["https:\/\/eco-drinkware.com\/wp-content\/uploads\/2022\/11\/110_0-150x148.webp",150,148,true],"medium":["https:\/\/eco-drinkware.com\/wp-content\/uploads\/2022\/11\/110_0-300x297.webp",300,297,true],"medium_large":["https:\/\/eco-drinkware.com\/wp-content\/uploads\/2022\/11\/110_0-768x760.webp",768,760,true],"large":["https:\/\/eco-drinkware.com\/wp-content\/uploads\/2022\/11\/110_0.webp",919,909,false],"1536x1536":["https:\/\/eco-drinkware.com\/wp-content\/uploads\/2022\/11\/110_0.webp",919,909,false],"2048x2048":["https:\/\/eco-drinkware.com\/wp-content\/uploads\/2022\/11\/110_0.webp",919,909,false],"trp-custom-language-flag":["https:\/\/eco-drinkware.com\/wp-content\/uploads\/2022\/11\/110_0.webp",12,12,false],"woocommerce_thumbnail":["https:\/\/eco-drinkware.com\/wp-content\/uploads\/2022\/11\/110_0-300x300.webp",300,300,true],"woocommerce_single":["https:\/\/eco-drinkware.com\/wp-content\/uploads\/2022\/11\/110_0-600x593.webp",600,593,true],"woocommerce_gallery_thumbnail":["https:\/\/eco-drinkware.com\/wp-content\/uploads\/2022\/11\/110_0-100x100.webp",100,100,true]},"uagb_author_info":{"display_name":"Amy","author_link":"https:\/\/eco-drinkware.com\/pt\/author\/"},"uagb_comment_info":0,"uagb_excerpt":"1) Capacity: 500ml 2) Material: 304 stainless steel for inner wall, 201 stainless steel for outer wall 3) Vacuum Insulation: the stainless steel water bottle can keep water hot for over 12 hours, cold for 24 hours.","_links":{"self":[{"href":"https:\/\/eco-drinkware.com\/pt\/wp-json\/wp\/v2\/product\/502","targetHints":{"allow":["GET"]}}],"collection":[{"href":"https:\/\/eco-drinkware.com\/pt\/wp-json\/wp\/v2\/product"}],"about":[{"href":"https:\/\/eco-drinkware.com\/pt\/wp-json\/wp\/v2\/types\/product"}],"wp:featuredmedia":[{"embeddable":true,"href":"https:\/\/eco-drinkware.com\/pt\/wp-json\/wp\/v2\/media\/827"}],"wp:attachment":[{"href":"https:\/\/eco-drinkware.com\/pt\/wp-json\/wp\/v2\/media?parent=502"}],"wp:term":[{"taxonomy":"product_brand","embeddable":true,"href":"https:\/\/eco-drinkware.com\/pt\/wp-json\/wp\/v2\/product_brand?post=502"},{"taxonomy":"product_cat","embeddable":true,"href":"https:\/\/eco-drinkware.com\/pt\/wp-json\/wp\/v2\/product_cat?post=502"},{"taxonomy":"product_tag","embeddable":true,"href":"https:\/\/eco-drinkware.com\/pt\/wp-json\/wp\/v2\/product_tag?post=502"}],"curies":[{"name":"wp","href":"https:\/\/api.w.org\/{rel}","templated":true}]}}