{"id":528,"date":"2022-11-03T15:52:50","date_gmt":"2022-11-03T15:52:50","guid":{"rendered":"https:\/\/eco-drinkware.com\/?post_type=product&#038;p=528"},"modified":"2022-11-04T09:00:32","modified_gmt":"2022-11-04T09:00:32","slug":"102-atacado-parede-dupla-isolada-frasco-de-vacuo-garrafa-termica-de-agua-102","status":"publish","type":"product","link":"https:\/\/eco-drinkware.com\/pt\/product\/102-atacado-parede-dupla-isolada-frasco-de-vacuo-garrafa-termica-de-agua-102\/","title":{"rendered":"Garrafa de \u00e1gua t\u00e9rmica com isolamento t\u00e9rmico de parede dupla por atacado"},"content":{"rendered":"<p><strong>Tampa basculante:&nbsp;<\/strong>esta garrafa de \u00e1gua desportiva em a\u00e7o inoxid\u00e1vel tem uma tampa basculante, f\u00e1cil de abrir para beber \u00e1gua durante a condu\u00e7\u00e3o, nata\u00e7\u00e3o, gin\u00e1sio, campismo e assim por diante.<strong><br><br>Com infusor:<\/strong>O acess\u00f3rio para a garrafa de \u00e1gua desportiva hydro flask de 500 ml em a\u00e7o inoxid\u00e1vel swell \u00e9 um pequeno infusor e um infusor de cesto. Material de qualidade alimentar em a\u00e7o inoxid\u00e1vel 304.<strong><br><br>Frasco de v\u00e1cuo isolado:<\/strong>a garrafa de \u00e1gua de v\u00e1cuo de a\u00e7o inoxid\u00e1vel pode manter a \u00e1gua quente e fria durante 12-18 horas. O ch\u00e1, o caf\u00e9 e a \u00e1gua gelada podem ser enchidos na garrafa de \u00e1gua desportiva.<strong><br><\/strong><\/p>\n\n\n\n<figure class=\"wp-block-table\"><table><tbody><tr><td>Capacidade<\/td><td>500ml<\/td><\/tr><tr><td>Cor&nbsp;<\/td><td>Pantone personalizado<\/td><\/tr><tr><td>MOQ<\/td><td>500 unidades<\/td><\/tr><tr><td>Tampa<\/td><td>Pl\u00e1stico flip<\/td><\/tr><tr><td>Material<\/td><td>A\u00e7o inoxid\u00e1vel 304 no interior, a\u00e7o inoxid\u00e1vel 201 no exterior<\/td><\/tr><tr><td>Log\u00f3tipo<\/td><td>Personalizado<\/td><\/tr><tr><td>Embalagem<\/td><td>Caixa branca, caixa de cor, cilindro redondo<\/td><\/tr><\/tbody><\/table><\/figure>\n\n\n\n<figure class=\"wp-block-image size-full\"><img loading=\"lazy\" decoding=\"async\" width=\"1000\" height=\"1000\" src=\"https:\/\/eco-drinkware.com\/wp-content\/uploads\/2022\/11\/102_0.webp\" alt=\"\" class=\"wp-image-861\" srcset=\"https:\/\/eco-drinkware.com\/wp-content\/uploads\/2022\/11\/102_0.webp 1000w, https:\/\/eco-drinkware.com\/wp-content\/uploads\/2022\/11\/102_0-300x300.webp 300w, https:\/\/eco-drinkware.com\/wp-content\/uploads\/2022\/11\/102_0-150x150.webp 150w, https:\/\/eco-drinkware.com\/wp-content\/uploads\/2022\/11\/102_0-768x768.webp 768w, https:\/\/eco-drinkware.com\/wp-content\/uploads\/2022\/11\/102_0-600x600.webp 600w, https:\/\/eco-drinkware.com\/wp-content\/uploads\/2022\/11\/102_0-100x100.webp 100w\" sizes=\"auto, (max-width: 1000px) 100vw, 1000px\" \/><\/figure>\n\n\n\n<figure class=\"wp-block-image size-full\"><img loading=\"lazy\" decoding=\"async\" width=\"1000\" height=\"1000\" src=\"https:\/\/eco-drinkware.com\/wp-content\/uploads\/2022\/11\/102_2.webp\" alt=\"\" class=\"wp-image-859\" srcset=\"https:\/\/eco-drinkware.com\/wp-content\/uploads\/2022\/11\/102_2.webp 1000w, https:\/\/eco-drinkware.com\/wp-content\/uploads\/2022\/11\/102_2-300x300.webp 300w, https:\/\/eco-drinkware.com\/wp-content\/uploads\/2022\/11\/102_2-150x150.webp 150w, https:\/\/eco-drinkware.com\/wp-content\/uploads\/2022\/11\/102_2-768x768.webp 768w, https:\/\/eco-drinkware.com\/wp-content\/uploads\/2022\/11\/102_2-600x600.webp 600w, https:\/\/eco-drinkware.com\/wp-content\/uploads\/2022\/11\/102_2-100x100.webp 100w\" sizes=\"auto, (max-width: 1000px) 100vw, 1000px\" \/><\/figure>\n\n\n\n<figure class=\"wp-block-image size-full\"><img loading=\"lazy\" decoding=\"async\" width=\"1000\" height=\"1000\" src=\"https:\/\/eco-drinkware.com\/wp-content\/uploads\/2022\/11\/102_3.webp\" alt=\"\" class=\"wp-image-860\" srcset=\"https:\/\/eco-drinkware.com\/wp-content\/uploads\/2022\/11\/102_3.webp 1000w, https:\/\/eco-drinkware.com\/wp-content\/uploads\/2022\/11\/102_3-300x300.webp 300w, https:\/\/eco-drinkware.com\/wp-content\/uploads\/2022\/11\/102_3-150x150.webp 150w, https:\/\/eco-drinkware.com\/wp-content\/uploads\/2022\/11\/102_3-768x768.webp 768w, https:\/\/eco-drinkware.com\/wp-content\/uploads\/2022\/11\/102_3-600x600.webp 600w, https:\/\/eco-drinkware.com\/wp-content\/uploads\/2022\/11\/102_3-100x100.webp 100w\" sizes=\"auto, (max-width: 1000px) 100vw, 1000px\" \/><\/figure>","protected":false},"excerpt":{"rendered":"<p>Este tipo de frasco de v\u00e1cuo de parede dupla est\u00e1 a tornar-se cada vez mais popular entre o mercado europeu, o mercado australiano e o mercado da Am\u00e9rica do Norte.<\/p>","protected":false},"featured_media":861,"template":"","meta":{"_acf_changed":false,"_seopress_robots_primary_cat":"","_seopress_titles_title":"","_seopress_titles_desc":"","_seopress_robots_index":"","_uag_custom_page_level_css":""},"product_brand":[],"product_cat":[15],"product_tag":[],"class_list":{"0":"post-528","1":"product","2":"type-product","3":"status-publish","4":"has-post-thumbnail","6":"product_cat-drinkware-accessories","8":"first","9":"instock","10":"shipping-taxable","11":"product-type-simple"},"acf":[],"uagb_featured_image_src":{"full":["https:\/\/eco-drinkware.com\/wp-content\/uploads\/2022\/11\/102_0.webp",1000,1000,false],"thumbnail":["https:\/\/eco-drinkware.com\/wp-content\/uploads\/2022\/11\/102_0-150x150.webp",150,150,true],"medium":["https:\/\/eco-drinkware.com\/wp-content\/uploads\/2022\/11\/102_0-300x300.webp",300,300,true],"medium_large":["https:\/\/eco-drinkware.com\/wp-content\/uploads\/2022\/11\/102_0-768x768.webp",768,768,true],"large":["https:\/\/eco-drinkware.com\/wp-content\/uploads\/2022\/11\/102_0.webp",1000,1000,false],"1536x1536":["https:\/\/eco-drinkware.com\/wp-content\/uploads\/2022\/11\/102_0.webp",1000,1000,false],"2048x2048":["https:\/\/eco-drinkware.com\/wp-content\/uploads\/2022\/11\/102_0.webp",1000,1000,false],"trp-custom-language-flag":["https:\/\/eco-drinkware.com\/wp-content\/uploads\/2022\/11\/102_0.webp",12,12,false],"woocommerce_thumbnail":["https:\/\/eco-drinkware.com\/wp-content\/uploads\/2022\/11\/102_0-300x300.webp",300,300,true],"woocommerce_single":["https:\/\/eco-drinkware.com\/wp-content\/uploads\/2022\/11\/102_0-600x600.webp",600,600,true],"woocommerce_gallery_thumbnail":["https:\/\/eco-drinkware.com\/wp-content\/uploads\/2022\/11\/102_0-100x100.webp",100,100,true]},"uagb_author_info":{"display_name":"Amy","author_link":"https:\/\/eco-drinkware.com\/pt\/author\/"},"uagb_comment_info":0,"uagb_excerpt":"This kind of double wall vacuum flask is getting more and more popular among Europe Market, Australia Market and North America Market, Colorful powder coated painting looks very well on this thermo flask.","_links":{"self":[{"href":"https:\/\/eco-drinkware.com\/pt\/wp-json\/wp\/v2\/product\/528","targetHints":{"allow":["GET"]}}],"collection":[{"href":"https:\/\/eco-drinkware.com\/pt\/wp-json\/wp\/v2\/product"}],"about":[{"href":"https:\/\/eco-drinkware.com\/pt\/wp-json\/wp\/v2\/types\/product"}],"wp:featuredmedia":[{"embeddable":true,"href":"https:\/\/eco-drinkware.com\/pt\/wp-json\/wp\/v2\/media\/861"}],"wp:attachment":[{"href":"https:\/\/eco-drinkware.com\/pt\/wp-json\/wp\/v2\/media?parent=528"}],"wp:term":[{"taxonomy":"product_brand","embeddable":true,"href":"https:\/\/eco-drinkware.com\/pt\/wp-json\/wp\/v2\/product_brand?post=528"},{"taxonomy":"product_cat","embeddable":true,"href":"https:\/\/eco-drinkware.com\/pt\/wp-json\/wp\/v2\/product_cat?post=528"},{"taxonomy":"product_tag","embeddable":true,"href":"https:\/\/eco-drinkware.com\/pt\/wp-json\/wp\/v2\/product_tag?post=528"}],"curies":[{"name":"wp","href":"https:\/\/api.w.org\/{rel}","templated":true}]}}