{"id":551,"date":"2022-11-03T16:01:41","date_gmt":"2022-11-03T16:01:41","guid":{"rendered":"https:\/\/eco-drinkware.com\/?post_type=product&#038;p=551"},"modified":"2022-11-04T09:47:09","modified_gmt":"2022-11-04T09:47:09","slug":"87-venda-quente-800ml-recipiente-de-sopa-aco-inoxidavel-isolamento-a-vacuo-garrafa-termica-para-alimentos-87","status":"publish","type":"product","link":"https:\/\/eco-drinkware.com\/pt\/product\/87-venda-quente-800ml-recipiente-de-sopa-aco-inoxidavel-isolamento-a-vacuo-garrafa-termica-para-alimentos-87\/","title":{"rendered":"Recipiente para sopa 800ML de a\u00e7o inoxid\u00e1vel com isolamento a v\u00e1cuo Garrafa t\u00e9rmica para alimentos"},"content":{"rendered":"<p>N\u00f3s somos o principal fabricante de garrafa de vidro de parede dupla, garrafa de \u00e1gua de cola de a\u00e7o inoxid\u00e1vel, garrafa de ch\u00e1 de parede dupla, garrafa de vidro de parede dupla de 500ml, garrafa de ch\u00e1, garrafa de ch\u00e1 infusor, garrafa de vidro com tampa de bambu, frasco de bambu, garrafa t\u00e9rmica de bambu, copo de bambu, copo de caf\u00e9, caneca de caf\u00e9, copos de caf\u00e9, copo de parede dupla com palha combinada, garrafa t\u00e9rmica, garrafa esportiva, frasco de v\u00e1cuo de parede dupla com tampa de bambu \u2665<\/p>\n\n\n\n<figure class=\"wp-block-table\"><table><tbody><tr><td>Nome<\/td><td>GF001 800ML Em stock Bal\u00e3o de v\u00e1cuo de 800 ml<\/td><\/tr><tr><td>Material<\/td><td>Interior em a\u00e7o inoxid\u00e1vel 304, exterior em a\u00e7o inoxid\u00e1vel 201<\/td><\/tr><tr><td>Capacidade<\/td><td>800ml<\/td><\/tr><tr><td>Cor<\/td><td>Personalizado<\/td><\/tr><tr><td>Imprimir<\/td><td>Impress\u00e3o em seda, transfer\u00eancia de calor, impress\u00e3o por transfer\u00eancia de \u00e1gua, etc.<\/td><\/tr><tr><td>Log\u00f3tipo<\/td><td>Personalizado<\/td><\/tr><tr><td>MOQ<\/td><td>100 unidades<\/td><\/tr><tr><td>Tempo de amostragem<\/td><td>5-8 dias<\/td><\/tr><tr><td>Detalhes da embalagem<\/td><td>1PC\/OPP, embalagem de caixa de ovos, caixa de cor, caixa cil\u00edndrica, caixa branca, 20PCS\/CTN<\/td><\/tr><tr><td>Prazo de pagamento<\/td><td>Dep\u00f3sito 30%, o saldo antes da expedi\u00e7\u00e3o<\/td><\/tr><\/tbody><\/table><\/figure>\n\n\n\n<figure class=\"wp-block-image size-full\"><img loading=\"lazy\" decoding=\"async\" width=\"1000\" height=\"1000\" src=\"https:\/\/eco-drinkware.com\/wp-content\/uploads\/2022\/11\/H67ab902ac0364d44887ad35fda5764fdI.jpg_.webp\" alt=\"\" class=\"wp-image-962\" srcset=\"https:\/\/eco-drinkware.com\/wp-content\/uploads\/2022\/11\/H67ab902ac0364d44887ad35fda5764fdI.jpg_.webp 1000w, https:\/\/eco-drinkware.com\/wp-content\/uploads\/2022\/11\/H67ab902ac0364d44887ad35fda5764fdI.jpg_-300x300.webp 300w, https:\/\/eco-drinkware.com\/wp-content\/uploads\/2022\/11\/H67ab902ac0364d44887ad35fda5764fdI.jpg_-150x150.webp 150w, https:\/\/eco-drinkware.com\/wp-content\/uploads\/2022\/11\/H67ab902ac0364d44887ad35fda5764fdI.jpg_-768x768.webp 768w, https:\/\/eco-drinkware.com\/wp-content\/uploads\/2022\/11\/H67ab902ac0364d44887ad35fda5764fdI.jpg_-600x600.webp 600w, https:\/\/eco-drinkware.com\/wp-content\/uploads\/2022\/11\/H67ab902ac0364d44887ad35fda5764fdI.jpg_-100x100.webp 100w\" sizes=\"auto, (max-width: 1000px) 100vw, 1000px\" \/><\/figure>\n\n\n\n<figure class=\"wp-block-image size-full\"><img loading=\"lazy\" decoding=\"async\" width=\"1000\" height=\"1000\" src=\"https:\/\/eco-drinkware.com\/wp-content\/uploads\/2022\/11\/Hce00b6f56b6348609b90b56499901ef45.jpg_.webp\" alt=\"\" class=\"wp-image-956\" srcset=\"https:\/\/eco-drinkware.com\/wp-content\/uploads\/2022\/11\/Hce00b6f56b6348609b90b56499901ef45.jpg_.webp 1000w, https:\/\/eco-drinkware.com\/wp-content\/uploads\/2022\/11\/Hce00b6f56b6348609b90b56499901ef45.jpg_-300x300.webp 300w, https:\/\/eco-drinkware.com\/wp-content\/uploads\/2022\/11\/Hce00b6f56b6348609b90b56499901ef45.jpg_-150x150.webp 150w, https:\/\/eco-drinkware.com\/wp-content\/uploads\/2022\/11\/Hce00b6f56b6348609b90b56499901ef45.jpg_-768x768.webp 768w, https:\/\/eco-drinkware.com\/wp-content\/uploads\/2022\/11\/Hce00b6f56b6348609b90b56499901ef45.jpg_-600x600.webp 600w, https:\/\/eco-drinkware.com\/wp-content\/uploads\/2022\/11\/Hce00b6f56b6348609b90b56499901ef45.jpg_-100x100.webp 100w\" sizes=\"auto, (max-width: 1000px) 100vw, 1000px\" \/><\/figure>\n\n\n\n<figure class=\"wp-block-image size-full\"><img loading=\"lazy\" decoding=\"async\" width=\"1000\" height=\"1000\" src=\"https:\/\/eco-drinkware.com\/wp-content\/uploads\/2022\/11\/90_0.webp\" alt=\"\" class=\"wp-image-935\" srcset=\"https:\/\/eco-drinkware.com\/wp-content\/uploads\/2022\/11\/90_0.webp 1000w, https:\/\/eco-drinkware.com\/wp-content\/uploads\/2022\/11\/90_0-300x300.webp 300w, https:\/\/eco-drinkware.com\/wp-content\/uploads\/2022\/11\/90_0-150x150.webp 150w, https:\/\/eco-drinkware.com\/wp-content\/uploads\/2022\/11\/90_0-768x768.webp 768w, https:\/\/eco-drinkware.com\/wp-content\/uploads\/2022\/11\/90_0-600x600.webp 600w, https:\/\/eco-drinkware.com\/wp-content\/uploads\/2022\/11\/90_0-100x100.webp 100w\" sizes=\"auto, (max-width: 1000px) 100vw, 1000px\" \/><\/figure>\n\n\n\n<figure class=\"wp-block-image size-full\"><img loading=\"lazy\" decoding=\"async\" width=\"1000\" height=\"1000\" src=\"https:\/\/eco-drinkware.com\/wp-content\/uploads\/2022\/11\/H2191bb863c5d45b1811c15bbc7663572W.jpg_.webp\" alt=\"\" class=\"wp-image-934\" srcset=\"https:\/\/eco-drinkware.com\/wp-content\/uploads\/2022\/11\/H2191bb863c5d45b1811c15bbc7663572W.jpg_.webp 1000w, https:\/\/eco-drinkware.com\/wp-content\/uploads\/2022\/11\/H2191bb863c5d45b1811c15bbc7663572W.jpg_-300x300.webp 300w, https:\/\/eco-drinkware.com\/wp-content\/uploads\/2022\/11\/H2191bb863c5d45b1811c15bbc7663572W.jpg_-150x150.webp 150w, https:\/\/eco-drinkware.com\/wp-content\/uploads\/2022\/11\/H2191bb863c5d45b1811c15bbc7663572W.jpg_-768x768.webp 768w, https:\/\/eco-drinkware.com\/wp-content\/uploads\/2022\/11\/H2191bb863c5d45b1811c15bbc7663572W.jpg_-600x600.webp 600w, https:\/\/eco-drinkware.com\/wp-content\/uploads\/2022\/11\/H2191bb863c5d45b1811c15bbc7663572W.jpg_-100x100.webp 100w\" sizes=\"auto, (max-width: 1000px) 100vw, 1000px\" \/><\/figure>\n\n\n\n<figure class=\"wp-block-image size-full\"><img loading=\"lazy\" decoding=\"async\" width=\"1000\" height=\"1000\" src=\"https:\/\/eco-drinkware.com\/wp-content\/uploads\/2022\/11\/H63e83802503d4b67a5cc0fd5221e03bcF.jpg_.webp\" alt=\"\" class=\"wp-image-933\" srcset=\"https:\/\/eco-drinkware.com\/wp-content\/uploads\/2022\/11\/H63e83802503d4b67a5cc0fd5221e03bcF.jpg_.webp 1000w, https:\/\/eco-drinkware.com\/wp-content\/uploads\/2022\/11\/H63e83802503d4b67a5cc0fd5221e03bcF.jpg_-300x300.webp 300w, https:\/\/eco-drinkware.com\/wp-content\/uploads\/2022\/11\/H63e83802503d4b67a5cc0fd5221e03bcF.jpg_-150x150.webp 150w, https:\/\/eco-drinkware.com\/wp-content\/uploads\/2022\/11\/H63e83802503d4b67a5cc0fd5221e03bcF.jpg_-768x768.webp 768w, https:\/\/eco-drinkware.com\/wp-content\/uploads\/2022\/11\/H63e83802503d4b67a5cc0fd5221e03bcF.jpg_-600x600.webp 600w, https:\/\/eco-drinkware.com\/wp-content\/uploads\/2022\/11\/H63e83802503d4b67a5cc0fd5221e03bcF.jpg_-100x100.webp 100w\" sizes=\"auto, (max-width: 1000px) 100vw, 1000px\" \/><\/figure>\n\n\n\n<figure class=\"wp-block-image size-full\"><img loading=\"lazy\" decoding=\"async\" width=\"1000\" height=\"1000\" src=\"https:\/\/eco-drinkware.com\/wp-content\/uploads\/2022\/11\/H2b55a52b655e420ba493c23be96ad845J.jpg_.webp\" alt=\"\" class=\"wp-image-961\" srcset=\"https:\/\/eco-drinkware.com\/wp-content\/uploads\/2022\/11\/H2b55a52b655e420ba493c23be96ad845J.jpg_.webp 1000w, https:\/\/eco-drinkware.com\/wp-content\/uploads\/2022\/11\/H2b55a52b655e420ba493c23be96ad845J.jpg_-300x300.webp 300w, https:\/\/eco-drinkware.com\/wp-content\/uploads\/2022\/11\/H2b55a52b655e420ba493c23be96ad845J.jpg_-150x150.webp 150w, https:\/\/eco-drinkware.com\/wp-content\/uploads\/2022\/11\/H2b55a52b655e420ba493c23be96ad845J.jpg_-768x768.webp 768w, https:\/\/eco-drinkware.com\/wp-content\/uploads\/2022\/11\/H2b55a52b655e420ba493c23be96ad845J.jpg_-600x600.webp 600w, https:\/\/eco-drinkware.com\/wp-content\/uploads\/2022\/11\/H2b55a52b655e420ba493c23be96ad845J.jpg_-100x100.webp 100w\" sizes=\"auto, (max-width: 1000px) 100vw, 1000px\" \/><\/figure>\n\n\n\n<figure class=\"wp-block-image size-full\"><img loading=\"lazy\" decoding=\"async\" width=\"750\" height=\"777\" src=\"https:\/\/eco-drinkware.com\/wp-content\/uploads\/2022\/11\/HTB1RxS4CWSWBuNjSsrbq6y0mVXaS.jpg_.webp\" alt=\"\" class=\"wp-image-949\" srcset=\"https:\/\/eco-drinkware.com\/wp-content\/uploads\/2022\/11\/HTB1RxS4CWSWBuNjSsrbq6y0mVXaS.jpg_.webp 750w, https:\/\/eco-drinkware.com\/wp-content\/uploads\/2022\/11\/HTB1RxS4CWSWBuNjSsrbq6y0mVXaS.jpg_-290x300.webp 290w, https:\/\/eco-drinkware.com\/wp-content\/uploads\/2022\/11\/HTB1RxS4CWSWBuNjSsrbq6y0mVXaS.jpg_-145x150.webp 145w, https:\/\/eco-drinkware.com\/wp-content\/uploads\/2022\/11\/HTB1RxS4CWSWBuNjSsrbq6y0mVXaS.jpg_-600x622.webp 600w\" sizes=\"auto, (max-width: 750px) 100vw, 750px\" \/><\/figure>\n\n\n\n<figure class=\"wp-block-image size-full\"><img loading=\"lazy\" decoding=\"async\" width=\"750\" height=\"946\" src=\"https:\/\/eco-drinkware.com\/wp-content\/uploads\/2022\/11\/HTB1fpEnCYSYBuNjSspiq6xNzpXaG.jpg_.webp\" alt=\"\" class=\"wp-image-948\" srcset=\"https:\/\/eco-drinkware.com\/wp-content\/uploads\/2022\/11\/HTB1fpEnCYSYBuNjSspiq6xNzpXaG.jpg_.webp 750w, https:\/\/eco-drinkware.com\/wp-content\/uploads\/2022\/11\/HTB1fpEnCYSYBuNjSspiq6xNzpXaG.jpg_-238x300.webp 238w, https:\/\/eco-drinkware.com\/wp-content\/uploads\/2022\/11\/HTB1fpEnCYSYBuNjSspiq6xNzpXaG.jpg_-119x150.webp 119w, https:\/\/eco-drinkware.com\/wp-content\/uploads\/2022\/11\/HTB1fpEnCYSYBuNjSspiq6xNzpXaG.jpg_-600x757.webp 600w\" sizes=\"auto, (max-width: 750px) 100vw, 750px\" \/><\/figure>","protected":false},"excerpt":{"rendered":"<p>Com 15 anos de experi\u00eancia na produ\u00e7\u00e3o de garrafas, fizemos trabalhos OEM e ODM para muitas marcas famosas em todo o mundo. A principal linha de produ\u00e7\u00e3o \u00e9 a garrafa infusora de ch\u00e1, copo de caf\u00e9, garrafa t\u00e9rmica. A qualidade \u00e9 a nossa cultura. A nossa miss\u00e3o \u00e9 tornar a terra mais limpa e melhor<\/p>","protected":false},"featured_media":957,"template":"","meta":{"_acf_changed":false,"_seopress_robots_primary_cat":"","_seopress_titles_title":"","_seopress_titles_desc":"","_seopress_robots_index":"","_uag_custom_page_level_css":""},"product_brand":[],"product_cat":[15],"product_tag":[],"class_list":{"0":"post-551","1":"product","2":"type-product","3":"status-publish","4":"has-post-thumbnail","6":"product_cat-drinkware-accessories","8":"first","9":"instock","10":"shipping-taxable","11":"product-type-simple"},"acf":[],"uagb_featured_image_src":{"full":["https:\/\/eco-drinkware.com\/wp-content\/uploads\/2022\/11\/87_0.webp",1000,1000,false],"thumbnail":["https:\/\/eco-drinkware.com\/wp-content\/uploads\/2022\/11\/87_0-150x150.webp",150,150,true],"medium":["https:\/\/eco-drinkware.com\/wp-content\/uploads\/2022\/11\/87_0-300x300.webp",300,300,true],"medium_large":["https:\/\/eco-drinkware.com\/wp-content\/uploads\/2022\/11\/87_0-768x768.webp",768,768,true],"large":["https:\/\/eco-drinkware.com\/wp-content\/uploads\/2022\/11\/87_0.webp",1000,1000,false],"1536x1536":["https:\/\/eco-drinkware.com\/wp-content\/uploads\/2022\/11\/87_0.webp",1000,1000,false],"2048x2048":["https:\/\/eco-drinkware.com\/wp-content\/uploads\/2022\/11\/87_0.webp",1000,1000,false],"trp-custom-language-flag":["https:\/\/eco-drinkware.com\/wp-content\/uploads\/2022\/11\/87_0.webp",12,12,false],"woocommerce_thumbnail":["https:\/\/eco-drinkware.com\/wp-content\/uploads\/2022\/11\/87_0-300x300.webp",300,300,true],"woocommerce_single":["https:\/\/eco-drinkware.com\/wp-content\/uploads\/2022\/11\/87_0-600x600.webp",600,600,true],"woocommerce_gallery_thumbnail":["https:\/\/eco-drinkware.com\/wp-content\/uploads\/2022\/11\/87_0-100x100.webp",100,100,true]},"uagb_author_info":{"display_name":"Amy","author_link":"https:\/\/eco-drinkware.com\/pt\/author\/"},"uagb_comment_info":0,"uagb_excerpt":"With 15 years bottle production experience ,have done OEM and ODM work for many famous brand all over the world . Main production line is tea infuser bottle ,coffee tumbler , thermos . Quality is our culture . Our mission is make the earth cleaner and bet","_links":{"self":[{"href":"https:\/\/eco-drinkware.com\/pt\/wp-json\/wp\/v2\/product\/551","targetHints":{"allow":["GET"]}}],"collection":[{"href":"https:\/\/eco-drinkware.com\/pt\/wp-json\/wp\/v2\/product"}],"about":[{"href":"https:\/\/eco-drinkware.com\/pt\/wp-json\/wp\/v2\/types\/product"}],"wp:featuredmedia":[{"embeddable":true,"href":"https:\/\/eco-drinkware.com\/pt\/wp-json\/wp\/v2\/media\/957"}],"wp:attachment":[{"href":"https:\/\/eco-drinkware.com\/pt\/wp-json\/wp\/v2\/media?parent=551"}],"wp:term":[{"taxonomy":"product_brand","embeddable":true,"href":"https:\/\/eco-drinkware.com\/pt\/wp-json\/wp\/v2\/product_brand?post=551"},{"taxonomy":"product_cat","embeddable":true,"href":"https:\/\/eco-drinkware.com\/pt\/wp-json\/wp\/v2\/product_cat?post=551"},{"taxonomy":"product_tag","embeddable":true,"href":"https:\/\/eco-drinkware.com\/pt\/wp-json\/wp\/v2\/product_tag?post=551"}],"curies":[{"name":"wp","href":"https:\/\/api.w.org\/{rel}","templated":true}]}}