{"id":552,"date":"2022-11-03T16:01:25","date_gmt":"2022-11-03T16:01:25","guid":{"rendered":"https:\/\/eco-drinkware.com\/?post_type=product&#038;p=552"},"modified":"2022-11-04T09:52:48","modified_gmt":"2022-11-04T09:52:48","slug":"86-sem-minimo-550ml-frasco-termico-de-vacuo-em-aco-inoxidavel-304-86","status":"publish","type":"product","link":"https:\/\/eco-drinkware.com\/pt\/product\/86-sem-minimo-550ml-frasco-termico-de-vacuo-em-aco-inoxidavel-304-86\/","title":{"rendered":"Garrafa t\u00e9rmica de v\u00e1cuo em a\u00e7o inoxid\u00e1vel 304 de 550 ml, no m\u00ednimo"},"content":{"rendered":"<p>N\u00f3s somos o principal fabricante de garrafa de vidro de parede dupla, garrafa de ch\u00e1 de parede dupla, garrafa de vidro de parede dupla de 500ml, garrafa de ch\u00e1, garrafa de ch\u00e1 infusor, garrafa de vidro com tampa de bambu, frasco de bambu, garrafa t\u00e9rmica de bambu, copo de bambu, copo de caf\u00e9, caneca de caf\u00e9, copos de caf\u00e9, copo de parede dupla com palha combinada, garrafa t\u00e9rmica, garrafa esportiva, frasco de v\u00e1cuo de parede dupla com tampa de bambu \u2665<\/p>\n\n\n\n<figure class=\"wp-block-image size-full\"><img loading=\"lazy\" decoding=\"async\" width=\"1000\" height=\"1000\" src=\"https:\/\/eco-drinkware.com\/wp-content\/uploads\/2022\/11\/86_2.webp\" alt=\"\" class=\"wp-image-965\" srcset=\"https:\/\/eco-drinkware.com\/wp-content\/uploads\/2022\/11\/86_2.webp 1000w, https:\/\/eco-drinkware.com\/wp-content\/uploads\/2022\/11\/86_2-300x300.webp 300w, https:\/\/eco-drinkware.com\/wp-content\/uploads\/2022\/11\/86_2-150x150.webp 150w, https:\/\/eco-drinkware.com\/wp-content\/uploads\/2022\/11\/86_2-768x768.webp 768w, https:\/\/eco-drinkware.com\/wp-content\/uploads\/2022\/11\/86_2-600x600.webp 600w, https:\/\/eco-drinkware.com\/wp-content\/uploads\/2022\/11\/86_2-100x100.webp 100w\" sizes=\"auto, (max-width: 1000px) 100vw, 1000px\" \/><\/figure>\n\n\n\n<figure class=\"wp-block-image size-full\"><img loading=\"lazy\" decoding=\"async\" width=\"1000\" height=\"1000\" src=\"https:\/\/eco-drinkware.com\/wp-content\/uploads\/2022\/11\/Hbf2282a1b9b241a8bc201808205badcaa.jpg_.webp\" alt=\"\" class=\"wp-image-968\" srcset=\"https:\/\/eco-drinkware.com\/wp-content\/uploads\/2022\/11\/Hbf2282a1b9b241a8bc201808205badcaa.jpg_.webp 1000w, https:\/\/eco-drinkware.com\/wp-content\/uploads\/2022\/11\/Hbf2282a1b9b241a8bc201808205badcaa.jpg_-300x300.webp 300w, https:\/\/eco-drinkware.com\/wp-content\/uploads\/2022\/11\/Hbf2282a1b9b241a8bc201808205badcaa.jpg_-150x150.webp 150w, https:\/\/eco-drinkware.com\/wp-content\/uploads\/2022\/11\/Hbf2282a1b9b241a8bc201808205badcaa.jpg_-768x768.webp 768w, https:\/\/eco-drinkware.com\/wp-content\/uploads\/2022\/11\/Hbf2282a1b9b241a8bc201808205badcaa.jpg_-600x600.webp 600w, https:\/\/eco-drinkware.com\/wp-content\/uploads\/2022\/11\/Hbf2282a1b9b241a8bc201808205badcaa.jpg_-100x100.webp 100w\" sizes=\"auto, (max-width: 1000px) 100vw, 1000px\" \/><\/figure>\n\n\n\n<figure class=\"wp-block-image size-full\"><img loading=\"lazy\" decoding=\"async\" width=\"1000\" height=\"1000\" src=\"https:\/\/eco-drinkware.com\/wp-content\/uploads\/2022\/11\/H350c134a817e4da6a2ef0ede87c0f5cbc.jpg_.webp\" alt=\"\" class=\"wp-image-967\" srcset=\"https:\/\/eco-drinkware.com\/wp-content\/uploads\/2022\/11\/H350c134a817e4da6a2ef0ede87c0f5cbc.jpg_.webp 1000w, https:\/\/eco-drinkware.com\/wp-content\/uploads\/2022\/11\/H350c134a817e4da6a2ef0ede87c0f5cbc.jpg_-300x300.webp 300w, https:\/\/eco-drinkware.com\/wp-content\/uploads\/2022\/11\/H350c134a817e4da6a2ef0ede87c0f5cbc.jpg_-150x150.webp 150w, https:\/\/eco-drinkware.com\/wp-content\/uploads\/2022\/11\/H350c134a817e4da6a2ef0ede87c0f5cbc.jpg_-768x768.webp 768w, https:\/\/eco-drinkware.com\/wp-content\/uploads\/2022\/11\/H350c134a817e4da6a2ef0ede87c0f5cbc.jpg_-600x600.webp 600w, https:\/\/eco-drinkware.com\/wp-content\/uploads\/2022\/11\/H350c134a817e4da6a2ef0ede87c0f5cbc.jpg_-100x100.webp 100w\" sizes=\"auto, (max-width: 1000px) 100vw, 1000px\" \/><\/figure>\n\n\n\n<figure class=\"wp-block-image size-full\"><img loading=\"lazy\" decoding=\"async\" width=\"624\" height=\"667\" src=\"https:\/\/eco-drinkware.com\/wp-content\/uploads\/2022\/11\/H1bdc3644ff834c338ad690320a37ea789.jpg_.webp\" alt=\"\" class=\"wp-image-966\" srcset=\"https:\/\/eco-drinkware.com\/wp-content\/uploads\/2022\/11\/H1bdc3644ff834c338ad690320a37ea789.jpg_.webp 624w, https:\/\/eco-drinkware.com\/wp-content\/uploads\/2022\/11\/H1bdc3644ff834c338ad690320a37ea789.jpg_-281x300.webp 281w, https:\/\/eco-drinkware.com\/wp-content\/uploads\/2022\/11\/H1bdc3644ff834c338ad690320a37ea789.jpg_-140x150.webp 140w, https:\/\/eco-drinkware.com\/wp-content\/uploads\/2022\/11\/H1bdc3644ff834c338ad690320a37ea789.jpg_-600x641.webp 600w\" sizes=\"auto, (max-width: 624px) 100vw, 624px\" \/><\/figure>\n\n\n\n<figure class=\"wp-block-image size-full\"><img loading=\"lazy\" decoding=\"async\" width=\"684\" height=\"614\" src=\"https:\/\/eco-drinkware.com\/wp-content\/uploads\/2022\/11\/86_1.webp\" alt=\"\" class=\"wp-image-964\" srcset=\"https:\/\/eco-drinkware.com\/wp-content\/uploads\/2022\/11\/86_1.webp 684w, https:\/\/eco-drinkware.com\/wp-content\/uploads\/2022\/11\/86_1-300x269.webp 300w, https:\/\/eco-drinkware.com\/wp-content\/uploads\/2022\/11\/86_1-150x135.webp 150w, https:\/\/eco-drinkware.com\/wp-content\/uploads\/2022\/11\/86_1-600x539.webp 600w\" sizes=\"auto, (max-width: 684px) 100vw, 684px\" \/><\/figure>\n\n\n\n<figure class=\"wp-block-image size-full\"><img loading=\"lazy\" decoding=\"async\" width=\"1000\" height=\"896\" src=\"https:\/\/eco-drinkware.com\/wp-content\/uploads\/2022\/11\/Hd4a54b1def9641e4aa0e7f93e8a0ebcfU.jpg_.webp\" alt=\"\" class=\"wp-image-969\" srcset=\"https:\/\/eco-drinkware.com\/wp-content\/uploads\/2022\/11\/Hd4a54b1def9641e4aa0e7f93e8a0ebcfU.jpg_.webp 1000w, https:\/\/eco-drinkware.com\/wp-content\/uploads\/2022\/11\/Hd4a54b1def9641e4aa0e7f93e8a0ebcfU.jpg_-300x269.webp 300w, https:\/\/eco-drinkware.com\/wp-content\/uploads\/2022\/11\/Hd4a54b1def9641e4aa0e7f93e8a0ebcfU.jpg_-150x134.webp 150w, https:\/\/eco-drinkware.com\/wp-content\/uploads\/2022\/11\/Hd4a54b1def9641e4aa0e7f93e8a0ebcfU.jpg_-768x688.webp 768w, https:\/\/eco-drinkware.com\/wp-content\/uploads\/2022\/11\/Hd4a54b1def9641e4aa0e7f93e8a0ebcfU.jpg_-600x538.webp 600w\" sizes=\"auto, (max-width: 1000px) 100vw, 1000px\" \/><\/figure>\n\n\n\n<figure class=\"wp-block-image size-full is-resized\"><img loading=\"lazy\" decoding=\"async\" src=\"https:\/\/eco-drinkware.com\/wp-content\/uploads\/2022\/11\/HTB1sqzOkyMnBKNjSZFzq6A_qVXaw.jpg_.webp\" alt=\"\" class=\"wp-image-970\" width=\"750\" height=\"1065\" srcset=\"https:\/\/eco-drinkware.com\/wp-content\/uploads\/2022\/11\/HTB1sqzOkyMnBKNjSZFzq6A_qVXaw.jpg_.webp 750w, https:\/\/eco-drinkware.com\/wp-content\/uploads\/2022\/11\/HTB1sqzOkyMnBKNjSZFzq6A_qVXaw.jpg_-211x300.webp 211w, https:\/\/eco-drinkware.com\/wp-content\/uploads\/2022\/11\/HTB1sqzOkyMnBKNjSZFzq6A_qVXaw.jpg_-106x150.webp 106w, https:\/\/eco-drinkware.com\/wp-content\/uploads\/2022\/11\/HTB1sqzOkyMnBKNjSZFzq6A_qVXaw.jpg_-600x852.webp 600w\" sizes=\"auto, (max-width: 750px) 100vw, 750px\" \/><\/figure>\n\n\n\n<p><strong>Q: \u00c9 uma empresa comercial ou fabricante? <\/strong><br>R: Somos uma f\u00e1brica.<\/p>\n\n\n\n<p><strong>P: Qual \u00e9 o prazo de entrega?<\/strong><br>R: Geralmente, s\u00e3o 5-10 dias se os produtos estiverem em stock ou 15-20 dias se os produtos n\u00e3o estiverem em stock, dependendo da quantidade.<\/p>\n\n\n\n<p><strong>Q: Fornecem amostras? s\u00e3o gr\u00e1tis ou extra?<\/strong><br>R: Sim, podemos oferecer a amostra gratuitamente, mas n\u00e3o pagamos o custo do frete.<\/p>\n\n\n\n<p><strong>Q: Quais s\u00e3o as vossas condi\u00e7\u00f5es de pagamento?<\/strong><br>A: Pagamento=1000USD, 30% T\/T adiantado, saldo antes da expedi\u00e7\u00e3o.<\/p>\n\n\n\n<p><strong>P: Sobre o log\u00f3tipo<\/strong><br>A: Log\u00f3tipo na garrafa de vidro: decalque MOQ \u00e9 200 pcs<\/p>\n\n\n\n<p>    Log\u00f3tipo na tampa de bambu: grava\u00e7\u00e3o a laser SEM MOQ<\/p>\n\n\n\n<p>    Garrafa de a\u00e7o inoxid\u00e1vel: impress\u00e3o em seda Laser: sem MOQ<\/p>\n\n\n\n<p>    Taxa de configura\u00e7\u00e3o do log\u00f3tipo:usd50 para 1 cor e 1 localiza\u00e7\u00e3o Custo de execu\u00e7\u00e3o do log\u00f3tipo:USD0.2 para 1 cor e 1 localiza\u00e7\u00e3o<\/p>\n\n\n\n<p><strong>P: O material \u00e9 isento de BPA?<\/strong><br>R: Sim, tudo \u00e9 feito de material ecol\u00f3gico. Aprovado nos testes da FDA e LFGB. Ser gentil com a terra \u00e9 a nossa f\u00e9. .<\/p>\n\n\n\n<p><strong>Q: Como \u00e9 que pode garantir a seguran\u00e7a da compra?<\/strong><br>R: Temos contrato e termos oficiais para garantir a seguran\u00e7a, tamb\u00e9m apoiamos o paypal, a uni\u00e3o ocidental e a ordem de garantia. N\u00e3o se preocupe.<\/p>\n\n\n\n<p><strong>Q:Como \u00e9 o pacote? Posso ter um pacote personalizado?<\/strong><br>A: Sim, f\u00e1cil de fazer pacote personalizado, ir\u00e1 mostrar-lhe uma ideia de embalagem diferente.<\/p>\n\n\n\n<figure class=\"wp-block-image size-full\"><img loading=\"lazy\" decoding=\"async\" width=\"750\" height=\"946\" src=\"https:\/\/eco-drinkware.com\/wp-content\/uploads\/2022\/11\/HTB1fpEnCYSYBuNjSspiq6xNzpXaG.jpg_.webp\" alt=\"\" class=\"wp-image-948\" srcset=\"https:\/\/eco-drinkware.com\/wp-content\/uploads\/2022\/11\/HTB1fpEnCYSYBuNjSspiq6xNzpXaG.jpg_.webp 750w, https:\/\/eco-drinkware.com\/wp-content\/uploads\/2022\/11\/HTB1fpEnCYSYBuNjSspiq6xNzpXaG.jpg_-238x300.webp 238w, https:\/\/eco-drinkware.com\/wp-content\/uploads\/2022\/11\/HTB1fpEnCYSYBuNjSspiq6xNzpXaG.jpg_-119x150.webp 119w, https:\/\/eco-drinkware.com\/wp-content\/uploads\/2022\/11\/HTB1fpEnCYSYBuNjSspiq6xNzpXaG.jpg_-600x757.webp 600w\" sizes=\"auto, (max-width: 750px) 100vw, 750px\" \/><\/figure>\n\n\n\n<figure class=\"wp-block-image size-full\"><img loading=\"lazy\" decoding=\"async\" width=\"750\" height=\"777\" src=\"https:\/\/eco-drinkware.com\/wp-content\/uploads\/2022\/11\/HTB1RxS4CWSWBuNjSsrbq6y0mVXaS.jpg_.webp\" alt=\"\" class=\"wp-image-949\" srcset=\"https:\/\/eco-drinkware.com\/wp-content\/uploads\/2022\/11\/HTB1RxS4CWSWBuNjSsrbq6y0mVXaS.jpg_.webp 750w, https:\/\/eco-drinkware.com\/wp-content\/uploads\/2022\/11\/HTB1RxS4CWSWBuNjSsrbq6y0mVXaS.jpg_-290x300.webp 290w, https:\/\/eco-drinkware.com\/wp-content\/uploads\/2022\/11\/HTB1RxS4CWSWBuNjSsrbq6y0mVXaS.jpg_-145x150.webp 145w, https:\/\/eco-drinkware.com\/wp-content\/uploads\/2022\/11\/HTB1RxS4CWSWBuNjSsrbq6y0mVXaS.jpg_-600x622.webp 600w\" sizes=\"auto, (max-width: 750px) 100vw, 750px\" \/><\/figure>","protected":false},"excerpt":{"rendered":"<p>Com 15 anos de experi\u00eancia na produ\u00e7\u00e3o de garrafas, fizemos trabalhos OEM e ODM para muitas marcas famosas em todo o mundo. A principal linha de produ\u00e7\u00e3o \u00e9 a garrafa infusora de ch\u00e1, copo de caf\u00e9, garrafa t\u00e9rmica. A qualidade \u00e9 a nossa cultura. A nossa miss\u00e3o \u00e9 tornar a terra mais limpa e melhor<\/p>","protected":false},"featured_media":971,"template":"","meta":{"_acf_changed":false,"_seopress_robots_primary_cat":"","_seopress_titles_title":"","_seopress_titles_desc":"","_seopress_robots_index":"","_uag_custom_page_level_css":""},"product_brand":[],"product_cat":[15],"product_tag":[],"class_list":{"0":"post-552","1":"product","2":"type-product","3":"status-publish","4":"has-post-thumbnail","6":"product_cat-drinkware-accessories","8":"first","9":"instock","10":"shipping-taxable","11":"product-type-simple"},"acf":[],"uagb_featured_image_src":{"full":["https:\/\/eco-drinkware.com\/wp-content\/uploads\/2022\/11\/86_0.webp",1000,1000,false],"thumbnail":["https:\/\/eco-drinkware.com\/wp-content\/uploads\/2022\/11\/86_0-150x150.webp",150,150,true],"medium":["https:\/\/eco-drinkware.com\/wp-content\/uploads\/2022\/11\/86_0-300x300.webp",300,300,true],"medium_large":["https:\/\/eco-drinkware.com\/wp-content\/uploads\/2022\/11\/86_0-768x768.webp",768,768,true],"large":["https:\/\/eco-drinkware.com\/wp-content\/uploads\/2022\/11\/86_0.webp",1000,1000,false],"1536x1536":["https:\/\/eco-drinkware.com\/wp-content\/uploads\/2022\/11\/86_0.webp",1000,1000,false],"2048x2048":["https:\/\/eco-drinkware.com\/wp-content\/uploads\/2022\/11\/86_0.webp",1000,1000,false],"trp-custom-language-flag":["https:\/\/eco-drinkware.com\/wp-content\/uploads\/2022\/11\/86_0.webp",12,12,false],"woocommerce_thumbnail":["https:\/\/eco-drinkware.com\/wp-content\/uploads\/2022\/11\/86_0-300x300.webp",300,300,true],"woocommerce_single":["https:\/\/eco-drinkware.com\/wp-content\/uploads\/2022\/11\/86_0-600x600.webp",600,600,true],"woocommerce_gallery_thumbnail":["https:\/\/eco-drinkware.com\/wp-content\/uploads\/2022\/11\/86_0-100x100.webp",100,100,true]},"uagb_author_info":{"display_name":"Amy","author_link":"https:\/\/eco-drinkware.com\/pt\/author\/"},"uagb_comment_info":0,"uagb_excerpt":"With 15 years bottle production experience ,have done OEM and ODM work for many famous brand all over the world . Main production line is tea infuser bottle ,coffee tumbler , thermos . Quality is our culture . Our mission is make the earth cleaner and bet","_links":{"self":[{"href":"https:\/\/eco-drinkware.com\/pt\/wp-json\/wp\/v2\/product\/552","targetHints":{"allow":["GET"]}}],"collection":[{"href":"https:\/\/eco-drinkware.com\/pt\/wp-json\/wp\/v2\/product"}],"about":[{"href":"https:\/\/eco-drinkware.com\/pt\/wp-json\/wp\/v2\/types\/product"}],"wp:featuredmedia":[{"embeddable":true,"href":"https:\/\/eco-drinkware.com\/pt\/wp-json\/wp\/v2\/media\/971"}],"wp:attachment":[{"href":"https:\/\/eco-drinkware.com\/pt\/wp-json\/wp\/v2\/media?parent=552"}],"wp:term":[{"taxonomy":"product_brand","embeddable":true,"href":"https:\/\/eco-drinkware.com\/pt\/wp-json\/wp\/v2\/product_brand?post=552"},{"taxonomy":"product_cat","embeddable":true,"href":"https:\/\/eco-drinkware.com\/pt\/wp-json\/wp\/v2\/product_cat?post=552"},{"taxonomy":"product_tag","embeddable":true,"href":"https:\/\/eco-drinkware.com\/pt\/wp-json\/wp\/v2\/product_tag?post=552"}],"curies":[{"name":"wp","href":"https:\/\/api.w.org\/{rel}","templated":true}]}}