{"id":577,"date":"2022-11-03T16:04:16","date_gmt":"2022-11-03T16:04:16","guid":{"rendered":"https:\/\/eco-drinkware.com\/?post_type=product&#038;p=577"},"modified":"2022-11-04T10:13:33","modified_gmt":"2022-11-04T10:13:33","slug":"80-em-stock-sem-fornecedor-minimo-carateristica-unica-amiga-do-ambiente-carateristica-personalizada-duravel-desconto-parede-dupla-vacuo-garrafa-termica-de-cola-80","status":"publish","type":"product","link":"https:\/\/eco-drinkware.com\/pt\/product\/80-em-stock-sem-fornecedor-minimo-carateristica-unica-amiga-do-ambiente-carateristica-personalizada-duravel-desconto-parede-dupla-vacuo-garrafa-termica-de-cola-80\/","title":{"rendered":"Armazenamento sem m\u00ednimo Fornecedor Carater\u00edstica ecol\u00f3gica \u00fanica Fabricada \u00e0 medida Desconto dur\u00e1vel Garrafa t\u00e9rmica de Cola com parede dupla a v\u00e1cuo"},"content":{"rendered":"<figure class=\"wp-block-table\"><table><tbody><tr><td>Nome<\/td><td>GV003 500ML\/17OZ Em stock Garrafa de cola em a\u00e7o inoxid\u00e1vel de parede dupla em forma de cola 500ml OEM<\/td><\/tr><tr><td>Material<\/td><td>Interior em a\u00e7o inoxid\u00e1vel 304, exterior em a\u00e7o inoxid\u00e1vel 201<\/td><\/tr><tr><td>Capacidade<\/td><td>500ml<\/td><\/tr><tr><td>Cor<\/td><td>Personalizado<\/td><\/tr><tr><td>Imprimir<\/td><td>Impress\u00e3o em seda, transfer\u00eancia de calor, impress\u00e3o por transfer\u00eancia de \u00e1gua, etc.<\/td><\/tr><tr><td>Log\u00f3tipo<\/td><td>Personalizado<\/td><\/tr><tr><td>MOQ<\/td><td>25 unidades<\/td><\/tr><tr><td>Tempo de amostragem<\/td><td>5-8 dias<\/td><\/tr><tr><td>Detalhes da embalagem<\/td><td>1PC\/OPP, embalagem de caixa de ovos, caixa de cor, caixa cil\u00edndrica, caixa branca, 25PCS\/CTN<\/td><\/tr><tr><td>Prazo de pagamento<\/td><td>Dep\u00f3sito 30%, o saldo antes da expedi\u00e7\u00e3o<\/td><\/tr><\/tbody><\/table><\/figure>\n\n\n\n<figure class=\"wp-block-image size-full\"><img loading=\"lazy\" decoding=\"async\" width=\"809\" height=\"654\" src=\"https:\/\/eco-drinkware.com\/wp-content\/uploads\/2022\/11\/HTB1xyLmbr1YBuNjSszhq6AUsFXap.jpg_.webp\" alt=\"\" class=\"wp-image-1004\" srcset=\"https:\/\/eco-drinkware.com\/wp-content\/uploads\/2022\/11\/HTB1xyLmbr1YBuNjSszhq6AUsFXap.jpg_.webp 809w, https:\/\/eco-drinkware.com\/wp-content\/uploads\/2022\/11\/HTB1xyLmbr1YBuNjSszhq6AUsFXap.jpg_-300x243.webp 300w, https:\/\/eco-drinkware.com\/wp-content\/uploads\/2022\/11\/HTB1xyLmbr1YBuNjSszhq6AUsFXap.jpg_-150x121.webp 150w, https:\/\/eco-drinkware.com\/wp-content\/uploads\/2022\/11\/HTB1xyLmbr1YBuNjSszhq6AUsFXap.jpg_-768x621.webp 768w, https:\/\/eco-drinkware.com\/wp-content\/uploads\/2022\/11\/HTB1xyLmbr1YBuNjSszhq6AUsFXap.jpg_-600x485.webp 600w\" sizes=\"auto, (max-width: 809px) 100vw, 809px\" \/><\/figure>\n\n\n\n<figure class=\"wp-block-image size-full\"><img loading=\"lazy\" decoding=\"async\" width=\"750\" height=\"579\" src=\"https:\/\/eco-drinkware.com\/wp-content\/uploads\/2022\/11\/HTB1UD_pbrSYBuNjSspfq6AZCpXa0.jpg_.webp\" alt=\"\" class=\"wp-image-1014\" srcset=\"https:\/\/eco-drinkware.com\/wp-content\/uploads\/2022\/11\/HTB1UD_pbrSYBuNjSspfq6AZCpXa0.jpg_.webp 750w, https:\/\/eco-drinkware.com\/wp-content\/uploads\/2022\/11\/HTB1UD_pbrSYBuNjSspfq6AZCpXa0.jpg_-300x232.webp 300w, https:\/\/eco-drinkware.com\/wp-content\/uploads\/2022\/11\/HTB1UD_pbrSYBuNjSspfq6AZCpXa0.jpg_-150x116.webp 150w, https:\/\/eco-drinkware.com\/wp-content\/uploads\/2022\/11\/HTB1UD_pbrSYBuNjSspfq6AZCpXa0.jpg_-600x463.webp 600w\" sizes=\"auto, (max-width: 750px) 100vw, 750px\" \/><\/figure>\n\n\n\n<figure class=\"wp-block-image size-full\"><img loading=\"lazy\" decoding=\"async\" width=\"750\" height=\"731\" src=\"https:\/\/eco-drinkware.com\/wp-content\/uploads\/2022\/11\/HTB1Y8jXbCCWBuNjy0Fhq6z6EVXac.jpg_.webp\" alt=\"\" class=\"wp-image-1005\" srcset=\"https:\/\/eco-drinkware.com\/wp-content\/uploads\/2022\/11\/HTB1Y8jXbCCWBuNjy0Fhq6z6EVXac.jpg_.webp 750w, https:\/\/eco-drinkware.com\/wp-content\/uploads\/2022\/11\/HTB1Y8jXbCCWBuNjy0Fhq6z6EVXac.jpg_-300x292.webp 300w, https:\/\/eco-drinkware.com\/wp-content\/uploads\/2022\/11\/HTB1Y8jXbCCWBuNjy0Fhq6z6EVXac.jpg_-150x146.webp 150w, https:\/\/eco-drinkware.com\/wp-content\/uploads\/2022\/11\/HTB1Y8jXbCCWBuNjy0Fhq6z6EVXac.jpg_-600x585.webp 600w\" sizes=\"auto, (max-width: 750px) 100vw, 750px\" \/><\/figure>\n\n\n\n<figure class=\"wp-block-image size-full\"><img loading=\"lazy\" decoding=\"async\" width=\"800\" height=\"800\" src=\"https:\/\/eco-drinkware.com\/wp-content\/uploads\/2022\/11\/2019-08-16-14-16-186.jpg\" alt=\"\" class=\"wp-image-1023\" srcset=\"https:\/\/eco-drinkware.com\/wp-content\/uploads\/2022\/11\/2019-08-16-14-16-186.jpg 800w, https:\/\/eco-drinkware.com\/wp-content\/uploads\/2022\/11\/2019-08-16-14-16-186-300x300.jpg 300w, https:\/\/eco-drinkware.com\/wp-content\/uploads\/2022\/11\/2019-08-16-14-16-186-150x150.jpg 150w, https:\/\/eco-drinkware.com\/wp-content\/uploads\/2022\/11\/2019-08-16-14-16-186-768x768.jpg 768w, https:\/\/eco-drinkware.com\/wp-content\/uploads\/2022\/11\/2019-08-16-14-16-186-600x600.jpg 600w, https:\/\/eco-drinkware.com\/wp-content\/uploads\/2022\/11\/2019-08-16-14-16-186-100x100.jpg 100w\" sizes=\"auto, (max-width: 800px) 100vw, 800px\" \/><\/figure>\n\n\n\n<figure class=\"wp-block-image size-full\"><img loading=\"lazy\" decoding=\"async\" width=\"750\" height=\"855\" src=\"https:\/\/eco-drinkware.com\/wp-content\/uploads\/2022\/11\/2019-08-16-14-16-572.jpg\" alt=\"\" class=\"wp-image-1024\" srcset=\"https:\/\/eco-drinkware.com\/wp-content\/uploads\/2022\/11\/2019-08-16-14-16-572.jpg 750w, https:\/\/eco-drinkware.com\/wp-content\/uploads\/2022\/11\/2019-08-16-14-16-572-263x300.jpg 263w, https:\/\/eco-drinkware.com\/wp-content\/uploads\/2022\/11\/2019-08-16-14-16-572-132x150.jpg 132w, https:\/\/eco-drinkware.com\/wp-content\/uploads\/2022\/11\/2019-08-16-14-16-572-600x684.jpg 600w\" sizes=\"auto, (max-width: 750px) 100vw, 750px\" \/><\/figure>","protected":false},"excerpt":{"rendered":"<p>Com 15 anos de experi\u00eancia na produ\u00e7\u00e3o de garrafas, fizemos trabalhos OEM e ODM para muitas marcas famosas em todo o mundo. A principal linha de produ\u00e7\u00e3o \u00e9 a garrafa infusora de ch\u00e1, copo de caf\u00e9, garrafa t\u00e9rmica. A qualidade \u00e9 a nossa cultura<\/p>","protected":false},"featured_media":1019,"template":"","meta":{"_acf_changed":false,"_seopress_robots_primary_cat":"","_seopress_titles_title":"","_seopress_titles_desc":"","_seopress_robots_index":"","_uag_custom_page_level_css":""},"product_brand":[],"product_cat":[15],"product_tag":[],"class_list":{"0":"post-577","1":"product","2":"type-product","3":"status-publish","4":"has-post-thumbnail","6":"product_cat-drinkware-accessories","8":"first","9":"instock","10":"shipping-taxable","11":"product-type-simple"},"acf":[],"uagb_featured_image_src":{"full":["https:\/\/eco-drinkware.com\/wp-content\/uploads\/2022\/11\/80_0.webp",750,762,false],"thumbnail":["https:\/\/eco-drinkware.com\/wp-content\/uploads\/2022\/11\/80_0-148x150.webp",148,150,true],"medium":["https:\/\/eco-drinkware.com\/wp-content\/uploads\/2022\/11\/80_0-295x300.webp",295,300,true],"medium_large":["https:\/\/eco-drinkware.com\/wp-content\/uploads\/2022\/11\/80_0.webp",750,762,false],"large":["https:\/\/eco-drinkware.com\/wp-content\/uploads\/2022\/11\/80_0.webp",750,762,false],"1536x1536":["https:\/\/eco-drinkware.com\/wp-content\/uploads\/2022\/11\/80_0.webp",750,762,false],"2048x2048":["https:\/\/eco-drinkware.com\/wp-content\/uploads\/2022\/11\/80_0.webp",750,762,false],"trp-custom-language-flag":["https:\/\/eco-drinkware.com\/wp-content\/uploads\/2022\/11\/80_0.webp",12,12,false],"woocommerce_thumbnail":["https:\/\/eco-drinkware.com\/wp-content\/uploads\/2022\/11\/80_0-300x300.webp",300,300,true],"woocommerce_single":["https:\/\/eco-drinkware.com\/wp-content\/uploads\/2022\/11\/80_0-600x610.webp",600,610,true],"woocommerce_gallery_thumbnail":["https:\/\/eco-drinkware.com\/wp-content\/uploads\/2022\/11\/80_0-100x100.webp",100,100,true]},"uagb_author_info":{"display_name":"Amy","author_link":"https:\/\/eco-drinkware.com\/pt\/author\/"},"uagb_comment_info":0,"uagb_excerpt":"With 15 years bottle production experience ,have done OEM and ODM work for many famous brand all over the world . Main production line is tea infuser bottle ,coffee tumbler , thermos . Quality is our culture","_links":{"self":[{"href":"https:\/\/eco-drinkware.com\/pt\/wp-json\/wp\/v2\/product\/577","targetHints":{"allow":["GET"]}}],"collection":[{"href":"https:\/\/eco-drinkware.com\/pt\/wp-json\/wp\/v2\/product"}],"about":[{"href":"https:\/\/eco-drinkware.com\/pt\/wp-json\/wp\/v2\/types\/product"}],"wp:featuredmedia":[{"embeddable":true,"href":"https:\/\/eco-drinkware.com\/pt\/wp-json\/wp\/v2\/media\/1019"}],"wp:attachment":[{"href":"https:\/\/eco-drinkware.com\/pt\/wp-json\/wp\/v2\/media?parent=577"}],"wp:term":[{"taxonomy":"product_brand","embeddable":true,"href":"https:\/\/eco-drinkware.com\/pt\/wp-json\/wp\/v2\/product_brand?post=577"},{"taxonomy":"product_cat","embeddable":true,"href":"https:\/\/eco-drinkware.com\/pt\/wp-json\/wp\/v2\/product_cat?post=577"},{"taxonomy":"product_tag","embeddable":true,"href":"https:\/\/eco-drinkware.com\/pt\/wp-json\/wp\/v2\/product_tag?post=577"}],"curies":[{"name":"wp","href":"https:\/\/api.w.org\/{rel}","templated":true}]}}