{"id":620,"date":"2022-11-03T16:14:19","date_gmt":"2022-11-03T16:14:19","guid":{"rendered":"https:\/\/eco-drinkware.com\/?post_type=product&#038;p=620"},"modified":"2022-11-25T08:55:32","modified_gmt":"2022-11-25T08:55:32","slug":"56-sem-minimo-em-stock-188-garrafa-de-agua-desportiva-em-aco-inoxidavel-56","status":"publish","type":"product","link":"https:\/\/eco-drinkware.com\/pt\/product\/56-sem-minimo-em-stock-188-garrafa-de-agua-desportiva-em-aco-inoxidavel-56\/","title":{"rendered":"Sem m\u00ednimo em stock Garrafa de \u00e1gua desportiva em a\u00e7o inoxid\u00e1vel 18\/8"},"content":{"rendered":"<p><strong>F\u00e1cil de tomar:<\/strong>Esta garrafa de \u00e1gua em a\u00e7o inoxid\u00e1vel \u00e9 leve e com pega, f\u00e1cil de levar para o gin\u00e1sio, escalada, condu\u00e7\u00e3o, caminhadas, campismo e outras actividades. Tamb\u00e9m \u00e9 poss\u00edvel coloc\u00e1-la num saco, porque \u00e9 \u00e0 prova de \u00e1gua.<\/p>\n\n\n\n<p><strong>Sem pl\u00e1stico:<\/strong>com tampa de a\u00e7o e tampa de bambu, a garrafa de \u00e1gua desportiva de a\u00e7o inoxid\u00e1vel n\u00e3o \u00e9 de pl\u00e1stico. Com anel de silicone \u00e0 volta da tampa para impedir a sa\u00edda de \u00e1gua. Com a\u00e7o inoxid\u00e1vel 304, que \u00e9 um material de qualidade alimentar. Utiliza o material mais amigo do ambiente.<\/p>\n\n\n\n<p><strong>Manter a \u00e1gua fria:<\/strong>esta garrafa de \u00e1gua em a\u00e7o inoxid\u00e1vel \u00e9 de parede simples, n\u00e3o havendo problema em conter \u00e1gua fria e \u00e1gua quente. Muito adequada para a primavera, ver\u00e3o e outono.&nbsp;<\/p>\n\n\n\n<p><strong>Tamanho:<\/strong>350ml, 500ml, 750ml, 1000ml<\/p>\n\n\n\n<figure class=\"wp-block-image size-full\"><img loading=\"lazy\" decoding=\"async\" width=\"700\" height=\"700\" src=\"https:\/\/eco-drinkware.com\/wp-content\/uploads\/2022\/11\/56_1.webp\" alt=\"\" class=\"wp-image-1143\" srcset=\"https:\/\/eco-drinkware.com\/wp-content\/uploads\/2022\/11\/56_1.webp 700w, https:\/\/eco-drinkware.com\/wp-content\/uploads\/2022\/11\/56_1-300x300.webp 300w, https:\/\/eco-drinkware.com\/wp-content\/uploads\/2022\/11\/56_1-150x150.webp 150w, https:\/\/eco-drinkware.com\/wp-content\/uploads\/2022\/11\/56_1-600x600.webp 600w, https:\/\/eco-drinkware.com\/wp-content\/uploads\/2022\/11\/56_1-100x100.webp 100w\" sizes=\"auto, (max-width: 700px) 100vw, 700px\" \/><\/figure>\n\n\n\n<figure class=\"wp-block-image size-full\"><img loading=\"lazy\" decoding=\"async\" width=\"800\" height=\"800\" src=\"https:\/\/eco-drinkware.com\/wp-content\/uploads\/2022\/11\/2020-10-30-18-11-525.webp\" alt=\"\" class=\"wp-image-1144\" srcset=\"https:\/\/eco-drinkware.com\/wp-content\/uploads\/2022\/11\/2020-10-30-18-11-525.webp 800w, https:\/\/eco-drinkware.com\/wp-content\/uploads\/2022\/11\/2020-10-30-18-11-525-300x300.webp 300w, https:\/\/eco-drinkware.com\/wp-content\/uploads\/2022\/11\/2020-10-30-18-11-525-150x150.webp 150w, https:\/\/eco-drinkware.com\/wp-content\/uploads\/2022\/11\/2020-10-30-18-11-525-768x768.webp 768w, https:\/\/eco-drinkware.com\/wp-content\/uploads\/2022\/11\/2020-10-30-18-11-525-600x600.webp 600w, https:\/\/eco-drinkware.com\/wp-content\/uploads\/2022\/11\/2020-10-30-18-11-525-100x100.webp 100w\" sizes=\"auto, (max-width: 800px) 100vw, 800px\" \/><\/figure>\n\n\n\n<figure class=\"wp-block-image size-full\"><img loading=\"lazy\" decoding=\"async\" width=\"1000\" height=\"1000\" src=\"https:\/\/eco-drinkware.com\/wp-content\/uploads\/2022\/11\/2020-10-30-18-12-524.webp\" alt=\"\" class=\"wp-image-1145\" srcset=\"https:\/\/eco-drinkware.com\/wp-content\/uploads\/2022\/11\/2020-10-30-18-12-524.webp 1000w, https:\/\/eco-drinkware.com\/wp-content\/uploads\/2022\/11\/2020-10-30-18-12-524-300x300.webp 300w, https:\/\/eco-drinkware.com\/wp-content\/uploads\/2022\/11\/2020-10-30-18-12-524-150x150.webp 150w, https:\/\/eco-drinkware.com\/wp-content\/uploads\/2022\/11\/2020-10-30-18-12-524-768x768.webp 768w, https:\/\/eco-drinkware.com\/wp-content\/uploads\/2022\/11\/2020-10-30-18-12-524-600x600.webp 600w, https:\/\/eco-drinkware.com\/wp-content\/uploads\/2022\/11\/2020-10-30-18-12-524-100x100.webp 100w\" sizes=\"auto, (max-width: 1000px) 100vw, 1000px\" \/><\/figure>\n\n\n\n<figure class=\"wp-block-table\"><table><tbody><tr><td>Nome<\/td><td>Garrafa de \u00e1gua em a\u00e7o inoxid\u00e1vel para desporto--GS001<\/td><\/tr><tr><td>Material<\/td><td>A\u00e7o inoxid\u00e1vel 18\/8 304<\/td><\/tr><tr><td>Cor&nbsp;<\/td><td>Pantone personalizado&nbsp;<\/td><\/tr><tr><td>Log\u00f3tipo<\/td><td>Personalizado<\/td><\/tr><tr><td>Embalagem<\/td><td>caixa de ovos, caixa branca, caixa personalizada, cilindro redondo<\/td><\/tr><tr><td>Amostra<\/td><td>Dispon\u00edvel<\/td><\/tr><tr><td>Especial<\/td><td>Prenda para promo\u00e7\u00e3o<\/td><\/tr><\/tbody><\/table><\/figure>\n\n\n\n<p><\/p>","protected":false},"excerpt":{"rendered":"<p>F\u00e1cil de levar: esta garrafa de \u00e1gua em a\u00e7o inoxid\u00e1vel \u00e9 leve e com pega, f\u00e1cil de levar para o gin\u00e1sio, escalada, condu\u00e7\u00e3o, caminhadas, campismo e outras actividades. Tamb\u00e9m \u00e9 poss\u00edvel coloc\u00e1-la num saco, porque \u00e9 \u00e0 prova de \u00e1gua.<\/p>","protected":false},"featured_media":1145,"template":"","meta":{"_acf_changed":false,"_seopress_robots_primary_cat":"","_seopress_titles_title":"","_seopress_titles_desc":"","_seopress_robots_index":"","_uag_custom_page_level_css":""},"product_brand":[],"product_cat":[31,19],"product_tag":[],"class_list":{"0":"post-620","1":"product","2":"type-product","3":"status-publish","4":"has-post-thumbnail","6":"product_cat-sports-water-bottle","7":"product_cat-stainless-steel-water-bottle","9":"first","10":"instock","11":"shipping-taxable","12":"product-type-simple"},"acf":[],"uagb_featured_image_src":{"full":["https:\/\/eco-drinkware.com\/wp-content\/uploads\/2022\/11\/2020-10-30-18-12-524.webp",1000,1000,false],"thumbnail":["https:\/\/eco-drinkware.com\/wp-content\/uploads\/2022\/11\/2020-10-30-18-12-524-150x150.webp",150,150,true],"medium":["https:\/\/eco-drinkware.com\/wp-content\/uploads\/2022\/11\/2020-10-30-18-12-524-300x300.webp",300,300,true],"medium_large":["https:\/\/eco-drinkware.com\/wp-content\/uploads\/2022\/11\/2020-10-30-18-12-524-768x768.webp",768,768,true],"large":["https:\/\/eco-drinkware.com\/wp-content\/uploads\/2022\/11\/2020-10-30-18-12-524.webp",1000,1000,false],"1536x1536":["https:\/\/eco-drinkware.com\/wp-content\/uploads\/2022\/11\/2020-10-30-18-12-524.webp",1000,1000,false],"2048x2048":["https:\/\/eco-drinkware.com\/wp-content\/uploads\/2022\/11\/2020-10-30-18-12-524.webp",1000,1000,false],"trp-custom-language-flag":["https:\/\/eco-drinkware.com\/wp-content\/uploads\/2022\/11\/2020-10-30-18-12-524.webp",12,12,false],"woocommerce_thumbnail":["https:\/\/eco-drinkware.com\/wp-content\/uploads\/2022\/11\/2020-10-30-18-12-524-300x300.webp",300,300,true],"woocommerce_single":["https:\/\/eco-drinkware.com\/wp-content\/uploads\/2022\/11\/2020-10-30-18-12-524-600x600.webp",600,600,true],"woocommerce_gallery_thumbnail":["https:\/\/eco-drinkware.com\/wp-content\/uploads\/2022\/11\/2020-10-30-18-12-524-100x100.webp",100,100,true]},"uagb_author_info":{"display_name":"Amy","author_link":"https:\/\/eco-drinkware.com\/pt\/author\/"},"uagb_comment_info":0,"uagb_excerpt":"Easy to take: this stainless steel water bottle is light and with handle, easy to take to gyming, climbing, driving, hiking, camping and other activities. Putting it in bag is also ok, because it is water proof.","_links":{"self":[{"href":"https:\/\/eco-drinkware.com\/pt\/wp-json\/wp\/v2\/product\/620","targetHints":{"allow":["GET"]}}],"collection":[{"href":"https:\/\/eco-drinkware.com\/pt\/wp-json\/wp\/v2\/product"}],"about":[{"href":"https:\/\/eco-drinkware.com\/pt\/wp-json\/wp\/v2\/types\/product"}],"wp:featuredmedia":[{"embeddable":true,"href":"https:\/\/eco-drinkware.com\/pt\/wp-json\/wp\/v2\/media\/1145"}],"wp:attachment":[{"href":"https:\/\/eco-drinkware.com\/pt\/wp-json\/wp\/v2\/media?parent=620"}],"wp:term":[{"taxonomy":"product_brand","embeddable":true,"href":"https:\/\/eco-drinkware.com\/pt\/wp-json\/wp\/v2\/product_brand?post=620"},{"taxonomy":"product_cat","embeddable":true,"href":"https:\/\/eco-drinkware.com\/pt\/wp-json\/wp\/v2\/product_cat?post=620"},{"taxonomy":"product_tag","embeddable":true,"href":"https:\/\/eco-drinkware.com\/pt\/wp-json\/wp\/v2\/product_tag?post=620"}],"curies":[{"name":"wp","href":"https:\/\/api.w.org\/{rel}","templated":true}]}}