{"id":625,"date":"2022-11-03T16:14:07","date_gmt":"2022-11-03T16:14:07","guid":{"rendered":"https:\/\/eco-drinkware.com\/?post_type=product&#038;p=625"},"modified":"2022-11-25T08:55:34","modified_gmt":"2022-11-25T08:55:34","slug":"57-em-stock-sem-minimo-garrafa-de-agua-desportiva-em-aco-inoxidavel-amiga-do-ambiente-57","status":"publish","type":"product","link":"https:\/\/eco-drinkware.com\/pt\/product\/57-em-stock-sem-minimo-garrafa-de-agua-desportiva-em-aco-inoxidavel-amiga-do-ambiente-57\/","title":{"rendered":"Em stock Sem m\u00ednimo Garrafa de \u00e1gua desportiva em a\u00e7o inoxid\u00e1vel amiga do ambiente"},"content":{"rendered":"<p>Somos o principal fabricante de garrafa t\u00e9rmica com tampa de bambu, garrafa com filtro de \u00e1gua pot\u00e1vel, copo de a\u00e7o inoxid\u00e1vel, garrafa de \u00e1gua de vidro com tampa met\u00e1lica dupla, garrafa de \u00e1gua de vidro com tampa de al\u00e7a, garrafa t\u00e9rmica de bambu, garrafa de ch\u00e1 de cer\u00e2mica, garrafa de ch\u00e1 de infus\u00e3o, copo de caf\u00e9 de a\u00e7o inoxid\u00e1vel, copo de a\u00e7o inoxid\u00e1vel de parede dupla, copos de a\u00e7o inoxid\u00e1vel com canudos, copo de a\u00e7o inoxid\u00e1vel por atacado, copo de a\u00e7o inoxid\u00e1vel com isolamento a v\u00e1cuo, garrafa de a\u00e7o inoxid\u00e1vel com isolamento a v\u00e1cuo, caneca de caf\u00e9 por atacado, garrafa de \u00e1gua de viagem a v\u00e1cuo, canecas t\u00e9rmicas de a\u00e7o inoxid\u00e1vel e cer\u00e2mica.\u00a0<\/p>\n\n\n\n<figure class=\"wp-block-image size-full\"><img loading=\"lazy\" decoding=\"async\" width=\"800\" height=\"800\" src=\"https:\/\/eco-drinkware.com\/wp-content\/uploads\/2022\/11\/57_3.webp\" alt=\"\" class=\"wp-image-1134\" srcset=\"https:\/\/eco-drinkware.com\/wp-content\/uploads\/2022\/11\/57_3.webp 800w, https:\/\/eco-drinkware.com\/wp-content\/uploads\/2022\/11\/57_3-300x300.webp 300w, https:\/\/eco-drinkware.com\/wp-content\/uploads\/2022\/11\/57_3-150x150.webp 150w, https:\/\/eco-drinkware.com\/wp-content\/uploads\/2022\/11\/57_3-768x768.webp 768w, https:\/\/eco-drinkware.com\/wp-content\/uploads\/2022\/11\/57_3-600x600.webp 600w, https:\/\/eco-drinkware.com\/wp-content\/uploads\/2022\/11\/57_3-100x100.webp 100w\" sizes=\"auto, (max-width: 800px) 100vw, 800px\" \/><\/figure>\n\n\n\n<figure class=\"wp-block-image size-full\"><img loading=\"lazy\" decoding=\"async\" width=\"800\" height=\"800\" src=\"https:\/\/eco-drinkware.com\/wp-content\/uploads\/2022\/11\/HTB1SG4cakOWBuNjSsppq6xPgpXaj.jpg_-2.webp\" alt=\"\" class=\"wp-image-1135\" srcset=\"https:\/\/eco-drinkware.com\/wp-content\/uploads\/2022\/11\/HTB1SG4cakOWBuNjSsppq6xPgpXaj.jpg_-2.webp 800w, https:\/\/eco-drinkware.com\/wp-content\/uploads\/2022\/11\/HTB1SG4cakOWBuNjSsppq6xPgpXaj.jpg_-2-300x300.webp 300w, https:\/\/eco-drinkware.com\/wp-content\/uploads\/2022\/11\/HTB1SG4cakOWBuNjSsppq6xPgpXaj.jpg_-2-150x150.webp 150w, https:\/\/eco-drinkware.com\/wp-content\/uploads\/2022\/11\/HTB1SG4cakOWBuNjSsppq6xPgpXaj.jpg_-2-768x768.webp 768w, https:\/\/eco-drinkware.com\/wp-content\/uploads\/2022\/11\/HTB1SG4cakOWBuNjSsppq6xPgpXaj.jpg_-2-600x600.webp 600w, https:\/\/eco-drinkware.com\/wp-content\/uploads\/2022\/11\/HTB1SG4cakOWBuNjSsppq6xPgpXaj.jpg_-2-100x100.webp 100w\" sizes=\"auto, (max-width: 800px) 100vw, 800px\" \/><\/figure>\n\n\n\n<figure class=\"wp-block-image size-full\"><img loading=\"lazy\" decoding=\"async\" width=\"800\" height=\"800\" src=\"https:\/\/eco-drinkware.com\/wp-content\/uploads\/2022\/11\/HTB1vxJ1nwDD8KJjy0Fdq6AjvXXah.jpg_-2.webp\" alt=\"\" class=\"wp-image-1136\" srcset=\"https:\/\/eco-drinkware.com\/wp-content\/uploads\/2022\/11\/HTB1vxJ1nwDD8KJjy0Fdq6AjvXXah.jpg_-2.webp 800w, https:\/\/eco-drinkware.com\/wp-content\/uploads\/2022\/11\/HTB1vxJ1nwDD8KJjy0Fdq6AjvXXah.jpg_-2-300x300.webp 300w, https:\/\/eco-drinkware.com\/wp-content\/uploads\/2022\/11\/HTB1vxJ1nwDD8KJjy0Fdq6AjvXXah.jpg_-2-150x150.webp 150w, https:\/\/eco-drinkware.com\/wp-content\/uploads\/2022\/11\/HTB1vxJ1nwDD8KJjy0Fdq6AjvXXah.jpg_-2-768x768.webp 768w, https:\/\/eco-drinkware.com\/wp-content\/uploads\/2022\/11\/HTB1vxJ1nwDD8KJjy0Fdq6AjvXXah.jpg_-2-600x600.webp 600w, https:\/\/eco-drinkware.com\/wp-content\/uploads\/2022\/11\/HTB1vxJ1nwDD8KJjy0Fdq6AjvXXah.jpg_-2-100x100.webp 100w\" sizes=\"auto, (max-width: 800px) 100vw, 800px\" \/><\/figure>\n\n\n\n<figure class=\"wp-block-image size-full\"><img loading=\"lazy\" decoding=\"async\" width=\"800\" height=\"800\" src=\"https:\/\/eco-drinkware.com\/wp-content\/uploads\/2022\/11\/HTB1UQFrnxrI8KJjy0Fpq6z5hVXaZ.jpg_.webp\" alt=\"\" class=\"wp-image-1137\" srcset=\"https:\/\/eco-drinkware.com\/wp-content\/uploads\/2022\/11\/HTB1UQFrnxrI8KJjy0Fpq6z5hVXaZ.jpg_.webp 800w, https:\/\/eco-drinkware.com\/wp-content\/uploads\/2022\/11\/HTB1UQFrnxrI8KJjy0Fpq6z5hVXaZ.jpg_-300x300.webp 300w, https:\/\/eco-drinkware.com\/wp-content\/uploads\/2022\/11\/HTB1UQFrnxrI8KJjy0Fpq6z5hVXaZ.jpg_-150x150.webp 150w, https:\/\/eco-drinkware.com\/wp-content\/uploads\/2022\/11\/HTB1UQFrnxrI8KJjy0Fpq6z5hVXaZ.jpg_-768x768.webp 768w, https:\/\/eco-drinkware.com\/wp-content\/uploads\/2022\/11\/HTB1UQFrnxrI8KJjy0Fpq6z5hVXaZ.jpg_-600x600.webp 600w, https:\/\/eco-drinkware.com\/wp-content\/uploads\/2022\/11\/HTB1UQFrnxrI8KJjy0Fpq6z5hVXaZ.jpg_-100x100.webp 100w\" sizes=\"auto, (max-width: 800px) 100vw, 800px\" \/><\/figure>\n\n\n\n<p><\/p>","protected":false},"excerpt":{"rendered":"<p>Com 15 anos de experi\u00eancia na produ\u00e7\u00e3o de garrafas, fizemos trabalhos OEM e ODM para muitas marcas famosas em todo o mundo. A principal linha de produ\u00e7\u00e3o \u00e9 a garrafa infusora de ch\u00e1, copo de caf\u00e9, garrafa t\u00e9rmica. A qualidade \u00e9 a nossa cultura. A nossa miss\u00e3o \u00e9 tornar a terra mais limpa e melhor.<\/p>","protected":false},"featured_media":1141,"template":"","meta":{"_acf_changed":false,"_seopress_robots_primary_cat":"","_seopress_titles_title":"","_seopress_titles_desc":"","_seopress_robots_index":"","_uag_custom_page_level_css":""},"product_brand":[],"product_cat":[31,19],"product_tag":[],"class_list":{"0":"post-625","1":"product","2":"type-product","3":"status-publish","4":"has-post-thumbnail","6":"product_cat-sports-water-bottle","7":"product_cat-stainless-steel-water-bottle","9":"first","10":"instock","11":"shipping-taxable","12":"product-type-simple"},"acf":[],"uagb_featured_image_src":{"full":["https:\/\/eco-drinkware.com\/wp-content\/uploads\/2022\/11\/57_0.webp",800,800,false],"thumbnail":["https:\/\/eco-drinkware.com\/wp-content\/uploads\/2022\/11\/57_0-150x150.webp",150,150,true],"medium":["https:\/\/eco-drinkware.com\/wp-content\/uploads\/2022\/11\/57_0-300x300.webp",300,300,true],"medium_large":["https:\/\/eco-drinkware.com\/wp-content\/uploads\/2022\/11\/57_0-768x768.webp",768,768,true],"large":["https:\/\/eco-drinkware.com\/wp-content\/uploads\/2022\/11\/57_0.webp",800,800,false],"1536x1536":["https:\/\/eco-drinkware.com\/wp-content\/uploads\/2022\/11\/57_0.webp",800,800,false],"2048x2048":["https:\/\/eco-drinkware.com\/wp-content\/uploads\/2022\/11\/57_0.webp",800,800,false],"trp-custom-language-flag":["https:\/\/eco-drinkware.com\/wp-content\/uploads\/2022\/11\/57_0.webp",12,12,false],"woocommerce_thumbnail":["https:\/\/eco-drinkware.com\/wp-content\/uploads\/2022\/11\/57_0-300x300.webp",300,300,true],"woocommerce_single":["https:\/\/eco-drinkware.com\/wp-content\/uploads\/2022\/11\/57_0-600x600.webp",600,600,true],"woocommerce_gallery_thumbnail":["https:\/\/eco-drinkware.com\/wp-content\/uploads\/2022\/11\/57_0-100x100.webp",100,100,true]},"uagb_author_info":{"display_name":"Amy","author_link":"https:\/\/eco-drinkware.com\/pt\/author\/"},"uagb_comment_info":0,"uagb_excerpt":"With 15 years bottle production experience ,have done OEM and ODM work for many famous brand all over the world . Main production line is tea infuser bottle ,coffee tumbler , thermos . Quality is our culture . Our mission is make the earth cleaner and better.","_links":{"self":[{"href":"https:\/\/eco-drinkware.com\/pt\/wp-json\/wp\/v2\/product\/625","targetHints":{"allow":["GET"]}}],"collection":[{"href":"https:\/\/eco-drinkware.com\/pt\/wp-json\/wp\/v2\/product"}],"about":[{"href":"https:\/\/eco-drinkware.com\/pt\/wp-json\/wp\/v2\/types\/product"}],"wp:featuredmedia":[{"embeddable":true,"href":"https:\/\/eco-drinkware.com\/pt\/wp-json\/wp\/v2\/media\/1141"}],"wp:attachment":[{"href":"https:\/\/eco-drinkware.com\/pt\/wp-json\/wp\/v2\/media?parent=625"}],"wp:term":[{"taxonomy":"product_brand","embeddable":true,"href":"https:\/\/eco-drinkware.com\/pt\/wp-json\/wp\/v2\/product_brand?post=625"},{"taxonomy":"product_cat","embeddable":true,"href":"https:\/\/eco-drinkware.com\/pt\/wp-json\/wp\/v2\/product_cat?post=625"},{"taxonomy":"product_tag","embeddable":true,"href":"https:\/\/eco-drinkware.com\/pt\/wp-json\/wp\/v2\/product_tag?post=625"}],"curies":[{"name":"wp","href":"https:\/\/api.w.org\/{rel}","templated":true}]}}