{"id":643,"date":"2022-11-03T16:16:47","date_gmt":"2022-11-03T16:16:47","guid":{"rendered":"https:\/\/eco-drinkware.com\/?post_type=product&#038;p=643"},"modified":"2022-11-04T14:56:13","modified_gmt":"2022-11-04T14:56:13","slug":"47-450ml-parede-dupla-bpa-free-cha-fruta-infusor-garrafa-de-agua-47","status":"publish","type":"product","link":"https:\/\/eco-drinkware.com\/pt\/product\/47-450ml-parede-dupla-bpa-free-cha-fruta-infusor-garrafa-de-agua-47\/","title":{"rendered":"Garrafa de \u00e1gua infusora de ch\u00e1 e fruta de parede dupla de 450 ml sem BPA"},"content":{"rendered":"<p>N\u00f3s somos o principal fabricante de garrafa de vidro de parede dupla, garrafa de ch\u00e1 de parede dupla, garrafa de vidro de parede dupla de 500ml, garrafa de ch\u00e1, garrafa de ch\u00e1 infusor, garrafa de vidro com tampa de bambu, frasco de bambu, garrafa t\u00e9rmica de bambu, copo de bambu, copo de caf\u00e9, caneca de caf\u00e9, copos de caf\u00e9, copo de parede dupla com palha combinada, garrafa t\u00e9rmica, garrafa esportiva, frasco de v\u00e1cuo de parede dupla com tampa de bambu \u2665<\/p>\n\n\n\n<figure class=\"wp-block-table\"><table><tbody><tr><td>Nome<\/td><td>GA6010 Garrafas de \u00e1gua de infus\u00e3o de borosilicato de 450 ml reutiliz\u00e1veis de parede dupla sem BPA com tampa de bambu<\/td><\/tr><tr><td>Material<\/td><td>Vidro borossilicato, vidro de parede dupla, tampa de bambu<\/td><\/tr><tr><td>Capacidade<\/td><td>450ml<\/td><\/tr><tr><td>Cor<\/td><td>Personalizado<\/td><\/tr><tr><td>Imprimir<\/td><td>Impress\u00e3o em seda, transfer\u00eancia de calor, impress\u00e3o por transfer\u00eancia de \u00e1gua, etc.<\/td><\/tr><tr><td>Log\u00f3tipo<\/td><td>Personalizado<\/td><\/tr><tr><td>MOQ<\/td><td>25 unidades<\/td><\/tr><tr><td>Tempo de amostragem<\/td><td>5-8 dias<\/td><\/tr><tr><td>Detalhes da embalagem<\/td><td>1PC\/OPP, embalagem de caixa de ovos, caixa de cor, caixa cil\u00edndrica, caixa branca, 25PCS\/CTN<\/td><\/tr><tr><td>Prazo de pagamento<\/td><td>Dep\u00f3sito 30%, o saldo antes da expedi\u00e7\u00e3o<\/td><\/tr><\/tbody><\/table><\/figure>\n\n\n\n<figure class=\"wp-block-image size-full\"><img loading=\"lazy\" decoding=\"async\" width=\"638\" height=\"1920\" src=\"https:\/\/eco-drinkware.com\/wp-content\/uploads\/2022\/11\/HTB1_ak0phSYBuNjSsphq6zGvVXaM.jpg_-scaled.webp\" alt=\"\" class=\"wp-image-1203\" srcset=\"https:\/\/eco-drinkware.com\/wp-content\/uploads\/2022\/11\/HTB1_ak0phSYBuNjSsphq6zGvVXaM.jpg_-scaled.webp 638w, https:\/\/eco-drinkware.com\/wp-content\/uploads\/2022\/11\/HTB1_ak0phSYBuNjSsphq6zGvVXaM.jpg_-100x300.webp 100w, https:\/\/eco-drinkware.com\/wp-content\/uploads\/2022\/11\/HTB1_ak0phSYBuNjSsphq6zGvVXaM.jpg_-50x150.webp 50w, https:\/\/eco-drinkware.com\/wp-content\/uploads\/2022\/11\/HTB1_ak0phSYBuNjSsphq6zGvVXaM.jpg_-681x2048.webp 681w, https:\/\/eco-drinkware.com\/wp-content\/uploads\/2022\/11\/HTB1_ak0phSYBuNjSsphq6zGvVXaM.jpg_-600x1805.webp 600w\" sizes=\"auto, (max-width: 638px) 100vw, 638px\" \/><\/figure>\n\n\n\n<figure class=\"wp-block-image size-full\"><img loading=\"lazy\" decoding=\"async\" width=\"750\" height=\"1749\" src=\"https:\/\/eco-drinkware.com\/wp-content\/uploads\/2022\/11\/HTB1iLz4C1GSBuNjSspbq6AiipXaK.jpg_.webp\" alt=\"\" class=\"wp-image-1204\" srcset=\"https:\/\/eco-drinkware.com\/wp-content\/uploads\/2022\/11\/HTB1iLz4C1GSBuNjSspbq6AiipXaK.jpg_.webp 750w, https:\/\/eco-drinkware.com\/wp-content\/uploads\/2022\/11\/HTB1iLz4C1GSBuNjSspbq6AiipXaK.jpg_-129x300.webp 129w, https:\/\/eco-drinkware.com\/wp-content\/uploads\/2022\/11\/HTB1iLz4C1GSBuNjSspbq6AiipXaK.jpg_-64x150.webp 64w, https:\/\/eco-drinkware.com\/wp-content\/uploads\/2022\/11\/HTB1iLz4C1GSBuNjSspbq6AiipXaK.jpg_-659x1536.webp 659w, https:\/\/eco-drinkware.com\/wp-content\/uploads\/2022\/11\/HTB1iLz4C1GSBuNjSspbq6AiipXaK.jpg_-600x1399.webp 600w\" sizes=\"auto, (max-width: 750px) 100vw, 750px\" \/><\/figure>\n\n\n\n<p><\/p>","protected":false},"excerpt":{"rendered":"<p>Com mais de 15 anos de experi\u00eancia na produ\u00e7\u00e3o de garrafas, temos feito trabalhos OEM e ODM para muitas marcas famosas em todo o mundo. A principal linha de produ\u00e7\u00e3o \u00e9 a garrafa infusora de ch\u00e1, copo de caf\u00e9, garrafa t\u00e9rmica. A qualidade \u00e9 a nossa cultura. A nossa miss\u00e3o \u00e9 tornar a terra mais limpa e melhor.<\/p>","protected":false},"featured_media":1207,"template":"","meta":{"_acf_changed":false,"_seopress_robots_primary_cat":"","_seopress_titles_title":"","_seopress_titles_desc":"","_seopress_robots_index":"","_uag_custom_page_level_css":""},"product_brand":[],"product_cat":[15],"product_tag":[],"class_list":{"0":"post-643","1":"product","2":"type-product","3":"status-publish","4":"has-post-thumbnail","6":"product_cat-drinkware-accessories","8":"first","9":"instock","10":"shipping-taxable","11":"product-type-simple"},"acf":[],"uagb_featured_image_src":{"full":["https:\/\/eco-drinkware.com\/wp-content\/uploads\/2022\/11\/47_0.webp",1000,1000,false],"thumbnail":["https:\/\/eco-drinkware.com\/wp-content\/uploads\/2022\/11\/47_0-150x150.webp",150,150,true],"medium":["https:\/\/eco-drinkware.com\/wp-content\/uploads\/2022\/11\/47_0-300x300.webp",300,300,true],"medium_large":["https:\/\/eco-drinkware.com\/wp-content\/uploads\/2022\/11\/47_0-768x768.webp",768,768,true],"large":["https:\/\/eco-drinkware.com\/wp-content\/uploads\/2022\/11\/47_0.webp",1000,1000,false],"1536x1536":["https:\/\/eco-drinkware.com\/wp-content\/uploads\/2022\/11\/47_0.webp",1000,1000,false],"2048x2048":["https:\/\/eco-drinkware.com\/wp-content\/uploads\/2022\/11\/47_0.webp",1000,1000,false],"trp-custom-language-flag":["https:\/\/eco-drinkware.com\/wp-content\/uploads\/2022\/11\/47_0.webp",12,12,false],"woocommerce_thumbnail":["https:\/\/eco-drinkware.com\/wp-content\/uploads\/2022\/11\/47_0-300x300.webp",300,300,true],"woocommerce_single":["https:\/\/eco-drinkware.com\/wp-content\/uploads\/2022\/11\/47_0-600x600.webp",600,600,true],"woocommerce_gallery_thumbnail":["https:\/\/eco-drinkware.com\/wp-content\/uploads\/2022\/11\/47_0-100x100.webp",100,100,true]},"uagb_author_info":{"display_name":"Amy","author_link":"https:\/\/eco-drinkware.com\/pt\/author\/"},"uagb_comment_info":0,"uagb_excerpt":"Over 15 years bottle production experience ,have done OEM and ODM work for many famous brand all over th world . Main poduction line is tea infuser bottle ,coffee tumbler , thermos . Quality is our culture . Our mission is make the earth cleaner and better.","_links":{"self":[{"href":"https:\/\/eco-drinkware.com\/pt\/wp-json\/wp\/v2\/product\/643","targetHints":{"allow":["GET"]}}],"collection":[{"href":"https:\/\/eco-drinkware.com\/pt\/wp-json\/wp\/v2\/product"}],"about":[{"href":"https:\/\/eco-drinkware.com\/pt\/wp-json\/wp\/v2\/types\/product"}],"wp:featuredmedia":[{"embeddable":true,"href":"https:\/\/eco-drinkware.com\/pt\/wp-json\/wp\/v2\/media\/1207"}],"wp:attachment":[{"href":"https:\/\/eco-drinkware.com\/pt\/wp-json\/wp\/v2\/media?parent=643"}],"wp:term":[{"taxonomy":"product_brand","embeddable":true,"href":"https:\/\/eco-drinkware.com\/pt\/wp-json\/wp\/v2\/product_brand?post=643"},{"taxonomy":"product_cat","embeddable":true,"href":"https:\/\/eco-drinkware.com\/pt\/wp-json\/wp\/v2\/product_cat?post=643"},{"taxonomy":"product_tag","embeddable":true,"href":"https:\/\/eco-drinkware.com\/pt\/wp-json\/wp\/v2\/product_tag?post=643"}],"curies":[{"name":"wp","href":"https:\/\/api.w.org\/{rel}","templated":true}]}}