{"id":648,"date":"2022-11-03T16:17:34","date_gmt":"2022-11-03T16:17:34","guid":{"rendered":"https:\/\/eco-drinkware.com\/?post_type=product&#038;p=648"},"modified":"2022-11-25T08:53:47","modified_gmt":"2022-11-25T08:53:47","slug":"44-bpa-free-ga6016-tampa-dupla-inoxidavel-cha-infusor-de-parede-dupla-garrafa-de-agua-potavel-de-vidro-com-infusor-de-cha-44","status":"publish","type":"product","link":"https:\/\/eco-drinkware.com\/pt\/product\/44-bpa-free-ga6016-tampa-dupla-inoxidavel-cha-infusor-de-parede-dupla-garrafa-de-agua-potavel-de-vidro-com-infusor-de-cha-44\/","title":{"rendered":"GA6016 sem BPA tampa dupla inoxid\u00e1vel ch\u00e1 infusor de parede dupla garrafa de \u00e1gua pot\u00e1vel de vidro com infusor de ch\u00e1"},"content":{"rendered":"<p>N\u00f3s somos o principal fabricante de garrafa de vidro de parede dupla, garrafa de ch\u00e1 de parede dupla, garrafa de vidro de parede dupla de 500ml, garrafa de ch\u00e1, garrafa de ch\u00e1 infusor, garrafa de vidro com tampa de bambu, frasco de bambu, garrafa t\u00e9rmica de bambu, copo de bambu, copo de caf\u00e9, caneca de caf\u00e9, copos de caf\u00e9, copo de parede dupla com palha combinada, garrafa t\u00e9rmica, garrafa esportiva, frasco de v\u00e1cuo de parede dupla com tampa de bambu \u2665<\/p>\n\n\n\n<figure class=\"wp-block-table\"><table><tbody><tr><td>Nome<\/td><td>Garrafas de \u00e1gua de 400 ml de vidro reutiliz\u00e1vel de parede dupla para beber ch\u00e1 Com tampa inferior e superior aberta&nbsp;<\/td><\/tr><tr><td>Material<\/td><td>Vidro borossilicato, vidro de parede dupla, tampa de bambu<\/td><\/tr><tr><td>Capacidade<\/td><td>400ml<\/td><\/tr><tr><td>Cor<\/td><td>Personalizado<\/td><\/tr><tr><td>Imprimir<\/td><td>Impress\u00e3o em seda, transfer\u00eancia de calor, impress\u00e3o por transfer\u00eancia de \u00e1gua, etc.<\/td><\/tr><tr><td>Log\u00f3tipo<\/td><td>Personalizado<\/td><\/tr><tr><td>MOQ<\/td><td>20 unidades<\/td><\/tr><tr><td>Tempo de amostragem<\/td><td>5-8 dias<\/td><\/tr><tr><td>Detalhes da embalagem<\/td><td>1PC\/OPP, embalagem de caixa de ovos, caixa de cor, caixa cil\u00edndrica, caixa branca, 25PCS\/CTN<\/td><\/tr><tr><td>Prazo de pagamento<\/td><td>Dep\u00f3sito 30%, o saldo antes da expedi\u00e7\u00e3o<\/td><\/tr><\/tbody><\/table><\/figure>\n\n\n\n<figure class=\"wp-block-image size-full\"><img loading=\"lazy\" decoding=\"async\" width=\"800\" height=\"800\" src=\"https:\/\/eco-drinkware.com\/wp-content\/uploads\/2022\/11\/HTB1SvgfacnrK1RkHFrdq6xCoFXaR.jpg_.webp\" alt=\"\" class=\"wp-image-1217\" srcset=\"https:\/\/eco-drinkware.com\/wp-content\/uploads\/2022\/11\/HTB1SvgfacnrK1RkHFrdq6xCoFXaR.jpg_.webp 800w, https:\/\/eco-drinkware.com\/wp-content\/uploads\/2022\/11\/HTB1SvgfacnrK1RkHFrdq6xCoFXaR.jpg_-300x300.webp 300w, https:\/\/eco-drinkware.com\/wp-content\/uploads\/2022\/11\/HTB1SvgfacnrK1RkHFrdq6xCoFXaR.jpg_-150x150.webp 150w, https:\/\/eco-drinkware.com\/wp-content\/uploads\/2022\/11\/HTB1SvgfacnrK1RkHFrdq6xCoFXaR.jpg_-768x768.webp 768w, https:\/\/eco-drinkware.com\/wp-content\/uploads\/2022\/11\/HTB1SvgfacnrK1RkHFrdq6xCoFXaR.jpg_-600x600.webp 600w, https:\/\/eco-drinkware.com\/wp-content\/uploads\/2022\/11\/HTB1SvgfacnrK1RkHFrdq6xCoFXaR.jpg_-100x100.webp 100w\" sizes=\"auto, (max-width: 800px) 100vw, 800px\" \/><\/figure>\n\n\n\n<figure class=\"wp-block-image size-full\"><img loading=\"lazy\" decoding=\"async\" width=\"800\" height=\"800\" src=\"https:\/\/eco-drinkware.com\/wp-content\/uploads\/2022\/11\/2019-05-09-15-49-576.webp\" alt=\"\" class=\"wp-image-1218\" srcset=\"https:\/\/eco-drinkware.com\/wp-content\/uploads\/2022\/11\/2019-05-09-15-49-576.webp 800w, https:\/\/eco-drinkware.com\/wp-content\/uploads\/2022\/11\/2019-05-09-15-49-576-300x300.webp 300w, https:\/\/eco-drinkware.com\/wp-content\/uploads\/2022\/11\/2019-05-09-15-49-576-150x150.webp 150w, https:\/\/eco-drinkware.com\/wp-content\/uploads\/2022\/11\/2019-05-09-15-49-576-768x768.webp 768w, https:\/\/eco-drinkware.com\/wp-content\/uploads\/2022\/11\/2019-05-09-15-49-576-600x600.webp 600w, https:\/\/eco-drinkware.com\/wp-content\/uploads\/2022\/11\/2019-05-09-15-49-576-100x100.webp 100w\" sizes=\"auto, (max-width: 800px) 100vw, 800px\" \/><\/figure>\n\n\n\n<figure class=\"wp-block-image size-full\"><img loading=\"lazy\" decoding=\"async\" width=\"750\" height=\"760\" src=\"https:\/\/eco-drinkware.com\/wp-content\/uploads\/2022\/11\/HTB16X3AU7zoK1RjSZFlq6yi4VXaB.webp\" alt=\"\" class=\"wp-image-1058\" srcset=\"https:\/\/eco-drinkware.com\/wp-content\/uploads\/2022\/11\/HTB16X3AU7zoK1RjSZFlq6yi4VXaB.webp 750w, https:\/\/eco-drinkware.com\/wp-content\/uploads\/2022\/11\/HTB16X3AU7zoK1RjSZFlq6yi4VXaB-296x300.webp 296w, https:\/\/eco-drinkware.com\/wp-content\/uploads\/2022\/11\/HTB16X3AU7zoK1RjSZFlq6yi4VXaB-148x150.webp 148w, https:\/\/eco-drinkware.com\/wp-content\/uploads\/2022\/11\/HTB16X3AU7zoK1RjSZFlq6yi4VXaB-600x608.webp 600w, https:\/\/eco-drinkware.com\/wp-content\/uploads\/2022\/11\/HTB16X3AU7zoK1RjSZFlq6yi4VXaB-100x100.webp 100w\" sizes=\"auto, (max-width: 750px) 100vw, 750px\" \/><\/figure>","protected":false},"excerpt":{"rendered":"<p>Frasco de infusor de ch\u00e1 de marca personalizada frasco de infusor de frutas, todos feitos de matrial ecol\u00f3gico. Caixa personalizada e pacote de cilindro dispon\u00edvel. OEM e ODM ordem bem-vinda. O seu melhor fornecedor de garrafa de \u00e1gua de vidro na China<\/p>","protected":false},"featured_media":1218,"template":"","meta":{"_acf_changed":false,"_seopress_robots_primary_cat":"","_seopress_titles_title":"","_seopress_titles_desc":"","_seopress_robots_index":"","_uag_custom_page_level_css":""},"product_brand":[],"product_cat":[22],"product_tag":[],"class_list":{"0":"post-648","1":"product","2":"type-product","3":"status-publish","4":"has-post-thumbnail","6":"product_cat-glass-water-bottle","8":"first","9":"instock","10":"shipping-taxable","11":"product-type-simple"},"acf":[],"uagb_featured_image_src":{"full":["https:\/\/eco-drinkware.com\/wp-content\/uploads\/2022\/11\/2019-05-09-15-49-576.webp",800,800,false],"thumbnail":["https:\/\/eco-drinkware.com\/wp-content\/uploads\/2022\/11\/2019-05-09-15-49-576-150x150.webp",150,150,true],"medium":["https:\/\/eco-drinkware.com\/wp-content\/uploads\/2022\/11\/2019-05-09-15-49-576-300x300.webp",300,300,true],"medium_large":["https:\/\/eco-drinkware.com\/wp-content\/uploads\/2022\/11\/2019-05-09-15-49-576-768x768.webp",768,768,true],"large":["https:\/\/eco-drinkware.com\/wp-content\/uploads\/2022\/11\/2019-05-09-15-49-576.webp",800,800,false],"1536x1536":["https:\/\/eco-drinkware.com\/wp-content\/uploads\/2022\/11\/2019-05-09-15-49-576.webp",800,800,false],"2048x2048":["https:\/\/eco-drinkware.com\/wp-content\/uploads\/2022\/11\/2019-05-09-15-49-576.webp",800,800,false],"trp-custom-language-flag":["https:\/\/eco-drinkware.com\/wp-content\/uploads\/2022\/11\/2019-05-09-15-49-576.webp",12,12,false],"woocommerce_thumbnail":["https:\/\/eco-drinkware.com\/wp-content\/uploads\/2022\/11\/2019-05-09-15-49-576-300x300.webp",300,300,true],"woocommerce_single":["https:\/\/eco-drinkware.com\/wp-content\/uploads\/2022\/11\/2019-05-09-15-49-576-600x600.webp",600,600,true],"woocommerce_gallery_thumbnail":["https:\/\/eco-drinkware.com\/wp-content\/uploads\/2022\/11\/2019-05-09-15-49-576-100x100.webp",100,100,true]},"uagb_author_info":{"display_name":"Amy","author_link":"https:\/\/eco-drinkware.com\/pt\/author\/"},"uagb_comment_info":0,"uagb_excerpt":"Custom brand tea infuser bottle fruit infuser bottle flask ,all made from eco friendly matrial . Custom box and cylinder package available .OEM and ODM order welcome. Your best glass water bottle supplier in China","_links":{"self":[{"href":"https:\/\/eco-drinkware.com\/pt\/wp-json\/wp\/v2\/product\/648","targetHints":{"allow":["GET"]}}],"collection":[{"href":"https:\/\/eco-drinkware.com\/pt\/wp-json\/wp\/v2\/product"}],"about":[{"href":"https:\/\/eco-drinkware.com\/pt\/wp-json\/wp\/v2\/types\/product"}],"wp:featuredmedia":[{"embeddable":true,"href":"https:\/\/eco-drinkware.com\/pt\/wp-json\/wp\/v2\/media\/1218"}],"wp:attachment":[{"href":"https:\/\/eco-drinkware.com\/pt\/wp-json\/wp\/v2\/media?parent=648"}],"wp:term":[{"taxonomy":"product_brand","embeddable":true,"href":"https:\/\/eco-drinkware.com\/pt\/wp-json\/wp\/v2\/product_brand?post=648"},{"taxonomy":"product_cat","embeddable":true,"href":"https:\/\/eco-drinkware.com\/pt\/wp-json\/wp\/v2\/product_cat?post=648"},{"taxonomy":"product_tag","embeddable":true,"href":"https:\/\/eco-drinkware.com\/pt\/wp-json\/wp\/v2\/product_tag?post=648"}],"curies":[{"name":"wp","href":"https:\/\/api.w.org\/{rel}","templated":true}]}}