{"id":655,"date":"2022-11-03T16:19:07","date_gmt":"2022-11-03T16:19:07","guid":{"rendered":"https:\/\/eco-drinkware.com\/?post_type=product&#038;p=655"},"modified":"2022-11-04T15:27:17","modified_gmt":"2022-11-04T15:27:17","slug":"garrafa-de-agua-com-infusor-de-fruta-em-bambu-de-parede-dupla-42-bpa-free-eco-friendly","status":"publish","type":"product","link":"https:\/\/eco-drinkware.com\/pt\/product\/garrafa-de-agua-com-infusor-de-fruta-em-bambu-de-parede-dupla-42-bpa-free-eco-friendly\/","title":{"rendered":"Garrafa de \u00e1gua infusora de frutos em bambu de parede dupla, ecol\u00f3gica e sem BPA"},"content":{"rendered":"<p>N\u00f3s somos o principal fabricante de garrafa de vidro de parede dupla, garrafa de ch\u00e1 de parede dupla, garrafa de vidro de parede dupla de 500ml, garrafa de ch\u00e1, garrafa de ch\u00e1 infusor, garrafa de vidro com tampa de bambu, frasco de bambu, garrafa t\u00e9rmica de bambu, copo de bambu, copo de caf\u00e9, caneca de caf\u00e9, copos de caf\u00e9, copo de parede dupla com palha combinada, garrafa t\u00e9rmica, garrafa esportiva, frasco de v\u00e1cuo de parede dupla com tampa de bambu \u2665<\/p>\n\n\n\n<figure class=\"wp-block-table\"><table><tbody><tr><td>Nome<\/td><td>GA6020 Garrafas de \u00e1gua de infus\u00e3o de borosilicato de 500 ml reutiliz\u00e1veis de parede dupla sem BPA com tampa de bambu<\/td><\/tr><tr><td>Material<\/td><td>Vidro borossilicato, vidro de parede dupla, tampa de bambu<\/td><\/tr><tr><td>Capacidade<\/td><td>350ml<\/td><\/tr><tr><td>Cor<\/td><td>Personalizado<\/td><\/tr><tr><td>Imprimir<\/td><td>Impress\u00e3o em seda, transfer\u00eancia de calor, impress\u00e3o por transfer\u00eancia de \u00e1gua, etc.<\/td><\/tr><tr><td>Log\u00f3tipo<\/td><td>Personalizado<\/td><\/tr><tr><td>MOQ<\/td><td>25 unidades<\/td><\/tr><tr><td>Tempo de amostragem<\/td><td>5-8 dias<\/td><\/tr><tr><td>Detalhes da embalagem<\/td><td>1PC\/OPP, embalagem de caixa de ovos, caixa de cor, caixa cil\u00edndrica, caixa branca, 25PCS\/CTN<\/td><\/tr><tr><td>Prazo de pagamento<\/td><td>Dep\u00f3sito 30%, o saldo antes da expedi\u00e7\u00e3o<\/td><\/tr><\/tbody><\/table><\/figure>\n\n\n\n<figure class=\"wp-block-image size-full\"><img loading=\"lazy\" decoding=\"async\" width=\"1000\" height=\"1000\" src=\"https:\/\/eco-drinkware.com\/wp-content\/uploads\/2022\/11\/42_0.webp\" alt=\"\" class=\"wp-image-1226\" srcset=\"https:\/\/eco-drinkware.com\/wp-content\/uploads\/2022\/11\/42_0.webp 1000w, https:\/\/eco-drinkware.com\/wp-content\/uploads\/2022\/11\/42_0-300x300.webp 300w, https:\/\/eco-drinkware.com\/wp-content\/uploads\/2022\/11\/42_0-150x150.webp 150w, https:\/\/eco-drinkware.com\/wp-content\/uploads\/2022\/11\/42_0-768x768.webp 768w, https:\/\/eco-drinkware.com\/wp-content\/uploads\/2022\/11\/42_0-600x600.webp 600w, https:\/\/eco-drinkware.com\/wp-content\/uploads\/2022\/11\/42_0-100x100.webp 100w\" sizes=\"auto, (max-width: 1000px) 100vw, 1000px\" \/><\/figure>\n\n\n\n<figure class=\"wp-block-image size-full\"><img loading=\"lazy\" decoding=\"async\" width=\"1000\" height=\"1000\" src=\"https:\/\/eco-drinkware.com\/wp-content\/uploads\/2022\/11\/42_2.webp\" alt=\"\" class=\"wp-image-1227\" srcset=\"https:\/\/eco-drinkware.com\/wp-content\/uploads\/2022\/11\/42_2.webp 1000w, https:\/\/eco-drinkware.com\/wp-content\/uploads\/2022\/11\/42_2-300x300.webp 300w, https:\/\/eco-drinkware.com\/wp-content\/uploads\/2022\/11\/42_2-150x150.webp 150w, https:\/\/eco-drinkware.com\/wp-content\/uploads\/2022\/11\/42_2-768x768.webp 768w, https:\/\/eco-drinkware.com\/wp-content\/uploads\/2022\/11\/42_2-600x600.webp 600w, https:\/\/eco-drinkware.com\/wp-content\/uploads\/2022\/11\/42_2-100x100.webp 100w\" sizes=\"auto, (max-width: 1000px) 100vw, 1000px\" \/><\/figure>\n\n\n\n<p><\/p>","protected":false},"excerpt":{"rendered":"<p>Frasco de infusor de ch\u00e1 de marca personalizada frasco de infusor de frutas, todos feitos de matrial ecol\u00f3gico. Caixa personalizada e pacote de cilindro dispon\u00edvel. OEM e ODM ordem bem-vinda. O seu melhor fornecedor de garrafa de \u00e1gua de vidro na China<\/p>","protected":false},"featured_media":1226,"template":"","meta":{"_acf_changed":false,"_seopress_robots_primary_cat":"","_seopress_titles_title":"","_seopress_titles_desc":"","_seopress_robots_index":"","_uag_custom_page_level_css":""},"product_brand":[],"product_cat":[15],"product_tag":[],"class_list":{"0":"post-655","1":"product","2":"type-product","3":"status-publish","4":"has-post-thumbnail","6":"product_cat-drinkware-accessories","8":"first","9":"instock","10":"shipping-taxable","11":"product-type-simple"},"acf":[],"uagb_featured_image_src":{"full":["https:\/\/eco-drinkware.com\/wp-content\/uploads\/2022\/11\/42_0.webp",1000,1000,false],"thumbnail":["https:\/\/eco-drinkware.com\/wp-content\/uploads\/2022\/11\/42_0-150x150.webp",150,150,true],"medium":["https:\/\/eco-drinkware.com\/wp-content\/uploads\/2022\/11\/42_0-300x300.webp",300,300,true],"medium_large":["https:\/\/eco-drinkware.com\/wp-content\/uploads\/2022\/11\/42_0-768x768.webp",768,768,true],"large":["https:\/\/eco-drinkware.com\/wp-content\/uploads\/2022\/11\/42_0.webp",1000,1000,false],"1536x1536":["https:\/\/eco-drinkware.com\/wp-content\/uploads\/2022\/11\/42_0.webp",1000,1000,false],"2048x2048":["https:\/\/eco-drinkware.com\/wp-content\/uploads\/2022\/11\/42_0.webp",1000,1000,false],"trp-custom-language-flag":["https:\/\/eco-drinkware.com\/wp-content\/uploads\/2022\/11\/42_0.webp",12,12,false],"woocommerce_thumbnail":["https:\/\/eco-drinkware.com\/wp-content\/uploads\/2022\/11\/42_0-300x300.webp",300,300,true],"woocommerce_single":["https:\/\/eco-drinkware.com\/wp-content\/uploads\/2022\/11\/42_0-600x600.webp",600,600,true],"woocommerce_gallery_thumbnail":["https:\/\/eco-drinkware.com\/wp-content\/uploads\/2022\/11\/42_0-100x100.webp",100,100,true]},"uagb_author_info":{"display_name":"Amy","author_link":"https:\/\/eco-drinkware.com\/pt\/author\/"},"uagb_comment_info":0,"uagb_excerpt":"Custom brand tea infuser bottle fruit infuser bottle flask ,all made from eco friendly matrial . Custom box and cylinder package available .OEM and ODM order welcome. Your best glass water bottle supplier in China","_links":{"self":[{"href":"https:\/\/eco-drinkware.com\/pt\/wp-json\/wp\/v2\/product\/655","targetHints":{"allow":["GET"]}}],"collection":[{"href":"https:\/\/eco-drinkware.com\/pt\/wp-json\/wp\/v2\/product"}],"about":[{"href":"https:\/\/eco-drinkware.com\/pt\/wp-json\/wp\/v2\/types\/product"}],"wp:featuredmedia":[{"embeddable":true,"href":"https:\/\/eco-drinkware.com\/pt\/wp-json\/wp\/v2\/media\/1226"}],"wp:attachment":[{"href":"https:\/\/eco-drinkware.com\/pt\/wp-json\/wp\/v2\/media?parent=655"}],"wp:term":[{"taxonomy":"product_brand","embeddable":true,"href":"https:\/\/eco-drinkware.com\/pt\/wp-json\/wp\/v2\/product_brand?post=655"},{"taxonomy":"product_cat","embeddable":true,"href":"https:\/\/eco-drinkware.com\/pt\/wp-json\/wp\/v2\/product_cat?post=655"},{"taxonomy":"product_tag","embeddable":true,"href":"https:\/\/eco-drinkware.com\/pt\/wp-json\/wp\/v2\/product_tag?post=655"}],"curies":[{"name":"wp","href":"https:\/\/api.w.org\/{rel}","templated":true}]}}