{"id":662,"date":"2022-11-03T16:21:55","date_gmt":"2022-11-03T16:21:55","guid":{"rendered":"https:\/\/eco-drinkware.com\/?post_type=product&#038;p=662"},"modified":"2022-11-25T12:49:09","modified_gmt":"2022-11-25T12:49:09","slug":"34-copos-personalizados-ecologicos-de-parede-dupla-em-aco-inoxidavel-com-isolamento-a-vacuo-34","status":"publish","type":"product","link":"https:\/\/eco-drinkware.com\/pt\/product\/34-copos-personalizados-ecologicos-de-parede-dupla-em-aco-inoxidavel-com-isolamento-a-vacuo-34\/","title":{"rendered":"Personalizado Eco-friendly Copos de parede dupla em a\u00e7o inoxid\u00e1vel com isolamento a v\u00e1cuo"},"content":{"rendered":"<p>N\u00f3s somos o principal fabricante de garrafa de vidro de parede dupla, garrafa de ch\u00e1 de parede dupla, garrafa de vidro de parede dupla de 500ml, garrafa de ch\u00e1, garrafa de ch\u00e1 infusor, garrafa de vidro com tampa de bambu, frasco de bambu, garrafa t\u00e9rmica de bambu, copo de bambu, copo de caf\u00e9, caneca de caf\u00e9, copos de caf\u00e9, copo de parede dupla com palha combinada, garrafa t\u00e9rmica, garrafa esportiva, frasco de v\u00e1cuo de parede dupla com tampa de bambu \u2665<\/p>\n\n\n\n<figure class=\"wp-block-image size-full\"><img loading=\"lazy\" decoding=\"async\" width=\"720\" height=\"1920\" src=\"https:\/\/eco-drinkware.com\/wp-content\/uploads\/2022\/11\/HTB1Q.tKq7SWBuNjSszdq6zeSpXaP.jpg_-scaled.webp\" alt=\"\" class=\"wp-image-1260\" srcset=\"https:\/\/eco-drinkware.com\/wp-content\/uploads\/2022\/11\/HTB1Q.tKq7SWBuNjSszdq6zeSpXaP.jpg_-scaled.webp 720w, https:\/\/eco-drinkware.com\/wp-content\/uploads\/2022\/11\/HTB1Q.tKq7SWBuNjSszdq6zeSpXaP.jpg_-113x300.webp 113w, https:\/\/eco-drinkware.com\/wp-content\/uploads\/2022\/11\/HTB1Q.tKq7SWBuNjSszdq6zeSpXaP.jpg_-56x150.webp 56w, https:\/\/eco-drinkware.com\/wp-content\/uploads\/2022\/11\/HTB1Q.tKq7SWBuNjSszdq6zeSpXaP.jpg_-576x1536.webp 576w, https:\/\/eco-drinkware.com\/wp-content\/uploads\/2022\/11\/HTB1Q.tKq7SWBuNjSszdq6zeSpXaP.jpg_-600x1600.webp 600w\" sizes=\"auto, (max-width: 720px) 100vw, 720px\" \/><\/figure>\n\n\n\n<figure class=\"wp-block-image size-full\"><img loading=\"lazy\" decoding=\"async\" width=\"799\" height=\"798\" src=\"https:\/\/eco-drinkware.com\/wp-content\/uploads\/2022\/11\/HTB1a4D1XyfrK1RjSspb7634pFXad.png_.webp\" alt=\"\" class=\"wp-image-1261\" srcset=\"https:\/\/eco-drinkware.com\/wp-content\/uploads\/2022\/11\/HTB1a4D1XyfrK1RjSspb7634pFXad.png_.webp 799w, https:\/\/eco-drinkware.com\/wp-content\/uploads\/2022\/11\/HTB1a4D1XyfrK1RjSspb7634pFXad.png_-300x300.webp 300w, https:\/\/eco-drinkware.com\/wp-content\/uploads\/2022\/11\/HTB1a4D1XyfrK1RjSspb7634pFXad.png_-150x150.webp 150w, https:\/\/eco-drinkware.com\/wp-content\/uploads\/2022\/11\/HTB1a4D1XyfrK1RjSspb7634pFXad.png_-768x767.webp 768w, https:\/\/eco-drinkware.com\/wp-content\/uploads\/2022\/11\/HTB1a4D1XyfrK1RjSspb7634pFXad.png_-600x599.webp 600w, https:\/\/eco-drinkware.com\/wp-content\/uploads\/2022\/11\/HTB1a4D1XyfrK1RjSspb7634pFXad.png_-100x100.webp 100w\" sizes=\"auto, (max-width: 799px) 100vw, 799px\" \/><\/figure>\n\n\n\n<figure class=\"wp-block-image size-full\"><img loading=\"lazy\" decoding=\"async\" width=\"750\" height=\"760\" src=\"https:\/\/eco-drinkware.com\/wp-content\/uploads\/2022\/11\/HTB16X3AU7zoK1RjSZFlq6yi4VXaB.webp\" alt=\"\" class=\"wp-image-1058\" srcset=\"https:\/\/eco-drinkware.com\/wp-content\/uploads\/2022\/11\/HTB16X3AU7zoK1RjSZFlq6yi4VXaB.webp 750w, https:\/\/eco-drinkware.com\/wp-content\/uploads\/2022\/11\/HTB16X3AU7zoK1RjSZFlq6yi4VXaB-296x300.webp 296w, https:\/\/eco-drinkware.com\/wp-content\/uploads\/2022\/11\/HTB16X3AU7zoK1RjSZFlq6yi4VXaB-148x150.webp 148w, https:\/\/eco-drinkware.com\/wp-content\/uploads\/2022\/11\/HTB16X3AU7zoK1RjSZFlq6yi4VXaB-600x608.webp 600w, https:\/\/eco-drinkware.com\/wp-content\/uploads\/2022\/11\/HTB16X3AU7zoK1RjSZFlq6yi4VXaB-100x100.webp 100w\" sizes=\"auto, (max-width: 750px) 100vw, 750px\" \/><\/figure>","protected":false},"excerpt":{"rendered":"<p>Com 15 anos de experi\u00eancia na produ\u00e7\u00e3o de garrafas, fizemos trabalhos OEM e ODM para muitas marcas famosas em todo o mundo. A principal linha de produ\u00e7\u00e3o \u00e9 a garrafa infusora de ch\u00e1, copo de caf\u00e9, garrafa t\u00e9rmica. A qualidade \u00e9 a nossa cultura. A nossa miss\u00e3o \u00e9 tornar a terra mais limpa e melhor.<\/p>","protected":false},"featured_media":1262,"template":"","meta":{"_acf_changed":false,"_seopress_robots_primary_cat":"","_seopress_titles_title":"","_seopress_titles_desc":"","_seopress_robots_index":"","_uag_custom_page_level_css":""},"product_brand":[],"product_cat":[20],"product_tag":[],"class_list":{"0":"post-662","1":"product","2":"type-product","3":"status-publish","4":"has-post-thumbnail","6":"product_cat-vacuum-flask","8":"first","9":"instock","10":"shipping-taxable","11":"product-type-simple"},"acf":[],"uagb_featured_image_src":{"full":["https:\/\/eco-drinkware.com\/wp-content\/uploads\/2022\/11\/34_0.webp",800,800,false],"thumbnail":["https:\/\/eco-drinkware.com\/wp-content\/uploads\/2022\/11\/34_0-150x150.webp",150,150,true],"medium":["https:\/\/eco-drinkware.com\/wp-content\/uploads\/2022\/11\/34_0-300x300.webp",300,300,true],"medium_large":["https:\/\/eco-drinkware.com\/wp-content\/uploads\/2022\/11\/34_0-768x768.webp",768,768,true],"large":["https:\/\/eco-drinkware.com\/wp-content\/uploads\/2022\/11\/34_0.webp",800,800,false],"1536x1536":["https:\/\/eco-drinkware.com\/wp-content\/uploads\/2022\/11\/34_0.webp",800,800,false],"2048x2048":["https:\/\/eco-drinkware.com\/wp-content\/uploads\/2022\/11\/34_0.webp",800,800,false],"trp-custom-language-flag":["https:\/\/eco-drinkware.com\/wp-content\/uploads\/2022\/11\/34_0.webp",12,12,false],"woocommerce_thumbnail":["https:\/\/eco-drinkware.com\/wp-content\/uploads\/2022\/11\/34_0-300x300.webp",300,300,true],"woocommerce_single":["https:\/\/eco-drinkware.com\/wp-content\/uploads\/2022\/11\/34_0-600x600.webp",600,600,true],"woocommerce_gallery_thumbnail":["https:\/\/eco-drinkware.com\/wp-content\/uploads\/2022\/11\/34_0-100x100.webp",100,100,true]},"uagb_author_info":{"display_name":"Amy","author_link":"https:\/\/eco-drinkware.com\/pt\/author\/"},"uagb_comment_info":0,"uagb_excerpt":"With 15 years bottle production experience ,have done OEM and ODM work for many famous brand all over the world . Main production line is tea infuser bottle ,coffee tumbler , thermos . Quality is our culture . Our mission is make the earth cleaner and better.","_links":{"self":[{"href":"https:\/\/eco-drinkware.com\/pt\/wp-json\/wp\/v2\/product\/662","targetHints":{"allow":["GET"]}}],"collection":[{"href":"https:\/\/eco-drinkware.com\/pt\/wp-json\/wp\/v2\/product"}],"about":[{"href":"https:\/\/eco-drinkware.com\/pt\/wp-json\/wp\/v2\/types\/product"}],"wp:featuredmedia":[{"embeddable":true,"href":"https:\/\/eco-drinkware.com\/pt\/wp-json\/wp\/v2\/media\/1262"}],"wp:attachment":[{"href":"https:\/\/eco-drinkware.com\/pt\/wp-json\/wp\/v2\/media?parent=662"}],"wp:term":[{"taxonomy":"product_brand","embeddable":true,"href":"https:\/\/eco-drinkware.com\/pt\/wp-json\/wp\/v2\/product_brand?post=662"},{"taxonomy":"product_cat","embeddable":true,"href":"https:\/\/eco-drinkware.com\/pt\/wp-json\/wp\/v2\/product_cat?post=662"},{"taxonomy":"product_tag","embeddable":true,"href":"https:\/\/eco-drinkware.com\/pt\/wp-json\/wp\/v2\/product_tag?post=662"}],"curies":[{"name":"wp","href":"https:\/\/api.w.org\/{rel}","templated":true}]}}