{"id":703,"date":"2022-11-03T16:32:26","date_gmt":"2022-11-03T16:32:26","guid":{"rendered":"https:\/\/eco-drinkware.com\/?post_type=product&#038;p=703"},"modified":"2023-06-02T22:35:55","modified_gmt":"2023-06-02T14:35:55","slug":"17-frascos-termicos-de-vacuo-em-aco-inoxidavel-ecologicos-e-sem-minimos-17","status":"publish","type":"product","link":"https:\/\/eco-drinkware.com\/pt\/product\/17-frascos-termicos-de-vacuo-em-aco-inoxidavel-ecologicos-e-sem-minimos-17\/","title":{"rendered":"Frasco de a\u00e7o inoxid\u00e1vel de parede dupla de 500 ml com bot\u00e3o de liberta\u00e7\u00e3o de \u00e1gua, de qualidade alimentar, estilo Contigo"},"content":{"rendered":"<h2 class=\"wp-block-heading\">Carater\u00edsticas do produto:<\/h2>\n\n\n\n<p><a><\/a>Material: a\u00e7o inoxid\u00e1vel 18\/8, tamb\u00e9m designado por a\u00e7o inoxid\u00e1vel 304. Tampa: pp, silicone . palhinha: pp . 100% Sem BPA e seguro para a sa\u00fade. Todos os materiais s\u00e3o n\u00e3o t\u00f3xicos. A tend\u00eancia \u00e9 utilizar garrafas de \u00e1gua duradouras em vez de garrafas de pl\u00e1stico descart\u00e1veis, para que o mundo seja mais limpo e bonito.<\/p>\n\n\n\n<p class=\"has-black-color has-text-color\">\u25cf <a>A tampa \u00e9 \u00e0 prova de fugas. \u00c9 poss\u00edvel colocar esta garrafa dentro de um saco ou mochila. N\u00e3o h\u00e1 fugas.<\/a><\/p>\n\n\n\n<p><a><\/a>Esta garrafa t\u00e9rmica de a\u00e7o inoxid\u00e1vel \u00e9 isolada com parede dupla e revestida a cobre, \u00e9 uma garrafa de \u00e1gua reutiliz\u00e1vel. A sua constru\u00e7\u00e3o com isolamento de parede dupla mant\u00e9m a \u00e1gua quente durante 12 horas e fria durante 24 horas. Use esta garrafa de \u00e1gua reutiliz\u00e1vel e sinta-se hidratado durante todo o dia. Use esta garrafa de \u00e1gua reutiliz\u00e1vel e sinta-se hidratado durante todo o dia. .<\/p>\n\n\n\n<p><a><\/a>O tamanho de 16OZ \/ 500ml \u00e9 o tamanho perfeito para o nosso uso di\u00e1rio. F\u00e1cil de levar ou colocar na mochila ou na mala de m\u00e3o.<\/p>\n\n\n\n<p><a><\/a>Cor: N\u00f3s podemos fazer qualquer cor para os clientes. A cor PMS \u00e9 bem-vinda. Tanto o corpo como a tampa podem fazer a cor PMS.<\/p>\n\n\n\n<p class=\"has-black-color has-text-color\">\u25cf <a>Este copo \u00e9 bom para adultos e \u00e9 f\u00e1cil de levar para acampar, passear, correr, etc.<\/a><\/p>\n\n\n\n<p>\u25cf<strong>Revestimento:&nbsp;<\/strong>sem revestimento (a\u00e7o inoxid\u00e1vel escovado), pintura por pulveriza\u00e7\u00e3o, revestimento em p\u00f3, revestimento em cobre, etc.<\/p>\n\n\n\n<p><a><\/a>\u25cf<strong>Padr\u00e3o:&nbsp;<\/strong>O padr\u00e3o personalizado pode ser impresso e pode ser feito atrav\u00e9s de v\u00e1rias t\u00e9cnicas de impress\u00e3o: serigrafia, impress\u00e3o por transfer\u00eancia t\u00e9rmica, impress\u00e3o por transfer\u00eancia de \u00e1gua, transfer\u00eancia por sublima\u00e7\u00e3o, etc.<\/p>\n\n\n\n<p>\u25cf<strong>Log\u00f3tipo:&nbsp;<\/strong>F\u00e1cil de trabalhar com o log\u00f3tipo personalizado. As op\u00e7\u00f5es de log\u00f3tipo incluem: log\u00f3tipo de decalque, impress\u00e3o em seda, transfer\u00eancia de calor, sublima\u00e7\u00e3o, etc. Bem-vindo a partilhar o seu log\u00f3tipo. A nossa equipa enviar\u00e1 um modelo de volta.<\/p>\n\n\n\n<p>\u25cf<strong>Caixa de embalagem:&nbsp;<\/strong>caixa branca, caixa impressa personalizada, caixa cil\u00edndrica, saco de bolhas, caixa de presente, qualquer pacote de design personalizado \u00e9 bem-vindo, etc<\/p>\n\n\n\n<p>Copo de a\u00e7o inoxid\u00e1vel lav\u00e1vel na m\u00e1quina de lavar lou\u00e7a e no micro-ondas<\/p>\n\n\n\n<p>O espa\u00e7o selado a v\u00e1cuo entre as paredes actua como uma barreira para evitar que o calor entre ou saia da garrafa. Isto ajuda a manter as bebidas quentes, como caf\u00e9, ch\u00e1 ou sopa, quentes durante v\u00e1rias horas, enquanto as bebidas frias, como \u00e1gua, sumo ou refrigerante, permanecem frias durante um per\u00edodo prolongado.<\/p>\n\n\n\n<p><a><\/a>As garrafas isoladas s\u00e3o uma excelente escolha para pessoas que querem manter as suas bebidas a uma temperatura constante enquanto est\u00e3o em movimento, quer estejam a fazer caminhadas, a acampar, a viajar ou simplesmente a deslocar-se para o trabalho.<\/p>\n\n\n\n<p class=\"has-black-color has-text-color\"><a>\u25cf<\/a>Especializada no fabrico e exporta\u00e7\u00e3o de todos os tipos de artigos para beber, tais como garrafas de \u00e1gua, copos por atacado, recipientes para alimentos, tigelas para c\u00e3es, tigelas para saladas, refrigeradores de latas. A Eco Drinkware possui linhas de produ\u00e7\u00e3o automatizadas e altamente eficientes. Abra\u00e7amos a Ind\u00fastria4.0 e mantemo-nos competitivos na ind\u00fastria. A produ\u00e7\u00e3o automatizada torna os nossos produtos mais baratos e mais competitivos em termos de pre\u00e7o.<\/p>\n\n\n\n<p><a><\/a>Os produtos Eco Drinkware s\u00e3o fabricados por OEM e ODM. Com os melhores engenheiros profissionais com mais de 10 anos de experi\u00eancia na ind\u00fastria de fabrica\u00e7\u00e3o de garrafas de \u00e1gua, \u00e9 f\u00e1cil transformar sua ideia em produtos reais.<\/p>\n\n\n\n<p><a><\/a>Fazemos inspe\u00e7\u00e3o de qualidade em linha para garantir que a produ\u00e7\u00e3o corre bem e n\u00e3o h\u00e1 qualquer erro. Se houver algum erro, podemos corrigi-lo a tempo de poupar custos. A qualidade \u00e9 a nossa cultura, confiamos que a qualidade traz mais para os clientes e fabricantes. Se optar pela Eco Drinkware, obter\u00e1 mais clientes e mais mercado, bem como uma boa reputa\u00e7\u00e3o junto dos clientes. Porque a nossa equipa tem o prazer de se aperfei\u00e7oar e de melhorar os produtos para ser excelente na nossa ind\u00fastria.<\/p>\n\n\n\n<p>M\u00e9todo de envio: FOB, CIF, DDU, DDP por comboio ou mar para clientes globais.<\/p>\n\n\n\n<figure class=\"wp-block-image size-full\"><img loading=\"lazy\" decoding=\"async\" width=\"800\" height=\"800\" src=\"https:\/\/eco-drinkware.com\/wp-content\/uploads\/2022\/11\/gv001-main-pic-2.jpg\" alt=\"Caneca de caf\u00e9 de viagem de 500 ml contigo garrafa de \u00e1gua\" class=\"wp-image-1889\" srcset=\"https:\/\/eco-drinkware.com\/wp-content\/uploads\/2022\/11\/gv001-main-pic-2.jpg 800w, https:\/\/eco-drinkware.com\/wp-content\/uploads\/2022\/11\/gv001-main-pic-2-300x300.jpg 300w, https:\/\/eco-drinkware.com\/wp-content\/uploads\/2022\/11\/gv001-main-pic-2-150x150.jpg 150w, https:\/\/eco-drinkware.com\/wp-content\/uploads\/2022\/11\/gv001-main-pic-2-768x768.jpg 768w, https:\/\/eco-drinkware.com\/wp-content\/uploads\/2022\/11\/gv001-main-pic-2-600x600.jpg 600w, https:\/\/eco-drinkware.com\/wp-content\/uploads\/2022\/11\/gv001-main-pic-2-100x100.jpg 100w\" sizes=\"auto, (max-width: 800px) 100vw, 800px\" \/><\/figure>\n\n\n\n<h2 class=\"wp-block-heading\">Especifica\u00e7\u00f5es do produto:<\/h2>\n\n\n\n<p><\/p>\n\n\n\n<div class=\"wp-block-columns is-layout-flex wp-container-core-columns-is-layout-9d6595d7 wp-block-columns-is-layout-flex\">\n<div class=\"wp-block-column is-layout-flow wp-block-column-is-layout-flow\"><\/div>\n\n\n\n<div class=\"wp-block-column is-layout-flow wp-block-column-is-layout-flow\"><\/div>\n<\/div>\n\n\n\n<div class=\"wp-block-columns is-layout-flex wp-container-core-columns-is-layout-9d6595d7 wp-block-columns-is-layout-flex\">\n<div class=\"wp-block-column is-layout-flow wp-block-column-is-layout-flow\" style=\"flex-basis:100%\">\n<p><\/p>\n\n\n\n<figure class=\"wp-block-table is-style-stripes\"><table><tbody><tr><td>N\u00famero do item<\/td><td>GV001<\/td><\/tr><tr><td>Capacidade<\/td><td>17OZ \/500ml<\/td><\/tr><tr><td>Di\u00e2metro<\/td><td>73 mm (2,87 polegadas) &nbsp;&nbsp;&nbsp;&nbsp;&nbsp;&nbsp;&nbsp;&nbsp;&nbsp;&nbsp;&nbsp;&nbsp;&nbsp;&nbsp;&nbsp;&nbsp;&nbsp;&nbsp;&nbsp;&nbsp;&nbsp;<\/td><\/tr><tr><td>Altura<\/td><td>250 mm (13,8 polegadas)<\/td><\/tr><tr><td>Cor<\/td><td>Vermelho, prata, verde, azul, branco, preto, ouro rosa. Cor personalizada, cor PMS<\/td><\/tr><tr><td>Material<\/td><td>Interior em a\u00e7o inoxid\u00e1vel 304 e exterior em a\u00e7o inoxid\u00e1vel 201<\/td><\/tr><tr><td>Carater\u00edstica<\/td><td>Frasco de v\u00e1cuo de parede dupla, grande capacidade, design personalizado <\/td><\/tr><tr><td>Log\u00f3tipo<\/td><td>Laser, impress\u00e3o de seda, transfer\u00eancia de calor, transfer\u00eancia de \u00e1gua, transfer\u00eancia de g\u00e1s, impress\u00e3o 3D, sublima\u00e7\u00e3o, etc.<\/td><\/tr><tr><td>Embalagem<\/td><td>caixa branca, caixa impressa personalizada, caixa cil\u00edndrica, saco de bolhas, caixa de oferta<\/td><\/tr><tr><td>Tempo de amostragem<\/td><td>3 dias para amostra de stock, 7 dias para amostra de log\u00f3tipo personalizado<\/td><\/tr><tr><td>Tempo de produ\u00e7\u00e3o<\/td><td>10-35 dias, dependendo da quantidade e dos requisitos<\/td><\/tr><tr><td>Sobre o pagamento<\/td><td>Transfer\u00eancia banc\u00e1ria, paypal, western union, garantia comercial<\/td><\/tr><tr><td>Pa\u00eds de origem<\/td><td>Fabricado na China<\/td><\/tr><\/tbody><\/table><\/figure>\n<\/div>\n<\/div>","protected":false},"excerpt":{"rendered":"<ul>\n<li>Material de a\u00e7o inoxid\u00e1vel 18\/8 sem BPA e amigo do ambiente. Resist\u00eancia a riscos. Bom para a nossa sa\u00fade.<\/li>\n<li>Grande abertura de boca: Pr\u00e1tico para colocar cubos de gelo e beber<\/li>\n<li>Clique no bot\u00e3o para libertar a \u00e1gua e bloquear a \u00e1gua. Utilizar um design pr\u00e1tico .<\/li>\n<li>Mant\u00e9m a \u00e1gua quente durante 12 horas e fria durante 24 horas<\/li>\n<li><strong><b>\u00c0 prova de ferrugem e <\/b><\/strong><strong><b>derrame <\/b><\/strong><strong><b>prova<\/b><\/strong><\/li>\n<li><strong><b>Tampa<\/b><\/strong>acidade:17OZ\/500ml \u00a0<\/li>\n<li>Pega grande na lateral para facilitar o transporte.<\/li>\n<li>Cores e desenhos personalizados s\u00e3o bem-vindos.<\/li>\n<li><strong><b>Sem suor:<\/b><\/strong>\u00a0Esta garrafa de \u00e1gua em a\u00e7o inoxid\u00e1vel nunca transpira quando cheia com \u00e1gua gelada e n\u00e3o queima as m\u00e3os quando cheia com \u00e1gua quente.<\/li>\n<\/ul>","protected":false},"featured_media":1368,"template":"","meta":{"_acf_changed":false,"_seopress_robots_primary_cat":"none","_seopress_titles_title":"","_seopress_titles_desc":"","_seopress_robots_index":"","_uag_custom_page_level_css":""},"product_brand":[],"product_cat":[40,54,20],"product_tag":[66,64,62,63,65],"class_list":{"0":"post-703","1":"product","2":"type-product","3":"status-publish","4":"has-post-thumbnail","6":"product_cat-stainless-steel-tumbler","7":"product_cat-tea-bottle-coffee-tumblers","8":"product_cat-vacuum-flask","9":"product_tag-500ml-bottle","10":"product_tag-coffee-tumbler","11":"product_tag-contigo","12":"product_tag-double-wall-thermos","13":"product_tag-thermos","15":"first","16":"instock","17":"shipping-taxable","18":"product-type-simple"},"acf":[],"uagb_featured_image_src":{"full":["https:\/\/eco-drinkware.com\/wp-content\/uploads\/2022\/11\/17_0.webp",800,800,false],"thumbnail":["https:\/\/eco-drinkware.com\/wp-content\/uploads\/2022\/11\/17_0-150x150.webp",150,150,true],"medium":["https:\/\/eco-drinkware.com\/wp-content\/uploads\/2022\/11\/17_0-300x300.webp",300,300,true],"medium_large":["https:\/\/eco-drinkware.com\/wp-content\/uploads\/2022\/11\/17_0-768x768.webp",768,768,true],"large":["https:\/\/eco-drinkware.com\/wp-content\/uploads\/2022\/11\/17_0.webp",800,800,false],"1536x1536":["https:\/\/eco-drinkware.com\/wp-content\/uploads\/2022\/11\/17_0.webp",800,800,false],"2048x2048":["https:\/\/eco-drinkware.com\/wp-content\/uploads\/2022\/11\/17_0.webp",800,800,false],"trp-custom-language-flag":["https:\/\/eco-drinkware.com\/wp-content\/uploads\/2022\/11\/17_0.webp",12,12,false],"woocommerce_thumbnail":["https:\/\/eco-drinkware.com\/wp-content\/uploads\/2022\/11\/17_0-300x300.webp",300,300,true],"woocommerce_single":["https:\/\/eco-drinkware.com\/wp-content\/uploads\/2022\/11\/17_0-600x600.webp",600,600,true],"woocommerce_gallery_thumbnail":["https:\/\/eco-drinkware.com\/wp-content\/uploads\/2022\/11\/17_0-100x100.webp",100,100,true]},"uagb_author_info":{"display_name":"Amy","author_link":"https:\/\/eco-drinkware.com\/pt\/author\/"},"uagb_comment_info":0,"uagb_excerpt":"BPA Free eco friendly 18\/8 stainless steel material. scratching resistance. Good for our healthy. Big mouth opening: Convenient for putting ice cubes and drinking Click the button to release water and lock water. Use Convenient Design . Keeps water hot for 12 hours and cold for 24 hours Rust-proof and spill proof Capacity:17OZ\/500ml \u00a0 Big&hellip;","_links":{"self":[{"href":"https:\/\/eco-drinkware.com\/pt\/wp-json\/wp\/v2\/product\/703","targetHints":{"allow":["GET"]}}],"collection":[{"href":"https:\/\/eco-drinkware.com\/pt\/wp-json\/wp\/v2\/product"}],"about":[{"href":"https:\/\/eco-drinkware.com\/pt\/wp-json\/wp\/v2\/types\/product"}],"wp:featuredmedia":[{"embeddable":true,"href":"https:\/\/eco-drinkware.com\/pt\/wp-json\/wp\/v2\/media\/1368"}],"wp:attachment":[{"href":"https:\/\/eco-drinkware.com\/pt\/wp-json\/wp\/v2\/media?parent=703"}],"wp:term":[{"taxonomy":"product_brand","embeddable":true,"href":"https:\/\/eco-drinkware.com\/pt\/wp-json\/wp\/v2\/product_brand?post=703"},{"taxonomy":"product_cat","embeddable":true,"href":"https:\/\/eco-drinkware.com\/pt\/wp-json\/wp\/v2\/product_cat?post=703"},{"taxonomy":"product_tag","embeddable":true,"href":"https:\/\/eco-drinkware.com\/pt\/wp-json\/wp\/v2\/product_tag?post=703"}],"curies":[{"name":"wp","href":"https:\/\/api.w.org\/{rel}","templated":true}]}}