{"id":707,"date":"2022-11-03T16:33:30","date_gmt":"2022-11-03T16:33:30","guid":{"rendered":"https:\/\/eco-drinkware.com\/?post_type=product&#038;p=707"},"modified":"2022-11-25T08:53:40","modified_gmt":"2022-11-25T08:53:40","slug":"15-ga6005-sem-minimo-logotipo-personalizado-por-atacado-500ml-amazon-material-de-vidro-infundido-garrafas-de-agua-potavel-com-infusor-de-cha-15","status":"publish","type":"product","link":"https:\/\/eco-drinkware.com\/pt\/product\/15-ga6005-sem-minimo-logotipo-personalizado-por-atacado-500ml-amazon-material-de-vidro-infundido-garrafas-de-agua-potavel-com-infusor-de-cha-15\/","title":{"rendered":"Garrafa de \u00e1gua com infusor de vidro de parede dupla de 500 ml com log\u00f3tipo personalizado por atacado"},"content":{"rendered":"<p>Garrafa de \u00e1gua com infusor de vidro de parede dupla de 500 ml com log\u00f3tipo personalizado por atacado<\/p>\n\n\n\n<h3 class=\"wp-block-heading\">Carater\u00edsticas<\/h3>\n\n\n\n<p>1. Esta garrafa de vidro de parede dupla parece pequena, mas a capacidade \u00e9 de 500 ml<br>2. Existem 2 tipos de tampa \u00e0 sua escolha: tampa de bambu com fio e sem fio<br>3. Cria\u00e7\u00e3o de log\u00f3tipo personalizado: log\u00f3tipo a laser na tampa de bambu, log\u00f3tipo com decalque no vidro<\/p>\n\n\n\n<figure class=\"wp-block-table\"><table><tbody><tr><td>MOQ<\/td><td>300 unidades<\/td><\/tr><tr><td>Capacidade<\/td><td>500ml<\/td><\/tr><tr><td>Material<\/td><td>vidro com alto teor de borosilicato, bambu natural, a\u00e7o inoxid\u00e1vel 304<\/td><\/tr><tr><td>Log\u00f3tipo<\/td><td>o log\u00f3tipo personalizado \u00e9 bem-vindo<\/td><\/tr><tr><td>Condi\u00e7\u00f5es de pagamento<\/td><td>T\/T, Paypal, West Union<\/td><\/tr><tr><td>Tempo de amostragem<\/td><td>5-7 dias<\/td><\/tr><\/tbody><\/table><\/figure>\n\n\n\n<figure class=\"wp-block-image size-full\"><img loading=\"lazy\" decoding=\"async\" width=\"1000\" height=\"1000\" src=\"https:\/\/eco-drinkware.com\/wp-content\/uploads\/2022\/11\/16_1.webp\" alt=\"\" class=\"wp-image-1377\" srcset=\"https:\/\/eco-drinkware.com\/wp-content\/uploads\/2022\/11\/16_1.webp 1000w, https:\/\/eco-drinkware.com\/wp-content\/uploads\/2022\/11\/16_1-300x300.webp 300w, https:\/\/eco-drinkware.com\/wp-content\/uploads\/2022\/11\/16_1-150x150.webp 150w, https:\/\/eco-drinkware.com\/wp-content\/uploads\/2022\/11\/16_1-768x768.webp 768w, https:\/\/eco-drinkware.com\/wp-content\/uploads\/2022\/11\/16_1-600x600.webp 600w, https:\/\/eco-drinkware.com\/wp-content\/uploads\/2022\/11\/16_1-100x100.webp 100w\" sizes=\"auto, (max-width: 1000px) 100vw, 1000px\" \/><\/figure>\n\n\n\n<figure class=\"wp-block-image size-full\"><img loading=\"lazy\" decoding=\"async\" width=\"1000\" height=\"1000\" src=\"https:\/\/eco-drinkware.com\/wp-content\/uploads\/2022\/11\/2020-10-23-18-17-358.webp\" alt=\"\" class=\"wp-image-1374\" srcset=\"https:\/\/eco-drinkware.com\/wp-content\/uploads\/2022\/11\/2020-10-23-18-17-358.webp 1000w, https:\/\/eco-drinkware.com\/wp-content\/uploads\/2022\/11\/2020-10-23-18-17-358-300x300.webp 300w, https:\/\/eco-drinkware.com\/wp-content\/uploads\/2022\/11\/2020-10-23-18-17-358-150x150.webp 150w, https:\/\/eco-drinkware.com\/wp-content\/uploads\/2022\/11\/2020-10-23-18-17-358-768x768.webp 768w, https:\/\/eco-drinkware.com\/wp-content\/uploads\/2022\/11\/2020-10-23-18-17-358-600x600.webp 600w, https:\/\/eco-drinkware.com\/wp-content\/uploads\/2022\/11\/2020-10-23-18-17-358-100x100.webp 100w\" sizes=\"auto, (max-width: 1000px) 100vw, 1000px\" \/><\/figure>","protected":false},"excerpt":{"rendered":"<p>Esta garrafa de vidro de parede dupla parece pequena, mas a capacidade \u00e9 grande, 500 ml. Existem 2 tipos de tampas para escolher, tampa de bambu com fio e sem fio. Se gosta de garrafas de vidro curtas de parede dupla com grande capacidade, esta \u00e9 uma boa op\u00e7\u00e3o!<\/p>","protected":false},"featured_media":1374,"template":"","meta":{"_acf_changed":false,"_seopress_robots_primary_cat":"","_seopress_titles_title":"","_seopress_titles_desc":"","_seopress_robots_index":"","_uag_custom_page_level_css":""},"product_brand":[],"product_cat":[21,22],"product_tag":[],"class_list":{"0":"post-707","1":"product","2":"type-product","3":"status-publish","4":"has-post-thumbnail","6":"product_cat-bamboo-water-bottle","7":"product_cat-glass-water-bottle","9":"first","10":"instock","11":"shipping-taxable","12":"product-type-simple"},"acf":[],"uagb_featured_image_src":{"full":["https:\/\/eco-drinkware.com\/wp-content\/uploads\/2022\/11\/2020-10-23-18-17-358.webp",1000,1000,false],"thumbnail":["https:\/\/eco-drinkware.com\/wp-content\/uploads\/2022\/11\/2020-10-23-18-17-358-150x150.webp",150,150,true],"medium":["https:\/\/eco-drinkware.com\/wp-content\/uploads\/2022\/11\/2020-10-23-18-17-358-300x300.webp",300,300,true],"medium_large":["https:\/\/eco-drinkware.com\/wp-content\/uploads\/2022\/11\/2020-10-23-18-17-358-768x768.webp",768,768,true],"large":["https:\/\/eco-drinkware.com\/wp-content\/uploads\/2022\/11\/2020-10-23-18-17-358.webp",1000,1000,false],"1536x1536":["https:\/\/eco-drinkware.com\/wp-content\/uploads\/2022\/11\/2020-10-23-18-17-358.webp",1000,1000,false],"2048x2048":["https:\/\/eco-drinkware.com\/wp-content\/uploads\/2022\/11\/2020-10-23-18-17-358.webp",1000,1000,false],"trp-custom-language-flag":["https:\/\/eco-drinkware.com\/wp-content\/uploads\/2022\/11\/2020-10-23-18-17-358.webp",12,12,false],"woocommerce_thumbnail":["https:\/\/eco-drinkware.com\/wp-content\/uploads\/2022\/11\/2020-10-23-18-17-358-300x300.webp",300,300,true],"woocommerce_single":["https:\/\/eco-drinkware.com\/wp-content\/uploads\/2022\/11\/2020-10-23-18-17-358-600x600.webp",600,600,true],"woocommerce_gallery_thumbnail":["https:\/\/eco-drinkware.com\/wp-content\/uploads\/2022\/11\/2020-10-23-18-17-358-100x100.webp",100,100,true]},"uagb_author_info":{"display_name":"Amy","author_link":"https:\/\/eco-drinkware.com\/pt\/author\/"},"uagb_comment_info":0,"uagb_excerpt":"This double wall glass bottle seems short, but capacity is big, which is 500ml. There are 2 kinds of lids for you choose, bamboo lid with string and without string. If you like short double wall glass bottle with big capacity, this is a good option!","_links":{"self":[{"href":"https:\/\/eco-drinkware.com\/pt\/wp-json\/wp\/v2\/product\/707","targetHints":{"allow":["GET"]}}],"collection":[{"href":"https:\/\/eco-drinkware.com\/pt\/wp-json\/wp\/v2\/product"}],"about":[{"href":"https:\/\/eco-drinkware.com\/pt\/wp-json\/wp\/v2\/types\/product"}],"wp:featuredmedia":[{"embeddable":true,"href":"https:\/\/eco-drinkware.com\/pt\/wp-json\/wp\/v2\/media\/1374"}],"wp:attachment":[{"href":"https:\/\/eco-drinkware.com\/pt\/wp-json\/wp\/v2\/media?parent=707"}],"wp:term":[{"taxonomy":"product_brand","embeddable":true,"href":"https:\/\/eco-drinkware.com\/pt\/wp-json\/wp\/v2\/product_brand?post=707"},{"taxonomy":"product_cat","embeddable":true,"href":"https:\/\/eco-drinkware.com\/pt\/wp-json\/wp\/v2\/product_cat?post=707"},{"taxonomy":"product_tag","embeddable":true,"href":"https:\/\/eco-drinkware.com\/pt\/wp-json\/wp\/v2\/product_tag?post=707"}],"curies":[{"name":"wp","href":"https:\/\/api.w.org\/{rel}","templated":true}]}}